{"id":23223,"date":"2025-04-13T17:39:23","date_gmt":"2025-04-13T17:39:23","guid":{"rendered":"https:\/\/apexresearchchemical.eu\/?post_type=product&#038;p=23223"},"modified":"2026-03-20T16:37:13","modified_gmt":"2026-03-20T16:37:13","slug":"3ho-ks","status":"publish","type":"product","link":"https:\/\/apexresearchchemical.eu\/cs\/nakupovat\/3-kusy-2\/3ho-ks\/","title":{"rendered":"3-HO-PCE (3-hydroxyeticyklidin)"},"content":{"rendered":"<h1><span dir=\"auto\" style=\"vertical-align: inherit;\"><span dir=\"auto\" style=\"vertical-align: inherit;\">3HO PCE (3-hydroxyeticyklidin) \u2013 v\u011bdeck\u00fd popis produktu<\/span><\/span><\/h1>\n<h2><span dir=\"auto\" style=\"vertical-align: inherit;\"><span dir=\"auto\" style=\"vertical-align: inherit;\">Zaveden\u00ed<\/span><\/span><\/h2>\n<p><span dir=\"auto\" style=\"vertical-align: inherit;\"><span dir=\"auto\" style=\"vertical-align: inherit;\">3HO PCE neboli 3-hydroxyeticyklidin je v\u00fdzkumn\u00e1 chemik\u00e1lie... <\/span><\/span><a href=\"http:\/\/google.nl\" target=\"_blank\" rel=\"noopener\"><span dir=\"auto\" style=\"vertical-align: inherit;\"><span dir=\"auto\" style=\"vertical-align: inherit;\">ten<\/span><\/span><\/a><span dir=\"auto\" style=\"vertical-align: inherit;\"><span dir=\"auto\" style=\"vertical-align: inherit;\"> t\u0159\u00edda arylcyklohexylamin\u016f. Slou\u010denina obsahuje hydroxylovou skupinu v poloze 3 fenylov\u00e9ho kruhu, co\u017e j\u00ed dod\u00e1v\u00e1 jedine\u010dn\u00e9 farmakologick\u00e9 vlastnosti. Tato l\u00e1tka je ur\u010dena v\u00fdhradn\u011b pro v\u011bdeck\u00fd v\u00fdzkum za kontrolovan\u00fdch laboratorn\u00edch podm\u00ednek.<\/span><\/span><\/p>\n<h2><span dir=\"auto\" style=\"vertical-align: inherit;\"><span dir=\"auto\" style=\"vertical-align: inherit;\">Chemick\u00e9 specifikace<\/span><\/span><\/h2>\n<ul>\n<li><strong><span dir=\"auto\" style=\"vertical-align: inherit;\"><span dir=\"auto\" style=\"vertical-align: inherit;\">N\u00e1zev IUPAC<\/span><\/span><\/strong><span dir=\"auto\" style=\"vertical-align: inherit;\"><span dir=\"auto\" style=\"vertical-align: inherit;\"> N-ethyl-1-(3-hydroxyfenyl)cyklohexylamin<\/span><\/span><\/li>\n<li><strong><span dir=\"auto\" style=\"vertical-align: inherit;\"><span dir=\"auto\" style=\"vertical-align: inherit;\">Molekul\u00e1rn\u00ed vzorec<\/span><\/span><\/strong><span dir=\"auto\" style=\"vertical-align: inherit;\"><span dir=\"auto\" style=\"vertical-align: inherit;\"> C\u2081\u2084H\u2082\u2081NO<\/span><\/span><\/li>\n<li><strong><span dir=\"auto\" style=\"vertical-align: inherit;\"><span dir=\"auto\" style=\"vertical-align: inherit;\">Molekulov\u00e1 hmotnost<\/span><\/span><\/strong><span dir=\"auto\" style=\"vertical-align: inherit;\"><span dir=\"auto\" style=\"vertical-align: inherit;\"> : 219,33 g\/mol<\/span><\/span><\/li>\n<li><strong><span dir=\"auto\" style=\"vertical-align: inherit;\"><span dir=\"auto\" style=\"vertical-align: inherit;\">\u010cistota<\/span><\/span><\/strong><span dir=\"auto\" style=\"vertical-align: inherit;\"><span dir=\"auto\" style=\"vertical-align: inherit;\"> : \u226598% (anal\u00fdza HPLC)<\/span><\/span><\/li>\n<li><strong><span dir=\"auto\" style=\"vertical-align: inherit;\"><span dir=\"auto\" style=\"vertical-align: inherit;\">Fyzick\u00e1 forma<\/span><\/span><\/strong><span dir=\"auto\" style=\"vertical-align: inherit;\"><span dir=\"auto\" style=\"vertical-align: inherit;\"> Krystalick\u00fd pr\u00e1\u0161ek<\/span><\/span><\/li>\n<li><strong><span dir=\"auto\" style=\"vertical-align: inherit;\"><span dir=\"auto\" style=\"vertical-align: inherit;\">Rozpustnost<\/span><\/span><\/strong><span dir=\"auto\" style=\"vertical-align: inherit;\"><span dir=\"auto\" style=\"vertical-align: inherit;\"> Voln\u011b rozpustn\u00fd v methanolu, ethanolu a acetonitrilu<\/span><\/span><\/li>\n<\/ul>\n<h2><span dir=\"auto\" style=\"vertical-align: inherit;\"><span dir=\"auto\" style=\"vertical-align: inherit;\">V\u011bdeck\u00e9 aplikace 3HO PCE<\/span><\/span><\/h2>\n<p><span dir=\"auto\" style=\"vertical-align: inherit;\"><span dir=\"auto\" style=\"vertical-align: inherit;\">3-HO-PCE se pou\u017e\u00edv\u00e1 v:<\/span><\/span><\/p>\n<ul>\n<li><span dir=\"auto\" style=\"vertical-align: inherit;\"><span dir=\"auto\" style=\"vertical-align: inherit;\">Studie vazby na receptory (NMDA, sigma receptory)<\/span><\/span><\/li>\n<li><span dir=\"auto\" style=\"vertical-align: inherit;\"><span dir=\"auto\" style=\"vertical-align: inherit;\">Anal\u00fdza neurochemick\u00fdch interakc\u00ed<\/span><\/span><\/li>\n<li><span dir=\"auto\" style=\"vertical-align: inherit;\"><span dir=\"auto\" style=\"vertical-align: inherit;\">Studie vztahu struktury a aktivity (SAR)<\/span><\/span><\/li>\n<li><span dir=\"auto\" style=\"vertical-align: inherit;\"><span dir=\"auto\" style=\"vertical-align: inherit;\">Srovn\u00e1vac\u00ed farmakologie v r\u00e1mci arylcyklohexylamin\u016f<\/span><\/span><\/li>\n<\/ul>\n<h2><span dir=\"auto\" style=\"vertical-align: inherit;\"><span dir=\"auto\" style=\"vertical-align: inherit;\">Bezpe\u010dnost v laborato\u0159i<\/span><\/span><\/h2>\n<ul>\n<li><span dir=\"auto\" style=\"vertical-align: inherit;\"><span dir=\"auto\" style=\"vertical-align: inherit;\">V\u017edy pou\u017e\u00edvejte laboratorn\u00ed pl\u00e1\u0161\u0165, nitrilov\u00e9 rukavice a ochrann\u00e9 br\u00fdle<\/span><\/span><\/li>\n<li><span dir=\"auto\" style=\"vertical-align: inherit;\"><span dir=\"auto\" style=\"vertical-align: inherit;\">Pracujte pouze v dob\u0159e v\u011btran\u00e9 digesto\u0159i<\/span><\/span><\/li>\n<li><span dir=\"auto\" style=\"vertical-align: inherit;\"><span dir=\"auto\" style=\"vertical-align: inherit;\">Zabra\u0148te kontaktu s k\u016f\u017e\u00ed a o\u010dima<\/span><\/span><\/li>\n<li><span dir=\"auto\" style=\"vertical-align: inherit;\"><span dir=\"auto\" style=\"vertical-align: inherit;\">M\u011bjte po ruce hasic\u00ed p\u0159\u00edstroj a stanici pro v\u00fdplach o\u010d\u00ed.<\/span><\/span><\/li>\n<\/ul>\n<h2><span dir=\"auto\" style=\"vertical-align: inherit;\"><span dir=\"auto\" style=\"vertical-align: inherit;\">Skladovac\u00ed podm\u00ednky<\/span><\/span><\/h2>\n<ul>\n<li><strong><span dir=\"auto\" style=\"vertical-align: inherit;\"><span dir=\"auto\" style=\"vertical-align: inherit;\">Teplota<\/span><\/span><\/strong><span dir=\"auto\" style=\"vertical-align: inherit;\"><span dir=\"auto\" style=\"vertical-align: inherit;\"> : 2\u20138 \u00b0C (doporu\u010deno skladov\u00e1n\u00ed v chladni\u010dce)<\/span><\/span><\/li>\n<li><strong><span dir=\"auto\" style=\"vertical-align: inherit;\"><span dir=\"auto\" style=\"vertical-align: inherit;\">Obal<\/span><\/span><\/strong><span dir=\"auto\" style=\"vertical-align: inherit;\"><span dir=\"auto\" style=\"vertical-align: inherit;\"> Hn\u011bd\u00e1 sklen\u011bn\u00e1 n\u00e1doba, vzduchot\u011bsn\u011b uzav\u0159en\u00e1<\/span><\/span><\/li>\n<li><strong><span dir=\"auto\" style=\"vertical-align: inherit;\"><span dir=\"auto\" style=\"vertical-align: inherit;\">Vlhkost<\/span><\/span><\/strong><span dir=\"auto\" style=\"vertical-align: inherit;\"><span dir=\"auto\" style=\"vertical-align: inherit;\"> relativn\u00ed vlhkost &lt;40%<\/span><\/span><\/li>\n<li><strong><span dir=\"auto\" style=\"vertical-align: inherit;\"><span dir=\"auto\" style=\"vertical-align: inherit;\">Ochrana p\u0159ed sv\u011btlem<\/span><\/span><\/strong><span dir=\"auto\" style=\"vertical-align: inherit;\"><span dir=\"auto\" style=\"vertical-align: inherit;\"> Skladujte v temnu nebo chr\u00e1n\u011bn\u00e9 p\u0159ed UV z\u00e1\u0159en\u00edm.<\/span><\/span><\/li>\n<\/ul>\n<h2><span dir=\"auto\" style=\"vertical-align: inherit;\"><span dir=\"auto\" style=\"vertical-align: inherit;\">Kontrola kvality<\/span><\/span><\/h2>\n<p><span dir=\"auto\" style=\"vertical-align: inherit;\"><span dir=\"auto\" style=\"vertical-align: inherit;\">Ka\u017ed\u00e1 v\u00e1rka proch\u00e1z\u00ed:<\/span><\/span><\/p>\n<ul>\n<li><span dir=\"auto\" style=\"vertical-align: inherit;\"><span dir=\"auto\" style=\"vertical-align: inherit;\">HPLC anal\u00fdza s UV detekc\u00ed<\/span><\/span><\/li>\n<li><span dir=\"auto\" style=\"vertical-align: inherit;\"><span dir=\"auto\" style=\"vertical-align: inherit;\">Ov\u011b\u0159en\u00ed GC-MS<\/span><\/span><\/li>\n<li><span dir=\"auto\" style=\"vertical-align: inherit;\"><span dir=\"auto\" style=\"vertical-align: inherit;\">Krystalografick\u00e1 anal\u00fdza<\/span><\/span><\/li>\n<li><span dir=\"auto\" style=\"vertical-align: inherit;\"><span dir=\"auto\" style=\"vertical-align: inherit;\">Anal\u00fdza element\u00e1rn\u00edho slo\u017een\u00ed<\/span><\/span><\/li>\n<li><span dir=\"auto\" style=\"vertical-align: inherit;\"><span dir=\"auto\" style=\"vertical-align: inherit;\">Vyd\u00e1n\u00ed certifik\u00e1tu anal\u00fdzy (COA) pro danou \u0161ar\u017ei<\/span><\/span><\/li>\n<\/ul>\n<h2><span dir=\"auto\" style=\"vertical-align: inherit;\"><span dir=\"auto\" style=\"vertical-align: inherit;\">Mo\u017enosti objedn\u00e1vky<\/span><\/span><\/h2>\n<p><span dir=\"auto\" style=\"vertical-align: inherit;\"><span dir=\"auto\" style=\"vertical-align: inherit;\">Dostupn\u00e9 mno\u017estv\u00ed:<\/span><\/span><\/p>\n<ul>\n<li><span dir=\"auto\" style=\"vertical-align: inherit;\"><span dir=\"auto\" style=\"vertical-align: inherit;\">100 mg (v\u00fdzkumn\u00fd vzorek)<\/span><\/span><\/li>\n<li><span dir=\"auto\" style=\"vertical-align: inherit;\"><span dir=\"auto\" style=\"vertical-align: inherit;\">500 mg (studie v mal\u00e9m m\u011b\u0159\u00edtku)<\/span><\/span><\/li>\n<li><span dir=\"auto\" style=\"vertical-align: inherit;\"><span dir=\"auto\" style=\"vertical-align: inherit;\">1 g (laboratorn\u00ed v\u00e1ha)<\/span><\/span><\/li>\n<li><span dir=\"auto\" style=\"vertical-align: inherit;\"><span dir=\"auto\" style=\"vertical-align: inherit;\">5 g (pokro\u010dil\u00fd v\u00fdzkum)<\/span><\/span><\/li>\n<\/ul>\n<h2><span dir=\"auto\" style=\"vertical-align: inherit;\"><span dir=\"auto\" style=\"vertical-align: inherit;\">Technick\u00e1 dokumentace<\/span><\/span><\/h2>\n<p><span dir=\"auto\" style=\"vertical-align: inherit;\"><span dir=\"auto\" style=\"vertical-align: inherit;\">Ka\u017ed\u00fd produkt je dod\u00e1v\u00e1n s:<\/span><\/span><\/p>\n<ul>\n<li><span dir=\"auto\" style=\"vertical-align: inherit;\"><span dir=\"auto\" style=\"vertical-align: inherit;\">Kompletn\u00ed analytick\u00e1 zpr\u00e1va<\/span><\/span><\/li>\n<li><span dir=\"auto\" style=\"vertical-align: inherit;\"><span dir=\"auto\" style=\"vertical-align: inherit;\">Bezpe\u010dnostn\u00ed list (MSDS) <\/span><\/span><a href=\"https:\/\/apexresearchchemical.eu\/cs\/nakupovat\/lysergamidy\/1v-lsd-150-mcg-pijavice\/\"><span dir=\"auto\" style=\"vertical-align: inherit;\"><span dir=\"auto\" style=\"vertical-align: inherit;\">1V-LSD 150 MCG saje<\/span><\/span><\/a><\/li>\n<li><span dir=\"auto\" style=\"vertical-align: inherit;\"><span dir=\"auto\" style=\"vertical-align: inherit;\">Profily stability a rozpustnosti<\/span><\/span><\/li>\n<li><span dir=\"auto\" style=\"vertical-align: inherit;\"><span dir=\"auto\" style=\"vertical-align: inherit;\">Spektroskopick\u00e1 referen\u010dn\u00ed data (voliteln\u00e9) <\/span><\/span><a href=\"https:\/\/apexresearchchemical.eu\/cs\/nakupovat\/iboga-ibogain\/kura-korene-ibogy\/\"><span dir=\"auto\" style=\"vertical-align: inherit;\"><span dir=\"auto\" style=\"vertical-align: inherit;\">K\u016fra ko\u0159ene ibogy<\/span><\/span><\/a><\/li>\n<\/ul>\n<h2><span dir=\"auto\" style=\"vertical-align: inherit;\"><span dir=\"auto\" style=\"vertical-align: inherit;\">Pr\u00e1vn\u00ed status<\/span><\/span><\/h2>\n<ul>\n<li><span dir=\"auto\" style=\"vertical-align: inherit;\"><span dir=\"auto\" style=\"vertical-align: inherit;\">Pouze k pou\u017eit\u00ed in vitro<\/span><\/span><\/li>\n<li><span dir=\"auto\" style=\"vertical-align: inherit;\"><span dir=\"auto\" style=\"vertical-align: inherit;\">Nen\u00ed schv\u00e1leno pro diagnostick\u00e9 ani terapeutick\u00e9 pou\u017eit\u00ed.<\/span><\/span><\/li>\n<li><span dir=\"auto\" style=\"vertical-align: inherit;\"><span dir=\"auto\" style=\"vertical-align: inherit;\">Dostupn\u00e9 pouze kvalifikovan\u00fdm v\u00fdzkumn\u00edk\u016fm a instituc\u00edm<\/span><\/span><\/li>\n<li><span dir=\"auto\" style=\"vertical-align: inherit;\"><span dir=\"auto\" style=\"vertical-align: inherit;\">Kupuj\u00edc\u00ed je zodpov\u011bdn\u00fd za dodr\u017eov\u00e1n\u00ed m\u00edstn\u00edch z\u00e1kon\u016f a p\u0159edpis\u016f<\/span><\/span><\/li>\n<\/ul>\n<h2><span dir=\"auto\" style=\"vertical-align: inherit;\"><span dir=\"auto\" style=\"vertical-align: inherit;\">Podpora v\u00fdzkumu 3HO PCE<\/span><\/span><\/h2>\n<p><span dir=\"auto\" style=\"vertical-align: inherit;\"><span dir=\"auto\" style=\"vertical-align: inherit;\">Nab\u00edz\u00edme podporu pro:<\/span><\/span><\/p>\n<ul>\n<li><span dir=\"auto\" style=\"vertical-align: inherit;\"><span dir=\"auto\" style=\"vertical-align: inherit;\">V\u00fdvoj a validace metodiky<\/span><\/span><\/li>\n<li><span dir=\"auto\" style=\"vertical-align: inherit;\"><span dir=\"auto\" style=\"vertical-align: inherit;\">P\u0159\u00edstup ke spektr\u00e1ln\u00edm knihovn\u00e1m a referen\u010dn\u00edm dat\u016fm<\/span><\/span><\/li>\n<li><span dir=\"auto\" style=\"vertical-align: inherit;\"><span dir=\"auto\" style=\"vertical-align: inherit;\">Technick\u00e9 ot\u00e1zky a chemick\u00e1 kompatibilita<\/span><\/span><\/li>\n<li><span dir=\"auto\" style=\"vertical-align: inherit;\"><span dir=\"auto\" style=\"vertical-align: inherit;\">Souhrny literatury a v\u011bdeck\u00e9 rady<\/span><\/span><\/li>\n<\/ul>\n<h2><span dir=\"auto\" style=\"vertical-align: inherit;\"><span dir=\"auto\" style=\"vertical-align: inherit;\">Z\u00e1v\u011br<\/span><\/span><\/h2>\n<p><span dir=\"auto\" style=\"vertical-align: inherit;\"><span dir=\"auto\" style=\"vertical-align: inherit;\">3-HO-PCE je cenn\u00fd analyt pro hloubkov\u00fd farmakologick\u00fd a neurochemick\u00fd v\u00fdzkum. P\u0159\u00edtomnost 3-hydroxylov\u00e9ho substituentu nab\u00edz\u00ed jedine\u010dn\u00e9 interak\u010dn\u00ed profily v r\u00e1mci arylcyklohexylaminov\u00e9 skupiny. Je k dispozici s kompletn\u00ed analytickou dokumentac\u00ed, tak\u017ee je vhodn\u00fd pro profesion\u00e1ln\u00ed v\u011bdeck\u00e9 pou\u017eit\u00ed v regulovan\u00fdch laboratorn\u00edch podm\u00ednk\u00e1ch. <\/span><\/span><a href=\"https:\/\/apexresearchchemical.eu\/cs\/nakupovat\/iboga-ibogain\/koupit-ibogain-hydrochlorid-online\/\"><span dir=\"auto\" style=\"vertical-align: inherit;\"><span dir=\"auto\" style=\"vertical-align: inherit;\">Koupit ibogain hydrochlorid<\/span><\/span><\/a><\/p>","protected":false},"excerpt":{"rendered":"<h3><span style=\"vertical-align: inherit;\"><span style=\"vertical-align: inherit;\"><span dir=\"auto\" style=\"vertical-align: inherit;\"><span dir=\"auto\" style=\"vertical-align: inherit;\">Vlastnosti 3-HO-PCE<\/span><\/span><\/span><\/span><\/h3>\n<p><strong><span style=\"vertical-align: inherit;\"><span style=\"vertical-align: inherit;\"><span dir=\"auto\" style=\"vertical-align: inherit;\"><span dir=\"auto\" style=\"vertical-align: inherit;\">Synonymum<\/span><\/span><\/span><\/span><\/strong><span style=\"vertical-align: inherit;\"><span style=\"vertical-align: inherit;\"><span dir=\"auto\" style=\"vertical-align: inherit;\"><span dir=\"auto\" style=\"vertical-align: inherit;\"> : 3-Hydroxyecyklidin <\/span><\/span><\/span><\/span><br \/>\n<strong><span style=\"vertical-align: inherit;\"><span style=\"vertical-align: inherit;\"><span dir=\"auto\" style=\"vertical-align: inherit;\"><span dir=\"auto\" style=\"vertical-align: inherit;\">CAS <\/span><\/span><\/span><\/span><\/strong> <strong><span style=\"vertical-align: inherit;\"><span style=\"vertical-align: inherit;\"><span dir=\"auto\" style=\"vertical-align: inherit;\"><span dir=\"auto\" style=\"vertical-align: inherit;\">\u010c\u00edslo<\/span><\/span><\/span><\/span><\/strong><span style=\"vertical-align: inherit;\"><span style=\"vertical-align: inherit;\"><span dir=\"auto\" style=\"vertical-align: inherit;\"><span dir=\"auto\" style=\"vertical-align: inherit;\"> : 79295-51-5 <\/span><\/span><\/span><\/span><br \/>\n<strong><span style=\"vertical-align: inherit;\"><span style=\"vertical-align: inherit;\"><span dir=\"auto\" style=\"vertical-align: inherit;\"><span dir=\"auto\" style=\"vertical-align: inherit;\">Vzorec<\/span><\/span><\/span><\/span><\/strong><span style=\"vertical-align: inherit;\"><span style=\"vertical-align: inherit;\"><span dir=\"auto\" style=\"vertical-align: inherit;\"><span dir=\"auto\" style=\"vertical-align: inherit;\"> N-ethyl-l-(3-hydroxyfenyl)cyklohexan-l-amin <\/span><\/span><\/span><\/span><br \/>\n<strong><span style=\"vertical-align: inherit;\"><span style=\"vertical-align: inherit;\"><span dir=\"auto\" style=\"vertical-align: inherit;\"><span dir=\"auto\" style=\"vertical-align: inherit;\">Mol\u00e1rn\u00ed hmotnost<\/span><\/span><\/span><\/span><\/strong><span style=\"vertical-align: inherit;\"><span style=\"vertical-align: inherit;\"><span dir=\"auto\" style=\"vertical-align: inherit;\"><span dir=\"auto\" style=\"vertical-align: inherit;\"> : 255,8 g\/mol <\/span><\/span><\/span><\/span><br \/>\n<strong><span style=\"vertical-align: inherit;\"><span style=\"vertical-align: inherit;\"><span dir=\"auto\" style=\"vertical-align: inherit;\"><span dir=\"auto\" style=\"vertical-align: inherit;\">\u010cistota<\/span><\/span><\/span><\/span><\/strong><span style=\"vertical-align: inherit;\"><span style=\"vertical-align: inherit;\"><span dir=\"auto\" style=\"vertical-align: inherit;\"><span dir=\"auto\" style=\"vertical-align: inherit;\"> : &gt;97%<\/span><\/span><\/span><\/span><\/p>","protected":false},"featured_media":29251,"comment_status":"closed","ping_status":"closed","template":"","meta":[],"product_brand":[82],"product_cat":[517,71],"product_tag":[924,326],"class_list":{"0":"post-23223","1":"product","2":"type-product","3":"status-publish","4":"has-post-thumbnail","6":"product_brand-research-chemical","7":"product_cat-3-ho-pce","8":"product_cat-arylcyclohexylamine","9":"product_tag-3ho-pce","10":"product_tag-nl","12":"first","13":"instock","14":"taxable","15":"shipping-taxable","16":"purchasable","17":"product-type-variable"},"_links":{"self":[{"href":"https:\/\/apexresearchchemical.eu\/cs\/wp-json\/wp\/v2\/product\/23223","targetHints":{"allow":["GET"]}}],"collection":[{"href":"https:\/\/apexresearchchemical.eu\/cs\/wp-json\/wp\/v2\/product"}],"about":[{"href":"https:\/\/apexresearchchemical.eu\/cs\/wp-json\/wp\/v2\/types\/product"}],"replies":[{"embeddable":true,"href":"https:\/\/apexresearchchemical.eu\/cs\/wp-json\/wp\/v2\/comments?post=23223"}],"version-history":[{"count":6,"href":"https:\/\/apexresearchchemical.eu\/cs\/wp-json\/wp\/v2\/product\/23223\/revisions"}],"predecessor-version":[{"id":28094,"href":"https:\/\/apexresearchchemical.eu\/cs\/wp-json\/wp\/v2\/product\/23223\/revisions\/28094"}],"wp:featuredmedia":[{"embeddable":true,"href":"https:\/\/apexresearchchemical.eu\/cs\/wp-json\/wp\/v2\/media\/29251"}],"wp:attachment":[{"href":"https:\/\/apexresearchchemical.eu\/cs\/wp-json\/wp\/v2\/media?parent=23223"}],"wp:term":[{"taxonomy":"product_brand","embeddable":true,"href":"https:\/\/apexresearchchemical.eu\/cs\/wp-json\/wp\/v2\/product_brand?post=23223"},{"taxonomy":"product_cat","embeddable":true,"href":"https:\/\/apexresearchchemical.eu\/cs\/wp-json\/wp\/v2\/product_cat?post=23223"},{"taxonomy":"product_tag","embeddable":true,"href":"https:\/\/apexresearchchemical.eu\/cs\/wp-json\/wp\/v2\/product_tag?post=23223"}],"curies":[{"name":"wp","href":"https:\/\/api.w.org\/{rel}","templated":true}]}}