{"id":24154,"date":"2025-04-13T17:41:09","date_gmt":"2025-04-13T17:41:09","guid":{"rendered":"https:\/\/apexresearchchemical.eu\/?post_type=product&#038;p=24154"},"modified":"2026-03-20T10:38:01","modified_gmt":"2026-03-20T10:38:01","slug":"zelena-mandala","status":"publish","type":"product","link":"https:\/\/apexresearchchemical.eu\/cs\/nakupovat\/b2b\/zelena-mandala\/","title":{"rendered":"Zelen\u00e1 mandala"},"content":{"rendered":"<h2>Zelen\u00e1 mandala 4-FMA + 2-CE + 1cP-LSD<\/h2>\n<p>koupit 4 fma, 4 fma, 4 fma,<\/p>\n<ul>\n<li><strong>Maloobchodn\u00ed balen\u00ed<br \/>\n<\/strong><\/li>\n<li><strong>Mno\u017estv\u00ed ml na tubu: 5<\/strong><\/li>\n<li><strong>Ceny jsou bez DPH 21%<\/strong><\/li>\n<li><strong>Doporu\u010den\u00e1 maloobchodn\u00ed cena: 11,95 \u20ac v\u010d. DPH<\/strong><\/li>\n<\/ul>\n<p><a href=\"https:\/\/apexresearchchemical.eu\/cs\/nakupovat\/lysergamidy\/1-cp-lsd-150-mcg-pelety\/\">Um\u011bleck\u00e9 blottery 1cP-LSD 150 MCG<\/a><a href=\"https:\/\/apexresearchchemical.eu\/cs\/nakupovat\/pelety-2\/o-dsmt-50mg-pelety\/\">O-DSMT 50 mg pelety<\/a><a href=\"https:\/\/apexresearchchemical.eu\/cs\/nakupovat\/lysergamidy\/1v-lsd-150-mcg-blotters\/\">1V-LSD 150 MCG saje<\/a><a href=\"https:\/\/apexresearchchemical.eu\/cs\/nakupovat\/katinony\/%f0%9f%92%a1-2-mmc-krystalicky-prasek-pro-vsechny-otazky-a-odpovedi-k-nakupu\/\">2-CMC 250 mg pelety<\/a><a href=\"https:\/\/apexresearchchemical.eu\/cs\/nakupovat\/fenethylamin\/2c-ef-2mg-kapsle\/\">2C-EF 2mg tobolky<\/a><\/p>","protected":false},"excerpt":{"rendered":"<p>Zelen\u00e1 mandala 4-FMA + 2-CE + 1cP-LSD Koupit 4 fma, 4 fma, 4-fma, Maloobchodn\u00ed balen\u00ed Mno\u017estv\u00ed ml na tubu: 5 Ceny<\/p>","protected":false},"featured_media":29391,"comment_status":"closed","ping_status":"closed","template":"","meta":[],"product_brand":[],"product_cat":[555],"product_tag":[629,644,326],"class_list":{"0":"post-24154","1":"product","2":"type-product","3":"status-publish","4":"has-post-thumbnail","6":"product_cat-b2b","7":"product_tag-4-fma-kopen","8":"product_tag-4-fma","9":"product_tag-nl","11":"first","12":"instock","13":"taxable","14":"shipping-taxable","15":"purchasable","16":"product-type-variable"},"_links":{"self":[{"href":"https:\/\/apexresearchchemical.eu\/cs\/wp-json\/wp\/v2\/product\/24154","targetHints":{"allow":["GET"]}}],"collection":[{"href":"https:\/\/apexresearchchemical.eu\/cs\/wp-json\/wp\/v2\/product"}],"about":[{"href":"https:\/\/apexresearchchemical.eu\/cs\/wp-json\/wp\/v2\/types\/product"}],"replies":[{"embeddable":true,"href":"https:\/\/apexresearchchemical.eu\/cs\/wp-json\/wp\/v2\/comments?post=24154"}],"version-history":[{"count":3,"href":"https:\/\/apexresearchchemical.eu\/cs\/wp-json\/wp\/v2\/product\/24154\/revisions"}],"predecessor-version":[{"id":25923,"href":"https:\/\/apexresearchchemical.eu\/cs\/wp-json\/wp\/v2\/product\/24154\/revisions\/25923"}],"wp:featuredmedia":[{"embeddable":true,"href":"https:\/\/apexresearchchemical.eu\/cs\/wp-json\/wp\/v2\/media\/29391"}],"wp:attachment":[{"href":"https:\/\/apexresearchchemical.eu\/cs\/wp-json\/wp\/v2\/media?parent=24154"}],"wp:term":[{"taxonomy":"product_brand","embeddable":true,"href":"https:\/\/apexresearchchemical.eu\/cs\/wp-json\/wp\/v2\/product_brand?post=24154"},{"taxonomy":"product_cat","embeddable":true,"href":"https:\/\/apexresearchchemical.eu\/cs\/wp-json\/wp\/v2\/product_cat?post=24154"},{"taxonomy":"product_tag","embeddable":true,"href":"https:\/\/apexresearchchemical.eu\/cs\/wp-json\/wp\/v2\/product_tag?post=24154"}],"curies":[{"name":"wp","href":"https:\/\/api.w.org\/{rel}","templated":true}]}}