{"id":24271,"date":"2025-04-13T17:41:22","date_gmt":"2025-04-13T17:41:22","guid":{"rendered":"https:\/\/apexresearchchemical.eu\/?post_type=product&#038;p=24271"},"modified":"2026-03-20T09:43:35","modified_gmt":"2026-03-20T09:43:35","slug":"bromonordiazepam-25-mg-pelety","status":"publish","type":"product","link":"https:\/\/apexresearchchemical.eu\/cs\/nakupovat\/benzodiazepiny\/bromonordiazepam-25-mg-pelety\/","title":{"rendered":"Bromonordiazepam 2,5 MG pelety"},"content":{"rendered":"<h2><span data-sheets-value=\"{\" data-sheets-userformat=\"{\">Bromonordiazepam 2,5 MG pelety<br \/>\n<\/span><\/h2>\n<p>Toto jsou nejnov\u011bj\u0161\u00ed pelety v \u0159ad\u011b Professor.nl! Tyto pelety obsahuj\u00ed 2,5 MG \u00fa\u010dinn\u00e9 l\u00e1tky (Bromonordiazepam 2,5 MG). bromonordiazepam , bromonordiazepamov\u00fd efekt , bromonordiazepam drogov\u00e9 f\u00f3rum, bromonordiazepam zku\u0161enosti, bromonordiazepam drogov\u00e9 f\u00f3rum<\/p>\n<p><strong>Tyto pelety Bromonordiazepam 2,5 MG poch\u00e1zej\u00ed z vlastn\u00ed v\u00fdroby a jsou nejvy\u0161\u0161\u00ed kvality, tyto pelety obsahuj\u00ed 2,5 miligramu \u00fa\u010dinn\u00e9 l\u00e1tky (bromonordiazepam). Ka\u017ed\u00e1 peleta m\u00e1 pr\u016fm\u011br p\u0159ibli\u017en\u011b 8 MM s \u010d\u00e1rou zlomu. Tyto bromonordiazepamov\u00e9 pelety jsou blistrovan\u00e9 po 10 kusech pro zaji\u0161t\u011bn\u00ed \u010derstvosti a jsou dod\u00e1v\u00e1ny v praktick\u00e9 krabi\u010dce po 5 blistrech.\u00a0<\/strong><\/p>\n<p>Bromonordiazepam je l\u00e1tka, kter\u00e1 se prod\u00e1v\u00e1 pouze pro v\u00fdzkumn\u00e9 \u00fa\u010dely, a proto nen\u00ed ur\u010dena ke spot\u0159eb\u011b.<a href=\"https:\/\/apexresearchchemical.eu\/cs\/nakupovat\/katinony\/%f0%9f%92%a1-2-mmc-krystalicky-prasek-pro-vsechny-otazky-a-odpovedi-k-nakupu\/\">2-CMC 250 mg pelety<\/a> , ,<a href=\"https:\/\/apexresearchchemical.eu\/cs\/nakupovat\/pelety-2\/erextc-homosildenafil-100-mg-pelety\/\">EREXTC Homosildenafil 100 MG pelety<\/a>\u00a0 ,\u00a0 <a href=\"https:\/\/apexresearchchemical.eu\/cs\/nakupovat\/zakazano\/mdphp-kopen-poeder-freebase\/\">MDPHP pr\u00e1\u0161ek (voln\u00e1 b\u00e1ze)<\/a><\/p>\n<p>Bromonordiazepam si uchov\u00e1v\u00e1 svou stabilitu a\u017e 2 roky, pokud je skladov\u00e1n ve vhodn\u00e9m prost\u0159ed\u00ed. Bromonordiazepam je ur\u010den pro v\u00fdzkumn\u00e9 \u00fa\u010dely, nikoli pro spot\u0159ebu. Proto je d\u016fle\u017eit\u00e9, aby byl v\u00fdrobek uchov\u00e1v\u00e1n mimo dosah d\u011bt\u00ed a dom\u00e1c\u00edch zv\u00ed\u0159at.<\/p>\n<p>Nab\u00edz\u00edme kvalitn\u00ed v\u00fdzkumn\u00e9 chemik\u00e1lie za f\u00e9rovou cenu. Va\u0161e objedn\u00e1vka bude expedov\u00e1na do 24 hodin ka\u017ed\u00fd den. Proto objedn\u00e1vejte <em>bromonordiazepam<\/em> bezpe\u010dn\u011b a rychle p\u0159es p<\/p>\n<h2>Co je Bromonordiazepam?<\/h2>\n<p>Bromonordiazepam je psychoaktivn\u00ed l\u00e1tka pat\u0159\u00edc\u00ed do t\u0159\u00eddy benzodiazepin\u016f, kter\u00e9 se b\u011b\u017en\u011b u\u017e\u00edvaj\u00ed na p\u0159edpis pro sv\u00e9 sedativn\u00ed a anxiolytick\u00e9 vlastnosti. Je to deriv\u00e1t benzodiazepinov\u00e9ho diazepamu s atomem bromu p\u0159ipojen\u00fdm k molekule.<\/p>\n<p>Jako benzodiazepin p\u016fsob\u00ed bromoroid\u00e1ln\u00ed diazepam na centr\u00e1ln\u00ed nervov\u00fd syst\u00e9m vazbou na GABA receptory v mozku. To vede ke zv\u00fd\u0161en\u00e9 aktivit\u011b inhibi\u010dn\u00edho neurotransmiteru GABA, kter\u00fd m\u00e1 uklid\u0148uj\u00edc\u00ed a relaxa\u010dn\u00ed \u00fa\u010dinek na t\u011blo i mysl. Bromonordiazepam je relativn\u011b nov\u00fd benzodiazepin a m\u00e1lo je zn\u00e1mo o jeho dlouhodob\u00fdch \u00fa\u010dinc\u00edch nebo potenci\u00e1lu ke zneu\u017eit\u00ed. Nen\u00ed b\u011b\u017en\u011b p\u0159edepisov\u00e1n pro l\u00e9ka\u0159sk\u00e9 pou\u017eit\u00ed a prim\u00e1rn\u011b se pou\u017e\u00edv\u00e1 jako v\u00fdzkumn\u00e1 chemik\u00e1lie.<\/p>\n<p>Synt\u00e9za bromonordiazepamu a dal\u0161\u00edch benzodiazepin\u016f obvykle prob\u00edh\u00e1 v tajn\u00fdch laborato\u0159\u00edch a nelze zaru\u010dit jejich \u010distotu a bezpe\u010dnost. Pou\u017eit\u00ed t\u011bchto slou\u010denin bez l\u00e9ka\u0159sk\u00e9ho dohledu m\u016f\u017ee b\u00fdt nebezpe\u010dn\u00e9 a potenci\u00e1ln\u011b \u017eivot ohro\u017euj\u00edc\u00ed.<\/p>\n<h2>Jak Bromonordiazapem vznikl?<\/h2>\n<p>Bromonordiazepam je deriv\u00e1t benzodiazepinov\u00e9ho diazepamu, kter\u00fd byl poprv\u00e9 syntetizov\u00e1n v 50. letech minul\u00e9ho stolet\u00ed farmaceutickou spole\u010dnost\u00ed Hoffmann-La Roche. Diazepam byl vyvinut jako vylep\u0161en\u00ed st\u00e1vaj\u00edc\u00edch barbitur\u00e1t\u016f, kter\u00e9 byly \u0161iroce pou\u017e\u00edv\u00e1ny jako sedativa, ale m\u011bly vysok\u00e9 riziko p\u0159ed\u00e1vkov\u00e1n\u00ed a z\u00e1vislosti.<\/p>\n<p>Diazepam se rychle stal popul\u00e1rn\u00edm jako l\u00e9k na p\u0159edpis kv\u016fli jeho sedativu a <a href=\"http:\/\/google.nl\" target=\"_blank\" rel=\"noopener\">anxiolytikum<\/a> vlastnosti a byl prod\u00e1v\u00e1n pod obchodn\u00edm n\u00e1zvem Valium. Jeho u\u017e\u00edv\u00e1n\u00ed se rychle zv\u00fd\u0161ilo v 60. a 70. letech 20. stolet\u00ed, kdy byl p\u0159edepisov\u00e1n na \u0161irokou \u0161k\u00e1lu stav\u016f, v\u010detn\u011b \u00fazkosti, nespavosti, svalov\u00fdch k\u0159e\u010d\u00ed a odvyk\u00e1n\u00ed alkoholu.<\/p>\n<p>S rostouc\u00ed popularitou diazepamu za\u010dali v\u00fdzkumn\u00edci syntetizovat nov\u00e9 deriv\u00e1ty l\u00e9ku, aby zlep\u0161ili jeho \u00fa\u010dinnost a sn\u00ed\u017eili vedlej\u0161\u00ed \u00fa\u010dinky. Jedn\u00edm z t\u011bchto deriv\u00e1t\u016f byl bromazepam, kter\u00fd byl vyvinut v 70. letech 20. stolet\u00ed a uv\u00e1d\u011bn na trh pod obchodn\u00edm n\u00e1zvem Lexotanil.<\/p>\n<p>Bromonordiazepam je deriv\u00e1t bromazepamu s atomem bromu p\u0159ipojen\u00fdm k molekule. Pravd\u011bpodobn\u011b byl poprv\u00e9 syntetizov\u00e1n v tajn\u00fdch laborato\u0159\u00edch modifikac\u00ed existuj\u00edc\u00edch benzodiazepinov\u00fdch slou\u010denin a jeho pou\u017eit\u00ed jako rekrea\u010dn\u00ed drogy se objevilo v roce 2000.<\/p>\n<p>Synt\u00e9za a distribuce bromonordiazepamu a dal\u0161\u00edch designov\u00fdch benzodiazepin\u016f je ve v\u011bt\u0161in\u011b zem\u00ed nez\u00e1konn\u00e1 a \u010distotu a bezpe\u010dnost t\u011bchto slou\u010denin nelze zaru\u010dit. Jeho pou\u017eit\u00ed mimo l\u00e9ka\u0159sk\u00e9 prost\u0159ed\u00ed m\u016f\u017ee b\u00fdt nebezpe\u010dn\u00e9 a potenci\u00e1ln\u011b \u017eivot ohro\u017euj\u00edc\u00ed.<\/p>\n<h3><span data-sheets-value=\"{\" data-sheets-userformat=\"{\">Vlastnosti bromonordiazepamu<\/span><\/h3>\n<p><strong>Synonymum:<\/strong> bromonordiazepam<br \/>\n<strong>\u010c\u00edslo CAS:<\/strong> 2894-61-3<br \/>\n<strong>Vzorec:<\/strong> 7-brom-5-fenyl-1,3-dihydro-1,4-benzodiazepin-2-on<br \/>\n<strong>Mol\u00e1rn\u00ed hmotnost:<\/strong> 315.16464<br \/>\n<strong>\u010cistota:<\/strong> &gt;99%<\/p>\n<h3>Prohl\u00e1\u0161en\u00ed o nebezpe\u010dnosti<\/h3>\n<p>Bromonordiazepam m\u016f\u017ee zp\u016fsobit podr\u00e1\u017ed\u011bn\u00ed d\u00fdchac\u00edch cest<br \/>\nBromonordiazepam m\u016f\u017ee zp\u016fsobit podr\u00e1\u017ed\u011bn\u00ed o\u010d\u00ed.<br \/>\nVypou\u0161t\u011bn\u00ed v\u00fdzkumn\u00fdch chemik\u00e1li\u00ed do \u017eivotn\u00edho prost\u0159ed\u00ed je zak\u00e1z\u00e1no.<\/p>\n<p>Bromonordiazepam P\u0158I KONTAKTU S O\u010cIMA: O\u010di opatrn\u011b vyplachujte vodou po dobu p\u011bti minut. Pokud je to mo\u017en\u00e9, vyjm\u011bte kontaktn\u00ed \u010do\u010dky.<\/p>\n<p>Bromonordiazepam P\u0158I KONTAKTU S K\u016e\u017d\u00cd: Omyjte k\u016f\u017ei m\u00fddlem a vodou.<\/p>\n<p>PO NAD\u00ddCH\u00c1N\u00cd Bromonordiazepamu: P\u0159eneste posti\u017een\u00e9ho na \u010derstv\u00fd vzduch a ponechte jej v poloze usnad\u0148uj\u00edc\u00ed d\u00fdch\u00e1n\u00ed.<\/p>","protected":false},"excerpt":{"rendered":"<p>Bromonordiazepam 2,5 MG pelety Toto jsou nejnov\u011bj\u0161\u00ed pelety v \u0159ad\u011b Professor.nl! Tyto pelety jsou opat\u0159eny 2.5<\/p>","protected":false},"featured_media":29334,"comment_status":"closed","ping_status":"closed","template":"","meta":[],"product_brand":[],"product_cat":[76,385,390,324],"product_tag":[185,326],"class_list":{"0":"post-24271","1":"product","2":"type-product","3":"status-publish","4":"has-post-thumbnail","6":"product_cat-benzodiazepinen","7":"product_cat-bromonordiazepam","8":"product_cat-bromonordiazepam-pellets","9":"product_cat-pellets-for-pellet","10":"product_tag-bromonordiazepam","11":"product_tag-nl","13":"first","14":"instock","15":"taxable","16":"shipping-taxable","17":"purchasable","18":"product-type-variable"},"_links":{"self":[{"href":"https:\/\/apexresearchchemical.eu\/cs\/wp-json\/wp\/v2\/product\/24271","targetHints":{"allow":["GET"]}}],"collection":[{"href":"https:\/\/apexresearchchemical.eu\/cs\/wp-json\/wp\/v2\/product"}],"about":[{"href":"https:\/\/apexresearchchemical.eu\/cs\/wp-json\/wp\/v2\/types\/product"}],"replies":[{"embeddable":true,"href":"https:\/\/apexresearchchemical.eu\/cs\/wp-json\/wp\/v2\/comments?post=24271"}],"version-history":[{"count":3,"href":"https:\/\/apexresearchchemical.eu\/cs\/wp-json\/wp\/v2\/product\/24271\/revisions"}],"predecessor-version":[{"id":25303,"href":"https:\/\/apexresearchchemical.eu\/cs\/wp-json\/wp\/v2\/product\/24271\/revisions\/25303"}],"wp:featuredmedia":[{"embeddable":true,"href":"https:\/\/apexresearchchemical.eu\/cs\/wp-json\/wp\/v2\/media\/29334"}],"wp:attachment":[{"href":"https:\/\/apexresearchchemical.eu\/cs\/wp-json\/wp\/v2\/media?parent=24271"}],"wp:term":[{"taxonomy":"product_brand","embeddable":true,"href":"https:\/\/apexresearchchemical.eu\/cs\/wp-json\/wp\/v2\/product_brand?post=24271"},{"taxonomy":"product_cat","embeddable":true,"href":"https:\/\/apexresearchchemical.eu\/cs\/wp-json\/wp\/v2\/product_cat?post=24271"},{"taxonomy":"product_tag","embeddable":true,"href":"https:\/\/apexresearchchemical.eu\/cs\/wp-json\/wp\/v2\/product_tag?post=24271"}],"curies":[{"name":"wp","href":"https:\/\/api.w.org\/{rel}","templated":true}]}}