{"id":24961,"date":"2025-04-13T17:43:53","date_gmt":"2025-04-13T17:43:53","guid":{"rendered":"https:\/\/apexresearchchemical.eu\/?post_type=product&#038;p=24961"},"modified":"2026-03-20T06:47:00","modified_gmt":"2026-03-20T06:47:00","slug":"o-dsmt-50-mg-pellets","status":"publish","type":"product","link":"https:\/\/apexresearchchemical.eu\/da\/butik\/o-dsmt\/o-dsmt-50-mg-pellets\/","title":{"rendered":"O-DSMT 50 mg pellets"},"content":{"rendered":"<p class=\"ds-markdown-paragraph\"><strong>O-DSMT 50 mg pellets \u2013 Besvarelse af dine sp\u00f8rgsm\u00e5l<\/strong><\/p>\n<h3><strong>1. Hvad er O-DSMT?<\/strong><\/h3>\n<p class=\"ds-markdown-paragraph\">O-DSMT (Desmetramadol) er et forskningskemikalie og en vigtig metabolit af Tramadol. Det er kendt for sine potentielle smertestillende egenskaber og bruges i videnskabelige studier.<\/p>\n<h3><strong>2. Hvorfor v\u00e6lge O-DSMT 50 mg pellets?<\/strong><\/h3>\n<p class=\"ds-markdown-paragraph\">Vores pellets tilbyder:<br \/>\n\u2705\u00a0<strong>Pr\u00e6cisionsdosering<\/strong>\u00a0\u2013 Hver pellet indeholder pr\u00e6cis 50 mg for p\u00e5lidelige resultater.<br \/>\n\u2705\u00a0<strong>Konsekvent kvalitet<\/strong>\u00a0\u2013 Rensning af h\u00f8j kvalitet for optimale forskningsresultater.<br \/>\n\u2705\u00a0<strong>Nem forarbejdning<\/strong>\u00a0\u2013 Pelletformen forenkler dosering i laboratoriemilj\u00f8er.<\/p>\n<h3><strong>3. Er dette produkt sikkert til menneskelig brug?<\/strong><\/h3>\n<p class=\"ds-markdown-paragraph\"><em>Ingen.<\/em>\u00a0O-DSMT 50 mg pellets er\u00a0<strong>kun beregnet til forskningsform\u00e5l<\/strong>\u00a0og ikke til konsum. Det er vigtigt at f\u00f8lge sikkerhedsprotokoller, n\u00e5r det bruges til videnskabelige form\u00e5l.<\/p>\n<h3><strong>4. Hvordan skal jeg opbevare O-DSMT-pellets?<\/strong><\/h3>\n<p class=\"ds-markdown-paragraph\">Opbevar pellets i en\u00a0<strong>k\u00f8ligt, t\u00f8rt sted<\/strong>Opbevares utilg\u00e6ngeligt for b\u00f8rn og uvedkommende. En m\u00f8rk, luftt\u00e6t beholder anbefales.<\/p>\n<h3><strong>5. Hvilke anvendelser er disse pellets egnede til?<\/strong><\/h3>\n<p class=\"ds-markdown-paragraph\">De bruges i:<br \/>\n\ud83d\udd2c\u00a0<strong>Farmakologisk forskning<\/strong><br \/>\n\ud83e\uddea\u00a0<strong>Analytiske studier<\/strong><br \/>\n\ud83d\udcca\u00a0<strong>Videnskabelige eksperimenter<\/strong><\/p>\n<h3><strong>6. Hvor kan jeg k\u00f8be O-DSMT 50 mg pellets?<\/strong><\/h3>\n<p class=\"ds-markdown-paragraph\">Bestil nu via vores webshop\u00a0<strong>hurtig levering og diskret emballage<\/strong>Kun tilg\u00e6ngelig for registrerede forskere og laboratorier.<\/p>\n<p><a href=\"https:\/\/apexresearchchemical.eu\/da\/butik\/iboga-ibogain\/kob-ibogaine-hcl-online\/\">K\u00f8b Ibogaine HCL<\/a><a href=\"https:\/\/apexresearchchemical.eu\/da\/butik\/iboga-ibogain\/iboga-rodbark\/\">Iboga rodbark<\/a><a href=\"https:\/\/apexresearchchemical.eu\/da\/butik\/lysergamider\/1cp-lsd\/\">1cP-LSD 150 MCG Kunstpapirkugler<\/a><a href=\"https:\/\/apexresearchchemical.eu\/da\/butik\/lysergamider\/1v-lsd-150-mcg-blotters\/\">1V-LSD 150 MCG Blotters<\/a><a href=\"https:\/\/apexresearchchemical.eu\/da\/butik\/2-cmc-pellets\/kob-2-cm-2\/kob-2-cm-2\/\">2-CMC 250 mg pellets<\/a><\/p>","protected":false},"excerpt":{"rendered":"<h3>O-DSMT-egenskaber<\/h3>\n<p><strong>Synonym:<\/strong> <i>O-desmethyltramadol, 3-(2-((dimethylamino)methyl)-1-hydroxycyclohexyl)phenol<\/i><br \/>\n<strong>CAS-nummer:<\/strong> 80456-81-1<br \/>\n<strong>Formel:<\/strong> <span title=\"Kulstof\">C<\/span><sub>15<\/sub><span title=\"Brint\">H<\/span><sub>23<\/sub><span title=\"Kv\u00e6lstof\">N<\/span><span title=\"Ilt\">\u00c5h<\/span><sub>2<\/sub><br \/>\n<strong>Mol\u00e6r masse:<\/strong> 249,354 g\/mol<br \/>\n<strong>Renhed:<\/strong>\u00a0&gt;97%<\/p>","protected":false},"featured_media":29435,"comment_status":"closed","ping_status":"closed","template":"","meta":[],"product_brand":[82],"product_cat":[337,420,336,324],"product_tag":[326,727,725,728,726,729,730],"class_list":{"0":"post-24961","1":"product","2":"type-product","3":"status-publish","4":"has-post-thumbnail","6":"product_brand-research-chemical","7":"product_cat-o-dsmt","8":"product_cat-o-dsmt-pellets","9":"product_cat-overig","10":"product_cat-pellets-for-pellet","11":"product_tag-nl","12":"product_tag-o-dsmt-ervaringen","13":"product_tag-o-dsmt","14":"product_tag-o-dsmt-bestellen","15":"product_tag-o-dsmt-kopen","16":"product_tag-o-dsmt-psychonaut","17":"product_tag-what-is-o-dsmt","19":"first","20":"instock","21":"taxable","22":"shipping-taxable","23":"purchasable","24":"product-type-variable"},"_links":{"self":[{"href":"https:\/\/apexresearchchemical.eu\/da\/wp-json\/wp\/v2\/product\/24961","targetHints":{"allow":["GET"]}}],"collection":[{"href":"https:\/\/apexresearchchemical.eu\/da\/wp-json\/wp\/v2\/product"}],"about":[{"href":"https:\/\/apexresearchchemical.eu\/da\/wp-json\/wp\/v2\/types\/product"}],"replies":[{"embeddable":true,"href":"https:\/\/apexresearchchemical.eu\/da\/wp-json\/wp\/v2\/comments?post=24961"}],"version-history":[{"count":6,"href":"https:\/\/apexresearchchemical.eu\/da\/wp-json\/wp\/v2\/product\/24961\/revisions"}],"predecessor-version":[{"id":25567,"href":"https:\/\/apexresearchchemical.eu\/da\/wp-json\/wp\/v2\/product\/24961\/revisions\/25567"}],"wp:featuredmedia":[{"embeddable":true,"href":"https:\/\/apexresearchchemical.eu\/da\/wp-json\/wp\/v2\/media\/29435"}],"wp:attachment":[{"href":"https:\/\/apexresearchchemical.eu\/da\/wp-json\/wp\/v2\/media?parent=24961"}],"wp:term":[{"taxonomy":"product_brand","embeddable":true,"href":"https:\/\/apexresearchchemical.eu\/da\/wp-json\/wp\/v2\/product_brand?post=24961"},{"taxonomy":"product_cat","embeddable":true,"href":"https:\/\/apexresearchchemical.eu\/da\/wp-json\/wp\/v2\/product_cat?post=24961"},{"taxonomy":"product_tag","embeddable":true,"href":"https:\/\/apexresearchchemical.eu\/da\/wp-json\/wp\/v2\/product_tag?post=24961"}],"curies":[{"name":"wp","href":"https:\/\/api.w.org\/{rel}","templated":true}]}}