{"id":27210,"date":"2025-08-14T11:12:54","date_gmt":"2025-08-14T11:12:54","guid":{"rendered":"https:\/\/apexresearchchemical.eu\/?page_id=27210"},"modified":"2026-01-06T04:35:46","modified_gmt":"2026-01-06T04:35:46","slug":"lieferzeit-und-versandkosten","status":"publish","type":"page","link":"https:\/\/apexresearchchemical.eu\/de\/lieferzeit-und-versandkosten\/","title":{"rendered":"Lieferzeit und Versandkosten"},"content":{"rendered":"<p>Lieferzeit und Versandkosten<br>Wir bem\u00fchen uns, Ihre Bestellung so schnell wie m\u00f6glich auszuliefern. Bestellungen, die werktags vor 17:00 Uhr eingehen, werden noch am selben Tag versendet. Dies ist jedoch nicht immer m\u00f6glich. Manchmal sind Produkte nicht vorr\u00e4tig, und die Lieferung kann etwas l\u00e4nger dauern. Die Lieferzeit ist auf der Produktseite angegeben. Sollten wir diese Lieferzeit aus irgendeinem Grund nicht einhalten k\u00f6nnen, informieren wir Sie selbstverst\u00e4ndlich so schnell wie m\u00f6glich.<\/p>\n\n\n\n<p>Nach Ihrem Einkauf erhalten Sie von uns eine Best\u00e4tigungs-E-Mail. Diese enth\u00e4lt Ihre Bestellnummer, mit der Sie den Status Ihres Einkaufs \u00fcberpr\u00fcfen k\u00f6nnen. Sobald Ihre Bestellung verpackt und versendet wurde, erhalten Sie eine weitere E-Mail mit Details zu Ihrem Einkauf. Wir empfehlen Ihnen, Ihren Spam-Ordner zu \u00fcberpr\u00fcfen, da die Best\u00e4tigungs-E-Mail m\u00f6glicherweise dort gelandet ist. Sollten Sie innerhalb eines Werktages keine E-Mail erhalten haben, kontaktieren Sie uns bitte umgehend.<\/p>\n\n\n\n<p>Global Source Chemicals Lieferservice<br>Bestellingen in Nederland die v\u00f3\u00f3r 17:00 uur bij researchchemicallab.eu worden geplaatst, worden de volgende werkdag bezorgd, met uitzondering van de Waddeneilanden vanwege vertragingen door boottransport. PostNL zorgt voor een veilige en snelle levering. Bij besteding vanaf \u20ac 50 in onze webshop is de verzending binnen Nederland gratis.<\/p>\n\n\n\n<p>Diskrete und anonyme Verpackung<br>Unsere Produkte werden diskret und anonym verpackt, sodass niemand sehen kann, was Sie bestellt haben. Auf der Au\u00dfenseite des Pakets ist lediglich Ihre Lieferadresse aufgedruckt.<\/p>\n\n\n\n<p>Lieferung Ihrer Bestellungen<br>Om uw bestelling te ontvangen, moet u op de bezorgdag thuis zijn. Bent u niet thuis, dan wordt de bestelling, afhankelijk van de vervoerder, meerdere keren opnieuw ingediend. Bent u dan nog steeds niet thuis, dan probeert de bezorger het bij de buren af te leveren of naar een nabijgelegen afhaalpunt te brengen. De bezorger laat u altijd via een briefje weten waar uw pakket zich bevindt. researchchemicallab.eu zorgt voor de bezorging bij het afhaalpunt, waarna u het zelf moet ophalen. Levering vindt doorgaans plaats van dinsdag tot en met zaterdag tussen 08:00 en 18:00 uur. We kunnen geen exacte levertijden garanderen vanwege de afhankelijkheid van de vervoerder.<\/p>\n\n\n\n<p>Versand und Versandkosten in europ\u00e4ische L\u00e4nder<br>In den Niederlanden k\u00f6nnen Sie zwischen folgenden Lieferoptionen w\u00e4hlen:<\/p>\n\n\n\n<p>Briefkastenpaket mit Sendungsverfolgung, damit Sie Ihre Bestellung verfolgen k\u00f6nnen, f\u00fcr 4,75 \u20ac. Bestellungen \u00fcber 50 \u20ac werden innerhalb der Niederlande kostenlos versandt.<\/p>\n\n\n\n<p>In Belgien gibt es folgende M\u00f6glichkeiten:<\/p>\n\n\n\n<p>Briefkastenpaket mit Sendungsverfolgung f\u00fcr 9,95 \u20ac. Bestellungen \u00fcber 100 \u20ac werden innerhalb Belgiens kostenlos versandt.<\/p>\n\n\n\n<p>Bitte beachten Sie: Der Versand von Bestellungen au\u00dferhalb der Niederlande erfolgt auf Ihr eigenes Risiko! (Aktuelle Versandkosten und -methoden finden Sie auf unserer Checkout-Seite.)<\/p>\n\n\n\n<p>Nachfolgend finden Sie eine Tabelle mit den Versandkosten pro Land:<\/p>\n\n\n\n<p>Richtlinien zur Produktsicherheit<br>We benadrukken dat onze researchchemicallab.eu uitsluitend bedoeld zijn voor onderzoeksdoeleinden en niet voor persoonlijk gebruik. Raadpleeg onze algemene voorwaarden en veiligheidsrichtlijnen voordat u een aankoop doet bij researchchemicallab.eu Als u om welke reden dan ook niet tevreden bent met uw bestelling, bekijk dan ons retourbeleid.<\/p>\n\n\n\n<p><\/p>","protected":false},"excerpt":{"rendered":"<p>Levertijd en verzendkostenWe doen ons best om de bestelling zo snel mogelijk bij u af te leveren. Bestellingen die op<\/p>","protected":false},"author":1,"featured_media":0,"parent":0,"menu_order":0,"comment_status":"closed","ping_status":"closed","template":"","meta":{"footnotes":""},"class_list":["post-27210","page","type-page","status-publish","hentry"],"_links":{"self":[{"href":"https:\/\/apexresearchchemical.eu\/de\/wp-json\/wp\/v2\/pages\/27210","targetHints":{"allow":["GET"]}}],"collection":[{"href":"https:\/\/apexresearchchemical.eu\/de\/wp-json\/wp\/v2\/pages"}],"about":[{"href":"https:\/\/apexresearchchemical.eu\/de\/wp-json\/wp\/v2\/types\/page"}],"author":[{"embeddable":true,"href":"https:\/\/apexresearchchemical.eu\/de\/wp-json\/wp\/v2\/users\/1"}],"replies":[{"embeddable":true,"href":"https:\/\/apexresearchchemical.eu\/de\/wp-json\/wp\/v2\/comments?post=27210"}],"version-history":[{"count":3,"href":"https:\/\/apexresearchchemical.eu\/de\/wp-json\/wp\/v2\/pages\/27210\/revisions"}],"predecessor-version":[{"id":28543,"href":"https:\/\/apexresearchchemical.eu\/de\/wp-json\/wp\/v2\/pages\/27210\/revisions\/28543"}],"wp:attachment":[{"href":"https:\/\/apexresearchchemical.eu\/de\/wp-json\/wp\/v2\/media?parent=27210"}],"curies":[{"name":"wp","href":"https:\/\/api.w.org\/{rel}","templated":true}]}}