{"id":24961,"date":"2025-04-13T17:43:53","date_gmt":"2025-04-13T17:43:53","guid":{"rendered":"https:\/\/apexresearchchemical.eu\/?post_type=product&#038;p=24961"},"modified":"2026-03-20T06:47:00","modified_gmt":"2026-03-20T06:47:00","slug":"o-dsmt-50-mg-pellets","status":"publish","type":"product","link":"https:\/\/apexresearchchemical.eu\/de\/geschaft\/o-dsmt\/o-dsmt-50-mg-pellets\/","title":{"rendered":"O-DSMT 50 mg Pellets"},"content":{"rendered":"<p class=\"ds-markdown-paragraph\"><strong>O-DSMT 50 mg Pellets \u2013 Antworten auf Ihre Fragen<\/strong><\/p>\n<h3><strong>1. Was ist O-DSMT?<\/strong><\/h3>\n<p class=\"ds-markdown-paragraph\">O-DSMT (Desmetramadol) ist eine Forschungschemikalie und ein Hauptmetabolit von Tramadol. Es ist f\u00fcr seine potenziell schmerzstillenden Eigenschaften bekannt und wird in wissenschaftlichen Studien eingesetzt.<\/p>\n<h3><strong>2. Warum sollten Sie sich f\u00fcr O-DSMT 50 mg Pellets entscheiden?<\/strong><\/h3>\n<p class=\"ds-markdown-paragraph\">Unser Pellets-Angebot:<br \/>\n\u2705\u00a0<strong>Pr\u00e4zise Dosierung<\/strong>\u00a0\u2013 Jedes Pellet enth\u00e4lt genau 50 mg f\u00fcr zuverl\u00e4ssige Ergebnisse.<br \/>\n\u2705\u00a0<strong>Konstante Qualit\u00e4t<\/strong>\u00a0\u2013 Hochwertige Aufreinigung f\u00fcr optimale Forschungsergebnisse.<br \/>\n\u2705\u00a0<strong>Einfache Verarbeitung<\/strong>\u00a0\u2013 Die Pelletform vereinfacht die Dosierung in Laborumgebungen.<\/p>\n<h3><strong>3. Ist dieses Produkt f\u00fcr den menschlichen Gebrauch sicher?<\/strong><\/h3>\n<p class=\"ds-markdown-paragraph\"><em>NEIN.<\/em>\u00a0O-DSMT 50mg Pellets sind\u00a0<strong>nur f\u00fcr Forschungszwecke bestimmt<\/strong>\u00a0und nicht zum Verzehr bestimmt. Bei der wissenschaftlichen Verwendung ist es wichtig, die Sicherheitsprotokolle einzuhalten.<\/p>\n<h3><strong>4. Wie sollte ich O-DSMT-Pellets aufbewahren?<\/strong><\/h3>\n<p class=\"ds-markdown-paragraph\">Lagern Sie die Pellets in einem\u00a0<strong>k\u00fchl und trocken lagern<\/strong>, au\u00dferhalb der Reichweite von Kindern und unbefugten Personen. Ein dunkler, luftdichter Beh\u00e4lter wird empfohlen.<\/p>\n<h3><strong>5. F\u00fcr welche Anwendungen sind diese Pellets geeignet?<\/strong><\/h3>\n<p class=\"ds-markdown-paragraph\">Sie werden verwendet in:<br \/>\n\ud83d\udd2c\u00a0<strong>Pharmakologische Forschung<\/strong><br \/>\n\ud83e\uddea\u00a0<strong>Analytische Studien<\/strong><br \/>\n\ud83d\udcca\u00a0<strong>Wissenschaftliche Experimente<\/strong><\/p>\n<h3><strong>6. Wo kann ich O-DSMT 50 mg Pellets kaufen?<\/strong><\/h3>\n<p class=\"ds-markdown-paragraph\">Bestellen Sie jetzt \u00fcber unseren Webshop f\u00fcr\u00a0<strong>schnelle Lieferung und diskrete Verpackung<\/strong>. Nur f\u00fcr registrierte Forscher und Labore verf\u00fcgbar.<\/p>\n<p><a href=\"https:\/\/apexresearchchemical.eu\/de\/geschaft\/iboga-ibogain\/ibogain-hcl-kaufen\/\">Kaufen Sie Ibogain HCL<\/a><a href=\"https:\/\/apexresearchchemical.eu\/de\/geschaft\/iboga-ibogain\/iboga-wurzelrinde\/\">Iboga-Wurzelrinde<\/a><a href=\"https:\/\/apexresearchchemical.eu\/de\/geschaft\/lysergamide\/1cp-lsd-150-mcg-kunstloscher\/\">1cP-LSD 150 MCG Art Blotters<\/a><a href=\"https:\/\/apexresearchchemical.eu\/de\/geschaft\/lysergamide\/1v-lsd-150-mcg-blotters\/\">1V-LSD 150 MCG Blotter<\/a><a href=\"https:\/\/apexresearchchemical.eu\/de\/geschaft\/2-cmc-pellets\/%f0%9f%92%a1-2-mmc-kristallines-pulver-fur-alle-fragen-und-antworten-zum-kauf\/%f0%9f%92%a1-2-mmc-kristallines-pulver-fur-alle-fragen-und-antworten-zum-kauf\/\">2-CMC 250 mg Pellets<\/a><\/p>","protected":false},"excerpt":{"rendered":"<h3>O-DSMT-Eigenschaften<\/h3>\n<p><strong>Synonym:<\/strong> <i>O-Desmethyltramadol, 3-(2-((Dimethylamino)methyl)-1-hydroxycyclohexyl)phenol<\/i><br \/>\n<strong>CAS-Nummer:<\/strong> 80456-81-1<br \/>\n<strong>Formel:<\/strong> <span title=\"Kohlenstoff\">C<\/span><sub>15<\/sub><span title=\"Wasserstoff\">H<\/span><sub>23<\/sub><span title=\"Stickstoff\">N<\/span><span title=\"Sauerstoff\">O<\/span><sub>2<\/sub><br \/>\n<strong>Molmasse:<\/strong> 249,354 g\/mol<br \/>\n<strong>Reinheit:<\/strong>\u00a0&gt;97%<\/p>","protected":false},"featured_media":29435,"comment_status":"closed","ping_status":"closed","template":"","meta":[],"product_brand":[82],"product_cat":[337,420,336,324],"product_tag":[326,727,725,728,726,729,730],"class_list":{"0":"post-24961","1":"product","2":"type-product","3":"status-publish","4":"has-post-thumbnail","6":"product_brand-research-chemical","7":"product_cat-o-dsmt","8":"product_cat-o-dsmt-pellets","9":"product_cat-overig","10":"product_cat-pellets-for-pellet","11":"product_tag-nl","12":"product_tag-o-dsmt-ervaringen","13":"product_tag-o-dsmt","14":"product_tag-o-dsmt-bestellen","15":"product_tag-o-dsmt-kopen","16":"product_tag-o-dsmt-psychonaut","17":"product_tag-what-is-o-dsmt","19":"first","20":"instock","21":"taxable","22":"shipping-taxable","23":"purchasable","24":"product-type-variable"},"_links":{"self":[{"href":"https:\/\/apexresearchchemical.eu\/de\/wp-json\/wp\/v2\/product\/24961","targetHints":{"allow":["GET"]}}],"collection":[{"href":"https:\/\/apexresearchchemical.eu\/de\/wp-json\/wp\/v2\/product"}],"about":[{"href":"https:\/\/apexresearchchemical.eu\/de\/wp-json\/wp\/v2\/types\/product"}],"replies":[{"embeddable":true,"href":"https:\/\/apexresearchchemical.eu\/de\/wp-json\/wp\/v2\/comments?post=24961"}],"version-history":[{"count":6,"href":"https:\/\/apexresearchchemical.eu\/de\/wp-json\/wp\/v2\/product\/24961\/revisions"}],"predecessor-version":[{"id":25567,"href":"https:\/\/apexresearchchemical.eu\/de\/wp-json\/wp\/v2\/product\/24961\/revisions\/25567"}],"wp:featuredmedia":[{"embeddable":true,"href":"https:\/\/apexresearchchemical.eu\/de\/wp-json\/wp\/v2\/media\/29435"}],"wp:attachment":[{"href":"https:\/\/apexresearchchemical.eu\/de\/wp-json\/wp\/v2\/media?parent=24961"}],"wp:term":[{"taxonomy":"product_brand","embeddable":true,"href":"https:\/\/apexresearchchemical.eu\/de\/wp-json\/wp\/v2\/product_brand?post=24961"},{"taxonomy":"product_cat","embeddable":true,"href":"https:\/\/apexresearchchemical.eu\/de\/wp-json\/wp\/v2\/product_cat?post=24961"},{"taxonomy":"product_tag","embeddable":true,"href":"https:\/\/apexresearchchemical.eu\/de\/wp-json\/wp\/v2\/product_tag?post=24961"}],"curies":[{"name":"wp","href":"https:\/\/api.w.org\/{rel}","templated":true}]}}