{"id":26118,"date":"2025-05-01T01:31:17","date_gmt":"2025-05-01T01:31:17","guid":{"rendered":"https:\/\/apexresearchchemical.eu\/?post_type=product&#038;p=26118"},"modified":"2026-03-20T06:38:49","modified_gmt":"2026-03-20T06:38:49","slug":"iboga-samen","status":"publish","type":"product","link":"https:\/\/apexresearchchemical.eu\/de\/geschaft\/okategoriserad\/iboga-samen\/","title":{"rendered":"Iboga-Samen"},"content":{"rendered":"<h2>Iboga-Samen kaufen<\/h2>\n<p>Kaufen Sie Iboga-Samen. Tabernanthe iboga ist ein Mitglied der Familie der Hundszahngew\u00e4chse und in den feuchten tropischen Gebieten Zentralwestafrikas, haupts\u00e4chlich im Kongo und Gabun, heimisch. Zu den gebr\u00e4uchlichen Namen geh\u00f6ren Iboga, Eboka und Eboga. Tabernanthe ist eine kleine Gattung mit nur zwei Arten, T<a href=\"https:\/\/caluanieoxidizeshop.com\" target=\"_blank\" rel=\"noopener\">.<\/a> Iboga und T. elliptica (diese Art hat stachelige Fr\u00fcchte \u00e4hnlich wie Datura spp.). Es ist bekannt, dass sich die beiden Arten kreuzen und eine fruchtbare Hybride bilden k\u00f6nnen (<em>Iboga und Ibogain, Nico Dauphin<\/em>). Ibogasamen, Tabernanthe Ibogasamen, Ibogapflanzensamen, Ibogasamen kaufen<\/p>\n<p>Tabernanthe sind Holzpflanzen, die in der Unterschicht feuchter tropischer W\u00e4lder endemisch sind. Tabernanthe-Str\u00e4ucher erreichen im Allgemeinen eine H\u00f6he von einem halben bis zwei Metern. Die Zweige sind paarweise vorhanden und direkt \u00fcber den Verzweigungspunkten erscheinen zwei schlanke, gestielte Bl\u00fctenst\u00e4nde paarweise. Tabernanthe hat au\u00dferdem kelchblattartige Hochbl\u00e4tter und auff\u00e4llige Blattnarben. Wie bei vielen anderen Mitgliedern der Apocynaceae<a href=\"https:\/\/caluanieoxidizeshop.com\/product\/caluanie-muelear-oxidize-for-sale\/\" target=\"_blank\" rel=\"noopener\">,<\/a> Charakteristisch f\u00fcr Tabernanthe sind der milchige Saft und das Vorkommen vieler n\u00fctzlicher Alkaloide in Rinde, Bl\u00e4ttern und Wurzel (Iboga und Ibogain, Nico Dauphin). <a href=\"https:\/\/apexresearchchemical.eu\/de\/geschaft\/top-10-research-chemicals\/caluanie-muelear-oxidieren\/\">Caluanie Muelear Oxidieren<\/a><a href=\"https:\/\/apexresearchchemical.eu\/de\/geschaft\/waage\/digitale-cs-waage-100-g-x-001-g\/\">Digitale CS-Waage \u2013 100 g x 0,01 g<\/a><a href=\"https:\/\/apexresearchchemical.eu\/de\/geschaft\/top-10-research-chemicals\/pyrazolam-wirkung\/\">Pyrazolam 2,5 mg Pellets<\/a><a href=\"https:\/\/apexresearchchemical.eu\/de\/geschaft\/waage\/digitale-tank-miniwaage-20-g-x-0001-g\/\">Digitale Tank-Miniwaage \u2013 20 g x 0,001 g<\/a><a href=\"https:\/\/apexresearchchemical.eu\/de\/geschaft\/waage\/digitale-bio-miniwaage-20g-x-0001g\/\">Digitale Bio-Miniwaage \u2013 20 g x 0,001 g<\/a><\/p>","protected":false},"excerpt":{"rendered":"<p>$1 pro Frucht, Mindestbestellmenge = 100 Fr\u00fcchte<\/p>","protected":false},"featured_media":29399,"comment_status":"closed","ping_status":"closed","template":"","meta":[],"product_brand":[],"product_cat":[1085],"product_tag":[912,911,909,910],"class_list":{"0":"post-26118","1":"product","2":"type-product","3":"status-publish","4":"has-post-thumbnail","6":"product_cat-okategoriserad","7":"product_tag-buy-iboga-seeds","8":"product_tag-iboga-plant-seeds","9":"product_tag-iboga-seeds","10":"product_tag-tabernanthe-iboga-seeds","12":"first","13":"instock","14":"taxable","15":"shipping-taxable","16":"purchasable","17":"product-type-simple"},"_links":{"self":[{"href":"https:\/\/apexresearchchemical.eu\/de\/wp-json\/wp\/v2\/product\/26118","targetHints":{"allow":["GET"]}}],"collection":[{"href":"https:\/\/apexresearchchemical.eu\/de\/wp-json\/wp\/v2\/product"}],"about":[{"href":"https:\/\/apexresearchchemical.eu\/de\/wp-json\/wp\/v2\/types\/product"}],"replies":[{"embeddable":true,"href":"https:\/\/apexresearchchemical.eu\/de\/wp-json\/wp\/v2\/comments?post=26118"}],"version-history":[{"count":4,"href":"https:\/\/apexresearchchemical.eu\/de\/wp-json\/wp\/v2\/product\/26118\/revisions"}],"predecessor-version":[{"id":26155,"href":"https:\/\/apexresearchchemical.eu\/de\/wp-json\/wp\/v2\/product\/26118\/revisions\/26155"}],"wp:featuredmedia":[{"embeddable":true,"href":"https:\/\/apexresearchchemical.eu\/de\/wp-json\/wp\/v2\/media\/29399"}],"wp:attachment":[{"href":"https:\/\/apexresearchchemical.eu\/de\/wp-json\/wp\/v2\/media?parent=26118"}],"wp:term":[{"taxonomy":"product_brand","embeddable":true,"href":"https:\/\/apexresearchchemical.eu\/de\/wp-json\/wp\/v2\/product_brand?post=26118"},{"taxonomy":"product_cat","embeddable":true,"href":"https:\/\/apexresearchchemical.eu\/de\/wp-json\/wp\/v2\/product_cat?post=26118"},{"taxonomy":"product_tag","embeddable":true,"href":"https:\/\/apexresearchchemical.eu\/de\/wp-json\/wp\/v2\/product_tag?post=26118"}],"curies":[{"name":"wp","href":"https:\/\/api.w.org\/{rel}","templated":true}]}}