{"id":26119,"date":"2025-05-01T01:31:17","date_gmt":"2025-05-01T01:31:17","guid":{"rendered":"https:\/\/apexresearchchemical.eu\/?post_type=product&#038;p=26119"},"modified":"2026-03-20T06:40:01","modified_gmt":"2026-03-20T06:40:01","slug":"iboga-wurzelrinde","status":"publish","type":"product","link":"https:\/\/apexresearchchemical.eu\/de\/geschaft\/iboga-ibogain\/iboga-wurzelrinde\/","title":{"rendered":"Iboga-Wurzelrinde"},"content":{"rendered":"<h2>Iboga Wurzelrinde kaufen<\/h2>\n<p>Iboga-Wurzelrinde: Unsere zum Verkauf stehende Iboga-Wurzelrinde kann direkt durch Einnahme verzehrt oder vor dem Verzehr zu Iboga-Wurzelrindenpulver gemahlen werden, das in Kapseln eingeschlossen und geschluckt werden kann, um den bitteren Geschmack zu vermeiden.<\/p>\n<p>Eine gro\u00dfe Dosis der Iboga-Wurzelrinde wird als \u00dcbergangsritus konsumiert und kleinere Mengen werden vom Volk der Bwiti traditionell f\u00fcr Heilungszeremonien und die Jagd verwendet. Kleine Dosen der Iboga-Wurzelrinde von etwa 5 Gramm wirken als Stimulans und Aphrodisiakum, w\u00e4hrend gro\u00dfe Dosen der Iboga-Wurzelrinde von etwa 10 bis 25 Gramm zur spirituellen Erkundung, zur psychotherapeutischen Heilung, zur schnellen k\u00f6rperlichen Entgiftung und zur Suchtheilung dienen k\u00f6nnen.<\/p>\n<p>Auch bei der Behandlung einer Reihe anderer Erkrankungen, einschlie\u00dflich der Parkinson-Krankheit, wurden vielversprechende Ergebnisse erzielt. Viele Iboga-Behandlungszentren haben festgestellt, dass f\u00fcr ein umfassendes Behandlungserlebnis zu viel Iboga-Wurzelrinde eingenommen werden muss.<\/p>\n<div class=\"elementor-element elementor-element-2342a3b elementor-widget elementor-widget-jws_widget_heading\" data-id=\"2342a3b\" data-element_type=\"widget\" data-widget_type=\"jws_widget_heading.default\">\n<div class=\"elementor-widget-container\">\n<div class=\"title-wrapper center\">\n<h2 class=\"title\">Was Sie noch wissen sollten<\/h2>\n<\/div>\n<\/div>\n<\/div>\n<div class=\"elementor-element elementor-element-dd111fd elementor-widget__width-initial elementor-widget elementor-widget-text-editor\" data-id=\"dd111fd\" data-element_type=\"widget\" data-widget_type=\"text-editor.default\">\n<div class=\"elementor-widget-container\">\n<p>Der Verzehr einer so gro\u00dfen Menge Pflanzenrinde kann ziemlich schwierig sein. Bei der Bwiti-Initiationszeremonie wurden w\u00e4hrend der gesamten Zeremonie Dosen von bis zu 100 Gramm Iboga-Wurzelrinde konsumiert. Dies ist die maximal eingehaltene Dosis, und verschiedene Lieferanten von Iboga-Wurzelrinden haben unterschiedliche Philosophien hinsichtlich der genauen Dosis. Eine typische therapeutische Dosis unserer zum Verkauf stehenden Iboga-Wurzelrinde liegt zwischen 5 und 100 Gramm, je nach Person und Behandlungsziel. Das Essen einer gro\u00dfen Menge faseriger Pflanzenstoffe wie unseres zum Verkauf stehenden Iboga kann jedoch bei jedem \u00dcbelkeit verursachen. Die Iboga-Wurzelrinde verbleibt lange im K\u00f6rper und braucht manchmal etwa 72 Stunden bis zu einer Woche, bis sie endg\u00fcltig aus dem System ausgeschieden ist.<a href=\"https:\/\/apexresearchchemical.eu\/de\/geschaft\/phenethylamin\/2c-ef-2-mg-kapseln\/\">2C-EF 2 mg Kapseln<\/a><a href=\"https:\/\/apexresearchchemical.eu\/de\/geschaft\/cathinone\/%f0%9f%92%a1-2-mmc-kristallines-pulver-fur-alle-fragen-und-antworten-zum-kauf\/\">2-CMC 250 mg Pellets<\/a><a href=\"https:\/\/apexresearchchemical.eu\/de\/geschaft\/lysergamide\/1v-lsd-150-mcg-blotters\/\">1V-LSD 150 MCG Blotter<\/a><a href=\"https:\/\/apexresearchchemical.eu\/de\/geschaft\/pellets\/o-dsmt-50-mg-pellets\/\">O-DSMT 50 mg Pellets<\/a><a href=\"https:\/\/apexresearchchemical.eu\/de\/geschaft\/lysergamide\/1cp-lsd-150-mcg-pellets\/\">1cP-LSD 150 MCG Art Blotters<\/a><\/p>\n<\/div>\n<\/div>","protected":false},"excerpt":{"rendered":"<p>Kaufen Sie Iboga Wurzelrinde Iboga Wurzelrinde, Unsere Iboga Wurzelrinde zum Verkauf kann direkt durch Einnahme oder<\/p>","protected":false},"featured_media":29398,"comment_status":"closed","ping_status":"closed","template":"","meta":[],"product_brand":[],"product_cat":[908],"product_tag":[914],"class_list":{"0":"post-26119","1":"product","2":"type-product","3":"status-publish","4":"has-post-thumbnail","6":"product_cat-iboga-ibogaine","7":"product_tag-iboga-root-bark","9":"first","10":"instock","11":"taxable","12":"shipping-taxable","13":"purchasable","14":"product-type-variable"},"_links":{"self":[{"href":"https:\/\/apexresearchchemical.eu\/de\/wp-json\/wp\/v2\/product\/26119","targetHints":{"allow":["GET"]}}],"collection":[{"href":"https:\/\/apexresearchchemical.eu\/de\/wp-json\/wp\/v2\/product"}],"about":[{"href":"https:\/\/apexresearchchemical.eu\/de\/wp-json\/wp\/v2\/types\/product"}],"replies":[{"embeddable":true,"href":"https:\/\/apexresearchchemical.eu\/de\/wp-json\/wp\/v2\/comments?post=26119"}],"version-history":[{"count":3,"href":"https:\/\/apexresearchchemical.eu\/de\/wp-json\/wp\/v2\/product\/26119\/revisions"}],"predecessor-version":[{"id":26159,"href":"https:\/\/apexresearchchemical.eu\/de\/wp-json\/wp\/v2\/product\/26119\/revisions\/26159"}],"wp:featuredmedia":[{"embeddable":true,"href":"https:\/\/apexresearchchemical.eu\/de\/wp-json\/wp\/v2\/media\/29398"}],"wp:attachment":[{"href":"https:\/\/apexresearchchemical.eu\/de\/wp-json\/wp\/v2\/media?parent=26119"}],"wp:term":[{"taxonomy":"product_brand","embeddable":true,"href":"https:\/\/apexresearchchemical.eu\/de\/wp-json\/wp\/v2\/product_brand?post=26119"},{"taxonomy":"product_cat","embeddable":true,"href":"https:\/\/apexresearchchemical.eu\/de\/wp-json\/wp\/v2\/product_cat?post=26119"},{"taxonomy":"product_tag","embeddable":true,"href":"https:\/\/apexresearchchemical.eu\/de\/wp-json\/wp\/v2\/product_tag?post=26119"}],"curies":[{"name":"wp","href":"https:\/\/api.w.org\/{rel}","templated":true}]}}