{"id":27198,"date":"2025-08-14T10:55:48","date_gmt":"2025-08-14T10:55:48","guid":{"rendered":"https:\/\/apexresearchchemical.eu\/?page_id=27198"},"modified":"2026-01-06T04:38:54","modified_gmt":"2026-01-06T04:38:54","slug":"entschadigung","status":"publish","type":"page","link":"https:\/\/apexresearchchemical.eu\/de_at\/entschadigung\/","title":{"rendered":"Entsch\u00e4digung"},"content":{"rendered":"<p>Mit der Nutzung unseres Webshops erkl\u00e4ren Sie sich mit den im Haftungsausschluss von researchchemicallab.eu dargelegten Rechten und Pflichten einverstanden. Mit der Nutzung des Webshops akzeptieren Sie automatisch unsere Allgemeinen Gesch\u00e4ftsbedingungen.<\/p>\n\n\n\n<p>Was researchchemicallab.eu von Kunden erwartet:<br>Vor der Bestellung sollten sich Kunden gr\u00fcndlich \u00fcber die korrekte Anwendung der Produkte auf researchchemicallab.eu informieren und diese gem\u00e4\u00df den Anweisungen \u00fcberpr\u00fcfen. researchchemicallab.eu lehnt jegliche Haftung f\u00fcr unsachgem\u00e4\u00dfe Anwendung ab, da alle notwendigen Informationen \u00fcber die Risiken bereitgestellt wurden und klar darauf hingewiesen wird, dass die Produkte ausschlie\u00dflich f\u00fcr Forschungszwecke bestimmt sind.<br>Kunden m\u00fcssen die Anweisungen und Sicherheitsrichtlinien auf researchchemicallab.eu einhalten.<br>De informatie op researchchemicallab.eu, inclusief de informatie op categorie- en productpagina&#8217;s, is bedoeld voor legaal gebruik. Gebruikers zijn verantwoordelijk voor het gebruik van deze informatie. researchchemicallab.eu aanvaardt geen aansprakelijkheid.<br>Kunden d\u00fcrfen Produkte von researchchemicallab.eu nicht konsumieren, sondern ausschlie\u00dflich zu Forschungszwecken verwenden.<br>Kunden sollten sich der Risiken der Produkte bewusst sein und vor dem Kauf unsere Sicherheitshinweise lesen. Kunden sollten die folgenden Vorsichtsma\u00dfnahmen beachten: Verwenden Sie die Produkte nur zu Forschungszwecken, lagern Sie sie au\u00dferhalb der Reichweite von Kindern in einem fest verschlossenen und trockenen Beh\u00e4lter und lesen Sie die Allgemeinen Gesch\u00e4ftsbedingungen und Sicherheitshinweise, bevor Sie die Produkte \u00f6ffnen.<br>Kunden sollten au\u00dferdem die Packungsbeilage mit Gefahren- und Sicherheitshinweisen lesen. Auch diese Produkte dienen ausschlie\u00dflich Forschungszwecken und sind nicht zum Verzehr bestimmt.<br>Inhalte unseres Webshops:<br>Sollten Nutzer in unserem Webshop auf Verst\u00f6\u00dfe gegen Gesetze oder Rechte Dritter sto\u00dfen, sind sie verpflichtet, uns dies unverz\u00fcglich mitzuteilen, damit wir entsprechende Ma\u00dfnahmen ergreifen k\u00f6nnen.<\/p>\n\n\n\n<p>Verarbeitung personenbezogener Daten:<br>Die von Ihnen angegebenen Daten werden ausschlie\u00dflich zur Bearbeitung Ihrer Bestellung und zur Rechnungserstellung verwendet. Eine Weitergabe dieser Daten an Dritte erfolgt nicht.<\/p>","protected":false},"excerpt":{"rendered":"<p>Door onze webshop te gebruiken, gaat u akkoord met de rechten en plichten die zijn opgenomen in de disclaimer van<\/p>","protected":false},"author":1,"featured_media":0,"parent":0,"menu_order":0,"comment_status":"closed","ping_status":"closed","template":"","meta":{"footnotes":""},"class_list":["post-27198","page","type-page","status-publish","hentry"],"_links":{"self":[{"href":"https:\/\/apexresearchchemical.eu\/de_at\/wp-json\/wp\/v2\/pages\/27198","targetHints":{"allow":["GET"]}}],"collection":[{"href":"https:\/\/apexresearchchemical.eu\/de_at\/wp-json\/wp\/v2\/pages"}],"about":[{"href":"https:\/\/apexresearchchemical.eu\/de_at\/wp-json\/wp\/v2\/types\/page"}],"author":[{"embeddable":true,"href":"https:\/\/apexresearchchemical.eu\/de_at\/wp-json\/wp\/v2\/users\/1"}],"replies":[{"embeddable":true,"href":"https:\/\/apexresearchchemical.eu\/de_at\/wp-json\/wp\/v2\/comments?post=27198"}],"version-history":[{"count":3,"href":"https:\/\/apexresearchchemical.eu\/de_at\/wp-json\/wp\/v2\/pages\/27198\/revisions"}],"predecessor-version":[{"id":28553,"href":"https:\/\/apexresearchchemical.eu\/de_at\/wp-json\/wp\/v2\/pages\/27198\/revisions\/28553"}],"wp:attachment":[{"href":"https:\/\/apexresearchchemical.eu\/de_at\/wp-json\/wp\/v2\/media?parent=27198"}],"curies":[{"name":"wp","href":"https:\/\/api.w.org\/{rel}","templated":true}]}}