{"id":24037,"date":"2025-04-13T17:40:56","date_gmt":"2025-04-13T17:40:56","guid":{"rendered":"https:\/\/apexresearchchemical.eu\/?post_type=product&#038;p=24037"},"modified":"2026-03-21T08:46:45","modified_gmt":"2026-03-21T08:46:45","slug":"polvo-mdphp-de-base-libre","status":"publish","type":"product","link":"https:\/\/apexresearchchemical.eu\/es\/comercio\/prohibido\/polvo-mdphp-de-base-libre\/","title":{"rendered":"Polvo MDPHP (base libre)"},"content":{"rendered":"<h1 class=\"ds-markdown-paragraph\"><strong><span dir=\"auto\" style=\"vertical-align: inherit;\"><span dir=\"auto\" style=\"vertical-align: inherit;\">MDPHP Powder (Freebase) \u2013 Premium Quality Research Chemical<\/span><\/span><\/strong><\/h1>\n<p><span dir=\"auto\" style=\"vertical-align: inherit;\"><span dir=\"auto\" style=\"vertical-align: inherit;\">buy mdphp<\/span><\/span><\/p>\n<h3><strong>\ud83d\udd2c<span dir=\"auto\" style=\"vertical-align: inherit;\"><span dir=\"auto\" style=\"vertical-align: inherit;\">Especificaciones del producto:<\/span><\/span><\/strong><\/h3>\n<ul>\n<li>\n<p class=\"ds-markdown-paragraph\"><strong><span dir=\"auto\" style=\"vertical-align: inherit;\"><span dir=\"auto\" style=\"vertical-align: inherit;\">Nombre de la sustancia:<\/span><\/span><\/strong><span dir=\"auto\" style=\"vertical-align: inherit;\"><span dir=\"auto\" style=\"vertical-align: inherit;\"> \u00a0MDPHP (metilendioxipirovalerona)<\/span><\/span><\/p>\n<\/li>\n<li>\n<p class=\"ds-markdown-paragraph\"><strong><span dir=\"auto\" style=\"vertical-align: inherit;\"><span dir=\"auto\" style=\"vertical-align: inherit;\">Forma:<\/span><\/span><\/strong><span dir=\"auto\" style=\"vertical-align: inherit;\"><span dir=\"auto\" style=\"vertical-align: inherit;\"> \u00a0Crystalline powder (freebase)<\/span><\/span><\/p>\n<\/li>\n<li>\n<p class=\"ds-markdown-paragraph\"><strong><span dir=\"auto\" style=\"vertical-align: inherit;\"><span dir=\"auto\" style=\"vertical-align: inherit;\">Pureza:<\/span><\/span><\/strong><span dir=\"auto\" style=\"vertical-align: inherit;\"><span dir=\"auto\" style=\"vertical-align: inherit;\"> \u00a0\u226598% (HPLC verified)<\/span><\/span><\/p>\n<\/li>\n<li>\n<p class=\"ds-markdown-paragraph\"><strong><span dir=\"auto\" style=\"vertical-align: inherit;\"><span dir=\"auto\" style=\"vertical-align: inherit;\">Color:<\/span><\/span><\/strong><span dir=\"auto\" style=\"vertical-align: inherit;\"><span dir=\"auto\" style=\"vertical-align: inherit;\"> \u00a0White to light colored<\/span><\/span><\/p>\n<\/li>\n<li>\n<p class=\"ds-markdown-paragraph\"><strong><span dir=\"auto\" style=\"vertical-align: inherit;\"><span dir=\"auto\" style=\"vertical-align: inherit;\">Solubilidad:<\/span><\/span><\/strong><span dir=\"auto\" style=\"vertical-align: inherit;\"><span dir=\"auto\" style=\"vertical-align: inherit;\"> \u00a0Soluble in organic solvents<\/span><\/span><\/p>\n<\/li>\n<li>\n<p class=\"ds-markdown-paragraph\"><strong><span dir=\"auto\" style=\"vertical-align: inherit;\"><span dir=\"auto\" style=\"vertical-align: inherit;\">Estabilidad:<\/span><\/span><\/strong><span dir=\"auto\" style=\"vertical-align: inherit;\"><span dir=\"auto\" style=\"vertical-align: inherit;\"> \u00a0Long term stable when stored correctly<\/span><\/span><\/p>\n<\/li>\n<\/ul>\n<h3><strong>\ud83d\udca1<span dir=\"auto\" style=\"vertical-align: inherit;\"><span dir=\"auto\" style=\"vertical-align: inherit;\">Caracter\u00edsticas principales:<\/span><\/span><\/strong><\/h3>\n<p class=\"ds-markdown-paragraph\">\u2714\u00a0<strong><span dir=\"auto\" style=\"vertical-align: inherit;\"><span dir=\"auto\" style=\"vertical-align: inherit;\">High purity quality<\/span><\/span><\/strong><span dir=\"auto\" style=\"vertical-align: inherit;\"><span dir=\"auto\" style=\"vertical-align: inherit;\"> \u00a0\u2013 Ideal for analytical and pharmacological research <\/span><\/span><br \/>\n\u2714\u00a0<strong><span dir=\"auto\" style=\"vertical-align: inherit;\"><span dir=\"auto\" style=\"vertical-align: inherit;\">Freebase form<\/span><\/span><\/strong><span dir=\"auto\" style=\"vertical-align: inherit;\"><span dir=\"auto\" style=\"vertical-align: inherit;\"> \u00a0\u2013 Suitable for various laboratory applications <\/span><\/span><br \/>\n\u2714\u00a0<strong><span dir=\"auto\" style=\"vertical-align: inherit;\"><span dir=\"auto\" style=\"vertical-align: inherit;\">Detailed analyses available<\/span><\/span><\/strong><span dir=\"auto\" style=\"vertical-align: inherit;\"><span dir=\"auto\" style=\"vertical-align: inherit;\"> (HPLC, GC\/MS) on request, buy mdphp<\/span><\/span><\/p>\n<h3><strong>\ud83e\uddea<span dir=\"auto\" style=\"vertical-align: inherit;\"><span dir=\"auto\" style=\"vertical-align: inherit;\">Recommended Research Areas:<\/span><\/span><\/strong><\/h3>\n<ul>\n<li>\n<p class=\"ds-markdown-paragraph\"><span dir=\"auto\" style=\"vertical-align: inherit;\"><span dir=\"auto\" style=\"vertical-align: inherit;\">Estudios neuroqu\u00edmicos<\/span><\/span><\/p>\n<\/li>\n<li>\n<p class=\"ds-markdown-paragraph\"><span dir=\"auto\" style=\"vertical-align: inherit;\"><span dir=\"auto\" style=\"vertical-align: inherit;\">Receptor interaction research<\/span><\/span><\/p>\n<\/li>\n<li>\n<p class=\"ds-markdown-paragraph\"><span dir=\"auto\" style=\"vertical-align: inherit;\"><span dir=\"auto\" style=\"vertical-align: inherit;\">An\u00e1lisis de la v\u00eda metab\u00f3lica<\/span><\/span><\/p>\n<\/li>\n<li>\n<p class=\"ds-markdown-paragraph\"><span dir=\"auto\" style=\"vertical-align: inherit;\"><span dir=\"auto\" style=\"vertical-align: inherit;\">Estudios farmacol\u00f3gicos comparativos<\/span><\/span><\/p>\n<\/li>\n<\/ul>\n<h3><strong>\u26a0\ufe0f<span dir=\"auto\" style=\"vertical-align: inherit;\"><span dir=\"auto\" style=\"vertical-align: inherit;\">Informaci\u00f3n de seguridad:<\/span><\/span><\/strong><\/h3>\n<ul>\n<li>\n<p class=\"ds-markdown-paragraph\"><strong><span dir=\"auto\" style=\"vertical-align: inherit;\"><span dir=\"auto\" style=\"vertical-align: inherit;\">FOR RESEARCH PURPOSES ONLY<\/span><\/span><\/strong><\/p>\n<\/li>\n<li>\n<p class=\"ds-markdown-paragraph\"><span dir=\"auto\" style=\"vertical-align: inherit;\"><span dir=\"auto\" style=\"vertical-align: inherit;\">Not intended for human or animal consumption<\/span><\/span><\/p>\n<\/li>\n<li>\n<p class=\"ds-markdown-paragraph\"><span dir=\"auto\" style=\"vertical-align: inherit;\"><span dir=\"auto\" style=\"vertical-align: inherit;\">Mandatory: personal protective equipment (gloves, lab coat, safety glasses)<\/span><\/span><\/p>\n<\/li>\n<li>\n<p class=\"ds-markdown-paragraph\"><span dir=\"auto\" style=\"vertical-align: inherit;\"><span dir=\"auto\" style=\"vertical-align: inherit;\">For use only in a controlled laboratory environment<\/span><\/span><\/p>\n<\/li>\n<\/ul>\n<h3><strong>\ud83c\udf21<span dir=\"auto\" style=\"vertical-align: inherit;\"><span dir=\"auto\" style=\"vertical-align: inherit;\">Consejos de almacenamiento:<\/span><\/span><\/strong><\/h3>\n<ul>\n<li>\n<p class=\"ds-markdown-paragraph\"><span dir=\"auto\" style=\"vertical-align: inherit;\"><span dir=\"auto\" style=\"vertical-align: inherit;\">Store in an airtight container<\/span><\/span><\/p>\n<\/li>\n<li>\n<p class=\"ds-markdown-paragraph\"><span dir=\"auto\" style=\"vertical-align: inherit;\"><span dir=\"auto\" style=\"vertical-align: inherit;\">Store in a cool, dark place (2-8\u00b0C for optimal shelf life)<\/span><\/span><\/p>\n<\/li>\n<li>\n<p class=\"ds-markdown-paragraph\"><span dir=\"auto\" style=\"vertical-align: inherit;\"><span dir=\"auto\" style=\"vertical-align: inherit;\">Protect from moisture and direct sunlight<\/span><\/span><\/p>\n<\/li>\n<\/ul>\n<h3><strong>\ud83d\udce6<span dir=\"auto\" style=\"vertical-align: inherit;\"><span dir=\"auto\" style=\"vertical-align: inherit;\">Opciones de embalaje:<\/span><\/span><\/strong><\/h3>\n<ul>\n<li>\n<p class=\"ds-markdown-paragraph\"><strong><span dir=\"auto\" style=\"vertical-align: inherit;\"><span dir=\"auto\" style=\"vertical-align: inherit;\">1 gramo<\/span><\/span><\/strong><span dir=\"auto\" style=\"vertical-align: inherit;\"><span dir=\"auto\" style=\"vertical-align: inherit;\"> \u00a0(est\u00e1ndar)<\/span><\/span><\/p>\n<\/li>\n<li>\n<p class=\"ds-markdown-paragraph\"><strong><span dir=\"auto\" style=\"vertical-align: inherit;\"><span dir=\"auto\" style=\"vertical-align: inherit;\">5 grams<\/span><\/span><\/strong><\/p>\n<\/li>\n<li>\n<p class=\"ds-markdown-paragraph\"><strong><span dir=\"auto\" style=\"vertical-align: inherit;\"><span dir=\"auto\" style=\"vertical-align: inherit;\">10 grams and larger quantities<\/span><\/span><\/strong><span dir=\"auto\" style=\"vertical-align: inherit;\"><span dir=\"auto\" style=\"vertical-align: inherit;\"> \u00a0on request<\/span><\/span><\/p>\n<\/li>\n<\/ul>\n<h3><strong>\ud83d\udeab<span dir=\"auto\" style=\"vertical-align: inherit;\"><span dir=\"auto\" style=\"vertical-align: inherit;\">Estado legal:<\/span><\/span><\/strong><\/h3>\n<ul>\n<li>\n<p class=\"ds-markdown-paragraph\"><span dir=\"auto\" style=\"vertical-align: inherit;\"><span dir=\"auto\" style=\"vertical-align: inherit;\">Sold exclusively to qualified researchers and institutions<\/span><\/span><\/p>\n<\/li>\n<li>\n<p class=\"ds-markdown-paragraph\"><span dir=\"auto\" style=\"vertical-align: inherit;\"><span dir=\"auto\" style=\"vertical-align: inherit;\">Buyer is responsible for compliance with local laws, mdphp buy<\/span><\/span><\/p>\n<\/li>\n<\/ul>\n<h3><strong>\ud83d\udccc<span dir=\"auto\" style=\"vertical-align: inherit;\"><span dir=\"auto\" style=\"vertical-align: inherit;\">Remark:<\/span><\/span><\/strong><\/h3>\n<ul>\n<li>\n<p class=\"ds-markdown-paragraph\"><span dir=\"auto\" style=\"vertical-align: inherit;\"><span dir=\"auto\" style=\"vertical-align: inherit;\">MSDS (Material Safety Data Sheet) available upon request<\/span><\/span><\/p>\n<\/li>\n<li>\n<p class=\"ds-markdown-paragraph\"><span dir=\"auto\" style=\"vertical-align: inherit;\"><span dir=\"auto\" style=\"vertical-align: inherit;\">Technical support for research questions, <\/span><\/span><a href=\"https:\/\/apexresearchchemical.eu\/es\/comercio\/iboga-ibogaina\/comprar-ibogaina-hcl-en-linea\/\"><span dir=\"auto\" style=\"vertical-align: inherit;\"><span dir=\"auto\" style=\"vertical-align: inherit;\">Comprar iboga\u00edna HCL <\/span><\/span><\/a><a href=\"https:\/\/apexresearchchemical.eu\/es\/comercio\/iboga-ibogaina\/corteza-de-raiz-de-iboga\/\"><span dir=\"auto\" style=\"vertical-align: inherit;\"><span dir=\"auto\" style=\"vertical-align: inherit;\">corteza de ra\u00edz de iboga <\/span><\/span><\/a><a href=\"https:\/\/apexresearchchemical.eu\/es\/comercio\/lisergamidas\/1-cp-de-lsd-150-mcg\/\"><span dir=\"auto\" style=\"vertical-align: inherit;\"><span dir=\"auto\" style=\"vertical-align: inherit;\">Papel secante para arte de 1 cP-LSD 150 MCG <\/span><\/span><\/a><a href=\"https:\/\/apexresearchchemical.eu\/es\/comercio\/pellets\/granulos-de-o-dsmt-50-mg\/\"><span dir=\"auto\" style=\"vertical-align: inherit;\"><span dir=\"auto\" style=\"vertical-align: inherit;\">Gr\u00e1nulos de O-DSMT de 50 mg <\/span><\/span><\/a><a href=\"https:\/\/apexresearchchemical.eu\/es\/comercio\/lisergamidas\/1v-lsd-150-mcg-blotters\/\"><span dir=\"auto\" style=\"vertical-align: inherit;\"><span dir=\"auto\" style=\"vertical-align: inherit;\">Papel secante 1V-LSD 150 MCG<\/span><\/span><\/a><\/p>\n<\/li>\n<\/ul>","protected":false},"excerpt":{"rendered":"<h2><strong><span dir=\"auto\" style=\"vertical-align: inherit;\"><span dir=\"auto\" style=\"vertical-align: inherit;\">MDPHP Powder (freebase)<\/span><\/span><\/strong><\/h2>\n<p><span dir=\"auto\" style=\"vertical-align: inherit;\"><span dir=\"auto\" style=\"vertical-align: inherit;\">CAS No: 776994-64-0 <\/span><\/span><br \/>\n<span dir=\"auto\" style=\"vertical-align: inherit;\"><span dir=\"auto\" style=\"vertical-align: inherit;\">Formula: C17H23NO3 FREEBASE <\/span><\/span><br \/>\n<span dir=\"auto\" style=\"vertical-align: inherit;\"><span dir=\"auto\" style=\"vertical-align: inherit;\">Molar mass: 289.375 g mol <\/span><\/span><br \/>\n<span dir=\"auto\" style=\"vertical-align: inherit;\"><span dir=\"auto\" style=\"vertical-align: inherit;\">Pureza: \u226598%<\/span><\/span><\/p>","protected":false},"featured_media":29408,"comment_status":"closed","ping_status":"closed","template":"","meta":[],"product_brand":[],"product_cat":[488],"product_tag":[560,559,581,326],"class_list":{"0":"post-24037","1":"product","2":"type-product","3":"status-publish","4":"has-post-thumbnail","6":"product_cat-verboden","7":"product_tag-mdphp-freebase-kopen","8":"product_tag-mdphp-kopen","9":"product_tag-mdphp-poeder","10":"product_tag-nl","12":"first","13":"instock","14":"taxable","15":"shipping-taxable","16":"purchasable","17":"product-type-variable"},"_links":{"self":[{"href":"https:\/\/apexresearchchemical.eu\/es\/wp-json\/wp\/v2\/product\/24037","targetHints":{"allow":["GET"]}}],"collection":[{"href":"https:\/\/apexresearchchemical.eu\/es\/wp-json\/wp\/v2\/product"}],"about":[{"href":"https:\/\/apexresearchchemical.eu\/es\/wp-json\/wp\/v2\/types\/product"}],"replies":[{"embeddable":true,"href":"https:\/\/apexresearchchemical.eu\/es\/wp-json\/wp\/v2\/comments?post=24037"}],"version-history":[{"count":5,"href":"https:\/\/apexresearchchemical.eu\/es\/wp-json\/wp\/v2\/product\/24037\/revisions"}],"predecessor-version":[{"id":28440,"href":"https:\/\/apexresearchchemical.eu\/es\/wp-json\/wp\/v2\/product\/24037\/revisions\/28440"}],"wp:featuredmedia":[{"embeddable":true,"href":"https:\/\/apexresearchchemical.eu\/es\/wp-json\/wp\/v2\/media\/29408"}],"wp:attachment":[{"href":"https:\/\/apexresearchchemical.eu\/es\/wp-json\/wp\/v2\/media?parent=24037"}],"wp:term":[{"taxonomy":"product_brand","embeddable":true,"href":"https:\/\/apexresearchchemical.eu\/es\/wp-json\/wp\/v2\/product_brand?post=24037"},{"taxonomy":"product_cat","embeddable":true,"href":"https:\/\/apexresearchchemical.eu\/es\/wp-json\/wp\/v2\/product_cat?post=24037"},{"taxonomy":"product_tag","embeddable":true,"href":"https:\/\/apexresearchchemical.eu\/es\/wp-json\/wp\/v2\/product_tag?post=24037"}],"curies":[{"name":"gracias","href":"https:\/\/api.w.org\/{rel}","templated":true}]}}