{"id":24179,"date":"2025-04-13T17:41:13","date_gmt":"2025-04-13T17:41:13","guid":{"rendered":"https:\/\/apexresearchchemical.eu\/?post_type=product&#038;p=24179"},"modified":"2026-03-20T10:24:58","modified_gmt":"2026-03-20T10:24:58","slug":"caja-de-rc-bromazolam-25-mg","status":"publish","type":"product","link":"https:\/\/apexresearchchemical.eu\/es\/comercio\/b2b\/caja-de-rc-bromazolam-25-mg\/","title":{"rendered":"Caja de RC+ Bromazolam 2,5 mg"},"content":{"rendered":"<h1><strong>Caja de bromazolam de 2,5 mg: productos qu\u00edmicos para investigaci\u00f3n cualitativa<\/strong><\/h1>\n<p class=\"ds-markdown-paragraph\"><strong>Nombre del producto:<\/strong>\u00a0RC+ Bromazolam 2,5 mg por comprimido (Caja)<br \/>\n<strong>Sustancia activa principal:<\/strong><br \/>\n<strong>Contenido:<\/strong>\u00a02,5 mg por comprimido, envasado en una pr\u00e1ctica caja.<br \/>\n<strong>Adecuado para:<\/strong>\u00a0Investigaci\u00f3n cient\u00edfica (no para consumo humano)<a title=\"Papel secante 1V-LSD 150 MCG\" href=\"https:\/\/apexresearchchemical.eu\/es\/comercio\/lisergamidas\/1v-lsd-150-mcg-blotters\/\" target=\"_blank\" rel=\"noopener\">Papel secante 1V-LSD 150 MCG<\/a><\/p>\n<p class=\"ds-markdown-paragraph\">Es una sustancia qu\u00edmica de investigaci\u00f3n que pertenece a la clase de las benzodiazepinas. Es conocido por sus efectos potenciales en estudios cient\u00edficos y se vende \u00fanicamente con fines de investigaci\u00f3n.<\/p>\n<h2><strong>\u00bfPor qu\u00e9 comprar RC+ 2,5 mg Box?<\/strong><\/h2>\n<p class=\"ds-markdown-paragraph\">\u2705\u00a0<strong>Alta calidad:<\/strong>\u00a0Formulado de manera pura y consistente para obtener resultados de investigaci\u00f3n confiables.<br \/>\n\u2705\u00a0<strong>Dosificaci\u00f3n precisa:<\/strong>\u00a0Cada tableta contiene 2,5 mg de bromazolam para experimentos precisos.<br \/>\n\u2705\u00a0<strong>Empaquetado de forma segura:<\/strong>\u00a0Embalaje discreto y profesional.<br \/>\n\u2705\u00a0<strong>Entrega r\u00e1pida:<\/strong>\u00a0\u00bfOrdenado antes de las 3pm? \u00a1A menudo se env\u00eda el mismo d\u00eda!<a title=\"Gr\u00e1nulos de 2-CMC de 250 mg\" href=\"https:\/\/apexresearchchemical.eu\/es\/comercio\/catinonas\/%f0%9f%92%a1-polvo-cristalino-de-2-mmc-para-todas-las-preguntas-y-respuestas-para-la-compra\/\" target=\"_blank\" rel=\"noopener\">Gr\u00e1nulos de 2-CMC de 250 mg<\/a><\/p>\n<h2><strong>Informaci\u00f3n importante de uso<\/strong><\/h2>\n<p class=\"ds-markdown-paragraph\">\u26a0\ufe0f\u00a0<strong>S\u00f3lo para fines de investigaci\u00f3n<\/strong>\u00a0\u2013 No destinado al consumo humano ni animal.<br \/>\n\u26a0\ufe0f\u00a0<strong>Consejos de almacenamiento:<\/strong>\u00a0Mantener seco y fuera del alcance de los ni\u00f1os.<\/p>\n<h2><strong>Ordene ahora la caja RC+ 2.5mg<\/strong><\/h2>\n<p class=\"ds-markdown-paragraph\">\u00bfEs usted un investigador que busca productos qu\u00edmicos de investigaci\u00f3n de alta calidad? Entonces haz tu pedido hoy mismo\u00a0<strong>Caja RC+ 2,5 mg<\/strong>\u00a0\u00a1y recibe tu producto r\u00e1pidamente!<a title=\"6-CL-ADBA\" href=\"https:\/\/apexresearchchemical.eu\/es\/comercio\/casi-prohibido\/6-cl-de-adba\/\" target=\"_blank\" rel=\"noopener\">6-CL-ADBA<\/a><\/p>","protected":false},"excerpt":{"rendered":"<p>Caja de Bromazolam 2,5 mg \u2013 Productos qu\u00edmicos de investigaci\u00f3n cualitativa Nombre del producto: RC+ Bromazolam 2,5 mg por tableta (Caja) Ingrediente activo principal: Contenido: 2,5 mg por tableta, envasado en una<\/p>","protected":false},"featured_media":29455,"comment_status":"closed","ping_status":"closed","template":"","meta":[],"product_brand":[82],"product_cat":[555],"product_tag":[174,183,184,176,175,178,177,180,326,179],"class_list":{"0":"post-24179","1":"product","2":"type-product","3":"status-publish","4":"has-post-thumbnail","6":"product_brand-research-chemical","7":"product_cat-b2b","8":"product_tag-bromazolam","9":"product_tag-bromazolam-bijwerkingen","10":"product_tag-bromazolam-dosing","11":"product_tag-bromazolam-ervaringen","12":"product_tag-bromazolam-kopen","13":"product_tag-bromazolam-na-drugs","14":"product_tag-bromazolam-psychonaut","15":"product_tag-hoe-lang-werkt-bromazolam","16":"product_tag-nl","17":"product_tag-wat-is-bromazolam","19":"first","20":"instock","21":"taxable","22":"shipping-taxable","23":"purchasable","24":"product-type-variable"},"_links":{"self":[{"href":"https:\/\/apexresearchchemical.eu\/es\/wp-json\/wp\/v2\/product\/24179","targetHints":{"allow":["GET"]}}],"collection":[{"href":"https:\/\/apexresearchchemical.eu\/es\/wp-json\/wp\/v2\/product"}],"about":[{"href":"https:\/\/apexresearchchemical.eu\/es\/wp-json\/wp\/v2\/types\/product"}],"replies":[{"embeddable":true,"href":"https:\/\/apexresearchchemical.eu\/es\/wp-json\/wp\/v2\/comments?post=24179"}],"version-history":[{"count":5,"href":"https:\/\/apexresearchchemical.eu\/es\/wp-json\/wp\/v2\/product\/24179\/revisions"}],"predecessor-version":[{"id":26024,"href":"https:\/\/apexresearchchemical.eu\/es\/wp-json\/wp\/v2\/product\/24179\/revisions\/26024"}],"wp:featuredmedia":[{"embeddable":true,"href":"https:\/\/apexresearchchemical.eu\/es\/wp-json\/wp\/v2\/media\/29455"}],"wp:attachment":[{"href":"https:\/\/apexresearchchemical.eu\/es\/wp-json\/wp\/v2\/media?parent=24179"}],"wp:term":[{"taxonomy":"product_brand","embeddable":true,"href":"https:\/\/apexresearchchemical.eu\/es\/wp-json\/wp\/v2\/product_brand?post=24179"},{"taxonomy":"product_cat","embeddable":true,"href":"https:\/\/apexresearchchemical.eu\/es\/wp-json\/wp\/v2\/product_cat?post=24179"},{"taxonomy":"product_tag","embeddable":true,"href":"https:\/\/apexresearchchemical.eu\/es\/wp-json\/wp\/v2\/product_tag?post=24179"}],"curies":[{"name":"gracias","href":"https:\/\/api.w.org\/{rel}","templated":true}]}}