{"id":24185,"date":"2025-04-13T17:41:13","date_gmt":"2025-04-13T17:41:13","guid":{"rendered":"https:\/\/apexresearchchemical.eu\/?post_type=product&#038;p=24185"},"modified":"2026-03-20T10:28:22","modified_gmt":"2026-03-20T10:28:22","slug":"vida-media-del-flubrotizolam","status":"publish","type":"product","link":"https:\/\/apexresearchchemical.eu\/es\/comercio\/b2b\/vida-media-del-flubrotizolam\/","title":{"rendered":"Caja de RC+ Flubrotizolam 0,5 mg"},"content":{"rendered":"<h1><strong>Flubrotizolam (vida media de 0,5 mg) \u2013 Potentes productos qu\u00edmicos de investigaci\u00f3n para experimentos cient\u00edficos<\/strong><\/h1>\n<h2><strong>Flubrotizolam 0,5 mg: un potente compuesto de investigaci\u00f3n<\/strong><\/h2>\n<p class=\"ds-markdown-paragraph\">El\u00a0<strong>RC+ Flubrotizolam vida media 0,5 mg Caja<\/strong>\u00a0Contiene una sustancia qu\u00edmica de investigaci\u00f3n de alto valor y potencialmente interesante de la clase de las tienotriazolodiazepinas. Esta sustancia se conoce principalmente a trav\u00e9s de la investigaci\u00f3n farmacol\u00f3gica y se vende exclusivamente con fines de investigaci\u00f3n cient\u00edfica.<\/p>\n<p class=\"ds-markdown-paragraph\">El flubrotizolam atrae la atenci\u00f3n de los investigadores debido a sus propiedades \u00fanicas y sus posibles efectos farmacol\u00f3gicos en experimentos. La baja dosis de 0,5 mg por comprimido lo hace especialmente adecuado para estudios precisos y controlados.<\/p>\n<hr \/>\n<h2><strong>\u00bfPor qu\u00e9 comprar RC+ Flubrotizolam 0,5 mg?<\/strong><\/h2>\n<p class=\"ds-markdown-paragraph\">\u2705\u00a0<strong>Dosis extremadamente precisa:<\/strong>\u00a0Cada comprimido contiene exactamente\u00a0<strong>0,5 mg de flubrotizolam<\/strong>\u00a0para obtener resultados de investigaci\u00f3n consistentes y confiables<\/p>\n<p class=\"ds-markdown-paragraph\">\u2705\u00a0<strong>Est\u00e1ndar de calidad m\u00e1s alto:<\/strong>\u00a0Producido bajo estrictas condiciones de laboratorio con m\u00e1xima pureza.<\/p>\n<p class=\"ds-markdown-paragraph\">\u2705\u00a0<strong>Embalaje \u00f3ptimo:<\/strong>\u00a0Pr\u00e1ctico embalaje en caja con protecci\u00f3n ligera. <a href=\"http:\/\/google.nl\" target=\"_blank\" rel=\"noopener\">y<\/a> humedad<\/p>\n<p class=\"ds-markdown-paragraph\">\u2705\u00a0<strong>Entrega r\u00e1pida y discreta:<\/strong>\u00a0\u00bfOrdenado antes de las 3pm? \u00a1Generalmente se env\u00eda el mismo d\u00eda h\u00e1bil!<\/p>\n<p class=\"ds-markdown-paragraph\">\u2705\u00a0<strong>S\u00f3lo para investigaci\u00f3n:<\/strong>\u00a0Adecuado para experimentos cient\u00edficos y estudios anal\u00edticos.<\/p>\n<hr \/>\n<h2><strong>Informaci\u00f3n importante de uso<\/strong><\/h2>\n<p class=\"ds-markdown-paragraph\">\u26a0\ufe0f\u00a0<strong>Estrictamente para investigaci\u00f3n cient\u00edfica<\/strong>\u00a0\u2013 Absolutamente no destinado al consumo humano o animal.<\/p>\n<p class=\"ds-markdown-paragraph\">\u26a0\ufe0f\u00a0<strong>Instrucciones de seguridad:<\/strong><\/p>\n<ul>\n<li>\n<p class=\"ds-markdown-paragraph\">Mantener fuera del alcance de los ni\u00f1os y personas no autorizadas.<\/p>\n<\/li>\n<li>\n<p class=\"ds-markdown-paragraph\">Conservar en un lugar seco a temperatura ambiente.<\/p>\n<\/li>\n<li>\n<p class=\"ds-markdown-paragraph\">Solo para uso en entornos de investigaci\u00f3n profesional.<\/p>\n<\/li>\n<\/ul>\n<p class=\"ds-markdown-paragraph\">\u26a0\ufe0f\u00a0<strong>Uso responsable:<\/strong>\u00a0Para uso exclusivo de investigadores calificados con instalaciones de laboratorio adecuadas.<\/p>\n<hr \/>\n<h2><strong>Preguntas frecuentes sobre la vida media del flubrotizolam<\/strong><\/h2>\n<h3><strong>1. \u00bfQu\u00e9 hace que el Flubrotizolam sea interesante para la investigaci\u00f3n?<\/strong><\/h3>\n<p class=\"ds-markdown-paragraph\">El flubrotizolam pertenece a una clase interesante de compuestos que est\u00e1n recibiendo atenci\u00f3n cient\u00edfica debido a sus propiedades farmacodin\u00e1micas \u00fanicas.<a title=\"Gr\u00e1nulos de O-DSMT de 50 mg\" href=\"https:\/\/apexresearchchemical.eu\/es\/comercio\/pellets\/granulos-de-o-dsmt-50-mg\/\" target=\"_blank\" rel=\"noopener\">Gr\u00e1nulos de O-DSMT de 50 mg<\/a><\/p>\n<h3><strong>2. \u00bfEsta sustancia es legal en los Pa\u00edses Bajos y B\u00e9lgica?<\/strong><\/h3>\n<p class=\"ds-markdown-paragraph\">Este producto se vende como sustancia qu\u00edmica de investigaci\u00f3n \u00fanicamente a investigadores calificados y no est\u00e1 destinado al consumo. La legalidad puede variar seg\u00fan el pa\u00eds: los investigadores deben verificar las leyes locales por s\u00ed mismos.<\/p>\n<h3><strong>3. \u00bfC\u00f3mo se entrega el producto?<\/strong><\/h3>\n<p class=\"ds-markdown-paragraph\">El\u00a0<strong>Caja de RC+ Flubrotizolam 0,5 mg<\/strong>\u00a0Contiene comprimidos dosificados con precisi\u00f3n en un embalaje profesional y seguro.<a title=\"Gr\u00e1nulos de 2-CMC de 250 mg\" href=\"https:\/\/apexresearchchemical.eu\/es\/comercio\/catinonas\/%f0%9f%92%a1-polvo-cristalino-de-2-mmc-para-todas-las-preguntas-y-respuestas-para-la-compra\/\" target=\"_blank\" rel=\"noopener\">Gr\u00e1nulos de 2-CMC de 250 mg<\/a><\/p>\n<hr \/>\n<h2><strong>Ordene ahora RC+ Flubrotizolam vida media 0.5mg Caja<\/strong><\/h2>\n<p class=\"ds-markdown-paragraph\">\u00bfEs usted un investigador o cient\u00edfico que busca productos qu\u00edmicos de investigaci\u00f3n de alta calidad y dosificados con precisi\u00f3n? Entonces haz tu pedido hoy mismo\u00a0<strong>Caja de RC+ Flubrotizolam 0,5 mg<\/strong>\u00a0para una entrega r\u00e1pida y discreta a su centro de investigaci\u00f3n o laboratorio.<a title=\"C\u00e1psulas de 2 mg de 2C-EF\" href=\"https:\/\/apexresearchchemical.eu\/es\/comercio\/fenetilamina\/capsulas-2c-ef-2mg\/\" target=\"_blank\" rel=\"noopener\">C\u00e1psulas de 2 mg de 2C-EF<\/a><\/p>","protected":false},"excerpt":{"rendered":"<p>Flubrotizolam vida media 0.5 mg Caja \u2013 Potentes productos qu\u00edmicos de investigaci\u00f3n para experimentos cient\u00edficos Flubrotizolam 0.5 mg \u2013 Un potente producto qu\u00edmico de investigaci\u00f3n La caja RC+ Flubrotizolam vida media 0.5 mg<\/p>","protected":false},"featured_media":29459,"comment_status":"closed","ping_status":"closed","template":"","meta":[],"product_brand":[82],"product_cat":[555],"product_tag":[150,153,154,151,152,155,326],"class_list":{"0":"post-24185","1":"product","2":"type-product","3":"status-publish","4":"has-post-thumbnail","6":"product_brand-research-chemical","7":"product_cat-b2b","8":"product_tag-flubrotizolam","9":"product_tag-flubrotizolam-dosage","10":"product_tag-flubrotizolam-ervaring","11":"product_tag-flubrotizolam-half-life","12":"product_tag-flubrotizolam-werking","13":"product_tag-flunitrazolam-bijwerkingen","14":"product_tag-nl","16":"first","17":"instock","18":"taxable","19":"shipping-taxable","20":"purchasable","21":"product-type-simple"},"_links":{"self":[{"href":"https:\/\/apexresearchchemical.eu\/es\/wp-json\/wp\/v2\/product\/24185","targetHints":{"allow":["GET"]}}],"collection":[{"href":"https:\/\/apexresearchchemical.eu\/es\/wp-json\/wp\/v2\/product"}],"about":[{"href":"https:\/\/apexresearchchemical.eu\/es\/wp-json\/wp\/v2\/types\/product"}],"replies":[{"embeddable":true,"href":"https:\/\/apexresearchchemical.eu\/es\/wp-json\/wp\/v2\/comments?post=24185"}],"version-history":[{"count":3,"href":"https:\/\/apexresearchchemical.eu\/es\/wp-json\/wp\/v2\/product\/24185\/revisions"}],"predecessor-version":[{"id":26030,"href":"https:\/\/apexresearchchemical.eu\/es\/wp-json\/wp\/v2\/product\/24185\/revisions\/26030"}],"wp:featuredmedia":[{"embeddable":true,"href":"https:\/\/apexresearchchemical.eu\/es\/wp-json\/wp\/v2\/media\/29459"}],"wp:attachment":[{"href":"https:\/\/apexresearchchemical.eu\/es\/wp-json\/wp\/v2\/media?parent=24185"}],"wp:term":[{"taxonomy":"product_brand","embeddable":true,"href":"https:\/\/apexresearchchemical.eu\/es\/wp-json\/wp\/v2\/product_brand?post=24185"},{"taxonomy":"product_cat","embeddable":true,"href":"https:\/\/apexresearchchemical.eu\/es\/wp-json\/wp\/v2\/product_cat?post=24185"},{"taxonomy":"product_tag","embeddable":true,"href":"https:\/\/apexresearchchemical.eu\/es\/wp-json\/wp\/v2\/product_tag?post=24185"}],"curies":[{"name":"gracias","href":"https:\/\/api.w.org\/{rel}","templated":true}]}}