{"id":24334,"date":"2025-04-13T17:41:30","date_gmt":"2025-04-13T17:41:30","guid":{"rendered":"https:\/\/apexresearchchemical.eu\/?post_type=product&#038;p=24334"},"modified":"2026-03-20T09:19:45","modified_gmt":"2026-03-20T09:19:45","slug":"blister-de-rc-benzo-fury-de-100-mg","status":"publish","type":"product","link":"https:\/\/apexresearchchemical.eu\/es\/comercio\/b2b\/blister-de-rc-benzo-fury-de-100-mg\/","title":{"rendered":"RC+ Benzo Fury 100 mg Bl\u00edster"},"content":{"rendered":"<h3><strong>Benzo Fury 100 mg en bl\u00edster: potente qu\u00edmica de investigaci\u00f3n<\/strong><\/h3>\n<p class=\"ds-markdown-paragraph\"><strong>Nombre del producto:<\/strong>\u00a0RC Benzo Fury (6-APB \/ 5-APB) \u2013 100 mg por comprimido \u2013 Bl\u00edster<br \/>\n<strong>Categor\u00eda principal:<\/strong>\u00a0Productos qu\u00edmicos de investigaci\u00f3n<br \/>\n<strong>Tipo:<\/strong>\u00a0Entact\u00f3geno estimulante (efecto esperado: euforia, energ\u00eda, conexi\u00f3n social)<\/p>\n<h4><strong>Caracter\u00edsticas del producto:<\/strong><\/h4>\n<p class=\"ds-markdown-paragraph\">\u2705\u00a0<strong>Alta calidad<\/strong>\u00a0\u2013 Formulado de manera pura y consistente<br \/>\n\u2705\u00a0<strong>100 mg por comprimido<\/strong>\u00a0\u2013 Dosificaci\u00f3n precisa para la investigaci\u00f3n<br \/>\n\u2705\u00a0<strong>Embalaje bl\u00edster<\/strong>\u00a0\u2013 Protege contra la humedad <a href=\"http:\/\/google.nl\" target=\"_blank\" rel=\"noopener\">y<\/a> da\u00f1o<br \/>\n\u2705\u00a0<strong>Pruebas de laboratorio exhaustivas<\/strong>\u00a0\u2013 Optimizaci\u00f3n de la pureza<\/p>\n<h4><strong>\u00bfQu\u00e9 es Benzo Fury (6-APB \/ 5-APB)?<\/strong><\/h4>\n<p class=\"ds-markdown-paragraph\">Benzo Fury es una sustancia qu\u00edmica de investigaci\u00f3n conocida por sus efectos estimulantes y empat\u00f3genos, similares a compuestos como el MDMA. Se vende exclusivamente para\u00a0<strong>investigaci\u00f3n cient\u00edfica<\/strong>\u00a0y es\u00a0<strong>no destinado al consumo humano<\/strong>.<a title=\"C\u00e1psulas de 2 mg de 2C-EF\" href=\"https:\/\/apexresearchchemical.eu\/es\/comercio\/fenetilamina\/capsulas-2c-ef-2mg\/\" target=\"_blank\" rel=\"noopener\">C\u00e1psulas de 2 mg de 2C-EF<\/a><\/p>\n<h4><strong>Informaci\u00f3n importante:<\/strong><\/h4>\n<p class=\"ds-markdown-paragraph\">\u26a0\u00a0<strong>S\u00f3lo para fines de investigaci\u00f3n<\/strong>\u00a0\u2013 No apto para uso humano o animal.<br \/>\n\u26a0\u00a0<strong>Consulte la legislaci\u00f3n<\/strong>\u00a0\u2013 El estado var\u00eda seg\u00fan el pa\u00eds (en los Pa\u00edses Bajos, en virtud del\u00a0<strong>Ley del Opio<\/strong>)<br \/>\n\u26a0\u00a0<strong>Precauciones de seguridad:<\/strong> Utilice siempre protecci\u00f3n personal (guantes, entorno de laboratorio).<a title=\"Gr\u00e1nulos de 2-CMC de 250 mg\" href=\"https:\/\/apexresearchchemical.eu\/es\/comercio\/catinonas\/%f0%9f%92%a1-polvo-cristalino-de-2-mmc-para-todas-las-preguntas-y-respuestas-para-la-compra\/\" target=\"_blank\" rel=\"noopener\">Gr\u00e1nulos de 2-CMC de 250 mg<\/a><\/p>\n<h4><strong>\u00bfPor qu\u00e9 elegir este producto?<\/strong><\/h4>\n<p class=\"ds-markdown-paragraph\">\u2714\u00a0<strong>Calidad confiable<\/strong>\u00a0\u2013 Probado exhaustivamente para garantizar su pureza<br \/>\n\u2714\u00a0<strong>Env\u00edo discreto<\/strong>\u00a0\u2013 Embalaje an\u00f3nimo dentro de la UE<br \/>\n\u2714\u00a0<strong>Entrega r\u00e1pida<\/strong>\u00a0\u2013 Pedido antes de las 3 p. m., env\u00edo el siguiente d\u00eda h\u00e1bil<\/p>\n<p class=\"ds-markdown-paragraph\"><strong>N\u00d3TESE BIEN:<\/strong>\u00a0Este producto es\u00a0<strong>destinado \u00fanicamente a la investigaci\u00f3n cient\u00edfica<\/strong>\u00a0y no para uso recreativo. Consulte las leyes locales antes de realizar el pedido.<a title=\"Papel secante 1V-LSD 150 MCG\" href=\"https:\/\/apexresearchchemical.eu\/es\/comercio\/lisergamidas\/1v-lsd-150-mcg-blotters\/\" target=\"_blank\" rel=\"noopener\">Papel secante 1V-LSD 150 MCG<\/a><\/p>","protected":false},"excerpt":{"rendered":"<p><strong>Sin\u00f3nimo<\/strong>: 6-(2-aminopropil)benzofurano<br \/>\n<strong>N\u00famero CAS:<\/strong> 286834-85-3<br \/>\n<strong>F\u00f3rmula<\/strong>: <span title=\"Carb\u00f3n\">do<\/span><sub>11<\/sub><span title=\"Hidr\u00f3geno\">H<\/span><sub>13<\/sub><span title=\"Nitr\u00f3geno\">norte<\/span><span title=\"Ox\u00edgeno\">Oh<\/span><br \/>\n<strong>Masa molar<\/strong>: <span class=\"nowrap\">175.231<\/span>\u00a0g\/mol<br \/>\n<strong>Pureza<\/strong>: &gt;98%<\/p>","protected":false},"featured_media":29452,"comment_status":"closed","ping_status":"closed","template":"","meta":[],"product_brand":[82],"product_cat":[555],"product_tag":[117,126,130,850,118,120,119,121,851,326,122],"class_list":{"0":"post-24334","1":"product","2":"type-product","3":"status-publish","4":"has-post-thumbnail","6":"product_brand-research-chemical","7":"product_cat-b2b","8":"product_tag-6-apb-benzo-fury","9":"product_tag-6-apb-kopen","10":"product_tag-6-apb-ervaring","11":"product_tag-6apb","12":"product_tag-benzo-fury","13":"product_tag-benzo-fury-bestellen-nederland","14":"product_tag-benzo-fury-drugs","15":"product_tag-benzo-fury-kopen","16":"product_tag-benzos-drugs","17":"product_tag-nl","18":"product_tag-wat-is-benzo-fury","20":"first","21":"instock","22":"taxable","23":"shipping-taxable","24":"purchasable","25":"product-type-variable"},"_links":{"self":[{"href":"https:\/\/apexresearchchemical.eu\/es\/wp-json\/wp\/v2\/product\/24334","targetHints":{"allow":["GET"]}}],"collection":[{"href":"https:\/\/apexresearchchemical.eu\/es\/wp-json\/wp\/v2\/product"}],"about":[{"href":"https:\/\/apexresearchchemical.eu\/es\/wp-json\/wp\/v2\/types\/product"}],"replies":[{"embeddable":true,"href":"https:\/\/apexresearchchemical.eu\/es\/wp-json\/wp\/v2\/comments?post=24334"}],"version-history":[{"count":3,"href":"https:\/\/apexresearchchemical.eu\/es\/wp-json\/wp\/v2\/product\/24334\/revisions"}],"predecessor-version":[{"id":25988,"href":"https:\/\/apexresearchchemical.eu\/es\/wp-json\/wp\/v2\/product\/24334\/revisions\/25988"}],"wp:featuredmedia":[{"embeddable":true,"href":"https:\/\/apexresearchchemical.eu\/es\/wp-json\/wp\/v2\/media\/29452"}],"wp:attachment":[{"href":"https:\/\/apexresearchchemical.eu\/es\/wp-json\/wp\/v2\/media?parent=24334"}],"wp:term":[{"taxonomy":"product_brand","embeddable":true,"href":"https:\/\/apexresearchchemical.eu\/es\/wp-json\/wp\/v2\/product_brand?post=24334"},{"taxonomy":"product_cat","embeddable":true,"href":"https:\/\/apexresearchchemical.eu\/es\/wp-json\/wp\/v2\/product_cat?post=24334"},{"taxonomy":"product_tag","embeddable":true,"href":"https:\/\/apexresearchchemical.eu\/es\/wp-json\/wp\/v2\/product_tag?post=24334"}],"curies":[{"name":"gracias","href":"https:\/\/api.w.org\/{rel}","templated":true}]}}