{"id":24336,"date":"2025-04-13T17:41:30","date_gmt":"2025-04-13T17:41:30","guid":{"rendered":"https:\/\/apexresearchchemical.eu\/?post_type=product&#038;p=24336"},"modified":"2026-03-20T09:21:57","modified_gmt":"2026-03-20T09:21:57","slug":"blister-de-rc-d-mex-40-mg","status":"publish","type":"product","link":"https:\/\/apexresearchchemical.eu\/es\/comercio\/b2b\/blister-de-rc-d-mex-40-mg\/","title":{"rendered":"Bl\u00edster RC+ D-MEX 40 mg"},"content":{"rendered":"<h3><strong>Dmxe Experience 40 mg en bl\u00edster: investigaci\u00f3n qu\u00edmica para estudios cient\u00edficos<\/strong><\/h3>\n<p class=\"ds-markdown-paragraph\"><strong>Nombre del producto:<\/strong>\u00a0RC D-MEX (relacionado con metoxetamina\/MXE) \u2013 40 mg por comprimido \u2013 Envase bl\u00edster<br \/>\n<strong>Categor\u00eda:<\/strong>\u00a0Productos qu\u00edmicos de investigaci\u00f3n (clase disociativa)<br \/>\n<strong>Uso previsto:<\/strong> S\u00f3lo para investigaci\u00f3n *in vitro* y estudio anal\u00edtico. <a title=\"Papel secante para arte de 1 cP-LSD 150 MCG\" href=\"https:\/\/apexresearchchemical.eu\/es\/comercio\/lisergamidas\/1-pastilla-de-lsd-de-150-mcg\/\" target=\"_blank\" rel=\"noopener\">Papel secante para arte de 1 cP-LSD 150 MCG<\/a><\/p>\n<h4><strong>Caracter\u00edsticas principales: <\/strong><strong>Experiencia Dmxe<\/strong><\/h4>\n<p class=\"ds-markdown-paragraph\">\ud83d\udd2c\u00a0<strong>Composici\u00f3n de alta calidad<\/strong>\u00a0\u2013 Optimizado para obtener resultados precisos<br \/>\n\ud83d\udc8a\u00a0<strong>40 mg por comprimido<\/strong>\u00a0\u2013 Dosis estandarizada para una investigaci\u00f3n consistente<br \/>\n\ud83d\udce6\u00a0<strong>Embalaje bl\u00edster<\/strong>\u00a0\u2013 M\u00e1xima protecci\u00f3n contra la degradaci\u00f3n<br \/>\n\ud83d\udcca\u00a0<strong>Probado en laboratorio<\/strong>\u00a0\u2013 Control de calidad para un an\u00e1lisis confiable<\/p>\n<h4><strong>\u00bfQu\u00e9 es RC D-MEX?<\/strong><\/h4>\n<p class=\"ds-markdown-paragraph\">RC D-MEX es un producto qu\u00edmico de investigaci\u00f3n con propiedades disociativas, relacionado con compuestos como\u00a0<strong>Metoxetamina (MXE)<\/strong>.<a title=\"Papel secante 1V-LSD 150 MCG\" href=\"https:\/\/apexresearchchemical.eu\/es\/comercio\/lisergamidas\/1v-lsd-150-mcg-blotters\/\" target=\"_blank\" rel=\"noopener\">Papel secante 1V-LSD 150 MCG<\/a><\/p>\n<ul>\n<li>\n<p class=\"ds-markdown-paragraph\"><strong>Aplicaci\u00f3n principal:<\/strong>\u00a0Estudio cient\u00edfico de las interacciones farmacol\u00f3gicas<\/p>\n<\/li>\n<li>\n<p class=\"ds-markdown-paragraph\"><strong>No destinado a:<\/strong>\u00a0Consumo humano\/animal, uso recreativo o uso medicinal<\/p>\n<\/li>\n<\/ul>\n<h4><strong>Informaci\u00f3n legal y de seguridad:<\/strong><\/h4>\n<p class=\"ds-markdown-paragraph\">\u26a0\u00a0<strong>S\u00f3lo para fines de investigaci\u00f3n<\/strong>\u00a0\u2013 No apto para bioensayos (humanos\/animales)<br \/>\n\u26a0\u00a0<strong>Estado holand\u00e9s:<\/strong>\u00a0Posiblemente regulado bajo la\u00a0<strong>Ley del Opio<\/strong>\u00a0\u2013 consultar antes de comprar<br \/>\n\u26a0\u00a0<strong>Seguridad en el laboratorio:<\/strong> Use guantes y trabaje en un entorno controlado.<a title=\"Gr\u00e1nulos de 2-CMC de 250 mg\" href=\"https:\/\/apexresearchchemical.eu\/es\/comercio\/catinonas\/%f0%9f%92%a1-polvo-cristalino-de-2-mmc-para-todas-las-preguntas-y-respuestas-para-la-compra\/\" target=\"_blank\" rel=\"noopener\">Gr\u00e1nulos de 2-CMC de 250 mg<\/a><\/p>\n<h4><strong>\u00bfPor qu\u00e9 comprar este producto?<\/strong><\/h4>\n<p class=\"ds-markdown-paragraph\">\u2705\u00a0<strong>Calidad confiable<\/strong>\u00a0\u2013 Pruebas de pureza exhaustivas<br \/>\n\u2705\u00a0<strong>Entrega discreta y r\u00e1pida<\/strong>\u00a0\u2013 Dentro de la UE (seguimiento y localizaci\u00f3n opcionales)<br \/>\n\u2705\u00a0<strong>Embalaje profesional<\/strong>\u00a0\u2013 Protecci\u00f3n cuidadosa contra la luz\/humedad<\/p>\n<p class=\"ds-markdown-paragraph\"><strong>N\u00d3TESE BIEN:<\/strong>\u00a0Este producto es\u00a0<strong>s\u00f3lo para investigaci\u00f3n cient\u00edfica<\/strong>. Por favor tenga en cuenta lo siguiente:\u00a0<strong>legislaci\u00f3n local<\/strong>\u00a0Antes de realizar su pedido.<\/p>","protected":false},"excerpt":{"rendered":"<p>Bl\u00edster RC+ D-MEX 40 mg<\/p>\n<p>N\u00famero CAS: 681440-83-5<br \/>\nF\u00f3rmula: 5-dehidro-1,3-quinodimetano<br \/>\nMasa molar: 103,14 g\/mol<br \/>\nPureza: &gt;97%<\/p>","protected":false},"featured_media":29458,"comment_status":"closed","ping_status":"closed","template":"","meta":[],"product_brand":[82],"product_cat":[555],"product_tag":[295,828,300,297,296,326,299],"class_list":{"0":"post-24336","1":"product","2":"type-product","3":"status-publish","4":"has-post-thumbnail","6":"product_brand-research-chemical","7":"product_cat-b2b","8":"product_tag-dmxe","9":"product_tag-dmxe-dosage","10":"product_tag-dmxe-duration","11":"product_tag-dmxe-ervaring","12":"product_tag-dmxe-psychonaut","13":"product_tag-nl","14":"product_tag-what-is-dmxe","16":"first","17":"instock","18":"taxable","19":"shipping-taxable","20":"purchasable","21":"product-type-variable"},"_links":{"self":[{"href":"https:\/\/apexresearchchemical.eu\/es\/wp-json\/wp\/v2\/product\/24336","targetHints":{"allow":["GET"]}}],"collection":[{"href":"https:\/\/apexresearchchemical.eu\/es\/wp-json\/wp\/v2\/product"}],"about":[{"href":"https:\/\/apexresearchchemical.eu\/es\/wp-json\/wp\/v2\/types\/product"}],"replies":[{"embeddable":true,"href":"https:\/\/apexresearchchemical.eu\/es\/wp-json\/wp\/v2\/comments?post=24336"}],"version-history":[{"count":3,"href":"https:\/\/apexresearchchemical.eu\/es\/wp-json\/wp\/v2\/product\/24336\/revisions"}],"predecessor-version":[{"id":25990,"href":"https:\/\/apexresearchchemical.eu\/es\/wp-json\/wp\/v2\/product\/24336\/revisions\/25990"}],"wp:featuredmedia":[{"embeddable":true,"href":"https:\/\/apexresearchchemical.eu\/es\/wp-json\/wp\/v2\/media\/29458"}],"wp:attachment":[{"href":"https:\/\/apexresearchchemical.eu\/es\/wp-json\/wp\/v2\/media?parent=24336"}],"wp:term":[{"taxonomy":"product_brand","embeddable":true,"href":"https:\/\/apexresearchchemical.eu\/es\/wp-json\/wp\/v2\/product_brand?post=24336"},{"taxonomy":"product_cat","embeddable":true,"href":"https:\/\/apexresearchchemical.eu\/es\/wp-json\/wp\/v2\/product_cat?post=24336"},{"taxonomy":"product_tag","embeddable":true,"href":"https:\/\/apexresearchchemical.eu\/es\/wp-json\/wp\/v2\/product_tag?post=24336"}],"curies":[{"name":"gracias","href":"https:\/\/api.w.org\/{rel}","templated":true}]}}