{"id":24334,"date":"2025-04-13T17:41:30","date_gmt":"2025-04-13T17:41:30","guid":{"rendered":"https:\/\/apexresearchchemical.eu\/?post_type=product&#038;p=24334"},"modified":"2026-03-20T09:19:45","modified_gmt":"2026-03-20T09:19:45","slug":"bensofuur-100-mg-blisterpakend","status":"publish","type":"product","link":"https:\/\/apexresearchchemical.eu\/et\/pood\/ettevotetelt-ettevotetele\/bensofuur-100-mg-blisterpakend\/","title":{"rendered":"RC+ Benzo Fury 100mg blisterpakend"},"content":{"rendered":"<h3><strong>Benzo Fury 100mg blisterpakend \u2013 v\u00f5imas uurimiskeemia<\/strong><\/h3>\n<p class=\"ds-markdown-paragraph\"><strong>Toote nimi:<\/strong>\u00a0RC Benzo Fury (6-APB \/ 5-APB) \u2013 100 mg tableti kohta \u2013 blisterpakend<br \/>\n<strong>Peamine kategooria:<\/strong>\u00a0Uurimiskemikaalid<br \/>\n<strong>T\u00fc\u00fcp:<\/strong>\u00a0Stimuleeriv entaktogeen (eeldatav toime: eufooria, energia, sotsiaalne side)<\/p>\n<h4><strong>Toote omadused:<\/strong><\/h4>\n<p class=\"ds-markdown-paragraph\">\u2705\u00a0<strong>K\u00f5rge kvaliteet<\/strong>\u00a0\u2013 Puhtalt ja j\u00e4rjepidevalt formuleeritud<br \/>\n\u2705\u00a0<strong>100 mg tableti kohta<\/strong>\u00a0- T\u00e4pne annus uuringuteks<br \/>\n\u2705\u00a0<strong>Blisterpakend<\/strong>\u00a0- Kaitseb niiskuse eest <a href=\"http:\/\/google.nl\" target=\"_blank\" rel=\"noopener\">ja<\/a> kahju<br \/>\n\u2705\u00a0<strong>Ulatuslikud laboritestid<\/strong>\u00a0\u2013 Puhtuse optimeerimine<\/p>\n<h4><strong>Mis on Benzo Fury (6-APB \/ 5-APB)?<\/strong><\/h4>\n<p class=\"ds-markdown-paragraph\">Benzo Fury on uurimiskemikaal, mis on tuntud oma stimuleeriva ja empaatiat tekitava toime poolest, sarnaselt selliste \u00fchenditega nagu MDMA. Seda m\u00fc\u00fcakse ainult ...\u00a0<strong>teaduslik uurimist\u00f6\u00f6<\/strong>\u00a0ja on\u00a0<strong>ei ole ette n\u00e4htud inimtoiduks<\/strong>.<a title=\"2C-EF 2 mg kapslid\" href=\"https:\/\/apexresearchchemical.eu\/et\/pood\/fenuulamiin\/2c-ef-2mg-kapslid\/\" target=\"_blank\" rel=\"noopener\">2C-EF 2 mg kapslid<\/a><\/p>\n<h4><strong>Oluline teave:<\/strong><\/h4>\n<p class=\"ds-markdown-paragraph\">\u26a0\u00a0<strong>Ainult uurimisotstarbel<\/strong>\u00a0\u2013 Ei sobi inimestele ega loomadele kasutamiseks<br \/>\n\u26a0\u00a0<strong>Kontrollige seadusandlust<\/strong>\u00a0\u2013 Staatus on riigiti erinev (Hollandis seaduse alusel\u00a0<strong>Oopiumiseadus<\/strong>)<br \/>\n\u26a0\u00a0<strong>Ohutusmeetmed:<\/strong> Kasutage alati isikukaitsevahendeid (kindaid, laborikeskkonda).<a title=\"2-CMC 250 mg graanulid\" href=\"https:\/\/apexresearchchemical.eu\/et\/pood\/katinoonid\/osta-2-cmc-d\/\" target=\"_blank\" rel=\"noopener\">2-CMC 250 mg graanulid<\/a><\/p>\n<h4><strong>Miks valida see toode?<\/strong><\/h4>\n<p class=\"ds-markdown-paragraph\">\u2714\u00a0<strong>Usaldusv\u00e4\u00e4rne kvaliteet<\/strong>\u00a0\u2013 Puhtuse osas p\u00f5hjalikult testitud<br \/>\n\u2714\u00a0<strong>Diskreetne saatmine<\/strong>\u00a0\u2013 Anon\u00fc\u00fcmne pakendamine EL-is<br \/>\n\u2714\u00a0<strong>Kiire kohaletoimetamine<\/strong>\u00a0\u2013 Tellitud enne kella 15.00, saadetakse j\u00e4rgmisel t\u00f6\u00f6p\u00e4eval<\/p>\n<p class=\"ds-markdown-paragraph\"><strong>NB!<\/strong>\u00a0See toode on\u00a0<strong>m\u00f5eldud ainult teaduslikuks uurimist\u00f6\u00f6ks<\/strong>\u00a0ja mitte meelelahutuslikuks kasutamiseks. Palun kontrollige enne tellimist kohalikke eeskirju.<a title=\"1V-LSD 150 MCG blotterid\" href=\"https:\/\/apexresearchchemical.eu\/et\/pood\/lusergamiidid\/1v-lsd-150-mcg-blotters\/\" target=\"_blank\" rel=\"noopener\">1V-LSD 150 MCG blotterid<\/a><\/p>","protected":false},"excerpt":{"rendered":"<p><strong>S\u00fcnon\u00fc\u00fcm<\/strong>: 6-(2-aminoprop\u00fc\u00fcl)bensofuraan<br \/>\n<strong>CAS-number:<\/strong> 286834-85-3<br \/>\n<strong>Valem<\/strong>: <span title=\"S\u00fcsinik\">C<\/span><sub>11<\/sub><span title=\"Vesinik\">H<\/span><sub>13<\/sub><span title=\"L\u00e4mmastik\">N<\/span><span title=\"Hapnik\">O<\/span><br \/>\n<strong>Molaarmass<\/strong>: <span class=\"nowrap\">175.231<\/span>\u00a0g\/mol<br \/>\n<strong>Puhtus<\/strong>: &gt;98%<\/p>","protected":false},"featured_media":29452,"comment_status":"closed","ping_status":"closed","template":"","meta":[],"product_brand":[82],"product_cat":[555],"product_tag":[117,126,130,850,118,120,119,121,851,326,122],"class_list":{"0":"post-24334","1":"product","2":"type-product","3":"status-publish","4":"has-post-thumbnail","6":"product_brand-research-chemical","7":"product_cat-b2b","8":"product_tag-6-apb-benzo-fury","9":"product_tag-6-apb-kopen","10":"product_tag-6-apb-ervaring","11":"product_tag-6apb","12":"product_tag-benzo-fury","13":"product_tag-benzo-fury-bestellen-nederland","14":"product_tag-benzo-fury-drugs","15":"product_tag-benzo-fury-kopen","16":"product_tag-benzos-drugs","17":"product_tag-nl","18":"product_tag-wat-is-benzo-fury","20":"first","21":"instock","22":"taxable","23":"shipping-taxable","24":"purchasable","25":"product-type-variable"},"_links":{"self":[{"href":"https:\/\/apexresearchchemical.eu\/et\/wp-json\/wp\/v2\/product\/24334","targetHints":{"allow":["GET"]}}],"collection":[{"href":"https:\/\/apexresearchchemical.eu\/et\/wp-json\/wp\/v2\/product"}],"about":[{"href":"https:\/\/apexresearchchemical.eu\/et\/wp-json\/wp\/v2\/types\/product"}],"replies":[{"embeddable":true,"href":"https:\/\/apexresearchchemical.eu\/et\/wp-json\/wp\/v2\/comments?post=24334"}],"version-history":[{"count":3,"href":"https:\/\/apexresearchchemical.eu\/et\/wp-json\/wp\/v2\/product\/24334\/revisions"}],"predecessor-version":[{"id":25988,"href":"https:\/\/apexresearchchemical.eu\/et\/wp-json\/wp\/v2\/product\/24334\/revisions\/25988"}],"wp:featuredmedia":[{"embeddable":true,"href":"https:\/\/apexresearchchemical.eu\/et\/wp-json\/wp\/v2\/media\/29452"}],"wp:attachment":[{"href":"https:\/\/apexresearchchemical.eu\/et\/wp-json\/wp\/v2\/media?parent=24334"}],"wp:term":[{"taxonomy":"product_brand","embeddable":true,"href":"https:\/\/apexresearchchemical.eu\/et\/wp-json\/wp\/v2\/product_brand?post=24334"},{"taxonomy":"product_cat","embeddable":true,"href":"https:\/\/apexresearchchemical.eu\/et\/wp-json\/wp\/v2\/product_cat?post=24334"},{"taxonomy":"product_tag","embeddable":true,"href":"https:\/\/apexresearchchemical.eu\/et\/wp-json\/wp\/v2\/product_tag?post=24334"}],"curies":[{"name":"t\u00f6\u00f6leht","href":"https:\/\/api.w.org\/{rel}","templated":true}]}}