{"id":24961,"date":"2025-04-13T17:43:53","date_gmt":"2025-04-13T17:43:53","guid":{"rendered":"https:\/\/apexresearchchemical.eu\/?post_type=product&#038;p=24961"},"modified":"2026-03-20T06:47:00","modified_gmt":"2026-03-20T06:47:00","slug":"o-dsmt-50mg-graanulid","status":"publish","type":"product","link":"https:\/\/apexresearchchemical.eu\/et\/pood\/o-dsmt\/o-dsmt-50mg-graanulid\/","title":{"rendered":"O-DSMT 50 mg graanulid"},"content":{"rendered":"<p class=\"ds-markdown-paragraph\"><strong>O-DSMT 50mg graanulid \u2013 vastused teie k\u00fcsimustele<\/strong><\/p>\n<h3><strong>1. Mis on O-DSMT?<\/strong><\/h3>\n<p class=\"ds-markdown-paragraph\">O-DSMT (desmetramadool) on uurimiskemikaal ja tramadooli peamine metaboliit. See on tuntud oma potentsiaalsete valuvaigistavate omaduste poolest ja seda kasutatakse teaduslikes uuringutes.<\/p>\n<h3><strong>2. Miks valida O-DSMT 50mg graanulid?<\/strong><\/h3>\n<p class=\"ds-markdown-paragraph\">Meie graanulite valik:<br \/>\n\u2705\u00a0<strong>T\u00e4ppisdoseerimine<\/strong>\u00a0\u2013 Iga pellet sisaldab usaldusv\u00e4\u00e4rsete tulemuste saavutamiseks t\u00e4pselt 50 mg.<br \/>\n\u2705\u00a0<strong>J\u00e4rjepidev kvaliteet<\/strong>\u00a0\u2013 Kvaliteetne puhastus optimaalsete uurimistulemuste saavutamiseks.<br \/>\n\u2705\u00a0<strong>Lihtne t\u00f6\u00f6tlemine<\/strong>\u00a0\u2013 Graanulite vorm lihtsustab doseerimist laborikeskkonnas.<\/p>\n<h3><strong>3. Kas see toode on inimestele ohutu?<\/strong><\/h3>\n<p class=\"ds-markdown-paragraph\"><em>Ei.<\/em>\u00a0O-DSMT 50mg graanulid on\u00a0<strong>m\u00f5eldud ainult teaduslikuks otstarbeks<\/strong>\u00a0ja mitte tarbimiseks. Teaduslikel eesm\u00e4rkidel kasutamisel on oluline j\u00e4rgida ohutusprotokolle.<\/p>\n<h3><strong>4. Kuidas ma peaksin O-DSMT graanuleid s\u00e4ilitama?<\/strong><\/h3>\n<p class=\"ds-markdown-paragraph\">Hoidke graanuleid\u00a0<strong>jahedas ja kuivas kohas<\/strong>Hoida lastele ja volitamata isikutele k\u00e4ttesaamatus kohas. Soovitatav on kasutada tumedat ja \u00f5hukindlat anumat.<\/p>\n<h3><strong>5. Millisteks rakendusteks need graanulid sobivad?<\/strong><\/h3>\n<p class=\"ds-markdown-paragraph\">Neid kasutatakse j\u00e4rgmistes valdkondades:<br \/>\n\ud83d\udd2c\u00a0<strong>Farmakoloogilised uuringud<\/strong><br \/>\n\ud83e\uddea\u00a0<strong>Anal\u00fc\u00fctilised uuringud<\/strong><br \/>\n\ud83d\udcca\u00a0<strong>Teaduslikud katsed<\/strong><\/p>\n<h3><strong>6. Kust ma saan osta O-DSMT 50mg graanuleid?<\/strong><\/h3>\n<p class=\"ds-markdown-paragraph\">Telli kohe meie veebipoest, et\u00a0<strong>kiire kohaletoimetamine ja diskreetne pakendamine<\/strong>Saadaval ainult registreeritud teadlastele ja laboritele.<\/p>\n<p><a href=\"https:\/\/apexresearchchemical.eu\/et\/pood\/iboga-ibogaiin\/osta-ibogaine-hcl-veebist\/\">Osta ibogaiini HCL-i<\/a><a href=\"https:\/\/apexresearchchemical.eu\/et\/pood\/iboga-ibogaiin\/iboga-juure-koor\/\">Iboga juurekoor<\/a><a href=\"https:\/\/apexresearchchemical.eu\/et\/pood\/lusergamiidid\/1-cp-lsd-2\/\">1cP-LSD 150 MCG kunstipaberit<\/a><a href=\"https:\/\/apexresearchchemical.eu\/et\/pood\/lusergamiidid\/1v-lsd-150-mcg-blotters\/\">1V-LSD 150 MCG blotterid<\/a><a href=\"https:\/\/apexresearchchemical.eu\/et\/pood\/2-cmc-graanulit\/osta-2-cmc-d\/osta-2-cmc-d\/\">2-CMC 250 mg graanulid<\/a><\/p>","protected":false},"excerpt":{"rendered":"<h3>O-DSMT omadused<\/h3>\n<p><strong>S\u00fcnon\u00fc\u00fcm:<\/strong> <i>O-desmet\u00fc\u00fcltramadool, 3-(2-((dimet\u00fc\u00fclamino)met\u00fc\u00fcl)-1-h\u00fcdroks\u00fcts\u00fckloheks\u00fc\u00fcl)fenool<\/i><br \/>\n<strong>CAS-number:<\/strong> 80456-81-1<br \/>\n<strong>Valem:<\/strong> <span title=\"S\u00fcsinik\">C<\/span><sub>15<\/sub><span title=\"Vesinik\">H<\/span><sub>23<\/sub><span title=\"L\u00e4mmastik\">N<\/span><span title=\"Hapnik\">O<\/span><sub>2<\/sub><br \/>\n<strong>Molaarmass:<\/strong> 249,354 g\/mol<br \/>\n<strong>Puhtus:<\/strong>\u00a0&gt;97%<\/p>","protected":false},"featured_media":29435,"comment_status":"closed","ping_status":"closed","template":"","meta":[],"product_brand":[82],"product_cat":[337,420,336,324],"product_tag":[326,727,725,728,726,729,730],"class_list":{"0":"post-24961","1":"product","2":"type-product","3":"status-publish","4":"has-post-thumbnail","6":"product_brand-research-chemical","7":"product_cat-o-dsmt","8":"product_cat-o-dsmt-pellets","9":"product_cat-overig","10":"product_cat-pellets-for-pellet","11":"product_tag-nl","12":"product_tag-o-dsmt-ervaringen","13":"product_tag-o-dsmt","14":"product_tag-o-dsmt-bestellen","15":"product_tag-o-dsmt-kopen","16":"product_tag-o-dsmt-psychonaut","17":"product_tag-what-is-o-dsmt","19":"first","20":"instock","21":"taxable","22":"shipping-taxable","23":"purchasable","24":"product-type-variable"},"_links":{"self":[{"href":"https:\/\/apexresearchchemical.eu\/et\/wp-json\/wp\/v2\/product\/24961","targetHints":{"allow":["GET"]}}],"collection":[{"href":"https:\/\/apexresearchchemical.eu\/et\/wp-json\/wp\/v2\/product"}],"about":[{"href":"https:\/\/apexresearchchemical.eu\/et\/wp-json\/wp\/v2\/types\/product"}],"replies":[{"embeddable":true,"href":"https:\/\/apexresearchchemical.eu\/et\/wp-json\/wp\/v2\/comments?post=24961"}],"version-history":[{"count":6,"href":"https:\/\/apexresearchchemical.eu\/et\/wp-json\/wp\/v2\/product\/24961\/revisions"}],"predecessor-version":[{"id":25567,"href":"https:\/\/apexresearchchemical.eu\/et\/wp-json\/wp\/v2\/product\/24961\/revisions\/25567"}],"wp:featuredmedia":[{"embeddable":true,"href":"https:\/\/apexresearchchemical.eu\/et\/wp-json\/wp\/v2\/media\/29435"}],"wp:attachment":[{"href":"https:\/\/apexresearchchemical.eu\/et\/wp-json\/wp\/v2\/media?parent=24961"}],"wp:term":[{"taxonomy":"product_brand","embeddable":true,"href":"https:\/\/apexresearchchemical.eu\/et\/wp-json\/wp\/v2\/product_brand?post=24961"},{"taxonomy":"product_cat","embeddable":true,"href":"https:\/\/apexresearchchemical.eu\/et\/wp-json\/wp\/v2\/product_cat?post=24961"},{"taxonomy":"product_tag","embeddable":true,"href":"https:\/\/apexresearchchemical.eu\/et\/wp-json\/wp\/v2\/product_tag?post=24961"}],"curies":[{"name":"t\u00f6\u00f6leht","href":"https:\/\/api.w.org\/{rel}","templated":true}]}}