{"id":24334,"date":"2025-04-13T17:41:30","date_gmt":"2025-04-13T17:41:30","guid":{"rendered":"https:\/\/apexresearchchemical.eu\/?post_type=product&#038;p=24334"},"modified":"2026-03-20T09:19:45","modified_gmt":"2026-03-20T09:19:45","slug":"benzo-fury-100mg-blister","status":"publish","type":"product","link":"https:\/\/apexresearchchemical.eu\/fi\/kauppa\/yritysten-valinen\/benzo-fury-100mg-blister\/","title":{"rendered":"RC+ Benzo Fury 100 mg l\u00e4pipainopakkaus"},"content":{"rendered":"<h3><strong>Benzo Fury 100 mg l\u00e4pipainopakkaus \u2013 Tehokas tutkimuskemia<\/strong><\/h3>\n<p class=\"ds-markdown-paragraph\"><strong>Tuotteen nimi:<\/strong>\u00a0RC Benzo Fury (6-APB \/ 5-APB) \u2013 100 mg tablettia kohden \u2013 l\u00e4pipainopakkaus<br \/>\n<strong>P\u00e4\u00e4kategoria:<\/strong>\u00a0Tutkimuskemikaalit<br \/>\n<strong>Tyyppi:<\/strong>\u00a0Stimulantti entaktogeeni (odotettu vaikutus: euforia, energia, sosiaalinen yhteys)<\/p>\n<h4><strong>Tuotteen ominaisuudet:<\/strong><\/h4>\n<p class=\"ds-markdown-paragraph\">\u2705\u00a0<strong>Korkea laatu<\/strong>\u00a0\u2013 Puhtaasti ja johdonmukaisesti muotoiltu<br \/>\n\u2705\u00a0<strong>100 mg tablettia kohden<\/strong>\u00a0- Tarkka annostus tutkimusta varten<br \/>\n\u2705\u00a0<strong>L\u00e4pipainopakkaus<\/strong>\u00a0- Suojaa kosteudelta <a href=\"http:\/\/google.nl\" target=\"_blank\" rel=\"noopener\">ja<\/a> vahingoittaa<br \/>\n\u2705\u00a0<strong>Laajat laboratoriotestit<\/strong>\u00a0\u2013 Puhtauden optimointi<\/p>\n<h4><strong>Mik\u00e4 on Benzo Fury (6-APB \/ 5-APB)?<\/strong><\/h4>\n<p class=\"ds-markdown-paragraph\">Benzo Fury on tutkimuskemikaali, joka tunnetaan stimuloivista ja empatogeenisista vaikutuksistaan, samankaltaisia kuin MDMA:n kaltaiset yhdisteet. Sit\u00e4 myyd\u00e4\u00e4n yksinomaan\u00a0<strong>tieteellinen tutkimus<\/strong>\u00a0ja on\u00a0<strong>ei tarkoitettu ihmisravinnoksi<\/strong>.<a title=\"2C-EF 2 mg kapselit\" href=\"https:\/\/apexresearchchemical.eu\/fi\/kauppa\/fenetyyliamiini\/2c-ef-2-mg-kapselia\/\" target=\"_blank\" rel=\"noopener\">2C-EF 2 mg kapselit<\/a><\/p>\n<h4><strong>T\u00e4rke\u00e4\u00e4 tietoa:<\/strong><\/h4>\n<p class=\"ds-markdown-paragraph\">\u26a0\u00a0<strong>Vain tutkimustarkoituksiin<\/strong>\u00a0\u2013 Ei sovellu ihmisille tai el\u00e4imille<br \/>\n\u26a0\u00a0<strong>Tarkista lains\u00e4\u00e4d\u00e4nt\u00f6<\/strong>\u00a0\u2013 Tilanne vaihtelee maittain (Alankomaissa\u00a0<strong>Oopiumilaki<\/strong>)<br \/>\n\u26a0\u00a0<strong>Turvatoimenpiteet:<\/strong> K\u00e4yt\u00e4 aina henkil\u00f6nsuojaimia (k\u00e4sineit\u00e4, laboratorioymp\u00e4rist\u00f6n suojavarusteita).<a title=\"2-CMC 250 mg -pelletti\u00e4\" href=\"https:\/\/apexresearchchemical.eu\/fi\/kauppa\/katinonit\/osta-2-cmcta\/\" target=\"_blank\" rel=\"noopener\">2-CMC 250 mg -pelletti\u00e4<\/a><\/p>\n<h4><strong>Miksi valita t\u00e4m\u00e4 tuote?<\/strong><\/h4>\n<p class=\"ds-markdown-paragraph\">\u2714\u00a0<strong>Luotettava laatu<\/strong>\u00a0\u2013 Puhtaus testattu perusteellisesti<br \/>\n\u2714\u00a0<strong>Huomaamaton toimitus<\/strong>\u00a0\u2013 Nimett\u00f6m\u00e4t pakkaukset EU:n sis\u00e4ll\u00e4<br \/>\n\u2714\u00a0<strong>Nopea toimitus<\/strong>\u00a0\u2013 Tilattu ennen klo 15.00, l\u00e4hetet\u00e4\u00e4n seuraavana arkip\u00e4iv\u00e4n\u00e4<\/p>\n<p class=\"ds-markdown-paragraph\"><strong>HUOM:<\/strong>\u00a0T\u00e4m\u00e4 tuote on\u00a0<strong>tarkoitettu yksinomaan tieteelliseen tutkimukseen<\/strong>\u00a0eik\u00e4 virkistysk\u00e4ytt\u00f6\u00f6n. Tarkista paikalliset m\u00e4\u00e4r\u00e4ykset ennen tilaamista.<a title=\"1V-LSD 150 MCG -n\u00e4ytteenotot\" href=\"https:\/\/apexresearchchemical.eu\/fi\/kauppa\/lysergamidit\/1v-lsd-150-mcg-blotters\/\" target=\"_blank\" rel=\"noopener\">1V-LSD 150 MCG -n\u00e4ytteenotot<\/a><\/p>","protected":false},"excerpt":{"rendered":"<p><strong>Synonyymi<\/strong>: 6-(2-aminopropyyli)bentsofuraani<br \/>\n<strong>CAS-numero:<\/strong> 286834-85-3<br \/>\n<strong>Kaava<\/strong>: <span title=\"Hiili\">C<\/span><sub>11<\/sub><span title=\"Vety\">H<\/span><sub>13<\/sub><span title=\"Typpi\">N<\/span><span title=\"Happi\">O<\/span><br \/>\n<strong>Moolimassa<\/strong>: <span class=\"nowrap\">175.231<\/span>\u00a0g\/mol<br \/>\n<strong>Puhtaus<\/strong>: &gt;98%<\/p>","protected":false},"featured_media":29452,"comment_status":"closed","ping_status":"closed","template":"","meta":[],"product_brand":[82],"product_cat":[555],"product_tag":[117,126,130,850,118,120,119,121,851,326,122],"class_list":{"0":"post-24334","1":"product","2":"type-product","3":"status-publish","4":"has-post-thumbnail","6":"product_brand-research-chemical","7":"product_cat-b2b","8":"product_tag-6-apb-benzo-fury","9":"product_tag-6-apb-kopen","10":"product_tag-6-apb-ervaring","11":"product_tag-6apb","12":"product_tag-benzo-fury","13":"product_tag-benzo-fury-bestellen-nederland","14":"product_tag-benzo-fury-drugs","15":"product_tag-benzo-fury-kopen","16":"product_tag-benzos-drugs","17":"product_tag-nl","18":"product_tag-wat-is-benzo-fury","20":"first","21":"instock","22":"taxable","23":"shipping-taxable","24":"purchasable","25":"product-type-variable"},"_links":{"self":[{"href":"https:\/\/apexresearchchemical.eu\/fi\/wp-json\/wp\/v2\/product\/24334","targetHints":{"allow":["GET"]}}],"collection":[{"href":"https:\/\/apexresearchchemical.eu\/fi\/wp-json\/wp\/v2\/product"}],"about":[{"href":"https:\/\/apexresearchchemical.eu\/fi\/wp-json\/wp\/v2\/types\/product"}],"replies":[{"embeddable":true,"href":"https:\/\/apexresearchchemical.eu\/fi\/wp-json\/wp\/v2\/comments?post=24334"}],"version-history":[{"count":3,"href":"https:\/\/apexresearchchemical.eu\/fi\/wp-json\/wp\/v2\/product\/24334\/revisions"}],"predecessor-version":[{"id":25988,"href":"https:\/\/apexresearchchemical.eu\/fi\/wp-json\/wp\/v2\/product\/24334\/revisions\/25988"}],"wp:featuredmedia":[{"embeddable":true,"href":"https:\/\/apexresearchchemical.eu\/fi\/wp-json\/wp\/v2\/media\/29452"}],"wp:attachment":[{"href":"https:\/\/apexresearchchemical.eu\/fi\/wp-json\/wp\/v2\/media?parent=24334"}],"wp:term":[{"taxonomy":"product_brand","embeddable":true,"href":"https:\/\/apexresearchchemical.eu\/fi\/wp-json\/wp\/v2\/product_brand?post=24334"},{"taxonomy":"product_cat","embeddable":true,"href":"https:\/\/apexresearchchemical.eu\/fi\/wp-json\/wp\/v2\/product_cat?post=24334"},{"taxonomy":"product_tag","embeddable":true,"href":"https:\/\/apexresearchchemical.eu\/fi\/wp-json\/wp\/v2\/product_tag?post=24334"}],"curies":[{"name":"wp","href":"https:\/\/api.w.org\/{rel}","templated":true}]}}