{"id":24336,"date":"2025-04-13T17:41:30","date_gmt":"2025-04-13T17:41:30","guid":{"rendered":"https:\/\/apexresearchchemical.eu\/?post_type=product&#038;p=24336"},"modified":"2026-03-20T09:21:57","modified_gmt":"2026-03-20T09:21:57","slug":"dmxe-kokemus","status":"publish","type":"product","link":"https:\/\/apexresearchchemical.eu\/fi\/kauppa\/yritysten-valinen\/dmxe-kokemus\/","title":{"rendered":"RC+ D-MEX 40 mg l\u00e4pipainopakkaus"},"content":{"rendered":"<h3><strong>Dmxe experience 40mg l\u00e4pipainopakkaus \u2013 Tutkimuskemiaa tieteelliseen tutkimukseen<\/strong><\/h3>\n<p class=\"ds-markdown-paragraph\"><strong>Tuotteen nimi:<\/strong>\u00a0RC D-MEX (metoksetamiini \/ MXE:hen liittyv\u00e4) \u2013 40 mg tablettia kohden \u2013 l\u00e4pipainopakkaus<br \/>\n<strong>Luokka:<\/strong>\u00a0Tutkimuskemikaalit (dissosiatiivinen luokka)<br \/>\n<strong>K\u00e4ytt\u00f6tarkoitus:<\/strong> Vain *in vitro*- ja analyyttisiin tutkimuksiin. <a title=\"1cP-LSD 150 MCG taidepaperia\" href=\"https:\/\/apexresearchchemical.eu\/fi\/kauppa\/lysergamidit\/1-cp-lsd-150-mikrogrammaa\/\" target=\"_blank\" rel=\"noopener\">1cP-LSD 150 MCG taidepaperia<\/a><\/p>\n<h4><strong>T\u00e4rkeimm\u00e4t ominaisuudet: <\/strong><strong>Dmxe-kokemus<\/strong><\/h4>\n<p class=\"ds-markdown-paragraph\">\ud83d\udd2c\u00a0<strong>Korkealaatuinen koostumus<\/strong>\u00a0\u2013 Optimoitu tarkkoja tuloksia varten<br \/>\n\ud83d\udc8a\u00a0<strong>40 mg tablettia kohden<\/strong>\u00a0\u2013 Standardoitu annostus johdonmukaista tutkimusta varten<br \/>\n\ud83d\udce6\u00a0<strong>L\u00e4pipainopakkaus<\/strong>\u00a0\u2013 Maksimaalinen suoja hajoamista vastaan<br \/>\n\ud83d\udcca\u00a0<strong>Laboratoriossa testattu<\/strong>\u00a0\u2013 Laadunvalvonta luotettavaa analyysia varten<\/p>\n<h4><strong>Mik\u00e4 on RC D-MEX?<\/strong><\/h4>\n<p class=\"ds-markdown-paragraph\">RC D-MEX on dissosiatiivisia ominaisuuksia omaava tutkimuskemikaali, joka on sukua yhdisteille, kuten\u00a0<strong>Metoksetamiini (MXE)<\/strong>.<a title=\"1V-LSD 150 MCG -n\u00e4ytteenotot\" href=\"https:\/\/apexresearchchemical.eu\/fi\/kauppa\/lysergamidit\/1v-lsd-150-mcg-blotters\/\" target=\"_blank\" rel=\"noopener\">1V-LSD 150 MCG -n\u00e4ytteenotot<\/a><\/p>\n<ul>\n<li>\n<p class=\"ds-markdown-paragraph\"><strong>Ensisijainen k\u00e4ytt\u00f6kohde:<\/strong>\u00a0Farmakologisten yhteisvaikutusten tieteellinen tutkimus<\/p>\n<\/li>\n<li>\n<p class=\"ds-markdown-paragraph\"><strong>Ei tarkoitettu:<\/strong>\u00a0Ihmis-\/el\u00e4inravinnoksi, virkistysk\u00e4ytt\u00f6\u00f6n tai l\u00e4\u00e4kinn\u00e4lliseen k\u00e4ytt\u00f6\u00f6n<\/p>\n<\/li>\n<\/ul>\n<h4><strong>Turvallisuus- ja lakitiedot:<\/strong><\/h4>\n<p class=\"ds-markdown-paragraph\">\u26a0\u00a0<strong>Vain tutkimustarkoituksiin<\/strong>\u00a0\u2013 Ei biologiseen m\u00e4\u00e4ritykseen (ihmisille\/el\u00e4imille)<br \/>\n\u26a0\u00a0<strong>Hollannin asema:<\/strong>\u00a0Mahdollisesti s\u00e4\u00e4nneltyn\u00e4\u00a0<strong>Oopiumilaki<\/strong>\u00a0\u2013 tarkista ennen ostamista<br \/>\n\u26a0\u00a0<strong>Laboratorion turvallisuus:<\/strong> K\u00e4yt\u00e4 k\u00e4sineit\u00e4 ja ty\u00f6skentele valvotussa ymp\u00e4rist\u00f6ss\u00e4.<a title=\"2-CMC 250 mg -pelletti\u00e4\" href=\"https:\/\/apexresearchchemical.eu\/fi\/kauppa\/katinonit\/osta-2-cmcta\/\" target=\"_blank\" rel=\"noopener\">2-CMC 250 mg -pelletti\u00e4<\/a><\/p>\n<h4><strong>Miksi ostaa t\u00e4m\u00e4 tuote?<\/strong><\/h4>\n<p class=\"ds-markdown-paragraph\">\u2705\u00a0<strong>Luotettava laatu<\/strong>\u00a0\u2013 Perusteellinen puhtaustestaus<br \/>\n\u2705\u00a0<strong>Huomaamaton ja nopea toimitus<\/strong>\u00a0\u2013 EU:n sis\u00e4ll\u00e4 (seuranta ja j\u00e4ljitys valinnainen)<br \/>\n\u2705\u00a0<strong>Ammattimainen pakkaus<\/strong>\u00a0- Huolellinen suoja valolta\/kosteudelta<\/p>\n<p class=\"ds-markdown-paragraph\"><strong>HUOM:<\/strong>\u00a0T\u00e4m\u00e4 tuote on\u00a0<strong>yksinomaan tieteelliseen tutkimukseen<\/strong>Otathan huomioon\u00a0<strong>paikallinen lains\u00e4\u00e4d\u00e4nt\u00f6<\/strong>\u00a0ennen kuin tilaat.<\/p>","protected":false},"excerpt":{"rendered":"<p>RC+ D-MEX 40 mg l\u00e4pipainopakkaus<\/p>\n<p>CAS Nummer: 681440-83-5<br \/>\nFormule: 5-dehydro-1,3-quinodimethane<br \/>\nMolmassa: 103.14 g\/mol<br \/>\nZuiverheid: &gt;97%<\/p>","protected":false},"featured_media":29458,"comment_status":"closed","ping_status":"closed","template":"","meta":[],"product_brand":[82],"product_cat":[555],"product_tag":[295,828,300,297,296,326,299],"class_list":{"0":"post-24336","1":"product","2":"type-product","3":"status-publish","4":"has-post-thumbnail","6":"product_brand-research-chemical","7":"product_cat-b2b","8":"product_tag-dmxe","9":"product_tag-dmxe-dosage","10":"product_tag-dmxe-duration","11":"product_tag-dmxe-ervaring","12":"product_tag-dmxe-psychonaut","13":"product_tag-nl","14":"product_tag-what-is-dmxe","16":"first","17":"instock","18":"taxable","19":"shipping-taxable","20":"purchasable","21":"product-type-variable"},"_links":{"self":[{"href":"https:\/\/apexresearchchemical.eu\/fi\/wp-json\/wp\/v2\/product\/24336","targetHints":{"allow":["GET"]}}],"collection":[{"href":"https:\/\/apexresearchchemical.eu\/fi\/wp-json\/wp\/v2\/product"}],"about":[{"href":"https:\/\/apexresearchchemical.eu\/fi\/wp-json\/wp\/v2\/types\/product"}],"replies":[{"embeddable":true,"href":"https:\/\/apexresearchchemical.eu\/fi\/wp-json\/wp\/v2\/comments?post=24336"}],"version-history":[{"count":3,"href":"https:\/\/apexresearchchemical.eu\/fi\/wp-json\/wp\/v2\/product\/24336\/revisions"}],"predecessor-version":[{"id":25990,"href":"https:\/\/apexresearchchemical.eu\/fi\/wp-json\/wp\/v2\/product\/24336\/revisions\/25990"}],"wp:featuredmedia":[{"embeddable":true,"href":"https:\/\/apexresearchchemical.eu\/fi\/wp-json\/wp\/v2\/media\/29458"}],"wp:attachment":[{"href":"https:\/\/apexresearchchemical.eu\/fi\/wp-json\/wp\/v2\/media?parent=24336"}],"wp:term":[{"taxonomy":"product_brand","embeddable":true,"href":"https:\/\/apexresearchchemical.eu\/fi\/wp-json\/wp\/v2\/product_brand?post=24336"},{"taxonomy":"product_cat","embeddable":true,"href":"https:\/\/apexresearchchemical.eu\/fi\/wp-json\/wp\/v2\/product_cat?post=24336"},{"taxonomy":"product_tag","embeddable":true,"href":"https:\/\/apexresearchchemical.eu\/fi\/wp-json\/wp\/v2\/product_tag?post=24336"}],"curies":[{"name":"wp","href":"https:\/\/api.w.org\/{rel}","templated":true}]}}