{"id":24961,"date":"2025-04-13T17:43:53","date_gmt":"2025-04-13T17:43:53","guid":{"rendered":"https:\/\/apexresearchchemical.eu\/?post_type=product&#038;p=24961"},"modified":"2026-03-20T06:47:00","modified_gmt":"2026-03-20T06:47:00","slug":"o-dsmt-50mg-pellets","status":"publish","type":"product","link":"https:\/\/apexresearchchemical.eu\/fi\/kauppa\/o-dsmt\/o-dsmt-50mg-pellets\/","title":{"rendered":"O-DSMT 50 mg -pelletit"},"content":{"rendered":"<p class=\"ds-markdown-paragraph\"><strong>O-DSMT 50 mg -pelletit \u2013 Vastauksia kysymyksiisi<\/strong><\/p>\n<h3><strong>1. Mik\u00e4 on O-DSMT?<\/strong><\/h3>\n<p class=\"ds-markdown-paragraph\">O-DSMT (desmetramadoli) on tutkimuskemikaali ja tramadolin t\u00e4rke\u00e4 metaboliitti. Se tunnetaan potentiaalisista kipua lievitt\u00e4vist\u00e4 ominaisuuksistaan ja sit\u00e4 k\u00e4ytet\u00e4\u00e4n tieteellisiss\u00e4 tutkimuksissa.<\/p>\n<h3><strong>2. Miksi valita O-DSMT 50 mg -pelletit?<\/strong><\/h3>\n<p class=\"ds-markdown-paragraph\">Pellettivalikoimamme:<br \/>\n\u2705\u00a0<strong>Tarkka annostelu<\/strong>\u00a0\u2013 Jokainen pelletti sis\u00e4lt\u00e4\u00e4 t\u00e4sm\u00e4lleen 50 mg luotettavien tulosten saavuttamiseksi.<br \/>\n\u2705\u00a0<strong>Tasainen laatu<\/strong>\u00a0\u2013 Korkealaatuinen puhdistus optimaalisten tutkimustulosten saavuttamiseksi.<br \/>\n\u2705\u00a0<strong>Helppo k\u00e4sittely<\/strong>\u00a0\u2013 Pellettimuoto yksinkertaistaa annostelua laboratorioymp\u00e4rist\u00f6iss\u00e4.<\/p>\n<h3><strong>3. Onko t\u00e4m\u00e4 tuote turvallinen ihmisille?<\/strong><\/h3>\n<p class=\"ds-markdown-paragraph\"><em>Ei.<\/em>\u00a0O-DSMT 50 mg -pelletit ovat\u00a0<strong>tarkoitettu vain tutkimustarkoituksiin<\/strong>\u00a0eik\u00e4 tarkoitettu nautittavaksi. On t\u00e4rke\u00e4\u00e4 noudattaa turvallisuusprotokollia k\u00e4ytett\u00e4ess\u00e4 sit\u00e4 tieteellisiin tarkoituksiin.<\/p>\n<h3><strong>4. Miten O-DSMT-pellettej\u00e4 tulisi s\u00e4ilytt\u00e4\u00e4?<\/strong><\/h3>\n<p class=\"ds-markdown-paragraph\">S\u00e4ilyt\u00e4 pellettej\u00e4\u00a0<strong>viile\u00e4ss\u00e4, kuivassa paikassa<\/strong>S\u00e4ilyt\u00e4 lasten ja luvattomien henkil\u00f6iden ulottumattomissa. Suositellaan k\u00e4ytett\u00e4v\u00e4ksi tummaa, ilmatiivist\u00e4 astiaa.<\/p>\n<h3><strong>5. Mihin k\u00e4ytt\u00f6tarkoituksiin n\u00e4m\u00e4 pelletit soveltuvat?<\/strong><\/h3>\n<p class=\"ds-markdown-paragraph\">Niit\u00e4 k\u00e4ytet\u00e4\u00e4n:<br \/>\n\ud83d\udd2c\u00a0<strong>Farmakologinen tutkimus<\/strong><br \/>\n\ud83e\uddea\u00a0<strong>Analyyttiset tutkimukset<\/strong><br \/>\n\ud83d\udcca\u00a0<strong>Tieteelliset kokeet<\/strong><\/p>\n<h3><strong>6. Mist\u00e4 voin ostaa O-DSMT 50 mg -pellettej\u00e4?<\/strong><\/h3>\n<p class=\"ds-markdown-paragraph\">Tilaa nyt verkkokaupastamme, esim.\u00a0<strong>nopea toimitus ja huomaamaton pakkaus<\/strong>Vain rekister\u00f6ityneille tutkijoille ja laboratorioille.<\/p>\n<p><a href=\"https:\/\/apexresearchchemical.eu\/fi\/kauppa\/iboga-ibogaiini\/osta-ibogaiinihydrokloridia-netista\/\">Osta ibogaiinihydrokloridia<\/a><a href=\"https:\/\/apexresearchchemical.eu\/fi\/kauppa\/iboga-ibogaiini\/iboga-juuren-kuori\/\">Ibogan juuren kuori<\/a><a href=\"https:\/\/apexresearchchemical.eu\/fi\/kauppa\/lysergamidit\/1-kpl-lsd\/\">1cP-LSD 150 MCG taidepaperia<\/a><a href=\"https:\/\/apexresearchchemical.eu\/fi\/kauppa\/lysergamidit\/1v-lsd-150-mcg-blotters\/\">1V-LSD 150 MCG -n\u00e4ytteenotot<\/a><a href=\"https:\/\/apexresearchchemical.eu\/fi\/kauppa\/2-cmc-pellettia\/osta-2-cmcta\/osta-2-cmcta\/\">2-CMC 250 mg -pelletti\u00e4<\/a><\/p>","protected":false},"excerpt":{"rendered":"<h3>O-DSMT-ominaisuudet<\/h3>\n<p><strong>Synonyymi:<\/strong> <i>O-desmetyylitramadoli, 3-(2-((dimetyyliamino)metyyli)-1-hydroksisykloheksyyli)fenoli<\/i><br \/>\n<strong>CAS-numero:<\/strong> 80456-81-1<br \/>\n<strong>Kaava:<\/strong> <span title=\"Hiili\">C<\/span><sub>15<\/sub><span title=\"Vety\">H<\/span><sub>23<\/sub><span title=\"Typpi\">N<\/span><span title=\"Happi\">O<\/span><sub>2<\/sub><br \/>\n<strong>Moolimassa:<\/strong> 249,354 g\/mol<br \/>\n<strong>Puhtaus:<\/strong>\u00a0&gt;97%<\/p>","protected":false},"featured_media":29435,"comment_status":"closed","ping_status":"closed","template":"","meta":[],"product_brand":[82],"product_cat":[337,420,336,324],"product_tag":[326,727,725,728,726,729,730],"class_list":{"0":"post-24961","1":"product","2":"type-product","3":"status-publish","4":"has-post-thumbnail","6":"product_brand-research-chemical","7":"product_cat-o-dsmt","8":"product_cat-o-dsmt-pellets","9":"product_cat-overig","10":"product_cat-pellets-for-pellet","11":"product_tag-nl","12":"product_tag-o-dsmt-ervaringen","13":"product_tag-o-dsmt","14":"product_tag-o-dsmt-bestellen","15":"product_tag-o-dsmt-kopen","16":"product_tag-o-dsmt-psychonaut","17":"product_tag-what-is-o-dsmt","19":"first","20":"instock","21":"taxable","22":"shipping-taxable","23":"purchasable","24":"product-type-variable"},"_links":{"self":[{"href":"https:\/\/apexresearchchemical.eu\/fi\/wp-json\/wp\/v2\/product\/24961","targetHints":{"allow":["GET"]}}],"collection":[{"href":"https:\/\/apexresearchchemical.eu\/fi\/wp-json\/wp\/v2\/product"}],"about":[{"href":"https:\/\/apexresearchchemical.eu\/fi\/wp-json\/wp\/v2\/types\/product"}],"replies":[{"embeddable":true,"href":"https:\/\/apexresearchchemical.eu\/fi\/wp-json\/wp\/v2\/comments?post=24961"}],"version-history":[{"count":6,"href":"https:\/\/apexresearchchemical.eu\/fi\/wp-json\/wp\/v2\/product\/24961\/revisions"}],"predecessor-version":[{"id":25567,"href":"https:\/\/apexresearchchemical.eu\/fi\/wp-json\/wp\/v2\/product\/24961\/revisions\/25567"}],"wp:featuredmedia":[{"embeddable":true,"href":"https:\/\/apexresearchchemical.eu\/fi\/wp-json\/wp\/v2\/media\/29435"}],"wp:attachment":[{"href":"https:\/\/apexresearchchemical.eu\/fi\/wp-json\/wp\/v2\/media?parent=24961"}],"wp:term":[{"taxonomy":"product_brand","embeddable":true,"href":"https:\/\/apexresearchchemical.eu\/fi\/wp-json\/wp\/v2\/product_brand?post=24961"},{"taxonomy":"product_cat","embeddable":true,"href":"https:\/\/apexresearchchemical.eu\/fi\/wp-json\/wp\/v2\/product_cat?post=24961"},{"taxonomy":"product_tag","embeddable":true,"href":"https:\/\/apexresearchchemical.eu\/fi\/wp-json\/wp\/v2\/product_tag?post=24961"}],"curies":[{"name":"wp","href":"https:\/\/api.w.org\/{rel}","templated":true}]}}