{"id":24966,"date":"2025-04-13T17:43:53","date_gmt":"2025-04-13T17:43:53","guid":{"rendered":"https:\/\/apexresearchchemical.eu\/?post_type=product&#038;p=24966"},"modified":"2026-03-20T06:48:06","modified_gmt":"2026-03-20T06:48:06","slug":"1vlsd","status":"publish","type":"product","link":"https:\/\/apexresearchchemical.eu\/fi\/kauppa\/1-vn-lsd-virta\/1vlsd\/","title":{"rendered":"1V-LSD 150 MCG -n\u00e4ytteenotot"},"content":{"rendered":"<h1 class=\"ds-markdown-paragraph\"><strong>1V-LSD 150 mcg -n\u00e4ytteenottimet \u2013 Tehokkaita ja luotettavia tutkimukseen<\/strong><\/h1>\n<p>1vlsd<\/p>\n<h3><strong>Mik\u00e4 on 1V-LSD?<\/strong><\/h3>\n<p class=\"ds-markdown-paragraph\">1vlsd, 1V-LSD (1-valeryyli-D-lysergihappodietyyliamidi) on tutkimuskemikaali, joka on rakenteellisesti sukua LSD:lle. Se tunnetaan potentiaalisista psykoaktiivisista ominaisuuksistaan, ja sit\u00e4 k\u00e4ytet\u00e4\u00e4n tieteellisiss\u00e4 ja farmakologisissa tutkimuksissa.<\/p>\n<h3><strong>Miksi valita 1V-LSD 150 mcg -n\u00e4ytteenottoliuskat?<\/strong><\/h3>\n<p class=\"ds-markdown-paragraph\">\u2714\u00a0<strong>Tarkka annostus<\/strong>\u00a0\u2013 Jokainen imupaperi sis\u00e4lt\u00e4\u00e4 t\u00e4sm\u00e4lleen 150 mikrogrammaa johdonmukaisten tutkimustulosten saavuttamiseksi.<br \/>\n\u2714\u00a0<strong>Korkea laatu<\/strong>\u00a0\u2013 Valmistettu tiukoissa laboratorio-olosuhteissa optimaalisen puhtauden saavuttamiseksi.<br \/>\n\u2714\u00a0<strong>Helppok\u00e4ytt\u00f6inen<\/strong>\u00a0\u2013 Imuroitavan muodon ansiosta annostelu ja s\u00e4ilytys on helppoa.<\/p>\n<h3><strong>Usein kysytyt kysymykset (UKK)<\/strong><\/h3>\n<h4><strong>1. Onko 1V-LSD laillista?<\/strong><\/h4>\n<p class=\"ds-markdown-paragraph\">1V-LSD:n laillisuus vaihtelee maittain. Se on\u00a0<strong>tarkoitettu vain tutkimustarkoituksiin<\/strong>\u00a0eik\u00e4 ihmisravinnoksi. Tarkista aina paikalliset m\u00e4\u00e4r\u00e4ykset ennen tilaamista.<\/p>\n<h4><strong>2. Miten minun tulisi s\u00e4ilytt\u00e4\u00e4 1V-LSD-blottereita?<\/strong><\/h4>\n<p class=\"ds-markdown-paragraph\">S\u00e4ilyt\u00e4 imureita\u00a0<strong>viile\u00e4ss\u00e4, kuivassa ja pime\u00e4ss\u00e4 paikassa<\/strong>, mieluiten ilmatiiviiss\u00e4 rasiassa. V\u00e4lt\u00e4 altistumista valolle ja kosteudelle s\u00e4ilyvyyden pident\u00e4miseksi.<\/p>\n<h4><strong>3. Ovatko n\u00e4m\u00e4 imupaperit turvallisia ihmisille?<\/strong><\/h4>\n<p class=\"ds-markdown-paragraph\"><em>Ei.<\/em>\u00a0T\u00e4m\u00e4 tuote on\u00a0<strong>tarkoitettu vain tieteelliseen tutkimukseen<\/strong>\u00a0eik\u00e4 viihde- tai l\u00e4\u00e4ketieteellisiin tarkoituksiin. Imuruiskumme on tarkoitettu yksinomaan valvottuihin laboratoriotutkimuksiin.<\/p>\n<h4><strong>4. Mit\u00e4 mahdollisia tutkimussovelluksia on?<\/strong><\/h4>\n<p class=\"ds-markdown-paragraph\">\ud83d\udd2c\u00a0<strong>Neurofarmakologiset tutkimukset<\/strong><br \/>\n\ud83e\udde0\u00a0<strong>K\u00e4ytt\u00e4ytymistieteellinen tutkimus<\/strong><br \/>\n\ud83d\udcca\u00a0<strong>Analyyttinen kemia ja aineenvaihduntatutkimukset<\/strong><\/p>\n<h3><strong>Tilaa nyt ja saat nopean toimituksen!<\/strong><\/h3>\n<p class=\"ds-markdown-paragraph\">Saatavilla vain rekister\u00f6ityneille tutkijoille ja laboratorioille. Huomaamaton pakkaus ja nopea palvelu taattu.<\/p>\n<p><a href=\"https:\/\/apexresearchchemical.eu\/fi\/kauppa\/iboga-ibogaiini\/iboga-juuren-kuori\/\">Ibogan juuren kuori<\/a><a href=\"https:\/\/apexresearchchemical.eu\/fi\/kauppa\/iboga-ibogaiini\/osta-ibogaiinihydrokloridia-netista\/\">Osta ibogaiinihydrokloridia<\/a><a href=\"https:\/\/apexresearchchemical.eu\/fi\/kauppa\/lysergamidit\/1-kpl-lsd\/\">1cP-LSD 150 MCG taidepaperia<\/a><a href=\"https:\/\/apexresearchchemical.eu\/fi\/kauppa\/pellets\/o-dsmt-50mg-pellets\/\">O-DSMT 50 mg -pelletit<\/a><a href=\"https:\/\/apexresearchchemical.eu\/fi\/kauppa\/melkein-kielletty\/6-cl-adbaa\/\">6-CL-ADBA<\/a><\/p>","protected":false},"excerpt":{"rendered":"<h2>1V-LSD-blotterin ominaisuudet<\/h2>\n<p><strong>Synonyymit<\/strong>: 1-valeroyyli-lysergihappodietyyliamidihemi-L-tartraatti<br \/>\n<strong>CAS-numero<\/strong>Ei tiedossa<br \/>\n<strong>Kaava<\/strong>C25H33N3O2<br \/>\n<strong>Moolimassa<\/strong>407,558 g\/mol<br \/>\n<strong>Puhtaus<\/strong>: \u226599.3%<\/p>","protected":false},"featured_media":29204,"comment_status":"open","ping_status":"closed","template":"","meta":[],"product_brand":[],"product_cat":[364,358],"product_tag":[631,582,326],"class_list":{"0":"post-24966","1":"product","2":"type-product","3":"status-publish","4":"has-post-thumbnail","6":"product_cat-1v-lsd","7":"product_cat-lysergamides","8":"product_tag-1v-lsd","9":"product_tag-1vlsd","10":"product_tag-nl","12":"first","13":"instock","14":"taxable","15":"shipping-taxable","16":"purchasable","17":"product-type-variable"},"_links":{"self":[{"href":"https:\/\/apexresearchchemical.eu\/fi\/wp-json\/wp\/v2\/product\/24966","targetHints":{"allow":["GET"]}}],"collection":[{"href":"https:\/\/apexresearchchemical.eu\/fi\/wp-json\/wp\/v2\/product"}],"about":[{"href":"https:\/\/apexresearchchemical.eu\/fi\/wp-json\/wp\/v2\/types\/product"}],"replies":[{"embeddable":true,"href":"https:\/\/apexresearchchemical.eu\/fi\/wp-json\/wp\/v2\/comments?post=24966"}],"version-history":[{"count":8,"href":"https:\/\/apexresearchchemical.eu\/fi\/wp-json\/wp\/v2\/product\/24966\/revisions"}],"predecessor-version":[{"id":25280,"href":"https:\/\/apexresearchchemical.eu\/fi\/wp-json\/wp\/v2\/product\/24966\/revisions\/25280"}],"wp:featuredmedia":[{"embeddable":true,"href":"https:\/\/apexresearchchemical.eu\/fi\/wp-json\/wp\/v2\/media\/29204"}],"wp:attachment":[{"href":"https:\/\/apexresearchchemical.eu\/fi\/wp-json\/wp\/v2\/media?parent=24966"}],"wp:term":[{"taxonomy":"product_brand","embeddable":true,"href":"https:\/\/apexresearchchemical.eu\/fi\/wp-json\/wp\/v2\/product_brand?post=24966"},{"taxonomy":"product_cat","embeddable":true,"href":"https:\/\/apexresearchchemical.eu\/fi\/wp-json\/wp\/v2\/product_cat?post=24966"},{"taxonomy":"product_tag","embeddable":true,"href":"https:\/\/apexresearchchemical.eu\/fi\/wp-json\/wp\/v2\/product_tag?post=24966"}],"curies":[{"name":"wp","href":"https:\/\/api.w.org\/{rel}","templated":true}]}}