{"id":23317,"date":"2025-04-13T17:39:34","date_gmt":"2025-04-13T17:39:34","guid":{"rendered":"https:\/\/apexresearchchemical.eu\/?post_type=product&#038;p=23317"},"modified":"2026-03-20T16:09:47","modified_gmt":"2026-03-20T16:09:47","slug":"effet-du-flubromazepam","status":"publish","type":"product","link":"https:\/\/apexresearchchemical.eu\/fr\/boutique\/benzodiazepines\/effet-du-flubromazepam\/","title":{"rendered":"Flubromaz\u00e9pam pur"},"content":{"rendered":"<h2>Flubromaz\u00e9pam<span class=\"___SText_pr68d-red-team\" data-ui-name=\"Link.Text\">\u00a0op\u00e9ration<\/span><\/h2>\n<p><strong>Flubromaz\u00e9pam <span class=\"___SText_pr68d-red-team\" data-ui-name=\"Link.Text\">op\u00e9ration<\/span><\/strong> est une substance qui est vendue uniquement \u00e0 des fins de recherche et n&#039;est donc pas destin\u00e9e \u00e0 la consommation.<\/p>\n<p>Le flubromaz\u00e9pam conserve sa stabilit\u00e9 jusqu\u2019\u00e0 2 ans lorsqu\u2019il est stock\u00e9 dans un environnement appropri\u00e9. Le flubromaz\u00e9pam est destin\u00e9 \u00e0 des fins de recherche et non \u00e0 la consommation. Il est donc important que le produit soit conserv\u00e9 hors de port\u00e9e des enfants et des animaux domestiques.<a title=\"buvards 1V-LSD 150 MCG\" href=\"https:\/\/apexresearchchemical.eu\/fr\/boutique\/lysergamides\/1v-lsd-150-mcg-blotters\/\" target=\"_blank\" rel=\"noopener\">buvards 1V-LSD 150 MCG<\/a><\/p>\n<p>Nous proposons des produits chimiques de recherche de bonne qualit\u00e9 \u00e0 un prix \u00e9quitable. Votre commande sera exp\u00e9di\u00e9e dans les 24 heures chaque jour. Par cons\u00e9quent, commandez <em>Flubromaz\u00e9pam<\/em> s\u00fbr et rapide via !<a title=\"G\u00e9lules de 2C-EF 2 mg\" href=\"https:\/\/apexresearchchemical.eu\/fr\/boutique\/phenethylamine\/gelules-2c-ef-2-mg\/\" target=\"_blank\" rel=\"noopener\">G\u00e9lules de 2C-EF 2 mg<\/a><\/p>\n<h3>Propri\u00e9t\u00e9s du flubromaz\u00e9pam<\/h3>\n<p><strong>Synonyme:<\/strong> Flubromaz\u00e9pam<br \/>\n<strong>Num\u00e9ro CAS :<\/strong> 2647-50-9<br \/>\n<strong>Formule:<\/strong> 7-bromo-5-(2-fluoroph\u00e9nyl)-1,3-dihydro-2H-1,4-benzodiaz\u00e9pine-2-one<br \/>\n<strong>Masse molaire :<\/strong> 333,2 g\/mol<br \/>\n<strong>Puret\u00e9:<\/strong> &gt;97%<\/p>\n<h3>Qu&#039;est-ce que le flubromaz\u00e9pam ?<\/h3>\n<p>Le flubromaz\u00e9pam est un produit chimique de recherche appartenant \u00e0 la classe des benzodiaz\u00e9pines. Il s\u2019agit d\u2019un compos\u00e9 synth\u00e9tique qui a suscit\u00e9 l\u2019int\u00e9r\u00eat des chercheurs en raison de ses effets possibles sur le syst\u00e8me nerveux central.<\/p>\n<p>Le flubromaz\u00e9pam est d\u00e9riv\u00e9 de la famille des benzodiaz\u00e9pines, connues pour leurs propri\u00e9t\u00e9s s\u00e9datives, anxiolytiques et relaxantes musculaires. Il a \u00e9t\u00e9 d\u00e9velopp\u00e9 comme une modification des benzodiaz\u00e9pines existantes pour \u00e9tudier les variations du profil pharmacologique et les applications th\u00e9rapeutiques potentielles. Les chercheurs s\u2019int\u00e9ressent particuli\u00e8rement \u00e0 l\u2019\u00e9tude de l\u2019interaction du flubromaz\u00e9pam avec les r\u00e9cepteurs GABA-A dans le cerveau. Ces r\u00e9cepteurs jouent un r\u00f4le crucial dans la r\u00e9gulation des neurotransmetteurs inhibiteurs.<\/p>\n<p>Le d\u00e9veloppement du flubromaz\u00e9pam en tant que produit chimique de recherche est motiv\u00e9 par la curiosit\u00e9 scientifique et le d\u00e9sir d\u2019am\u00e9liorer notre compr\u00e9hension des compos\u00e9s benzodiaz\u00e9pines. En menant des recherches rigoureuses, les scientifiques visent \u00e0 accro\u00eetre nos connaissances sur les effets du compos\u00e9 sur le syst\u00e8me nerveux central et \u00e0 contribuer \u00e0 une meilleure compr\u00e9hension des benzodiaz\u00e9pines.<\/p>\n<h3>Comment le flubromaz\u00e9pam est-il n\u00e9 ?<\/h3>\n<p>L\u2019histoire du produit chimique Flubromazepam est \u00e9troitement li\u00e9e au d\u00e9veloppement et \u00e0 l\u2019exploration des compos\u00e9s benzodiaz\u00e9pines. Les benzodiaz\u00e9pines, une classe connue pour leurs propri\u00e9t\u00e9s s\u00e9datives, anxiolytiques et relaxantes musculaires, ont une longue histoire dans la recherche pharmaceutique.<\/p>\n<p>Le flubromaz\u00e9pam lui-m\u00eame est devenu un produit chimique \u00e0 \u00e9tudier ces derni\u00e8res ann\u00e9es, alors que les scientifiques cherchaient \u00e0 \u00e9largir leurs connaissances et leur compr\u00e9hension des benzodiaz\u00e9pines. Le compos\u00e9 a \u00e9t\u00e9 d\u00e9velopp\u00e9 comme une modification des benzodiaz\u00e9pines existantes pour \u00e9tudier les variations potentielles du profil pharmacologique et des propri\u00e9t\u00e9s.<\/p>\n<p>La synth\u00e8se et l\u2019\u00e9tude du flubromaz\u00e9pam ont principalement eu lieu dans le domaine de la recherche scientifique. Les chercheurs, dont des chimistes, des pharmacologues et des neuroscientifiques, s\u2019int\u00e9ressent \u00e0 l\u2019\u00e9tude de la structure chimique du compos\u00e9, de ses effets sur le syst\u00e8me nerveux central et de ses applications th\u00e9rapeutiques possibles.<a title=\"Granul\u00e9s de 2-CMC 250 mg\" href=\"https:\/\/apexresearchchemical.eu\/fr\/boutique\/cathinones\/%f0%9f%92%a1-2-mmc-poudre-cristalline-pour-toutes-questions-et-reponses-pour-lachat\/\" target=\"_blank\" rel=\"noopener\">Granul\u00e9s de 2-CMC 250 mg<\/a><\/p>\n<h3>Mention de danger<\/h3>\n<p>Le flubromaz\u00e9pam peut provoquer une irritation des voies respiratoires<br \/>\nLe flubromaz\u00e9pam peut provoquer une irritation des yeux.<br \/>\nIl est interdit de rejeter des produits chimiques de recherche dans l\u2019environnement.<\/p>\n<p>Flubromaz\u00e9pam EN CAS DE CONTACT AVEC LES YEUX : Rincer les yeux avec pr\u00e9caution \u00e0 l&#039;eau pendant cinq minutes. Retirez les lentilles de contact si possible<a href=\"http:\/\/google.nl\" target=\"_blank\" rel=\"noopener\">.<\/a><\/p>\n<p>Flubromaz\u00e9pam EN CAS DE CONTACT AVEC LA PEAU : Laver la peau avec de l&#039;eau et du savon.<\/p>\n<p>APR\u00c8S INHALATION Flubromaz\u00e9pam : Transportez la victime \u00e0 l&#039;air frais et maintenez-la dans une position confortable pour respirer.<\/p>","protected":false},"excerpt":{"rendered":"<p>Effet du flubromaz\u00e9pam L&#039;effet du flubromaz\u00e9pam est une substance qui est vendue uniquement \u00e0 des fins de recherche et n&#039;est donc pas destin\u00e9e \u00e0 la consommation.<\/p>","protected":false},"featured_media":29380,"comment_status":"closed","ping_status":"closed","template":"","meta":[],"product_brand":[82],"product_cat":[76,386],"product_tag":[138,139,140,142,141,326],"class_list":{"0":"post-23317","1":"product","2":"type-product","3":"status-publish","4":"has-post-thumbnail","6":"product_brand-research-chemical","7":"product_cat-benzodiazepinen","8":"product_cat-flubromazepam","9":"product_tag-flubromazepam","10":"product_tag-flubromazepam-effects","11":"product_tag-flubromazepam-ervaring","12":"product_tag-flubromazepam-halfwaardetijd","13":"product_tag-flubromazepam-werking","14":"product_tag-nl","16":"first","17":"instock","18":"taxable","19":"shipping-taxable","20":"purchasable","21":"product-type-variable"},"_links":{"self":[{"href":"https:\/\/apexresearchchemical.eu\/fr\/wp-json\/wp\/v2\/product\/23317","targetHints":{"allow":["GET"]}}],"collection":[{"href":"https:\/\/apexresearchchemical.eu\/fr\/wp-json\/wp\/v2\/product"}],"about":[{"href":"https:\/\/apexresearchchemical.eu\/fr\/wp-json\/wp\/v2\/types\/product"}],"replies":[{"embeddable":true,"href":"https:\/\/apexresearchchemical.eu\/fr\/wp-json\/wp\/v2\/comments?post=23317"}],"version-history":[{"count":3,"href":"https:\/\/apexresearchchemical.eu\/fr\/wp-json\/wp\/v2\/product\/23317\/revisions"}],"predecessor-version":[{"id":25431,"href":"https:\/\/apexresearchchemical.eu\/fr\/wp-json\/wp\/v2\/product\/23317\/revisions\/25431"}],"wp:featuredmedia":[{"embeddable":true,"href":"https:\/\/apexresearchchemical.eu\/fr\/wp-json\/wp\/v2\/media\/29380"}],"wp:attachment":[{"href":"https:\/\/apexresearchchemical.eu\/fr\/wp-json\/wp\/v2\/media?parent=23317"}],"wp:term":[{"taxonomy":"product_brand","embeddable":true,"href":"https:\/\/apexresearchchemical.eu\/fr\/wp-json\/wp\/v2\/product_brand?post=23317"},{"taxonomy":"product_cat","embeddable":true,"href":"https:\/\/apexresearchchemical.eu\/fr\/wp-json\/wp\/v2\/product_cat?post=23317"},{"taxonomy":"product_tag","embeddable":true,"href":"https:\/\/apexresearchchemical.eu\/fr\/wp-json\/wp\/v2\/product_tag?post=23317"}],"curies":[{"name":"wp","href":"https:\/\/api.w.org\/{rel}","templated":true}]}}