{"id":24185,"date":"2025-04-13T17:41:13","date_gmt":"2025-04-13T17:41:13","guid":{"rendered":"https:\/\/apexresearchchemical.eu\/?post_type=product&#038;p=24185"},"modified":"2026-03-20T10:28:22","modified_gmt":"2026-03-20T10:28:22","slug":"demi-vie-du-flubrotizolam","status":"publish","type":"product","link":"https:\/\/apexresearchchemical.eu\/fr\/boutique\/b2b\/demi-vie-du-flubrotizolam\/","title":{"rendered":"Bo\u00eete de RC+ Flubrotizolam 0,5 mg"},"content":{"rendered":"<h1><strong>Flubrotizolam demi-vie 0,5 mg en bo\u00eete \u2013 Des produits chimiques de recherche puissants pour les exp\u00e9riences scientifiques<\/strong><\/h1>\n<h2><strong>Flubrotizolam 0,5 mg \u2013 Un puissant compos\u00e9 de recherche<\/strong><\/h2>\n<p class=\"ds-markdown-paragraph\">Le\u00a0<strong>Bo\u00eete de RC+ Flubrotizolam demi-vie 0,5 mg<\/strong>\u00a0contient un produit chimique de recherche de grande valeur et potentiellement int\u00e9ressant de la classe des thi\u00e9notriazolodiaz\u00e9pines. Cette substance est principalement connue gr\u00e2ce \u00e0 la recherche pharmacologique et est vendue exclusivement \u00e0 des fins de recherche scientifique.<\/p>\n<p class=\"ds-markdown-paragraph\">Le flubrotizolam attire l\u2019attention des chercheurs en raison de ses propri\u00e9t\u00e9s uniques et de ses effets pharmacologiques possibles dans les exp\u00e9riences. Le faible dosage de 0,5 mg par comprim\u00e9 le rend particuli\u00e8rement adapt\u00e9 aux \u00e9tudes pr\u00e9cises et contr\u00f4l\u00e9es.<\/p>\n<hr \/>\n<h2><strong>Pourquoi acheter RC+ Flubrotizolam 0,5 mg ?<\/strong><\/h2>\n<p class=\"ds-markdown-paragraph\">\u2705\u00a0<strong>Dosage extr\u00eamement pr\u00e9cis :<\/strong>\u00a0Chaque comprim\u00e9 contient exactement\u00a0<strong>0,5 mg de flubrotizolam<\/strong>\u00a0pour des r\u00e9sultats de recherche coh\u00e9rents et fiables<\/p>\n<p class=\"ds-markdown-paragraph\">\u2705\u00a0<strong>Norme de qualit\u00e9 la plus \u00e9lev\u00e9e :<\/strong>\u00a0Produit dans des conditions de laboratoire strictes avec une puret\u00e9 maximale<\/p>\n<p class=\"ds-markdown-paragraph\">\u2705\u00a0<strong>Emballage optimal :<\/strong>\u00a0Emballage pratique en bo\u00eete avec protection contre la lumi\u00e8re <a href=\"http:\/\/google.nl\" target=\"_blank\" rel=\"noopener\">et<\/a> humidit\u00e9<\/p>\n<p class=\"ds-markdown-paragraph\">\u2705\u00a0<strong>Livraison rapide et discr\u00e8te :<\/strong>\u00a0Command\u00e9 avant 15h ? Habituellement exp\u00e9di\u00e9 le jour ouvrable m\u00eame !<\/p>\n<p class=\"ds-markdown-paragraph\">\u2705\u00a0<strong>Pour la recherche uniquement :<\/strong>\u00a0Convient aux exp\u00e9riences scientifiques et aux \u00e9tudes analytiques<\/p>\n<hr \/>\n<h2><strong>Informations importantes sur l&#039;utilisation<\/strong><\/h2>\n<p class=\"ds-markdown-paragraph\">\u26a0\ufe0f\u00a0<strong>R\u00e9serv\u00e9 \u00e0 la recherche scientifique<\/strong>\u00a0\u2013 Absolument pas destin\u00e9 \u00e0 la consommation humaine ou animale<\/p>\n<p class=\"ds-markdown-paragraph\">\u26a0\ufe0f\u00a0<strong>Consignes de s\u00e9curit\u00e9 :<\/strong><\/p>\n<ul>\n<li>\n<p class=\"ds-markdown-paragraph\">Tenir hors de port\u00e9e des enfants et des personnes non autoris\u00e9es<\/p>\n<\/li>\n<li>\n<p class=\"ds-markdown-paragraph\">Conserver dans un endroit sec \u00e0 temp\u00e9rature ambiante<\/p>\n<\/li>\n<li>\n<p class=\"ds-markdown-paragraph\">\u00c0 utiliser uniquement dans des environnements de recherche professionnels<\/p>\n<\/li>\n<\/ul>\n<p class=\"ds-markdown-paragraph\">\u26a0\ufe0f\u00a0<strong>Utilisation responsable :<\/strong>\u00a0\u00c0 utiliser uniquement par des chercheurs qualifi\u00e9s disposant d&#039;installations de laboratoire ad\u00e9quates<\/p>\n<hr \/>\n<h2><strong>Questions fr\u00e9quemment pos\u00e9es sur la demi-vie du flubrotizolam<\/strong><\/h2>\n<h3><strong>1. Qu\u2019est-ce qui rend le flubrotizolam int\u00e9ressant pour la recherche ?<\/strong><\/h3>\n<p class=\"ds-markdown-paragraph\">Le flubrotizolam appartient \u00e0 une classe int\u00e9ressante de compos\u00e9s qui re\u00e7oivent l\u2019attention scientifique en raison de leurs propri\u00e9t\u00e9s pharmacodynamiques uniques.<a title=\"Granul\u00e9s O-DSMT 50 mg\" href=\"https:\/\/apexresearchchemical.eu\/fr\/boutique\/granules-2\/o-dsmt-50-mg-granules\/\" target=\"_blank\" rel=\"noopener\">Granul\u00e9s O-DSMT 50 mg<\/a><\/p>\n<h3><strong>2. Cette substance est-elle l\u00e9gale aux Pays-Bas\/en Belgique ?<\/strong><\/h3>\n<p class=\"ds-markdown-paragraph\">Ce produit est vendu comme produit chimique de recherche uniquement aux chercheurs qualifi\u00e9s et n&#039;est pas destin\u00e9 \u00e0 la consommation. La l\u00e9galit\u00e9 peut varier selon les pays \u2013 les chercheurs doivent v\u00e9rifier eux-m\u00eames les lois locales.<\/p>\n<h3><strong>3. Comment le produit est-il livr\u00e9 ?<\/strong><\/h3>\n<p class=\"ds-markdown-paragraph\">Le\u00a0<strong>Bo\u00eete de RC+ Flubrotizolam 0,5 mg<\/strong>\u00a0contient des comprim\u00e9s dos\u00e9s avec pr\u00e9cision dans un emballage professionnel et s\u00e9curis\u00e9.<a title=\"Granul\u00e9s de 2-CMC 250 mg\" href=\"https:\/\/apexresearchchemical.eu\/fr\/boutique\/cathinones\/%f0%9f%92%a1-2-mmc-poudre-cristalline-pour-toutes-questions-et-reponses-pour-lachat\/\" target=\"_blank\" rel=\"noopener\">Granul\u00e9s de 2-CMC 250 mg<\/a><\/p>\n<hr \/>\n<h2><strong>Commandez maintenant RC+ Flubrotizolam demi-vie 0,5 mg Bo\u00eete<\/strong><\/h2>\n<p class=\"ds-markdown-paragraph\">\u00cates-vous un chercheur ou un scientifique \u00e0 la recherche de produits chimiques de recherche de haute qualit\u00e9 et dos\u00e9s avec pr\u00e9cision ? Alors commandez aujourd&#039;hui\u00a0<strong>Bo\u00eete de RC+ Flubrotizolam 0,5 mg<\/strong>\u00a0pour une livraison rapide et discr\u00e8te \u00e0 votre centre de recherche ou laboratoire.<a title=\"G\u00e9lules de 2C-EF 2 mg\" href=\"https:\/\/apexresearchchemical.eu\/fr\/boutique\/phenethylamine\/gelules-2c-ef-2-mg\/\" target=\"_blank\" rel=\"noopener\">G\u00e9lules de 2C-EF 2 mg<\/a><\/p>","protected":false},"excerpt":{"rendered":"<p>Flubrotizolam demi-vie 0,5 mg Box \u2013 Des produits chimiques de recherche puissants pour les exp\u00e9riences scientifiques Flubrotizolam 0,5 mg \u2013 Un produit chimique de recherche puissant Le RC+ ...<\/p>","protected":false},"featured_media":29459,"comment_status":"closed","ping_status":"closed","template":"","meta":[],"product_brand":[82],"product_cat":[555],"product_tag":[150,153,154,151,152,155,326],"class_list":{"0":"post-24185","1":"product","2":"type-product","3":"status-publish","4":"has-post-thumbnail","6":"product_brand-research-chemical","7":"product_cat-b2b","8":"product_tag-flubrotizolam","9":"product_tag-flubrotizolam-dosage","10":"product_tag-flubrotizolam-ervaring","11":"product_tag-flubrotizolam-half-life","12":"product_tag-flubrotizolam-werking","13":"product_tag-flunitrazolam-bijwerkingen","14":"product_tag-nl","16":"first","17":"instock","18":"taxable","19":"shipping-taxable","20":"purchasable","21":"product-type-simple"},"_links":{"self":[{"href":"https:\/\/apexresearchchemical.eu\/fr\/wp-json\/wp\/v2\/product\/24185","targetHints":{"allow":["GET"]}}],"collection":[{"href":"https:\/\/apexresearchchemical.eu\/fr\/wp-json\/wp\/v2\/product"}],"about":[{"href":"https:\/\/apexresearchchemical.eu\/fr\/wp-json\/wp\/v2\/types\/product"}],"replies":[{"embeddable":true,"href":"https:\/\/apexresearchchemical.eu\/fr\/wp-json\/wp\/v2\/comments?post=24185"}],"version-history":[{"count":3,"href":"https:\/\/apexresearchchemical.eu\/fr\/wp-json\/wp\/v2\/product\/24185\/revisions"}],"predecessor-version":[{"id":26030,"href":"https:\/\/apexresearchchemical.eu\/fr\/wp-json\/wp\/v2\/product\/24185\/revisions\/26030"}],"wp:featuredmedia":[{"embeddable":true,"href":"https:\/\/apexresearchchemical.eu\/fr\/wp-json\/wp\/v2\/media\/29459"}],"wp:attachment":[{"href":"https:\/\/apexresearchchemical.eu\/fr\/wp-json\/wp\/v2\/media?parent=24185"}],"wp:term":[{"taxonomy":"product_brand","embeddable":true,"href":"https:\/\/apexresearchchemical.eu\/fr\/wp-json\/wp\/v2\/product_brand?post=24185"},{"taxonomy":"product_cat","embeddable":true,"href":"https:\/\/apexresearchchemical.eu\/fr\/wp-json\/wp\/v2\/product_cat?post=24185"},{"taxonomy":"product_tag","embeddable":true,"href":"https:\/\/apexresearchchemical.eu\/fr\/wp-json\/wp\/v2\/product_tag?post=24185"}],"curies":[{"name":"wp","href":"https:\/\/api.w.org\/{rel}","templated":true}]}}