{"id":24196,"date":"2025-04-13T17:41:14","date_gmt":"2025-04-13T17:41:14","guid":{"rendered":"https:\/\/apexresearchchemical.eu\/?post_type=product&#038;p=24196"},"modified":"2026-03-20T10:05:01","modified_gmt":"2026-03-20T10:05:01","slug":"2-sachets-de-chlorhydrate-de-mmc-1-g","status":"publish","type":"product","link":"https:\/\/apexresearchchemical.eu\/fr\/boutique\/b2b\/2-sachets-de-chlorhydrate-de-mmc-1-g\/","title":{"rendered":"Sachet de 2-MMC HCl 1 g"},"content":{"rendered":"<h2 class=\"ds-markdown-paragraph\"><strong>2 MMC HCl (1 gramme) \u2013 Chimie de recherche de qualit\u00e9 sup\u00e9rieure pour les \u00e9tudes neurochimiques<\/strong><\/h2>\n<p class=\"ds-markdown-paragraph\"><strong>Nom du produit :<\/strong> 2 MMC HCl (chlorhydrate de 2-m\u00e9thylm\u00e9thcathinone)<br \/>\n<strong>Cat\u00e9gorie:<\/strong>\u00a0Produits chimiques de recherche (classe des cathinones stimulantes)<br \/>\n<strong>Application:<\/strong>\u00a0\u00c9tudes sur les transporteurs dopaminergiques et recherche neuropharmacologique<\/p>\n<hr \/>\n<h3><strong>Caract\u00e9ristiques du produit :<\/strong><\/h3>\n<p class=\"ds-markdown-paragraph\">\ud83d\udd2c\u00a0<strong>Qualit\u00e9 pharmaceutique<\/strong>\u00a0(&gt;98% puret\u00e9, valid\u00e9 HPLC)<br \/>\n\u2696\u00a0<strong>1 gramme de poudre de haute puret\u00e9<\/strong>\u00a0(norme analytique)<br \/>\n\ud83d\udce6\u00a0<strong>Emballage sans oxyg\u00e8ne et \u00e9tanche \u00e0 la lumi\u00e8re<\/strong><br \/>\n\ud83d\udcca\u00a0<strong>Qualit\u00e9 enti\u00e8rement tra\u00e7able<\/strong>\u00a0(analyses GC\/MS, RMN, FTIR)<a title=\"buvards 1V-LSD 150 MCG\" href=\"https:\/\/apexresearchchemical.eu\/fr\/boutique\/lysergamides\/1v-lsd-150-mcg-blotters\/\" target=\"_blank\" rel=\"noopener\">buvards 1V-LSD 150 MCG<\/a><\/p>\n<h3><strong>Pertinence scientifique :<\/strong><\/h3>\n<p class=\"ds-markdown-paragraph\">Le 2-MMC HCl offre des possibilit\u00e9s uniques pour :<\/p>\n<ul>\n<li>\n<p class=\"ds-markdown-paragraph\">\u00c9tudes sur l&#039;inhibition de la recapture de la dopamine et de la noradr\u00e9naline<\/p>\n<\/li>\n<li>\n<p class=\"ds-markdown-paragraph\">Relations structure-activit\u00e9 dans la s\u00e9rie des cathinones<\/p>\n<\/li>\n<li>\n<p class=\"ds-markdown-paragraph\">\u00c9tude comparative avec des compos\u00e9s stimulants apparent\u00e9s<\/p>\n<\/li>\n<\/ul>\n<p class=\"ds-markdown-paragraph\"><strong>Note de recherche critique :<\/strong><\/p>\n<ul>\n<li>\n<p class=\"ds-markdown-paragraph\">R\u00e9serv\u00e9 \u00e0 la recherche in vitro avanc\u00e9e<\/p>\n<\/li>\n<li>\n<p class=\"ds-markdown-paragraph\">Absolument pas destin\u00e9 \u00e0 l&#039;usage humain\/animal<\/p>\n<\/li>\n<li>\n<p class=\"ds-markdown-paragraph\">Interdit pour un usage r\u00e9cr\u00e9atif\/m\u00e9dical.<a title=\"Granul\u00e9s de 2-CMC 250 mg\" href=\"https:\/\/apexresearchchemical.eu\/fr\/boutique\/cathinones\/%f0%9f%92%a1-2-mmc-poudre-cristalline-pour-toutes-questions-et-reponses-pour-lachat\/\" target=\"_blank\" rel=\"noopener\">Granul\u00e9s de 2-CMC 250 mg<\/a><\/p>\n<\/li>\n<\/ul>\n<hr \/>\n<h3><strong>S\u00e9curit\u00e9 en laboratoire (classe ISO 5) :<\/strong><\/h3>\n<p class=\"ds-markdown-paragraph\">\u26a0\u00a0<strong>Protocoles avanc\u00e9s :<\/strong><\/p>\n<ul>\n<li>\n<p class=\"ds-markdown-paragraph\">Travailler sous une bo\u00eete \u00e0 gants climatis\u00e9e<\/p>\n<\/li>\n<li>\n<p class=\"ds-markdown-paragraph\">EPI complet\u00a0: combinaison de laboratoire Tyvek, masque N95<\/p>\n<\/li>\n<li>\n<p class=\"ds-markdown-paragraph\">Conserver sous gaz inerte (Argon) \u00e0 -20\u00b0C<\/p>\n<\/li>\n<\/ul>\n<p class=\"ds-markdown-paragraph\">\u26a0\u00a0<strong>Statut r\u00e9glementaire :<\/strong><\/p>\n<ul>\n<li>\n<p class=\"ds-markdown-paragraph\">Substance inscrite au tableau II de la loi sur l&#039;opium aux Pays-Bas<\/p>\n<\/li>\n<li>\n<p class=\"ds-markdown-paragraph\">Des restrictions NPS s&#039;appliquent \u00e0 l&#039;\u00e9chelle de l&#039;UE<\/p>\n<\/li>\n<li>\n<p class=\"ds-markdown-paragraph\">Contr\u00f4les des exportations en vertu des trait\u00e9s internationaux.<a title=\"G\u00e9lules de 2C-EF 2 mg\" href=\"https:\/\/apexresearchchemical.eu\/fr\/boutique\/phenethylamine\/gelules-2c-ef-2-mg\/\" target=\"_blank\" rel=\"noopener\">G\u00e9lules de 2C-EF 2 mg<\/a><\/p>\n<\/li>\n<\/ul>\n<hr \/>\n<h3><strong>Avantages de la recherche :<\/strong><\/h3>\n<p class=\"ds-markdown-paragraph\">\u2705\u00a0<strong>Puret\u00e9 pharmaceutique<\/strong>\u00a0\u2013 Norme de classe USP<br \/>\n\u2705\u00a0<strong>Versions marqu\u00e9es aux isotopes stables<\/strong>\u00a0disponible<br \/>\n\u2705\u00a0<strong>Dossier analytique complet<\/strong>\u00a0(y compris les spectres MS\/MS)<br \/>\n\u2705\u00a0<strong>Emballage conforme aux BPL\/BPF<\/strong><\/p>","protected":false},"excerpt":{"rendered":"<p>2 MMC HCl (1 gramme) \u2013 Chimie de recherche de qualit\u00e9 sup\u00e9rieure pour les \u00e9tudes neurochimiques Nom du produit : 2 MMC HCl (chlorhydrate de 2-m\u00e9thylm\u00e9thcathinone) Cat\u00e9gorie : Produits chimiques de recherche (cathinone stimulante)<\/p>","protected":false},"featured_media":29234,"comment_status":"closed","ping_status":"closed","template":"","meta":[],"product_brand":[82],"product_cat":[555],"product_tag":[89,88,83,326,94,93],"class_list":{"0":"post-24196","1":"product","2":"type-product","3":"status-publish","4":"has-post-thumbnail","6":"product_brand-research-chemical","7":"product_cat-b2b","8":"product_tag-2-mmc","9":"product_tag-2-mmc-ervaringen","10":"product_tag-2-mmc-kopen","11":"product_tag-nl","12":"product_tag-wat-doet-2-mmc","13":"product_tag-wat-is-2-mmc","15":"first","16":"instock","17":"taxable","18":"shipping-taxable","19":"purchasable","20":"product-type-variable"},"_links":{"self":[{"href":"https:\/\/apexresearchchemical.eu\/fr\/wp-json\/wp\/v2\/product\/24196","targetHints":{"allow":["GET"]}}],"collection":[{"href":"https:\/\/apexresearchchemical.eu\/fr\/wp-json\/wp\/v2\/product"}],"about":[{"href":"https:\/\/apexresearchchemical.eu\/fr\/wp-json\/wp\/v2\/types\/product"}],"replies":[{"embeddable":true,"href":"https:\/\/apexresearchchemical.eu\/fr\/wp-json\/wp\/v2\/comments?post=24196"}],"version-history":[{"count":3,"href":"https:\/\/apexresearchchemical.eu\/fr\/wp-json\/wp\/v2\/product\/24196\/revisions"}],"predecessor-version":[{"id":26018,"href":"https:\/\/apexresearchchemical.eu\/fr\/wp-json\/wp\/v2\/product\/24196\/revisions\/26018"}],"wp:featuredmedia":[{"embeddable":true,"href":"https:\/\/apexresearchchemical.eu\/fr\/wp-json\/wp\/v2\/media\/29234"}],"wp:attachment":[{"href":"https:\/\/apexresearchchemical.eu\/fr\/wp-json\/wp\/v2\/media?parent=24196"}],"wp:term":[{"taxonomy":"product_brand","embeddable":true,"href":"https:\/\/apexresearchchemical.eu\/fr\/wp-json\/wp\/v2\/product_brand?post=24196"},{"taxonomy":"product_cat","embeddable":true,"href":"https:\/\/apexresearchchemical.eu\/fr\/wp-json\/wp\/v2\/product_cat?post=24196"},{"taxonomy":"product_tag","embeddable":true,"href":"https:\/\/apexresearchchemical.eu\/fr\/wp-json\/wp\/v2\/product_tag?post=24196"}],"curies":[{"name":"wp","href":"https:\/\/api.w.org\/{rel}","templated":true}]}}