{"id":24226,"date":"2025-04-13T17:41:17","date_gmt":"2025-04-13T17:41:17","guid":{"rendered":"https:\/\/apexresearchchemical.eu\/?post_type=product&#038;p=24226"},"modified":"2026-03-20T10:02:42","modified_gmt":"2026-03-20T10:02:42","slug":"nm-2-ai-hcl-pur","status":"publish","type":"product","link":"https:\/\/apexresearchchemical.eu\/fr\/boutique\/nm-2-ai\/nm-2-ai-hcl-pur\/","title":{"rendered":"NM-2-AI HCl pur"},"content":{"rendered":"<h2>NM-2-AI HCl pur<\/h2>\n<p>Le chlorhydrate de NM-2-AI est une substance que nous vendons uniquement \u00e0 des fins de recherche et n&#039;est donc pas destin\u00e9e \u00e0 la consommation. Le NM-2-AI peut \u00eatre \u00e9tudi\u00e9 jusqu&#039;\u00e0 2 ans lorsqu&#039;il est stock\u00e9 dans un environnement appropri\u00e9.<\/p>\n<p>\u00c9tant donn\u00e9 que le NM-2-AI est destin\u00e9 uniquement \u00e0 la recherche et non \u00e0 la consommation, il est important que le NM-2-AI soit conserv\u00e9 hors de port\u00e9e des enfants et des animaux domestiques.<a title=\"Granul\u00e9s O-DSMT 50 mg\" href=\"https:\/\/apexresearchchemical.eu\/fr\/boutique\/granules-2\/o-dsmt-50-mg-granules\/\" target=\"_blank\" rel=\"noopener\">Granul\u00e9s O-DSMT 50 mg<\/a><\/p>\n<p>Nous proposons des produits chimiques de recherche de bonne qualit\u00e9 \u00e0 un prix \u00e9quitable. Votre commande sera exp\u00e9di\u00e9e dans les 24 heures chaque jour. Commandez donc NM-2-AI en toute s\u00e9curit\u00e9 et rapidement via !<a title=\"buvards 1V-LSD 150 MCG\" href=\"https:\/\/apexresearchchemical.eu\/fr\/boutique\/lysergamides\/1v-lsd-150-mcg-blotters\/\" target=\"_blank\" rel=\"noopener\">buvards 1V-LSD 150 MCG<\/a><\/p>\n<h3>Mention de danger<\/h3>\n<p>Le NM-2-AI peut provoquer une irritation respiratoire<br \/>\nLe NM-2-AI peut provoquer une irritation <a href=\"http:\/\/google.nl\" target=\"_blank\" rel=\"noopener\">dans<\/a> les yeux causent.<br \/>\nIl est interdit de rejeter des produits chimiques de recherche dans l\u2019environnement.<\/p>\n<p>NM-2-AI EN CAS DE CONTACT AVEC LES YEUX : Rincer les yeux avec pr\u00e9caution \u00e0 l&#039;eau pendant cinq minutes. Retirez les lentilles de contact si possible.<\/p>\n<p>NM-2-AI EN CAS DE CONTACT AVEC LA PEAU : Laver la peau avec de l&#039;eau et du savon.<a title=\"6-CL-ADBA\" href=\"https:\/\/apexresearchchemical.eu\/fr\/boutique\/presque-interdit\/6-cl-dadba\/\" target=\"_blank\" rel=\"noopener\">6-CL-ADBA<\/a><\/p>\n<p>EN CAS D&#039;INHALATION DE NM-2-AI : transporter la victime \u00e0 l&#039;ext\u00e9rieur et la maintenir dans une position o\u00f9 elle peut confortablement respirer.<a title=\"Granul\u00e9s de 2-CMC 250 mg\" href=\"https:\/\/apexresearchchemical.eu\/fr\/boutique\/cathinones\/%f0%9f%92%a1-2-mmc-poudre-cristalline-pour-toutes-questions-et-reponses-pour-lachat\/\" target=\"_blank\" rel=\"noopener\">Granul\u00e9s de 2-CMC 250 mg<\/a><\/p>","protected":false},"excerpt":{"rendered":"<h2>NM-2-AI HCl pur<\/h2>\n<p>Le chlorhydrate de NM-2-AI est une substance que nous vendons uniquement \u00e0 des fins de recherche et n&#039;est donc pas destin\u00e9e \u00e0 la consommation. Le NM-2-AI peut \u00eatre \u00e9tudi\u00e9 jusqu&#039;\u00e0 2 ans lorsqu&#039;il est stock\u00e9 dans un environnement appropri\u00e9.2C-E<\/p>","protected":false},"featured_media":29427,"comment_status":"closed","ping_status":"closed","template":"","meta":[],"product_brand":[82],"product_cat":[479,336],"product_tag":[326,879,880],"class_list":{"0":"post-24226","1":"product","2":"type-product","3":"status-publish","4":"has-post-thumbnail","6":"product_brand-research-chemical","7":"product_cat-nm-2-ai","8":"product_cat-overig","9":"product_tag-nl","10":"product_tag-nm-2-ai","11":"product_tag-nm-2-ai-hcl","13":"first","14":"instock","15":"taxable","16":"shipping-taxable","17":"purchasable","18":"product-type-variable"},"_links":{"self":[{"href":"https:\/\/apexresearchchemical.eu\/fr\/wp-json\/wp\/v2\/product\/24226","targetHints":{"allow":["GET"]}}],"collection":[{"href":"https:\/\/apexresearchchemical.eu\/fr\/wp-json\/wp\/v2\/product"}],"about":[{"href":"https:\/\/apexresearchchemical.eu\/fr\/wp-json\/wp\/v2\/types\/product"}],"replies":[{"embeddable":true,"href":"https:\/\/apexresearchchemical.eu\/fr\/wp-json\/wp\/v2\/comments?post=24226"}],"version-history":[{"count":4,"href":"https:\/\/apexresearchchemical.eu\/fr\/wp-json\/wp\/v2\/product\/24226\/revisions"}],"predecessor-version":[{"id":26016,"href":"https:\/\/apexresearchchemical.eu\/fr\/wp-json\/wp\/v2\/product\/24226\/revisions\/26016"}],"wp:featuredmedia":[{"embeddable":true,"href":"https:\/\/apexresearchchemical.eu\/fr\/wp-json\/wp\/v2\/media\/29427"}],"wp:attachment":[{"href":"https:\/\/apexresearchchemical.eu\/fr\/wp-json\/wp\/v2\/media?parent=24226"}],"wp:term":[{"taxonomy":"product_brand","embeddable":true,"href":"https:\/\/apexresearchchemical.eu\/fr\/wp-json\/wp\/v2\/product_brand?post=24226"},{"taxonomy":"product_cat","embeddable":true,"href":"https:\/\/apexresearchchemical.eu\/fr\/wp-json\/wp\/v2\/product_cat?post=24226"},{"taxonomy":"product_tag","embeddable":true,"href":"https:\/\/apexresearchchemical.eu\/fr\/wp-json\/wp\/v2\/product_tag?post=24226"}],"curies":[{"name":"wp","href":"https:\/\/api.w.org\/{rel}","templated":true}]}}