{"id":24332,"date":"2025-04-13T17:41:30","date_gmt":"2025-04-13T17:41:30","guid":{"rendered":"https:\/\/apexresearchchemical.eu\/?post_type=product&#038;p=24332"},"modified":"2026-03-20T09:17:42","modified_gmt":"2026-03-20T09:17:42","slug":"plaquette-thermoformee-de-rc-moxy-10-mg","status":"publish","type":"product","link":"https:\/\/apexresearchchemical.eu\/fr\/boutique\/b2b\/plaquette-thermoformee-de-rc-moxy-10-mg\/","title":{"rendered":"Plaquette thermoform\u00e9e RC+ Moxy 10 mg"},"content":{"rendered":"<p class=\"ds-markdown-paragraph\"><strong><span class=\"___SText_anxqe-ko_\" data-ui-name=\"Link.Text\">Moxy 5 meo mipt <\/span>Blister de 10 mg \u2013 Chimie de recherche de qualit\u00e9 sup\u00e9rieure \u00e0 des fins scientifiques<\/strong><\/p>\n<p class=\"ds-markdown-paragraph\"><strong>Nom du produit :<\/strong>\u00a0RC+ Moxy (5-MeO-MiPT) \u2013 10 mg par comprim\u00e9 \u2013 Plaquette thermoform\u00e9e<br \/>\n<strong>Cat\u00e9gorie:<\/strong>\u00a0Produits chimiques de recherche (classe psych\u00e9d\u00e9lique\/tryptamine)<br \/>\n<strong>Champ d&#039;application :<\/strong> Recherche neurochimique et \u00e9tudes pharmacologiques.<a title=\"Buvards artistiques 1cP-LSD 150 MCG\" href=\"https:\/\/apexresearchchemical.eu\/fr\/boutique\/lysergamides\/1cp-lsd-150-mcg-pastilles\/\" target=\"_blank\" rel=\"noopener\">Buvards artistiques 1cP-LSD 150 MCG<\/a><\/p>\n<hr \/>\n<h3><strong>Caract\u00e9ristiques du produit : <span class=\"___SText_anxqe-ko_\" data-ui-name=\"Link.Text\">moxy 5 meo mipt<\/span><\/strong><\/h3>\n<p class=\"ds-markdown-paragraph\">\ud83d\udd2c\u00a0<strong>Haute puret\u00e9<\/strong>\u00a0(&gt;98%) \u2013 Optimis\u00e9 pour des r\u00e9sultats de recherche pr\u00e9cis<br \/>\n\ud83d\udc8a\u00a0<strong>10 mg par comprim\u00e9<\/strong>\u00a0\u2013 Microdosage pr\u00e9cis pour des exp\u00e9riences contr\u00f4l\u00e9es<br \/>\n\ud83d\udce6\u00a0<strong>Emballage blister professionnel<\/strong>\u00a0\u2013 Prot\u00e8ge contre la d\u00e9gradation par la lumi\u00e8re\/l\u2019humidit\u00e9<br \/>\n\ud83d\udcca\u00a0<strong>Qualit\u00e9 certifi\u00e9e<\/strong>\u00a0\u2013 Rapports d\u2019analyse HPLC\/MS disponibles sur demande<\/p>\n<h3><strong>\u00c0 propos <span class=\"___SText_anxqe-ko_\" data-ui-name=\"Link.Text\">moxy 5 meo mipt<\/span>:<\/strong><\/h3>\n<p class=\"ds-markdown-paragraph\">Une substance de recherche de la famille des tryptamines aux propri\u00e9t\u00e9s pharmacologiques int\u00e9ressantes pour :<\/p>\n<ul>\n<li>\n<p class=\"ds-markdown-paragraph\">Recherche sur les r\u00e9cepteurs s\u00e9rotoninergiques<\/p>\n<\/li>\n<li>\n<p class=\"ds-markdown-paragraph\">\u00c9tudes de neurotransmission<\/p>\n<\/li>\n<li>\n<p class=\"ds-markdown-paragraph\">Analyses comparatives de profils psychoactifs.<a title=\"Granul\u00e9s O-DSMT 50 mg\" href=\"https:\/\/apexresearchchemical.eu\/fr\/boutique\/granules-2\/o-dsmt-50-mg-granules\/\" target=\"_blank\" rel=\"noopener\">Granul\u00e9s O-DSMT 50 mg<\/a><\/p>\n<\/li>\n<\/ul>\n<p class=\"ds-markdown-paragraph\"><strong>Important:<\/strong><\/p>\n<ul>\n<li>\n<p class=\"ds-markdown-paragraph\">Pour la recherche in vitro uniquement<\/p>\n<\/li>\n<li>\n<p class=\"ds-markdown-paragraph\">Ne convient pas \u00e0 la consommation humaine\/animale<\/p>\n<\/li>\n<li>\n<p class=\"ds-markdown-paragraph\">Non destin\u00e9 \u00e0 un usage m\u00e9dicinal ou r\u00e9cr\u00e9atif.<a title=\"Granul\u00e9s de 2-CMC 250 mg\" href=\"https:\/\/apexresearchchemical.eu\/fr\/boutique\/cathinones\/%f0%9f%92%a1-2-mmc-poudre-cristalline-pour-toutes-questions-et-reponses-pour-lachat\/\" target=\"_blank\" rel=\"noopener\">Granul\u00e9s de 2-CMC 250 mg<\/a><\/p>\n<\/li>\n<\/ul>\n<hr \/>\n<h3><strong>Protocole de s\u00e9curit\u00e9 :<span class=\"___SText_anxqe-ko_\" data-ui-name=\"Link.Text\">moxy 5 meo mipt<\/span><\/strong><\/h3>\n<p class=\"ds-markdown-paragraph\">\u26a0\u00a0<strong>Instructions de laboratoire :<\/strong><\/p>\n<ul>\n<li>\n<p class=\"ds-markdown-paragraph\">Travaillez toujours avec des gants\/une blouse de laboratoire<\/p>\n<\/li>\n<li>\n<p class=\"ds-markdown-paragraph\">Utiliser uniquement dans un environnement de laboratoire contr\u00f4l\u00e9<\/p>\n<\/li>\n<li>\n<p class=\"ds-markdown-paragraph\">\u00c9viter le contact direct avec la peau\/les yeux<\/p>\n<\/li>\n<\/ul>\n<p class=\"ds-markdown-paragraph\">\u26a0\u00a0<strong>Statut juridique :<\/strong><\/p>\n<ul>\n<li>\n<p class=\"ds-markdown-paragraph\">R\u00e9glement\u00e9 aux Pays-Bas en vertu de la loi sur l&#039;opium<\/p>\n<\/li>\n<li>\n<p class=\"ds-markdown-paragraph\">Des restrictions \u00e0 l&#039;\u00e9chelle de l&#039;UE peuvent s&#039;appliquer<\/p>\n<\/li>\n<li>\n<p class=\"ds-markdown-paragraph\">La responsabilit\u00e9 des achats incombe au chercheur<\/p>\n<\/li>\n<\/ul>\n<hr \/>\n<h3><strong>Pourquoi RC+ Moxy 10 mg Blister ?<\/strong><\/h3>\n<p class=\"ds-markdown-paragraph\">\u2705\u00a0<strong>Contr\u00f4le qualit\u00e9 avanc\u00e9<\/strong>\u00a0\u2013 Chaque lot est test\u00e9 ind\u00e9pendamment<br \/>\n\u2705\u00a0<strong>Exp\u00e9dition discr\u00e8te<\/strong>\u00a0\u2013 Emballage totalement anonyme<br \/>\n\u2705\u00a0<strong>Livraison rapide dans l&#039;UE<\/strong>\u00a0\u2013 Disponible dans les entrep\u00f4ts europ\u00e9ens<br \/>\n\u2705\u00a0<strong>Documentation scientifique<\/strong> \u2013 Informations d\u00e9taill\u00e9es sur le produit disponibles.<a title=\"G\u00e9lules de 2C-EF 2 mg\" href=\"https:\/\/apexresearchchemical.eu\/fr\/boutique\/phenethylamine\/gelules-2c-ef-2-mg\/\" target=\"_blank\" rel=\"noopener\">G\u00e9lules de 2C-EF 2 mg<\/a><\/p>","protected":false},"excerpt":{"rendered":"<p><strong>CAS Nummer:<\/strong> 96096-55-8<br \/>\n<strong>Formule:<\/strong> N-[2-(5-methoxy-1H-indol-3-yl)ethyl]-N-methylpropan-2-amine<br \/>\n<strong>Molmassa:<\/strong> 246.354 g\u00b7mol<br \/>\n<strong>Zuiverheid:<\/strong> &gt;97%<\/p>\n","protected":false},"featured_media":29467,"comment_status":"closed","ping_status":"closed","template":"","meta":[],"product_brand":[82],"product_cat":[555],"product_tag":[824,826,825,326,827],"class_list":{"0":"post-24332","1":"product","2":"type-product","3":"status-publish","4":"has-post-thumbnail","6":"product_brand-research-chemical","7":"product_cat-b2b","8":"product_tag-5-meo-mipt-moxy","9":"product_tag-5-meo-mipt-moxy-purifie","10":"product_tag-moxy-5-meo-mipt","11":"product_tag-nl","12":"product_tag-purifie-moxy-5-meo-mipt","14":"first","15":"instock","16":"taxable","17":"shipping-taxable","18":"purchasable","19":"product-type-variable"},"_links":{"self":[{"href":"https:\/\/apexresearchchemical.eu\/fr\/wp-json\/wp\/v2\/product\/24332","targetHints":{"allow":["GET"]}}],"collection":[{"href":"https:\/\/apexresearchchemical.eu\/fr\/wp-json\/wp\/v2\/product"}],"about":[{"href":"https:\/\/apexresearchchemical.eu\/fr\/wp-json\/wp\/v2\/types\/product"}],"replies":[{"embeddable":true,"href":"https:\/\/apexresearchchemical.eu\/fr\/wp-json\/wp\/v2\/comments?post=24332"}],"version-history":[{"count":3,"href":"https:\/\/apexresearchchemical.eu\/fr\/wp-json\/wp\/v2\/product\/24332\/revisions"}],"predecessor-version":[{"id":25994,"href":"https:\/\/apexresearchchemical.eu\/fr\/wp-json\/wp\/v2\/product\/24332\/revisions\/25994"}],"wp:featuredmedia":[{"embeddable":true,"href":"https:\/\/apexresearchchemical.eu\/fr\/wp-json\/wp\/v2\/media\/29467"}],"wp:attachment":[{"href":"https:\/\/apexresearchchemical.eu\/fr\/wp-json\/wp\/v2\/media?parent=24332"}],"wp:term":[{"taxonomy":"product_brand","embeddable":true,"href":"https:\/\/apexresearchchemical.eu\/fr\/wp-json\/wp\/v2\/product_brand?post=24332"},{"taxonomy":"product_cat","embeddable":true,"href":"https:\/\/apexresearchchemical.eu\/fr\/wp-json\/wp\/v2\/product_cat?post=24332"},{"taxonomy":"product_tag","embeddable":true,"href":"https:\/\/apexresearchchemical.eu\/fr\/wp-json\/wp\/v2\/product_tag?post=24332"}],"curies":[{"name":"wp","href":"https:\/\/api.w.org\/{rel}","templated":true}]}}