{"id":24800,"date":"2025-04-13T17:43:13","date_gmt":"2025-04-13T17:43:13","guid":{"rendered":"https:\/\/apexresearchchemical.eu\/?post_type=product&#038;p=24800"},"modified":"2026-03-20T07:21:04","modified_gmt":"2026-03-20T07:21:04","slug":"pastilles-detoile-rose-5-mapb-70-mg-2-fma-20-mg-5-meo-mipt-2-mg","status":"publish","type":"product","link":"https:\/\/apexresearchchemical.eu\/fr\/boutique\/2-fma-2-fluoromethamphetamine\/pastilles-detoile-rose-5-mapb-70-mg-2-fma-20-mg-5-meo-mipt-2-mg\/","title":{"rendered":"Granul\u00e9s Pink Star 5-MAPB 70 mg \/ 2-FMA 20 mg \/ 5-MeO-MiPT 2 mg"},"content":{"rendered":"<h2 class=\"ds-markdown-paragraph\"><strong><span dir=\"auto\" style=\"vertical-align: inherit;\"><span dir=\"auto\" style=\"vertical-align: inherit;\">Granul\u00e9s Pink Star \u2013 Formule de recherche avanc\u00e9e (70 mg de 5-MAPB + 20 mg de 2-FMA + 2 mg de 5-MeO-MiPT)<\/span><\/span><\/strong><\/h2>\n<p><strong><span dir=\"auto\" style=\"vertical-align: inherit;\"><span dir=\"auto\" style=\"vertical-align: inherit;\">Granul\u00e9s d&#039;\u00e9toiles roses<\/span><\/span><\/strong><\/p>\n<h3><strong>\ud83d\udd2c<span dir=\"auto\" style=\"vertical-align: inherit;\"><span dir=\"auto\" style=\"vertical-align: inherit;\">Sp\u00e9cifications techniques<\/span><\/span><\/strong><\/h3>\n<ul>\n<li>\n<p class=\"ds-markdown-paragraph\"><strong><span dir=\"auto\" style=\"vertical-align: inherit;\"><span dir=\"auto\" style=\"vertical-align: inherit;\">Diam\u00e8tre:<\/span><\/span><\/strong><span dir=\"auto\" style=\"vertical-align: inherit;\"><span dir=\"auto\" style=\"vertical-align: inherit;\"> \u00a08 mm (forme parfaitement ronde)<\/span><\/span><\/p>\n<\/li>\n<li>\n<p class=\"ds-markdown-paragraph\"><strong><span dir=\"auto\" style=\"vertical-align: inherit;\"><span dir=\"auto\" style=\"vertical-align: inherit;\">Couleur:<\/span><\/span><\/strong><span dir=\"auto\" style=\"vertical-align: inherit;\"><span dir=\"auto\" style=\"vertical-align: inherit;\"> \u00a0Rose fonc\u00e9 (colorant de qualit\u00e9 alimentaire)<\/span><\/span><\/p>\n<\/li>\n<li>\n<p class=\"ds-markdown-paragraph\"><strong><span dir=\"auto\" style=\"vertical-align: inherit;\"><span dir=\"auto\" style=\"vertical-align: inherit;\">Duret\u00e9:<\/span><\/span><\/strong><span dir=\"auto\" style=\"vertical-align: inherit;\"><span dir=\"auto\" style=\"vertical-align: inherit;\"> \u00a08-10 kp (qualit\u00e9 pharmaceutique)<\/span><\/span><\/p>\n<\/li>\n<li>\n<p class=\"ds-markdown-paragraph\"><strong><span dir=\"auto\" style=\"vertical-align: inherit;\"><span dir=\"auto\" style=\"vertical-align: inherit;\">Temps de d\u00e9sint\u00e9gration :<\/span><\/span><\/strong><span dir=\"auto\" style=\"vertical-align: inherit;\"><span dir=\"auto\" style=\"vertical-align: inherit;\"> \u00a0&lt;12 minutes (m\u00e9thode USP)<\/span><\/span><\/p>\n<\/li>\n<li>\n<p class=\"ds-markdown-paragraph\"><strong><span dir=\"auto\" style=\"vertical-align: inherit;\"><span dir=\"auto\" style=\"vertical-align: inherit;\">Rev\u00eatement:<\/span><\/span><\/strong><span dir=\"auto\" style=\"vertical-align: inherit;\"><span dir=\"auto\" style=\"vertical-align: inherit;\"> \u00a0Enrobage v\u00e9g\u00e9tarien (HPMC E5)<\/span><\/span><\/p>\n<\/li>\n<\/ul>\n<h3><strong>\ud83e\uddea<span dir=\"auto\" style=\"vertical-align: inherit;\"><span dir=\"auto\" style=\"vertical-align: inherit;\">Composition et puret\u00e9<\/span><\/span><\/strong><\/h3>\n<div class=\"markdown-table-wrapper\">\n<table>\n<thead>\n<tr>\n<th><span dir=\"auto\" style=\"vertical-align: inherit;\"><span dir=\"auto\" style=\"vertical-align: inherit;\">Composant<\/span><\/span><\/th>\n<th><span dir=\"auto\" style=\"vertical-align: inherit;\"><span dir=\"auto\" style=\"vertical-align: inherit;\">Dosage<\/span><\/span><\/th>\n<th><span dir=\"auto\" style=\"vertical-align: inherit;\"><span dir=\"auto\" style=\"vertical-align: inherit;\">Puret\u00e9<\/span><\/span><\/th>\n<\/tr>\n<\/thead>\n<tbody>\n<tr>\n<td><strong><span dir=\"auto\" style=\"vertical-align: inherit;\"><span dir=\"auto\" style=\"vertical-align: inherit;\">5-MAPB<\/span><\/span><\/strong><\/td>\n<td><span dir=\"auto\" style=\"vertical-align: inherit;\"><span dir=\"auto\" style=\"vertical-align: inherit;\">70 mg \u00b1 1,5 mg<\/span><\/span><\/td>\n<td><span dir=\"auto\" style=\"vertical-align: inherit;\"><span dir=\"auto\" style=\"vertical-align: inherit;\">\u226599% (HPLC)<\/span><\/span><\/td>\n<\/tr>\n<tr>\n<td><strong><span dir=\"auto\" style=\"vertical-align: inherit;\"><span dir=\"auto\" style=\"vertical-align: inherit;\">2-FMA<\/span><\/span><\/strong><\/td>\n<td><span dir=\"auto\" style=\"vertical-align: inherit;\"><span dir=\"auto\" style=\"vertical-align: inherit;\">20 mg \u00b1 0,5 mg<\/span><\/span><\/td>\n<td><span dir=\"auto\" style=\"vertical-align: inherit;\"><span dir=\"auto\" style=\"vertical-align: inherit;\">\u226598% (GC-MS)<\/span><\/span><\/td>\n<\/tr>\n<tr>\n<td><strong><span dir=\"auto\" style=\"vertical-align: inherit;\"><span dir=\"auto\" style=\"vertical-align: inherit;\">5-MeO-MiPT<\/span><\/span><\/strong><\/td>\n<td><span dir=\"auto\" style=\"vertical-align: inherit;\"><span dir=\"auto\" style=\"vertical-align: inherit;\">2 mg \u00b1 0,1 mg<\/span><\/span><\/td>\n<td><span dir=\"auto\" style=\"vertical-align: inherit;\"><span dir=\"auto\" style=\"vertical-align: inherit;\">\u226597% (LC-MS)<\/span><\/span><\/td>\n<\/tr>\n<\/tbody>\n<\/table>\n<\/div>\n<h3><strong>\ud83e\udde0<span dir=\"auto\" style=\"vertical-align: inherit;\"><span dir=\"auto\" style=\"vertical-align: inherit;\">Applications neuropharmacologiques<\/span><\/span><\/strong><\/h3>\n<p class=\"ds-markdown-paragraph\">\u2714\u00a0<strong><span dir=\"auto\" style=\"vertical-align: inherit;\"><span dir=\"auto\" style=\"vertical-align: inherit;\">\u00c9tudes sur le triple transporteur de s\u00e9rotonine, de dopamine et de noradr\u00e9naline <\/span><\/span><\/strong><br \/>\n\u2714\u00a0<strong><span dir=\"auto\" style=\"vertical-align: inherit;\"><span dir=\"auto\" style=\"vertical-align: inherit;\">Recherche sur la modulation de l&#039;effet entactog\u00e8ne <\/span><\/span><\/strong><br \/>\n\u2714\u00a0<strong><span dir=\"auto\" style=\"vertical-align: inherit;\"><span dir=\"auto\" style=\"vertical-align: inherit;\">Essais de liaison aux r\u00e9cepteurs sans animaux<\/span><\/span><\/strong><\/p>\n<h3><strong>\u2697\ufe0f<span dir=\"auto\" style=\"vertical-align: inherit;\"><span dir=\"auto\" style=\"vertical-align: inherit;\">Contr\u00f4le qualit\u00e9 avanc\u00e9<\/span><\/span><\/strong><\/h3>\n<ul>\n<li>\n<p class=\"ds-markdown-paragraph\"><strong><span dir=\"auto\" style=\"vertical-align: inherit;\"><span dir=\"auto\" style=\"vertical-align: inherit;\">Test d&#039;homog\u00e9n\u00e9it\u00e9 :<\/span><\/span><\/strong><span dir=\"auto\" style=\"vertical-align: inherit;\"><span dir=\"auto\" style=\"vertical-align: inherit;\"> \u00a0RSD &lt;2% (N=20 pastilles)<\/span><\/span><\/p>\n<\/li>\n<li>\n<p class=\"ds-markdown-paragraph\"><strong><span dir=\"auto\" style=\"vertical-align: inherit;\"><span dir=\"auto\" style=\"vertical-align: inherit;\">Indicateurs de stabilit\u00e9 :<\/span><\/span><\/strong><\/p>\n<ul>\n<li>\n<p class=\"ds-markdown-paragraph\"><span dir=\"auto\" style=\"vertical-align: inherit;\"><span dir=\"auto\" style=\"vertical-align: inherit;\">Oxydation : Indice de peroxyde &lt; 0,05<\/span><\/span><\/p>\n<\/li>\n<li>\n<p class=\"ds-markdown-paragraph\"><span dir=\"auto\" style=\"vertical-align: inherit;\"><span dir=\"auto\" style=\"vertical-align: inherit;\">Photostabilit\u00e9 : 500 lux pendant 48 heures<\/span><\/span><\/p>\n<\/li>\n<\/ul>\n<\/li>\n<li>\n<p class=\"ds-markdown-paragraph\"><strong><span dir=\"auto\" style=\"vertical-align: inherit;\"><span dir=\"auto\" style=\"vertical-align: inherit;\">Limites microbiologiques :<\/span><\/span><\/strong><\/p>\n<ul>\n<li>\n<p class=\"ds-markdown-paragraph\"><span dir=\"auto\" style=\"vertical-align: inherit;\"><span dir=\"auto\" style=\"vertical-align: inherit;\">TAMC &lt;100 UFC\/g<\/span><\/span><\/p>\n<\/li>\n<li>\n<p class=\"ds-markdown-paragraph\"><span dir=\"auto\" style=\"vertical-align: inherit;\"><span dir=\"auto\" style=\"vertical-align: inherit;\">TYMC &lt;10 UFC\/g<\/span><\/span><\/p>\n<\/li>\n<\/ul>\n<\/li>\n<\/ul>\n<h3><strong>\u2623\ufe0f<span dir=\"auto\" style=\"vertical-align: inherit;\"><span dir=\"auto\" style=\"vertical-align: inherit;\">Protocole de s\u00e9curit\u00e9 (ISO 15190)<\/span><\/span><\/strong><\/h3>\n<ul>\n<li>\n<p class=\"ds-markdown-paragraph\"><strong><span dir=\"auto\" style=\"vertical-align: inherit;\"><span dir=\"auto\" style=\"vertical-align: inherit;\">Niveau de bios\u00e9curit\u00e9 :<\/span><\/span><\/strong><span dir=\"auto\" style=\"vertical-align: inherit;\"><span dir=\"auto\" style=\"vertical-align: inherit;\"> \u00a0BSL-2<\/span><\/span><\/p>\n<\/li>\n<li>\n<p class=\"ds-markdown-paragraph\"><strong><span dir=\"auto\" style=\"vertical-align: inherit;\"><span dir=\"auto\" style=\"vertical-align: inherit;\">EPI obligatoire :<\/span><\/span><\/strong><\/p>\n<ul>\n<li>\n<p class=\"ds-markdown-paragraph\"><span dir=\"auto\" style=\"vertical-align: inherit;\"><span dir=\"auto\" style=\"vertical-align: inherit;\">Protection respiratoire A2P3<\/span><\/span><\/p>\n<\/li>\n<li>\n<p class=\"ds-markdown-paragraph\"><span dir=\"auto\" style=\"vertical-align: inherit;\"><span dir=\"auto\" style=\"vertical-align: inherit;\">Gants en nitrile doubles<\/span><\/span><\/p>\n<\/li>\n<\/ul>\n<\/li>\n<li>\n<p class=\"ds-markdown-paragraph\"><strong><span dir=\"auto\" style=\"vertical-align: inherit;\"><span dir=\"auto\" style=\"vertical-align: inherit;\">Kit anti-d\u00e9versement :<\/span><\/span><\/strong><\/p>\n<ul>\n<li>\n<p class=\"ds-markdown-paragraph\"><span dir=\"auto\" style=\"vertical-align: inherit;\"><span dir=\"auto\" style=\"vertical-align: inherit;\">Solution d&#039;hypochlorite 1%<\/span><\/span><\/p>\n<\/li>\n<li>\n<p class=\"ds-markdown-paragraph\"><span dir=\"auto\" style=\"vertical-align: inherit;\"><span dir=\"auto\" style=\"vertical-align: inherit;\">Granul\u00e9s de polym\u00e8re absorbant<\/span><\/span><\/p>\n<\/li>\n<\/ul>\n<\/li>\n<\/ul>\n<h3><strong>\ud83c\udf21\ufe0f<span dir=\"auto\" style=\"vertical-align: inherit;\"><span dir=\"auto\" style=\"vertical-align: inherit;\">Matrice de stockage<\/span><\/span><\/strong><\/h3>\n<div class=\"markdown-table-wrapper\">\n<table>\n<thead>\n<tr>\n<th><span dir=\"auto\" style=\"vertical-align: inherit;\"><span dir=\"auto\" style=\"vertical-align: inherit;\">Conditionnement<\/span><\/span><\/th>\n<th><span dir=\"auto\" style=\"vertical-align: inherit;\"><span dir=\"auto\" style=\"vertical-align: inherit;\">O2 (%)<\/span><\/span><\/th>\n<th><span dir=\"auto\" style=\"vertical-align: inherit;\"><span dir=\"auto\" style=\"vertical-align: inherit;\">H2O (ppm)<\/span><\/span><\/th>\n<th><span dir=\"auto\" style=\"vertical-align: inherit;\"><span dir=\"auto\" style=\"vertical-align: inherit;\">Lumi\u00e8re (%)<\/span><\/span><\/th>\n<\/tr>\n<\/thead>\n<tbody>\n<tr>\n<td><strong><span dir=\"auto\" style=\"vertical-align: inherit;\"><span dir=\"auto\" style=\"vertical-align: inherit;\">blister en aluminium<\/span><\/span><\/strong><\/td>\n<td><span dir=\"auto\" style=\"vertical-align: inherit;\"><span dir=\"auto\" style=\"vertical-align: inherit;\">&lt;0,1<\/span><\/span><\/td>\n<td><span dir=\"auto\" style=\"vertical-align: inherit;\"><span dir=\"auto\" style=\"vertical-align: inherit;\">25<\/span><\/span><\/td>\n<td><span dir=\"auto\" style=\"vertical-align: inherit;\"><span dir=\"auto\" style=\"vertical-align: inherit;\">0<\/span><\/span><\/td>\n<\/tr>\n<tr>\n<td><strong><span dir=\"auto\" style=\"vertical-align: inherit;\"><span dir=\"auto\" style=\"vertical-align: inherit;\">Pot ambr\u00e9<\/span><\/span><\/strong><\/td>\n<td><span dir=\"auto\" style=\"vertical-align: inherit;\"><span dir=\"auto\" style=\"vertical-align: inherit;\">0.5<\/span><\/span><\/td>\n<td><span dir=\"auto\" style=\"vertical-align: inherit;\"><span dir=\"auto\" style=\"vertical-align: inherit;\">50<\/span><\/span><\/td>\n<td><span dir=\"auto\" style=\"vertical-align: inherit;\"><span dir=\"auto\" style=\"vertical-align: inherit;\">&lt;1<\/span><\/span><\/td>\n<\/tr>\n<\/tbody>\n<\/table>\n<\/div>\n<h3><strong>\ud83d\udce6<span dir=\"auto\" style=\"vertical-align: inherit;\"><span dir=\"auto\" style=\"vertical-align: inherit;\">Options d&#039;emballage<\/span><\/span><\/strong><\/h3>\n<ul>\n<li>\n<p class=\"ds-markdown-paragraph\"><strong><span dir=\"auto\" style=\"vertical-align: inherit;\"><span dir=\"auto\" style=\"vertical-align: inherit;\">Standard:<\/span><\/span><\/strong><span dir=\"auto\" style=\"vertical-align: inherit;\"><span dir=\"auto\" style=\"vertical-align: inherit;\"> \u00a010 pastilles (blister individualis\u00e9)<\/span><\/span><\/p>\n<\/li>\n<li>\n<p class=\"ds-markdown-paragraph\"><strong><span dir=\"auto\" style=\"vertical-align: inherit;\"><span dir=\"auto\" style=\"vertical-align: inherit;\">\u00c9chelle de recherche :<\/span><\/span><\/strong><span dir=\"auto\" style=\"vertical-align: inherit;\"><span dir=\"auto\" style=\"vertical-align: inherit;\"> \u00a0Granul\u00e9s 50\/100 (conteneur PEHD avec argon)<\/span><\/span><\/p>\n<\/li>\n<li>\n<p class=\"ds-markdown-paragraph\"><strong><span dir=\"auto\" style=\"vertical-align: inherit;\"><span dir=\"auto\" style=\"vertical-align: inherit;\">En gros:<\/span><\/span><\/strong><span dir=\"auto\" style=\"vertical-align: inherit;\"><span dir=\"auto\" style=\"vertical-align: inherit;\"> \u00a0500+ granul\u00e9s (scell\u00e9s sous vide)<\/span><\/span><\/p>\n<\/li>\n<\/ul>\n<h3><strong>\u2696\ufe0f<span dir=\"auto\" style=\"vertical-align: inherit;\"><span dir=\"auto\" style=\"vertical-align: inherit;\">Cadre r\u00e9glementaire<\/span><\/span><\/strong><\/h3>\n<ul>\n<li>\n<p class=\"ds-markdown-paragraph\"><strong><span dir=\"auto\" style=\"vertical-align: inherit;\"><span dir=\"auto\" style=\"vertical-align: inherit;\">Loi n\u00e9erlandaise sur l&#039;opium :<\/span><\/span><\/strong><span dir=\"auto\" style=\"vertical-align: inherit;\"><span dir=\"auto\" style=\"vertical-align: inherit;\"> \u00a0Annexe II<\/span><\/span><\/p>\n<\/li>\n<li>\n<p class=\"ds-markdown-paragraph\"><strong><span dir=\"auto\" style=\"vertical-align: inherit;\"><span dir=\"auto\" style=\"vertical-align: inherit;\">Syst\u00e8me d\u2019alerte pr\u00e9coce de l\u2019UE :<\/span><\/span><\/strong><span dir=\"auto\" style=\"vertical-align: inherit;\"><span dir=\"auto\" style=\"vertical-align: inherit;\"> \u00a0Nouvelle substance psychoactive<\/span><\/span><\/p>\n<\/li>\n<li>\n<p class=\"ds-markdown-paragraph\"><strong><span dir=\"auto\" style=\"vertical-align: inherit;\"><span dir=\"auto\" style=\"vertical-align: inherit;\">Documentation d&#039;exportation :<\/span><\/span><\/strong><\/p>\n<ul>\n<li>\n<p class=\"ds-markdown-paragraph\"><span dir=\"auto\" style=\"vertical-align: inherit;\"><span dir=\"auto\" style=\"vertical-align: inherit;\">Formulaire DEA 486<\/span><\/span><\/p>\n<\/li>\n<li>\n<p class=\"ds-markdown-paragraph\"><span dir=\"auto\" style=\"vertical-align: inherit;\"><span dir=\"auto\" style=\"vertical-align: inherit;\">Certificat d&#039;utilisation finale<\/span><\/span><\/p>\n<\/li>\n<\/ul>\n<\/li>\n<\/ul>\n<h3><strong>\ud83d\udd0d<span dir=\"auto\" style=\"vertical-align: inherit;\"><span dir=\"auto\" style=\"vertical-align: inherit;\">Suite analytique<\/span><\/span><\/strong><\/h3>\n<ul>\n<li>\n<p class=\"ds-markdown-paragraph\"><strong><span dir=\"auto\" style=\"vertical-align: inherit;\"><span dir=\"auto\" style=\"vertical-align: inherit;\">Compris:<\/span><\/span><\/strong><\/p>\n<ul>\n<li>\n<p class=\"ds-markdown-paragraph\"><span dir=\"auto\" style=\"vertical-align: inherit;\"><span dir=\"auto\" style=\"vertical-align: inherit;\">Chromatogramme HPLC 3D<\/span><\/span><\/p>\n<\/li>\n<li>\n<p class=\"ds-markdown-paragraph\"><span dir=\"auto\" style=\"vertical-align: inherit;\"><span dir=\"auto\" style=\"vertical-align: inherit;\">Spectres de masse (ESI+\/ESI-)<\/span><\/span><\/p>\n<\/li>\n<\/ul>\n<\/li>\n<li>\n<p class=\"ds-markdown-paragraph\"><strong><span dir=\"auto\" style=\"vertical-align: inherit;\"><span dir=\"auto\" style=\"vertical-align: inherit;\">Options Premium :<\/span><\/span><\/strong><\/p>\n<ul>\n<li>\n<p class=\"ds-markdown-paragraph\"><span dir=\"auto\" style=\"vertical-align: inherit;\"><span dir=\"auto\" style=\"vertical-align: inherit;\">\u00c9tudes d&#039;interaction in vitro avec le CYP450<\/span><\/span><\/p>\n<\/li>\n<li>\n<p class=\"ds-markdown-paragraph\"><span dir=\"auto\" style=\"vertical-align: inherit;\"><span dir=\"auto\" style=\"vertical-align: inherit;\">Essai de d\u00e9veloppement neurologique du poisson z\u00e8bre<\/span><\/span><\/p>\n<\/li>\n<\/ul>\n<\/li>\n<\/ul>\n<hr \/>\n<p class=\"ds-markdown-paragraph\"><strong>\ud83d\udea8<span dir=\"auto\" style=\"vertical-align: inherit;\"><span dir=\"auto\" style=\"vertical-align: inherit;\">Avis \u00e9thique :<\/span><\/span><\/strong><br \/>\n<span dir=\"auto\" style=\"vertical-align: inherit;\"><span dir=\"auto\" style=\"vertical-align: inherit;\"> Cette formulation multi-constituants est uniquement destin\u00e9e \u00e0 :<\/span><\/span><\/p>\n<ul>\n<li>\n<p class=\"ds-markdown-paragraph\"><span dir=\"auto\" style=\"vertical-align: inherit;\"><span dir=\"auto\" style=\"vertical-align: inherit;\">Laboratoires de pharmacologie enregistr\u00e9s<\/span><\/span><\/p>\n<\/li>\n<li>\n<p class=\"ds-markdown-paragraph\"><span dir=\"auto\" style=\"vertical-align: inherit;\"><span dir=\"auto\" style=\"vertical-align: inherit;\">Centres de r\u00e9f\u00e9rence m\u00e9dico-l\u00e9gaux<\/span><\/span><\/p>\n<\/li>\n<\/ul>\n<p class=\"ds-markdown-paragraph\"><strong>\ud83d\udcda<span dir=\"auto\" style=\"vertical-align: inherit;\"><span dir=\"auto\" style=\"vertical-align: inherit;\">Possibilit\u00e9s de recherche :<\/span><\/span><\/strong><br \/>\n<span dir=\"auto\" style=\"vertical-align: inherit;\"><span dir=\"auto\" style=\"vertical-align: inherit;\"> Nous facilitons :<\/span><\/span><\/p>\n<ul>\n<li>\n<p class=\"ds-markdown-paragraph\"><span dir=\"auto\" style=\"vertical-align: inherit;\"><span dir=\"auto\" style=\"vertical-align: inherit;\">Analyses des effets de synergie<\/span><\/span><\/p>\n<\/li>\n<li>\n<p class=\"ds-markdown-paragraph\"><span dir=\"auto\" style=\"vertical-align: inherit;\"><span dir=\"auto\" style=\"vertical-align: inherit;\">D\u00e9veloppement du mod\u00e8le QSPR<\/span><\/span><\/p>\n<\/li>\n<li>\n<p class=\"ds-markdown-paragraph\"><span dir=\"auto\" style=\"vertical-align: inherit;\"><span dir=\"auto\" style=\"vertical-align: inherit;\">\u00c9tudes TEP par microdosage, <\/span><\/span><a href=\"https:\/\/apexresearchchemical.eu\/fr\/boutique\/iboga-ibogaine\/acheter-de-libogaine-hcl\/\"><span dir=\"auto\" style=\"vertical-align: inherit;\"><span dir=\"auto\" style=\"vertical-align: inherit;\">Acheter de l&#039;iboga\u00efne HCL <\/span><\/span><\/a><a href=\"https:\/\/apexresearchchemical.eu\/fr\/boutique\/iboga-ibogaine\/ecorce-de-racine-diboga\/\"><span dir=\"auto\" style=\"vertical-align: inherit;\"><span dir=\"auto\" style=\"vertical-align: inherit;\">\u00c9corce de racine d&#039;iboga <\/span><\/span><\/a><a href=\"https:\/\/apexresearchchemical.eu\/fr\/boutique\/lysergamides\/1cp-lsd-150-mcg-2\/\"><span dir=\"auto\" style=\"vertical-align: inherit;\"><span dir=\"auto\" style=\"vertical-align: inherit;\">Buvards artistiques 1cP-LSD 150 MCG <\/span><\/span><\/a><a href=\"https:\/\/apexresearchchemical.eu\/fr\/boutique\/granules-2\/o-dsmt-50-mg-granules\/\"><span dir=\"auto\" style=\"vertical-align: inherit;\"><span dir=\"auto\" style=\"vertical-align: inherit;\">Granul\u00e9s O-DSMT 50 mg <\/span><\/span><\/a><a href=\"https:\/\/apexresearchchemical.eu\/fr\/boutique\/lysergamides\/1v-lsd-150-mcg-blotters\/\"><span dir=\"auto\" style=\"vertical-align: inherit;\"><span dir=\"auto\" style=\"vertical-align: inherit;\">buvards 1V-LSD 150 MCG<\/span><\/span><\/a><\/p>\n<\/li>\n<\/ul>","protected":false},"excerpt":{"rendered":"<h2><span dir=\"auto\" style=\"vertical-align: inherit;\"><span dir=\"auto\" style=\"vertical-align: inherit;\">Propri\u00e9t\u00e9s des granul\u00e9s Pink Star<\/span><\/span><\/h2>\n<p><b><span dir=\"auto\" style=\"vertical-align: inherit;\"><span dir=\"auto\" style=\"vertical-align: inherit;\">Contenu:<\/span><\/span><\/b><\/p>\n<ul>\n<li><span dir=\"auto\" style=\"vertical-align: inherit;\"><span dir=\"auto\" style=\"vertical-align: inherit;\">5-MAPB : 70 mg<\/span><\/span><\/li>\n<li><span dir=\"auto\" style=\"vertical-align: inherit;\"><span dir=\"auto\" style=\"vertical-align: inherit;\">2-FMA : 20 mg<\/span><\/span><\/li>\n<li><span dir=\"auto\" style=\"vertical-align: inherit;\"><span dir=\"auto\" style=\"vertical-align: inherit;\">5-MeO-MiPT : 2 mg<\/span><\/span><\/li>\n<\/ul>","protected":false},"featured_media":29443,"comment_status":"closed","ping_status":"closed","template":"","meta":[],"product_brand":[],"product_cat":[431,432,383,433,436,434,339,322,333,324,430,435,381],"product_tag":[326,567,568,569],"class_list":{"0":"post-24800","1":"product","2":"type-product","3":"status-publish","4":"has-post-thumbnail","6":"product_cat-2-fma-kopen","7":"product_cat-2-fma-pellets","8":"product_cat-5-mapb","9":"product_cat-5-mapb-pellets","10":"product_cat-5-meo-mipt","11":"product_cat-5-meo-mipt-pellets","12":"product_cat-benzofuran","13":"product_cat-bijna-verboden","14":"product_cat-gefluoreerden","15":"product_cat-pellets-for-pellet","16":"product_cat-pink-star","17":"product_cat-pink-star-pellets","18":"product_cat-tryptamines","19":"product_tag-nl","20":"product_tag-pink-star-pellets","21":"product_tag-pink-star-pellets-ervaringen","22":"product_tag-pink-star-pellets-kopen","24":"first","25":"instock","26":"taxable","27":"shipping-taxable","28":"purchasable","29":"product-type-variable"},"_links":{"self":[{"href":"https:\/\/apexresearchchemical.eu\/fr\/wp-json\/wp\/v2\/product\/24800","targetHints":{"allow":["GET"]}}],"collection":[{"href":"https:\/\/apexresearchchemical.eu\/fr\/wp-json\/wp\/v2\/product"}],"about":[{"href":"https:\/\/apexresearchchemical.eu\/fr\/wp-json\/wp\/v2\/types\/product"}],"replies":[{"embeddable":true,"href":"https:\/\/apexresearchchemical.eu\/fr\/wp-json\/wp\/v2\/comments?post=24800"}],"version-history":[{"count":5,"href":"https:\/\/apexresearchchemical.eu\/fr\/wp-json\/wp\/v2\/product\/24800\/revisions"}],"predecessor-version":[{"id":27981,"href":"https:\/\/apexresearchchemical.eu\/fr\/wp-json\/wp\/v2\/product\/24800\/revisions\/27981"}],"wp:featuredmedia":[{"embeddable":true,"href":"https:\/\/apexresearchchemical.eu\/fr\/wp-json\/wp\/v2\/media\/29443"}],"wp:attachment":[{"href":"https:\/\/apexresearchchemical.eu\/fr\/wp-json\/wp\/v2\/media?parent=24800"}],"wp:term":[{"taxonomy":"product_brand","embeddable":true,"href":"https:\/\/apexresearchchemical.eu\/fr\/wp-json\/wp\/v2\/product_brand?post=24800"},{"taxonomy":"product_cat","embeddable":true,"href":"https:\/\/apexresearchchemical.eu\/fr\/wp-json\/wp\/v2\/product_cat?post=24800"},{"taxonomy":"product_tag","embeddable":true,"href":"https:\/\/apexresearchchemical.eu\/fr\/wp-json\/wp\/v2\/product_tag?post=24800"}],"curies":[{"name":"wp","href":"https:\/\/api.w.org\/{rel}","templated":true}]}}