{"id":25980,"date":"2025-04-21T12:25:45","date_gmt":"2025-04-21T12:25:45","guid":{"rendered":"https:\/\/apexresearchchemical.eu\/?page_id=25980"},"modified":"2026-01-06T04:32:44","modified_gmt":"2026-01-06T04:32:44","slug":"bestellen-en-levering","status":"publish","type":"page","link":"https:\/\/apexresearchchemical.eu\/fr_be\/bestellen-en-levering\/","title":{"rendered":"Commande et livraison"},"content":{"rendered":"<p><strong>Informations sur la commande<\/strong><br>Na het plaatsen van een bestelling via onze website ontvang je direct een bevestigingsmail. Deze kan mogelijk in je spambox terechtkomen, dus controleer deze als je geen bevestiging in je inbox ziet. In de bevestigingsmail vind je je bestelnummer, waarmee je de status van je bestelling kunt volgen. Zodra je bestelling is verzonden, ontvang je een track &amp; trace-nummer per e-mail. Houd er rekening mee dat dit proces in het weekend iets langer kan duren. Mocht je na \u00e9\u00e9n werkdag nog geen track &amp; trace-nummer hebben ontvangen, neem dan contact op met onze klantenservice via WhatsApp op +31620245658<\/p>\n\n\n\n<p><strong>M\u00e9thodes d&#039;exp\u00e9dition<\/strong><br>Nous proposons diff\u00e9rentes options d&#039;exp\u00e9dition, notamment par colis postal et par courrier en bo\u00eete aux lettres.<\/p>\n\n\n\n<p><strong>Colis postal<\/strong><\/p>\n\n\n\n<ol class=\"wp-block-list\">\n<li>Geen eigen risico: researchchemicallab.eu is verantwoordelijk als je pakket volgens de track &amp; trace niet is bezorgd.<\/li>\n\n\n\n<li>Livraison en point relais : Vous pouvez choisir de faire livrer votre commande en point relais.<\/li>\n\n\n\n<li>Suivi et tra\u00e7abilit\u00e9 : toujours disponible.<\/li>\n\n\n\n<li>Livraison le lundi : Les colis postaux sont \u00e9galement livr\u00e9s le lundi.<\/li>\n\n\n\n<li>Les commandes pass\u00e9es avant 19h30 seront exp\u00e9di\u00e9es le jour ouvrable m\u00eame.<\/li>\n<\/ol>\n\n\n\n<p>Attention\u00a0: Vous devez \u00eatre pr\u00e9sent \u00e0 votre domicile pour recevoir votre colis. Si vous n&#039;\u00eates pas pr\u00e9sent, vous pouvez le retirer au point relais le plus proche. Nous garantissons la livraison au point relais\u00a0; apr\u00e8s cela, vous devrez r\u00e9cup\u00e9rer votre commande vous-m\u00eame.<\/p>\n\n\n\n<p><strong>Bo\u00eete aux lettres<\/strong><\/p>\n\n\n\n<ol class=\"wp-block-list\">\n<li>Op eigen risico: researchchemicallab.eu kan niet aansprakelijk worden gesteld voor problemen met brievenbuspost.<\/li>\n\n\n\n<li>Aucune option pour les points de retrait.<\/li>\n\n\n\n<li>Suivi et tra\u00e7abilit\u00e9 limit\u00e9s : le premier scan est toujours effectu\u00e9 correctement, vous pouvez donc \u00eatre s\u00fbr que nous avons envoy\u00e9 la lettre.<\/li>\n\n\n\n<li>Pas de livraisons les dimanches et lundis.<\/li>\n\n\n\n<li>Les commandes pass\u00e9es avant 17h seront exp\u00e9di\u00e9es le jour m\u00eame ouvrable.<\/li>\n<\/ol>\n\n\n\n<p>Avantage : Vous n\u2019avez pas besoin d\u2019\u00eatre \u00e0 la maison pour recevoir votre envoi.<\/p>\n\n\n\n<p><strong>Informations d&#039;exp\u00e9dition<\/strong><\/p>\n\n\n\n<ul class=\"wp-block-list\">\n<li><strong>Colis postal :<\/strong>&nbsp;Les commandes par colis postal sont exp\u00e9di\u00e9es tous les jours ouvrables \u00e0 19h30.<\/li>\n\n\n\n<li><strong>Courrier dans une bo\u00eete aux lettres :<\/strong>&nbsp;Les commandes envoy\u00e9es par courrier en bo\u00eete aux lettres sont exp\u00e9di\u00e9es tous les jours ouvrables \u00e0 17h.<\/li>\n<\/ul>\n\n\n\n<p><strong>Tarifs<\/strong><\/p>\n\n\n\n<ul class=\"wp-block-list\">\n<li>Livraison par colis postal : 6,95 \u20ac<\/li>\n\n\n\n<li>Livraison en bo\u00eete aux lettres : 3,95 \u20ac<\/li>\n<\/ul>\n\n\n\n<p><strong>Emballage discret<\/strong><br>Alle bestellingen worden discreet verpakt. De enige informatie op de buitenkant is je adres en ons retouradres. Het retouradres is een postbusnummer (opvraagbaar bij onze klantenservice) en niet het researchchemicallab.eu-logo.<br><\/p>\n\n\n\n<p><strong>Nous exp\u00e9dions uniquement les commandes vers les pays suivants :<br><em>(continent seulement, pas d&#039;\u00eeles)<\/em><\/strong><\/p>\n\n\n\n<ul class=\"wp-block-list\">\n<li>Pays-Bas<\/li>\n\n\n\n<li>Belgique<\/li>\n\n\n\n<li>Bulgarie<\/li>\n\n\n\n<li>Estonie<\/li>\n\n\n\n<li>France<\/li>\n\n\n\n<li>Gr\u00e8ce<\/li>\n\n\n\n<li>Hongrie<\/li>\n\n\n\n<li>Irlande<\/li>\n\n\n\n<li>Italie<\/li>\n\n\n\n<li>Croatie<\/li>\n\n\n\n<li>Lettonie<\/li>\n\n\n\n<li>Lituanie<\/li>\n\n\n\n<li>Luxembourg<\/li>\n\n\n\n<li>Autriche<\/li>\n\n\n\n<li>Pologne<\/li>\n\n\n\n<li>Portugal<\/li>\n\n\n\n<li>Roumanie<\/li>\n\n\n\n<li>Slov\u00e9nie<\/li>\n\n\n\n<li>Slovaquie<\/li>\n\n\n\n<li>R\u00e9publique tch\u00e8que<\/li>\n\n\n\n<li>Chine<\/li>\n\n\n\n<li>Danemark<\/li>\n\n\n\n<li>Allemagne&nbsp;<em>(Bient\u00f4t autoris\u00e9 : 1D-LSD \/ NB-5-MeO-DALT Oxalate \/ NB-5-MeO-MiPT Oxalate)<\/em><\/li>\n\n\n\n<li>Finlande<\/li>\n\n\n\n<li>Grande-Bretagne<\/li>\n\n\n\n<li>Norv\u00e8ge<\/li>\n\n\n\n<li>Espagne<\/li>\n\n\n\n<li>\u00c9tats-Unis<\/li>\n\n\n\n<li>Cor\u00e9e du Sud<\/li>\n\n\n\n<li>Su\u00e8de<\/li>\n\n\n\n<li>Suisse<\/li>\n<\/ul>\n\n\n\n<p><strong>Clause de non-responsabilit\u00e9<\/strong><\/p>\n\n\n\n<p>Als klant van researchchemicallab.eu ben je zelf verantwoordelijk voor een correct verzendadres binnen de toegestane landen. Je dient zelf binnen je eigen land te controleren of het door jou bestelde product toegestaan is.<\/p>\n\n\n\n<p><strong>Retours<\/strong><br>Vous pouvez utiliser la bo\u00eete postale fournie avec chaque envoi pour retourner vos produits. Vous pouvez retourner les produits non ouverts dans les deux semaines suivant leur r\u00e9ception pour un remboursement complet ou un \u00e9change.<\/p>\n\n\n\n<p><strong>Conditionnement<\/strong><br>Nous emballons les produits dans des sacs de diff\u00e9rentes couleurs et contenus :<\/p>\n\n\n\n<ul class=\"wp-block-list\">\n<li>Sac en argent : 1 article<\/li>\n\n\n\n<li>Sac en or : 2 articles<\/li>\n\n\n\n<li>Sac violet : 5 articles<\/li>\n\n\n\n<li>Sac bleu : 10 articles<\/li>\n\n\n\n<li>Sac noir : 25 articles<\/li>\n<\/ul>\n\n\n\n<p><strong>Modes de paiement<\/strong><br>iDEAL rencontre actuellement des probl\u00e8mes, mais vous pouvez toujours payer par virement bancaire. Veuillez virer le montant de votre achat sur notre compte et inclure les premiers chiffres de votre num\u00e9ro de commande dans la description.<\/p>","protected":false},"excerpt":{"rendered":"<p>BestelinformatieNa het plaatsen van een bestelling via onze website ontvang je direct een bevestigingsmail. Deze kan mogelijk in je spambox<\/p>","protected":false},"author":1,"featured_media":0,"parent":0,"menu_order":0,"comment_status":"closed","ping_status":"closed","template":"","meta":{"footnotes":""},"class_list":["post-25980","page","type-page","status-publish","hentry"],"_links":{"self":[{"href":"https:\/\/apexresearchchemical.eu\/fr_be\/wp-json\/wp\/v2\/pages\/25980","targetHints":{"allow":["GET"]}}],"collection":[{"href":"https:\/\/apexresearchchemical.eu\/fr_be\/wp-json\/wp\/v2\/pages"}],"about":[{"href":"https:\/\/apexresearchchemical.eu\/fr_be\/wp-json\/wp\/v2\/types\/page"}],"author":[{"embeddable":true,"href":"https:\/\/apexresearchchemical.eu\/fr_be\/wp-json\/wp\/v2\/users\/1"}],"replies":[{"embeddable":true,"href":"https:\/\/apexresearchchemical.eu\/fr_be\/wp-json\/wp\/v2\/comments?post=25980"}],"version-history":[{"count":2,"href":"https:\/\/apexresearchchemical.eu\/fr_be\/wp-json\/wp\/v2\/pages\/25980\/revisions"}],"predecessor-version":[{"id":28542,"href":"https:\/\/apexresearchchemical.eu\/fr_be\/wp-json\/wp\/v2\/pages\/25980\/revisions\/28542"}],"wp:attachment":[{"href":"https:\/\/apexresearchchemical.eu\/fr_be\/wp-json\/wp\/v2\/media?parent=25980"}],"curies":[{"name":"wp","href":"https:\/\/api.w.org\/{rel}","templated":true}]}}