{"id":27212,"date":"2025-08-14T11:18:23","date_gmt":"2025-08-14T11:18:23","guid":{"rendered":"https:\/\/apexresearchchemical.eu\/?page_id=27212"},"modified":"2026-01-06T04:32:57","modified_gmt":"2026-01-06T04:32:57","slug":"payer","status":"publish","type":"page","link":"https:\/\/apexresearchchemical.eu\/fr_be\/payer\/","title":{"rendered":"Payer"},"content":{"rendered":"<p><strong>Payer sur researchchemicallab.eu est rapide et s\u00e9curis\u00e9.<\/strong><br>Sur researchchemicallab.eu, payez facilement et en toute s\u00e9curit\u00e9. Nous proposons diff\u00e9rents modes de paiement pour vous permettre de recevoir votre commande au plus vite.<\/p>\n\n\n\n<p><strong>Utilisez l&#039;un des modes de paiement ci-dessous et recevez votre commande le plus rapidement possible.<\/strong><br>Vous avez le choix entre plusieurs options de paiement. Choisissez celle qui vous convient le mieux pour une livraison rapide de votre commande.<\/p>\n\n\n\n<p><strong>Vous n&#039;avez pas pu effectuer votre paiement en ligne et souhaitez quand m\u00eame le faire\u00a0? Transf\u00e9rez-le manuellement\u00a0:<\/strong><br>Si vous rencontrez des probl\u00e8mes pour effectuer votre paiement en ligne, vous pouvez choisir de transf\u00e9rer le montant manuellement.<\/p>\n\n\n\n<p><strong>REMARQUE\u00a0! Vous recevrez une notification automatique si votre paiement est effectu\u00e9. Nous traitons ce paiement manuellement et consultons notre compte bancaire plusieurs fois par jour.<\/strong><br>Attention\u00a0! Une fois votre paiement effectu\u00e9, vous recevrez un message de confirmation. Nous traitons les paiements manuellement et v\u00e9rifions notre compte bancaire plusieurs fois par jour pour garantir le bon d\u00e9roulement de votre transaction.<\/p>\n\n\n\n<p><strong>Modes de paiement disponibles :<\/strong><br>Voici les options de paiement que nous proposons actuellement\u00a0:<\/p>\n\n\n\n<ul class=\"wp-block-list\">\n<li><strong>id\u00e9al<\/strong>&nbsp;(<em>Temporairement indisponible<\/em>)<br>Un moyen de paiement populaire aux Pays-Bas. Actuellement temporairement indisponible.<\/li>\n\n\n\n<li><strong>Imm\u00e9diatement<\/strong>&nbsp;(<em>Temporairement indisponible<\/em>)<br>Un moyen de paiement largement utilis\u00e9 en Allemagne et dans d&#039;autres pays europ\u00e9ens. Actuellement temporairement indisponible.<\/li>\n\n\n\n<li><strong>Bancontact<\/strong>&nbsp;(<em>Temporairement indisponible<\/em>)<br>Le moyen de paiement le plus utilis\u00e9 en Belgique. Actuellement temporairement indisponible.<\/li>\n\n\n\n<li><strong>Carte de cr\u00e9dit (VISA \/ MasterCard) (via Cointopay)<\/strong><br>Payez avec votre carte VISA ou MasterCard via le fournisseur de paiement Cointopay.<\/li>\n\n\n\n<li><strong>Transfert manuel<\/strong><br>Transf\u00e9rez le montant manuellement sur notre compte bancaire aux Pays-Bas. C&#039;est une bonne option si vous pr\u00e9f\u00e9rez un virement bancaire traditionnel.<\/li>\n\n\n\n<li><strong>Payer avec des cryptomonnaies<\/strong><br>Payez avec la crypto-monnaie pour une transaction rapide et s\u00e9curis\u00e9e.<\/li>\n<\/ul>\n\n\n\n<p><br><strong>Conclusion:<\/strong><\/p>\n\n\n\n<ul class=\"wp-block-list\">\n<li>\n<ul class=\"wp-block-list\">\n<li><\/li>\n<\/ul>\n<\/li>\n<\/ul>","protected":false},"excerpt":{"rendered":"<p>Betalen bij researchchemicallab.eu doe je snel en veilig.Bij researchchemicallab.eu kun je eenvoudig en veilig betalen. We bieden verschillende betaalmethodes aan,<\/p>","protected":false},"author":1,"featured_media":0,"parent":0,"menu_order":0,"comment_status":"closed","ping_status":"closed","template":"","meta":{"footnotes":""},"class_list":["post-27212","page","type-page","status-publish","hentry"],"_links":{"self":[{"href":"https:\/\/apexresearchchemical.eu\/fr_be\/wp-json\/wp\/v2\/pages\/27212","targetHints":{"allow":["GET"]}}],"collection":[{"href":"https:\/\/apexresearchchemical.eu\/fr_be\/wp-json\/wp\/v2\/pages"}],"about":[{"href":"https:\/\/apexresearchchemical.eu\/fr_be\/wp-json\/wp\/v2\/types\/page"}],"author":[{"embeddable":true,"href":"https:\/\/apexresearchchemical.eu\/fr_be\/wp-json\/wp\/v2\/users\/1"}],"replies":[{"embeddable":true,"href":"https:\/\/apexresearchchemical.eu\/fr_be\/wp-json\/wp\/v2\/comments?post=27212"}],"version-history":[{"count":3,"href":"https:\/\/apexresearchchemical.eu\/fr_be\/wp-json\/wp\/v2\/pages\/27212\/revisions"}],"predecessor-version":[{"id":28531,"href":"https:\/\/apexresearchchemical.eu\/fr_be\/wp-json\/wp\/v2\/pages\/27212\/revisions\/28531"}],"wp:attachment":[{"href":"https:\/\/apexresearchchemical.eu\/fr_be\/wp-json\/wp\/v2\/media?parent=27212"}],"curies":[{"name":"wp","href":"https:\/\/api.w.org\/{rel}","templated":true}]}}