{"id":23317,"date":"2025-04-13T17:39:34","date_gmt":"2025-04-13T17:39:34","guid":{"rendered":"https:\/\/apexresearchchemical.eu\/?post_type=product&#038;p=23317"},"modified":"2026-03-20T16:09:47","modified_gmt":"2026-03-20T16:09:47","slug":"effets-du-flubromazepam","status":"publish","type":"product","link":"https:\/\/apexresearchchemical.eu\/fr_be\/boutique\/benzodiazepines\/effets-du-flubromazepam\/","title":{"rendered":"Flubromaz\u00e9pam pur"},"content":{"rendered":"<h2>Flubromaz\u00e9pam<span class=\"___SText_pr68d-red-team\" data-ui-name=\"Link.Text\">\u00a0op\u00e9ration<\/span><\/h2>\n<p><strong>Flubromaz\u00e9pam <span class=\"___SText_pr68d-red-team\" data-ui-name=\"Link.Text\">op\u00e9ration<\/span><\/strong> est une substance qui est vendue uniquement \u00e0 des fins de recherche et n&#039;est donc pas destin\u00e9e \u00e0 la consommation.<\/p>\n<p>Le flubromaz\u00e9pam reste stable jusqu&#039;\u00e0 deux ans lorsqu&#039;il est conserv\u00e9 dans un environnement appropri\u00e9. Le flubromaz\u00e9pam est destin\u00e9 \u00e0 la recherche et non \u00e0 la consommation humaine. Il est donc important de le garder hors de port\u00e9e des enfants et des animaux domestiques.<a title=\"buvards 1V-LSD 150 MCG\" href=\"https:\/\/apexresearchchemical.eu\/fr_be\/boutique\/lysergamides\/1v-lsd-150-mcg-blotters\/\" target=\"_blank\" rel=\"noopener\">buvards 1V-LSD 150 MCG<\/a><\/p>\n<p>Nous proposons des produits chimiques de recherche de haute qualit\u00e9 \u00e0 un prix raisonnable. Votre commande est exp\u00e9di\u00e9e sous 24 heures, tous les jours. Commandez d\u00e8s maintenant\u00a0! <em>Flubromaz\u00e9pam<\/em> s\u00fbr et rapide via !<a title=\"G\u00e9lules de 2C-EF 2 mg\" href=\"https:\/\/apexresearchchemical.eu\/fr_be\/boutique\/phenethylamine\/gelules-2c-ef-2-mg\/\" target=\"_blank\" rel=\"noopener\">G\u00e9lules de 2C-EF 2 mg<\/a><\/p>\n<h3>Propri\u00e9t\u00e9s du flubromaz\u00e9pam<\/h3>\n<p><strong>Synonyme:<\/strong> Flubromaz\u00e9pam<br \/>\n<strong>Num\u00e9ro CAS :<\/strong> 2647-50-9<br \/>\n<strong>Formule:<\/strong> 7-bromo-5-(2-fluoroph\u00e9nyl)-1,3-dihydro-2H-1,4-benzodiaz\u00e9pine-2-one<br \/>\n<strong>Masse molaire:<\/strong> 333,2 g\/mol<br \/>\n<strong>Puret\u00e9:<\/strong> &gt;97%<\/p>\n<h3>Qu&#039;est-ce que le flubromaz\u00e9pam?<\/h3>\n<p>Le flubromaz\u00e9pam est un produit chimique de recherche appartenant \u00e0 la classe des benzodiaz\u00e9pines. Ce compos\u00e9 synth\u00e9tique suscite l&#039;int\u00e9r\u00eat des chercheurs en raison de ses effets potentiels sur le syst\u00e8me nerveux central.<\/p>\n<p>Le flubromaz\u00e9pam est un d\u00e9riv\u00e9 de la famille des benzodiaz\u00e9pines, connues pour leurs propri\u00e9t\u00e9s s\u00e9datives, anxiolytiques et myorelaxantes. Il a \u00e9t\u00e9 d\u00e9velopp\u00e9 comme une modification de benzodiaz\u00e9pines existantes afin d&#039;explorer les variations de leur profil pharmacologique et leurs applications th\u00e9rapeutiques potentielles. Les chercheurs s&#039;int\u00e9ressent particuli\u00e8rement \u00e0 l&#039;\u00e9tude de l&#039;interaction du flubromaz\u00e9pam avec les r\u00e9cepteurs GABA-A du cerveau. Ces r\u00e9cepteurs jouent un r\u00f4le crucial dans la r\u00e9gulation des neurotransmetteurs inhibiteurs.<\/p>\n<p>Le d\u00e9veloppement du flubromaz\u00e9pam comme substance chimique de recherche est motiv\u00e9 par la curiosit\u00e9 scientifique et le d\u00e9sir d&#039;am\u00e9liorer notre compr\u00e9hension des benzodiaz\u00e9pines. Gr\u00e2ce \u00e0 des recherches rigoureuses, les scientifiques souhaitent approfondir nos connaissances sur les effets de ce compos\u00e9 sur le syst\u00e8me nerveux central et contribuer \u00e0 une meilleure compr\u00e9hension des benzodiaz\u00e9pines.<\/p>\n<h3>Quelle est l\u2019origine du flubromaz\u00e9pam ?<\/h3>\n<p>L&#039;histoire du flubromaz\u00e9pam est \u00e9troitement li\u00e9e au d\u00e9veloppement et \u00e0 l&#039;exploration des benzodiaz\u00e9pines. Les benzodiaz\u00e9pines, une classe connue pour leurs propri\u00e9t\u00e9s s\u00e9datives, anxiolytiques et myorelaxantes, font partie int\u00e9grante de la recherche pharmaceutique.<\/p>\n<p>Le flubromaz\u00e9pam lui-m\u00eame est devenu un produit chimique de recherche ces derni\u00e8res ann\u00e9es, les scientifiques cherchant \u00e0 approfondir leurs connaissances sur les benzodiaz\u00e9pines. Ce compos\u00e9 a \u00e9t\u00e9 d\u00e9velopp\u00e9 en modifiant des benzodiaz\u00e9pines existantes afin d&#039;explorer les variations potentielles de leur profil pharmacologique et de leurs propri\u00e9t\u00e9s.<\/p>\n<p>La synth\u00e8se et l&#039;\u00e9tude du flubromaz\u00e9pam ont principalement \u00e9t\u00e9 men\u00e9es dans le cadre de la recherche scientifique. Des chercheurs, notamment des chimistes, des pharmacologues et des neuroscientifiques, s&#039;int\u00e9ressent \u00e0 la structure chimique du compos\u00e9, \u00e0 ses effets sur le syst\u00e8me nerveux central et \u00e0 ses applications th\u00e9rapeutiques potentielles.<a title=\"Granul\u00e9s de 2-CMC 250 mg\" href=\"https:\/\/apexresearchchemical.eu\/fr_be\/boutique\/cathinones\/acheter-2-cmc\/\" target=\"_blank\" rel=\"noopener\">Granul\u00e9s de 2-CMC 250 mg<\/a><\/p>\n<h3>Mention de danger<\/h3>\n<p>Le flubromaz\u00e9pam peut provoquer une irritation des voies respiratoires<br \/>\nLe flubromaz\u00e9pam peut provoquer une irritation des yeux.<br \/>\nIl est interdit de rejeter des produits chimiques de recherche dans l\u2019environnement.<\/p>\n<p>Flubromaz\u00e9pam EN CAS DE CONTACT AVEC LES YEUX\u00a0: Rincer d\u00e9licatement les yeux \u00e0 l\u2019eau pendant cinq minutes. Retirer les lentilles de contact si possible.<a href=\"http:\/\/google.nl\" target=\"_blank\" rel=\"noopener\">.<\/a><\/p>\n<p>Flubromaz\u00e9pam EN CAS DE CONTACT AVEC LA PEAU : Laver la peau \u00e0 l&#039;eau et au savon.<\/p>\n<p>EN CAS D&#039;INHALATION Flubromaz\u00e9pam : Transporter la victime \u00e0 l&#039;ext\u00e9rieur et la maintenir dans une position o\u00f9 elle peut confortablement respirer.<\/p>","protected":false},"excerpt":{"rendered":"<p>Effets du flubromaz\u00e9pam Les effets du flubromaz\u00e9pam sont une substance qui est vendue uniquement \u00e0 des fins de recherche et n&#039;est donc pas destin\u00e9e \u00e0 la consommation.<\/p>","protected":false},"featured_media":29380,"comment_status":"closed","ping_status":"closed","template":"","meta":[],"product_brand":[82],"product_cat":[76,386],"product_tag":[138,139,140,142,141,326],"class_list":{"0":"post-23317","1":"product","2":"type-product","3":"status-publish","4":"has-post-thumbnail","6":"product_brand-research-chemical","7":"product_cat-benzodiazepinen","8":"product_cat-flubromazepam","9":"product_tag-flubromazepam","10":"product_tag-flubromazepam-effects","11":"product_tag-flubromazepam-ervaring","12":"product_tag-flubromazepam-halfwaardetijd","13":"product_tag-flubromazepam-werking","14":"product_tag-nl","16":"first","17":"instock","18":"taxable","19":"shipping-taxable","20":"purchasable","21":"product-type-variable"},"_links":{"self":[{"href":"https:\/\/apexresearchchemical.eu\/fr_be\/wp-json\/wp\/v2\/product\/23317","targetHints":{"allow":["GET"]}}],"collection":[{"href":"https:\/\/apexresearchchemical.eu\/fr_be\/wp-json\/wp\/v2\/product"}],"about":[{"href":"https:\/\/apexresearchchemical.eu\/fr_be\/wp-json\/wp\/v2\/types\/product"}],"replies":[{"embeddable":true,"href":"https:\/\/apexresearchchemical.eu\/fr_be\/wp-json\/wp\/v2\/comments?post=23317"}],"version-history":[{"count":3,"href":"https:\/\/apexresearchchemical.eu\/fr_be\/wp-json\/wp\/v2\/product\/23317\/revisions"}],"predecessor-version":[{"id":25431,"href":"https:\/\/apexresearchchemical.eu\/fr_be\/wp-json\/wp\/v2\/product\/23317\/revisions\/25431"}],"wp:featuredmedia":[{"embeddable":true,"href":"https:\/\/apexresearchchemical.eu\/fr_be\/wp-json\/wp\/v2\/media\/29380"}],"wp:attachment":[{"href":"https:\/\/apexresearchchemical.eu\/fr_be\/wp-json\/wp\/v2\/media?parent=23317"}],"wp:term":[{"taxonomy":"product_brand","embeddable":true,"href":"https:\/\/apexresearchchemical.eu\/fr_be\/wp-json\/wp\/v2\/product_brand?post=23317"},{"taxonomy":"product_cat","embeddable":true,"href":"https:\/\/apexresearchchemical.eu\/fr_be\/wp-json\/wp\/v2\/product_cat?post=23317"},{"taxonomy":"product_tag","embeddable":true,"href":"https:\/\/apexresearchchemical.eu\/fr_be\/wp-json\/wp\/v2\/product_tag?post=23317"}],"curies":[{"name":"wp","href":"https:\/\/api.w.org\/{rel}","templated":true}]}}