{"id":27214,"date":"2025-08-14T11:19:38","date_gmt":"2025-08-14T11:19:38","guid":{"rendered":"https:\/\/apexresearchchemical.eu\/?page_id=27214"},"modified":"2026-01-06T04:38:41","modified_gmt":"2026-01-06T04:38:41","slug":"otprema","status":"publish","type":"page","link":"https:\/\/apexresearchchemical.eu\/hr\/otprema\/","title":{"rendered":"Otprema"},"content":{"rendered":"<p>Bij de researchchemicallab.eu versturen we pakketten zo snel mogelijk. Elke bestelling die v\u00f3\u00f3r 17:00u is besteld waarvan de betaling bij ons binnen is, zal dezelfde dag worden verzonden, tenzij er is gekozen voor \u2018Afhalen\u2019.<\/p>\n\n\n\n<p>Sve narud\u017ebe \u0161alju se odabranom dostavom. Uvijek \u0107ete dobiti kod za pra\u0107enje kako biste mogli pratiti svoju narud\u017ebu.<\/p>\n\n\n\n<p>Ako va\u0161 paket nije dostavljen nakon 10 radnih dana, molimo vas da nas kontaktirate kako bismo mogli dalje istra\u017eiti.<\/p>\n\n\n\n<p><strong>Besplatna dostava Nizozemska + Belgija: narud\u017ebe od 75 \u20ac ili vi\u0161e<\/strong><br><strong>Besplatna dostava u ostale zemlje: narud\u017ebe iznad 250 \u20ac<\/strong><\/p>\n\n\n\n<hr class=\"wp-block-separator has-alpha-channel-opacity\"\/>\n\n\n\n<figure class=\"wp-block-table\"><table class=\"has-fixed-layout\"><tbody><tr><td><strong>Zemlja<\/strong><\/td><td><strong>Vrijeme isporuke<\/strong><br><small><em>Pla\u0107eno prije 17 sati,<br>poslano isti dan<\/em><\/small><\/td><td><strong>PostNL<\/strong><\/td><td><strong>DHL<\/strong><\/td><td><strong>DPD<\/strong><\/td><\/tr><tr><td>Nizozemska<\/td><td>1-2 radna dana<\/td><td>\u20ac4,95<\/td><td>\u20ac4,95<\/td><td>nakon<\/td><\/tr><tr><td>Belgija<\/td><td>1-4 radna dana<\/td><td>\u20ac4,95<\/td><td>\u20ac7,95<\/td><td>nakon<\/td><\/tr><tr><td>Bugarska<\/td><td>2-8 radnih dana<\/td><td>nakon<\/td><td>\u20ac17,95<\/td><td>\u20ac9,95<\/td><\/tr><tr><td>Estonija<\/td><td>2-8 radnih dana<\/td><td>nakon<\/td><td>\u20ac34,95<\/td><td>\u20ac14,95<\/td><\/tr><tr><td>Francuska<\/td><td>2-8 radnih dana<\/td><td>nakon<\/td><td>\u20ac12,95<\/td><td>\u20ac8,95<\/td><\/tr><tr><td>Gr\u010dka<\/td><td>2-8 radnih dana<\/td><td>nakon<\/td><td>\u20ac14,95<\/td><td>\u20ac39,95<\/td><\/tr><tr><td>Ma\u0111arska<\/td><td>2-8 radnih dana<\/td><td>nakon<\/td><td>\u20ac14,95<\/td><td>\u20ac9,95<\/td><\/tr><tr><td>Irska<\/td><td>2-8 radnih dana<\/td><td>nakon<\/td><td>\u20ac12,95<\/td><td>\u20ac24,95<\/td><\/tr><tr><td>Italija<\/td><td>2-8 radnih dana<\/td><td>nakon<\/td><td>\u20ac10,95<\/td><td>\u20ac9,95<\/td><\/tr><tr><td>Hrvatska<\/td><td>2-8 radnih dana<\/td><td>nakon<\/td><td>\u20ac19,95<\/td><td>\u20ac10,95<\/td><\/tr><tr><td>Latvija<\/td><td>2-8 radnih dana<\/td><td>nakon<\/td><td>\u20ac34,95<\/td><td>\u20ac15,95<\/td><\/tr><tr><td>Litva<\/td><td>2-8 radnih dana<\/td><td>nakon<\/td><td>\u20ac34,95<\/td><td>\u20ac12,95<\/td><\/tr><tr><td>Luksemburg<\/td><td>2-8 radnih dana<\/td><td>nakon<\/td><td>nakon<\/td><td>\u20ac8,95<\/td><\/tr><tr><td>Austrija<\/td><td>2-8 radnih dana<\/td><td>nakon<\/td><td>\u20ac11,95<\/td><td>\u20ac9,95<\/td><\/tr><tr><td>Poljska<\/td><td>2-8 radnih dana<\/td><td>nakon<\/td><td>\u20ac14,95<\/td><td>\u20ac9,95<\/td><\/tr><tr><td>Portugal<\/td><td>2-8 radnih dana<\/td><td>nakon<\/td><td>\u20ac19,95<\/td><td>\u20ac9,95<\/td><\/tr><tr><td>Rumunija<\/td><td>2-8 radnih dana<\/td><td>nakon<\/td><td>\u20ac16,95<\/td><td>\u20ac9,95<\/td><\/tr><tr><td>Slovenija<\/td><td>2-8 radnih dana<\/td><td>nakon<\/td><td>\u20ac18,95<\/td><td>\u20ac12,95<\/td><\/tr><tr><td>Slova\u010dka<\/td><td>2-8 radnih dana<\/td><td>nakon<\/td><td>\u20ac18,95<\/td><td>\u20ac12,95<\/td><\/tr><tr><td>\u010ce\u0161ka<\/td><td>2-8 radnih dana<\/td><td>nakon<\/td><td>\u20ac14,95<\/td><td>\u20ac11,95<\/td><\/tr><\/tbody><\/table><\/figure>","protected":false},"excerpt":{"rendered":"<p>Bij de researchchemicallab.eu versturen we pakketten zo snel mogelijk. Elke bestelling die v\u00f3\u00f3r 17:00u is besteld waarvan de betaling bij<\/p>","protected":false},"author":1,"featured_media":0,"parent":0,"menu_order":0,"comment_status":"closed","ping_status":"closed","template":"","meta":{"footnotes":""},"class_list":["post-27214","page","type-page","status-publish","hentry"],"_links":{"self":[{"href":"https:\/\/apexresearchchemical.eu\/hr\/wp-json\/wp\/v2\/pages\/27214","targetHints":{"allow":["GET"]}}],"collection":[{"href":"https:\/\/apexresearchchemical.eu\/hr\/wp-json\/wp\/v2\/pages"}],"about":[{"href":"https:\/\/apexresearchchemical.eu\/hr\/wp-json\/wp\/v2\/types\/page"}],"author":[{"embeddable":true,"href":"https:\/\/apexresearchchemical.eu\/hr\/wp-json\/wp\/v2\/users\/1"}],"replies":[{"embeddable":true,"href":"https:\/\/apexresearchchemical.eu\/hr\/wp-json\/wp\/v2\/comments?post=27214"}],"version-history":[{"count":2,"href":"https:\/\/apexresearchchemical.eu\/hr\/wp-json\/wp\/v2\/pages\/27214\/revisions"}],"predecessor-version":[{"id":28552,"href":"https:\/\/apexresearchchemical.eu\/hr\/wp-json\/wp\/v2\/pages\/27214\/revisions\/28552"}],"wp:attachment":[{"href":"https:\/\/apexresearchchemical.eu\/hr\/wp-json\/wp\/v2\/media?parent=27214"}],"curies":[{"name":"radni list","href":"https:\/\/api.w.org\/{rel}","templated":true}]}}