{"id":24194,"date":"2025-04-13T17:41:13","date_gmt":"2025-04-13T17:41:13","guid":{"rendered":"https:\/\/apexresearchchemical.eu\/?post_type=product&#038;p=24194"},"modified":"2026-03-20T10:36:04","modified_gmt":"2026-03-20T10:36:04","slug":"2-fma","status":"publish","type":"product","link":"https:\/\/apexresearchchemical.eu\/hr\/ducan\/b2b\/2-fma\/","title":{"rendered":"RC+ Fluor 2-FMA 30 mg kutija"},"content":{"rendered":"<h2><strong>2-FMA<\/strong><\/h2>\n<p><strong>2-FMA<\/strong>\u00a0je tvar koju prodajemo samo u istra\u017eiva\u010dke svrhe i stoga nije namijenjena za ljudsku konzumaciju. 2-FMA se isporu\u010duje u obliku praha i mo\u017ee se istra\u017eivati do dvije godine ako se \u010duva u odgovaraju\u0107em okru\u017eenju.<a title=\"1V-LSD 150 MCG upijaju\u0107ih papira\" href=\"https:\/\/apexresearchchemical.eu\/hr\/ducan\/lisergamidi\/1v-lsd-150-mcg-blotters\/\" target=\"_blank\" rel=\"noopener\">1V-LSD 150 MCG upijaju\u0107ih papira<\/a><\/p>\n<p>Budu\u0107i da je 2-FMA namijenjen samo za istra\u017eiva\u010dke svrhe, a ne za konzumaciju, va\u017eno je da se 2-FMA \u010duva izvan dohvata djece i ku\u0107nih ljubimaca.<a title=\"6-CL-ADBA\" href=\"https:\/\/apexresearchchemical.eu\/hr\/ducan\/gotovo-zabranjeno\/6-cl-adba\/\" target=\"_blank\" rel=\"noopener\">6-CL-ADBA<\/a><\/p>\n<p>Nudimo visokokvalitetne istra\u017eiva\u010dke kemikalije po povoljnoj cijeni. Va\u0161a narud\u017eba se \u0161alje u roku od 24 sata svaki dan. Naru\u010dite 2FMA sigurno i brzo preko nas!<a title=\"2-CMC pelete od 250 mg\" href=\"https:\/\/apexresearchchemical.eu\/hr\/ducan\/katinoni\/kupiti-2-cmc\/\" target=\"_blank\" rel=\"noopener\">2-CMC pelete od 250 mg<\/a><\/p>\n<h2>2-FMA nekretnine<\/h2>\n<p><strong>Sinonim<\/strong>Fluorometamfetamin<br \/>\n<strong>CAS broj<\/strong>: 1780004-19-4<br \/>\n<strong>Formula<\/strong>C10H14FN \u2022 HCl<br \/>\n<strong>Molarna masa<\/strong>: 203,7 g\/mol<br \/>\n<strong>\u010cisto\u0107a<\/strong>: \u226599%<\/p>\n<h2>Oznake upozorenja<\/h2>\n<p>2-FMA mo\u017ee uzrokovati iritaciju di\u0161nih putova<br \/>\n2-FMA mo\u017ee izazvati iritaciju <a href=\"http:\/\/google.nl\" target=\"_blank\" rel=\"noopener\">the<\/a> o\u010di uzrok<br \/>\nIspu\u0161tanje istra\u017eiva\u010dkih kemikalija u okoli\u0161 je zabranjeno<\/p>\n<p>2-FMA U SLU\u010cAJU DODIRA S O\u010cIMA: Nje\u017eno ispirite o\u010di vodom pet minuta. Uklonite kontaktne le\u0107e, ako ih imate i ako se to lako mo\u017ee u\u010diniti.<\/p>\n<p>2-FMA U DODIRU S KO\u017dOM: Operite ko\u017eu sapunom i vodom.<\/p>\n<p>U SLU\u010cAJU UDISANJA 2-FMA: Unesre\u0107enog odvesti na svje\u017ei zrak i osigurati mu ugodan polo\u017eaj za disanje.<\/p>","protected":false},"excerpt":{"rendered":"<p><strong>Sinonim<\/strong>Fluorometamfetamin<br \/>\n<strong>CAS broj<\/strong>: 1780004-19-4<br \/>\n<strong>Formula<\/strong>C10H14FN \u2022 HCl<br \/>\n<strong>Molarna masa<\/strong>: 203,7 g\/mol<br \/>\n<strong>\u010cisto\u0107a<\/strong>: \u226599%<\/p>","protected":false},"featured_media":29460,"comment_status":"closed","ping_status":"closed","template":"","meta":[],"product_brand":[82],"product_cat":[555],"product_tag":[572,617,618,589,619,326],"class_list":{"0":"post-24194","1":"product","2":"type-product","3":"status-publish","4":"has-post-thumbnail","6":"product_brand-research-chemical","7":"product_cat-b2b","8":"product_tag-2-fma-kopen","9":"product_tag-2-fma","10":"product_tag-2fma","11":"product_tag-2fma-drugs","12":"product_tag-2fma-kopen","13":"product_tag-nl","15":"first","16":"instock","17":"taxable","18":"shipping-taxable","19":"purchasable","20":"product-type-variable"},"_links":{"self":[{"href":"https:\/\/apexresearchchemical.eu\/hr\/wp-json\/wp\/v2\/product\/24194","targetHints":{"allow":["GET"]}}],"collection":[{"href":"https:\/\/apexresearchchemical.eu\/hr\/wp-json\/wp\/v2\/product"}],"about":[{"href":"https:\/\/apexresearchchemical.eu\/hr\/wp-json\/wp\/v2\/types\/product"}],"replies":[{"embeddable":true,"href":"https:\/\/apexresearchchemical.eu\/hr\/wp-json\/wp\/v2\/comments?post=24194"}],"version-history":[{"count":4,"href":"https:\/\/apexresearchchemical.eu\/hr\/wp-json\/wp\/v2\/product\/24194\/revisions"}],"predecessor-version":[{"id":25400,"href":"https:\/\/apexresearchchemical.eu\/hr\/wp-json\/wp\/v2\/product\/24194\/revisions\/25400"}],"wp:featuredmedia":[{"embeddable":true,"href":"https:\/\/apexresearchchemical.eu\/hr\/wp-json\/wp\/v2\/media\/29460"}],"wp:attachment":[{"href":"https:\/\/apexresearchchemical.eu\/hr\/wp-json\/wp\/v2\/media?parent=24194"}],"wp:term":[{"taxonomy":"product_brand","embeddable":true,"href":"https:\/\/apexresearchchemical.eu\/hr\/wp-json\/wp\/v2\/product_brand?post=24194"},{"taxonomy":"product_cat","embeddable":true,"href":"https:\/\/apexresearchchemical.eu\/hr\/wp-json\/wp\/v2\/product_cat?post=24194"},{"taxonomy":"product_tag","embeddable":true,"href":"https:\/\/apexresearchchemical.eu\/hr\/wp-json\/wp\/v2\/product_tag?post=24194"}],"curies":[{"name":"radni list","href":"https:\/\/api.w.org\/{rel}","templated":true}]}}