{"id":24912,"date":"2025-04-13T17:43:41","date_gmt":"2025-04-13T17:43:41","guid":{"rendered":"https:\/\/apexresearchchemical.eu\/?post_type=product&#038;p=24912"},"modified":"2026-03-20T06:55:37","modified_gmt":"2026-03-20T06:55:37","slug":"cbd-pellets-25mg","status":"publish","type":"product","link":"https:\/\/apexresearchchemical.eu\/hr\/ducan\/cbd\/cbd-pellets-25mg\/","title":{"rendered":"CBD pelete od 25 mg"},"content":{"rendered":"<h2>CBD Pellets 25mg<\/h2>\n<p>CBD pellets is een stof die alleen verkocht wordt voor research doeleinden en is dus niet voor consumptie bestemd.<\/p>\n<p>CBD behoudt zijn stabiliteit tot 2 jaar wanneer deze <a href=\"http:\/\/google.nl\" target=\"_blank\" rel=\"noopener\">u<\/a> de juiste omgeving wordt bewaard. CBD is bedoeld voor onderzoeksdoeleinden en niet voor consumptie. Daarom is het belangrijk dat het product buiten het bereik van kinderen en huisdieren wordt bewaard.<a title=\"1cP-LSD 150 MCG Art Blotters\" href=\"https:\/\/apexresearchchemical.eu\/hr\/ducan\/lisergamidi\/1cp-lsd-150-mcg\/\" target=\"_blank\" rel=\"noopener\">1cP-LSD 150 MCG Art Blotters<\/a><\/p>\n<p>Nudimo visokokvalitetne istra\u017eiva\u010dke kemikalije po povoljnoj cijeni. Va\u0161a narud\u017eba se \u0161alje u roku od 24 sata svaki dan. Naru\u010dite odmah! <em>CBD<\/em> veilig en snel via p.<a title=\"O-DSMT pelete od 50 mg\" href=\"https:\/\/apexresearchchemical.eu\/hr\/ducan\/pellets\/o-dsmt-50-mg-pelete\/\" target=\"_blank\" rel=\"noopener\">O-DSMT pelete od 50 mg<\/a><\/p>\n<h3>CBD eigenschappen<\/h3>\n<p><strong>Sinonim:<\/strong> Cannabidiol<br \/>\n<strong>CAS broj:<\/strong> niet van toepassing<br \/>\n<strong>Formula:<\/strong> C<sub>21<\/sub>H<sub>30<\/sub>O<sub>2<\/sub><br \/>\n<strong>Molarna masa:<\/strong> niet van toepassing<br \/>\n<strong>\u010cisto\u0107a:<\/strong> &gt;98%<\/p>\n<h3>Izjava o opasnosti<\/h3>\n<p>CBD kan luchtweg irritaties veroorzaken<br \/>\nCBD kan irritaties in de ogen veroorzaken.<br \/>\nIspu\u0161tanje istra\u017eiva\u010dkih kemikalija u okoli\u0161 je zabranjeno.<a title=\"2C-EF 2 mg kapsule\" href=\"https:\/\/apexresearchchemical.eu\/hr\/ducan\/fenetilamin\/2c-ef-2-mg-kapsule\/\" target=\"_blank\" rel=\"noopener\">2C-EF 2 mg kapsule<\/a><\/p>\n<p>CBD IN CONTACT MET DE OGEN: spoel de ogen voorzichtig af met water gedurende vijf minuten. Verwijder de contactlenzen indien mogelijk.<\/p>\n<p>CBD IN CONTACT MET DE HUID: was de huid met water en zeep.<a title=\"1V-LSD 150 MCG upijaju\u0107ih papira\" href=\"https:\/\/apexresearchchemical.eu\/hr\/ducan\/lisergamidi\/1v-lsd-150-mcg-blotters\/\" target=\"_blank\" rel=\"noopener\">1V-LSD 150 MCG upijaju\u0107ih papira<\/a><\/p>\n<p>NA INADEMING VAN CBD: breng het slachtoffer in de frisse buitenlucht en laat het slachtoffer in een houding staan die het ademen makkelijk maakt.<a title=\"2-CMC pelete od 250 mg\" href=\"https:\/\/apexresearchchemical.eu\/hr\/ducan\/katinoni\/kupiti-2-cmc\/\" target=\"_blank\" rel=\"noopener\">2-CMC pelete od 250 mg<\/a><\/p>","protected":false},"excerpt":{"rendered":"<h3>CBD eigenschappen<\/h3>\n<p><strong>Sinonim:<\/strong> Cannabidiol<br \/>\n<strong>CAS broj:<\/strong> niet van toepassing<br \/>\n<strong>Formula:<\/strong> C<sub>21<\/sub>H<sub>30<\/sub>O<sub>2<\/sub><br \/>\n<strong>Molarna masa:<\/strong> niet van toepassing<br \/>\n<strong>\u010cisto\u0107a:<\/strong> &gt;98%<\/p>","protected":false},"featured_media":29338,"comment_status":"closed","ping_status":"closed","template":"","meta":[],"product_brand":[82],"product_cat":[422,423,336,324],"product_tag":[735,736,737,732,733,734,326],"class_list":{"0":"post-24912","1":"product","2":"type-product","3":"status-publish","4":"has-post-thumbnail","6":"product_brand-research-chemical","7":"product_cat-cbd","8":"product_cat-cbd-pellets","9":"product_cat-overig","10":"product_cat-pellets-for-pellet","11":"product_tag-benefits-of-cbd-pellets-for-horses","12":"product_tag-best-cbd-pellets-for-horses","13":"product_tag-can-your-horse-test-positive-using-cbd-pellets","14":"product_tag-cbd-pellets","15":"product_tag-cbd-pellets-ervaringen","16":"product_tag-cbd-pellets-for-horses","17":"product_tag-nl","19":"first","20":"instock","21":"taxable","22":"shipping-taxable","23":"purchasable","24":"product-type-variable"},"_links":{"self":[{"href":"https:\/\/apexresearchchemical.eu\/hr\/wp-json\/wp\/v2\/product\/24912","targetHints":{"allow":["GET"]}}],"collection":[{"href":"https:\/\/apexresearchchemical.eu\/hr\/wp-json\/wp\/v2\/product"}],"about":[{"href":"https:\/\/apexresearchchemical.eu\/hr\/wp-json\/wp\/v2\/types\/product"}],"replies":[{"embeddable":true,"href":"https:\/\/apexresearchchemical.eu\/hr\/wp-json\/wp\/v2\/comments?post=24912"}],"version-history":[{"count":5,"href":"https:\/\/apexresearchchemical.eu\/hr\/wp-json\/wp\/v2\/product\/24912\/revisions"}],"predecessor-version":[{"id":25867,"href":"https:\/\/apexresearchchemical.eu\/hr\/wp-json\/wp\/v2\/product\/24912\/revisions\/25867"}],"wp:featuredmedia":[{"embeddable":true,"href":"https:\/\/apexresearchchemical.eu\/hr\/wp-json\/wp\/v2\/media\/29338"}],"wp:attachment":[{"href":"https:\/\/apexresearchchemical.eu\/hr\/wp-json\/wp\/v2\/media?parent=24912"}],"wp:term":[{"taxonomy":"product_brand","embeddable":true,"href":"https:\/\/apexresearchchemical.eu\/hr\/wp-json\/wp\/v2\/product_brand?post=24912"},{"taxonomy":"product_cat","embeddable":true,"href":"https:\/\/apexresearchchemical.eu\/hr\/wp-json\/wp\/v2\/product_cat?post=24912"},{"taxonomy":"product_tag","embeddable":true,"href":"https:\/\/apexresearchchemical.eu\/hr\/wp-json\/wp\/v2\/product_tag?post=24912"}],"curies":[{"name":"radni list","href":"https:\/\/api.w.org\/{rel}","templated":true}]}}