{"id":23573,"date":"2025-04-13T17:40:00","date_gmt":"2025-04-13T17:40:00","guid":{"rendered":"https:\/\/apexresearchchemical.eu\/?post_type=product&#038;p=23573"},"modified":"2026-03-20T14:42:10","modified_gmt":"2026-03-20T14:42:10","slug":"lsz-l-tartrate-puur","status":"publish","type":"product","link":"https:\/\/apexresearchchemical.eu\/is\/bud\/lsz\/lsz-l-tartrate-puur\/","title":{"rendered":"LSZ L-tartrat hreint"},"content":{"rendered":"<h3>LSZ L-Tartrate Pure \u2013 H\u00e1g\u00e6\u00f0a ranns\u00f3knarefni fyrir v\u00edsindalegar notkunar<\/h3>\n<h4>Inngangur<\/h4>\n<p>LSZ L-tartrat er ranns\u00f3knarefni \u00ed lyfjafr\u00e6\u00f0ilegum g\u00e6\u00f0aflokki sem tilheyrir l\u00fdsergam\u00ed\u00f0fj\u00f6lskyldunni. Hreina LSZ L-tartrati\u00f0 okkar b\u00fd\u00f0ur v\u00edsindam\u00f6nnum upp \u00e1 h\u00e1g\u00e6\u00f0a og samr\u00e6mda v\u00f6ru fyrir v\u00edsindalegar tilraunir og lyfjafr\u00e6\u00f0ilegar ranns\u00f3knir. \u00deetta efni er framleitt \u00ed st\u00f6\u00f0ugasta formi s\u00ednu, sem tryggir \u00e1rei\u00f0anlegar ni\u00f0urst\u00f6\u00f0ur vi\u00f0 st\u00fdr\u00f0ar ranns\u00f3knara\u00f0st\u00e6\u00f0ur.<\/p>\n<h4>V\u00f6rueiginleikar<\/h4>\n<ul>\n<li><strong>Fram\u00farskarandi hreinleiki<\/strong>Greiningarpr\u00f3fa\u00f0 fyrir hreinleika og g\u00e6\u00f0i<\/li>\n<li><strong>St\u00f6\u00f0ugt L-tartrat form<\/strong>Besta leysni og geymslu\u00feol<\/li>\n<li><strong>N\u00e1kv\u00e6m form\u00fala<\/strong>N\u00e1kv\u00e6mlega skammta\u00f0 fyrir endurteknar ni\u00f0urst\u00f6\u00f0ur<\/li>\n<li><strong>Fagleg umb\u00fa\u00f0ir<\/strong>Vernda\u00f0 gegn lj\u00f3si, raka og oxun<\/li>\n<\/ul>\n<h4>Notkun \u00ed v\u00edsindaranns\u00f3knum<\/h4>\n<p>Ranns\u00f3knir eru \u00e1 byggingarl\u00edkindum LSZ L-tartrats vi\u00f0 \u00f6nnur l\u00fdsergam\u00ed\u00f0. V\u00edsindamenn eru a\u00f0 rannsaka hugsanlega lyfjafr\u00e6\u00f0ilega eiginleika \u00feess og milliverkanir vi\u00f0 taugabo\u00f0efnakerfi. \u00deessi vara er eing\u00f6ngu \u00e6tlu\u00f0 fyrir:<\/p>\n<ul>\n<li>Taugaefnafr\u00e6\u00f0ilegar ranns\u00f3knir<\/li>\n<li>Ranns\u00f3knir \u00e1 vi\u00f0t\u00f6kum<\/li>\n<li>Samanbur\u00f0ar lyfjafr\u00e6\u00f0ilegra greininga<\/li>\n<\/ul>\n<h4>\u00d6ryggisuppl\u00fdsingar og me\u00f0h\u00f6ndlun<\/h4>\n<ul>\n<li><strong>Eing\u00f6ngu \u00ed ranns\u00f3knarskyni<\/strong>Ekki \u00e6tla\u00f0 til manneldis e\u00f0a d\u00fdraneyslu<\/li>\n<li><strong>Fagleg me\u00f0h\u00f6ndlun nau\u00f0synleg<\/strong>Noti\u00f0 alltaf pers\u00f3nuhl\u00edfar<\/li>\n<li><strong>Geymslur\u00e1\u00f0<\/strong>Geymi\u00f0 vi\u00f0 st\u00fdr\u00f0an hita (2-8\u00b0C) \u00ed upprunalegum umb\u00fa\u00f0um.<\/li>\n<li><strong>St\u00f6\u00f0ugleiki<\/strong>Langt\u00edmast\u00f6\u00f0ugleiki vi\u00f0 r\u00e9ttar geymsluskilyr\u00f0i<\/li>\n<\/ul>\n<h4>G\u00e6\u00f0a\u00e1byrg\u00f0<\/h4>\n<p>LSZ L-tartrati\u00f0 okkar gengst undir strangt g\u00e6\u00f0aeftirlit, \u00fear \u00e1 me\u00f0al:<\/p>\n<ul>\n<li>HPLC greining til a\u00f0 \u00e1kvar\u00f0a hreinleika<\/li>\n<li>Massagreining til a\u00f0 sta\u00f0festa au\u00f0kenni<\/li>\n<li>N\u00e1kv\u00e6m skammtast\u00fdring<\/li>\n<\/ul>\n<h4>Uppl\u00fdsingar um p\u00f6ntun<\/h4>\n<p>F\u00e1anlegt \u00ed mismunandi magni fyrir ranns\u00f3knarstofnanir og vi\u00f0urkenndar ranns\u00f3knarstofur. Haf\u00f0u samband vi\u00f0 okkur til a\u00f0 f\u00e1 greiningarsk\u00fdrslur og t\u00e6knilegar uppl\u00fdsingar um hverja lotu.<\/p>\n<p><strong>Mikilv\u00e6g lagaleg athugasemd<\/strong><br \/>\n\u00deessi vara er eing\u00f6ngu \u00e6tlu\u00f0 til l\u00f6glega heimila\u00f0ra ranns\u00f3kna af h\u00e1lfu h\u00e6fra fagf\u00f3lks. Kaupendur bera \u00e1byrg\u00f0 \u00e1 a\u00f0 sta\u00f0festa gildandi l\u00f6g og regluger\u00f0ir \u00ed s\u00ednu l\u00f6gsagnarumd\u00e6mi fyrir kaup og notkun.<\/p>\n<p><strong>Umb\u00fa\u00f0aeining<\/strong><br \/>\nAfhent \u00ed lj\u00f3s\u00fe\u00e9ttum, loft\u00fe\u00e9ttum umb\u00fa\u00f0um <a href=\"http:\/\/google.nl\" target=\"_blank\" rel=\"noopener\">af<\/a> \u00feurrkefni fyrir bestu m\u00f6gulegu st\u00f6\u00f0ugleika.<a href=\"https:\/\/apexresearchchemical.eu\/is\/bud\/iboga-ibogain\/iboga-rotarborkur\/\">iboga r\u00f3tarb\u00f6rkur<\/a><a href=\"https:\/\/apexresearchchemical.eu\/is\/bud\/iboga-ibogain\/kaupa-ibogaine-hcl-a-netinu\/\">kaupa ibogaine hcl \u00e1 netinu<\/a><a href=\"https:\/\/apexresearchchemical.eu\/is\/bud\/lysergamid\/1cp-lsd\/\">1cp lsd<\/a><a href=\"https:\/\/apexresearchchemical.eu\/is\/bud\/pellets\/o-dsmt-50-mg-kulur\/\">o-dsmt<\/a><a href=\"https:\/\/apexresearchchemical.eu\/is\/bud\/lysergamid\/1vlsd\/\">1vlsd<\/a><\/p>","protected":false},"excerpt":{"rendered":"<h3><span style=\"vertical-align: inherit;\"><span style=\"vertical-align: inherit;\">Eiginleikar LSZ L-tartrats<\/span><\/span><\/h3>\n<p><strong><span style=\"vertical-align: inherit;\"><span style=\"vertical-align: inherit;\">Samheiti:<\/span><\/span><\/strong><span style=\"vertical-align: inherit;\"><span style=\"vertical-align: inherit;\"> l\u00fdserg\u00edns\u00fdru 2,4-d\u00edmet\u00fdlaset\u00ed\u00f0 hemi-L-tartrat <\/span><\/span><br \/>\n<strong><span style=\"vertical-align: inherit;\"><span style=\"vertical-align: inherit;\">CAS-n\u00famer:<\/span><\/span><\/strong><span style=\"vertical-align: inherit;\"><span style=\"vertical-align: inherit;\"> 470666-32-1 <\/span><\/span><br \/>\n<strong><span style=\"vertical-align: inherit;\"><span style=\"vertical-align: inherit;\">Form\u00fala:<\/span><\/span><\/strong><span style=\"vertical-align: inherit;\"><span style=\"vertical-align: inherit;\"> ((2S,4S)-2,4-d\u00edmet\u00fdlaset\u00edd\u00edn-1-\u00fdl+*(8\u03b2)-6-met\u00fdl-9,10-d\u00edd\u00edh\u00fddr\u00f3erg\u00f3l\u00edn-8-\u00fdl+metan\u00f3n <\/span><\/span><br \/>\n<strong><span style=\"vertical-align: inherit;\"><span style=\"vertical-align: inherit;\">M\u00f3lmassi:<\/span><\/span><\/strong><span style=\"vertical-align: inherit;\"><span style=\"vertical-align: inherit;\"> 410,5 g\/m\u00f3l <\/span><\/span><br \/>\n<strong><span style=\"vertical-align: inherit;\"><span style=\"vertical-align: inherit;\">Hreinleiki:<\/span><\/span><\/strong><span style=\"vertical-align: inherit;\"><span style=\"vertical-align: inherit;\"> &gt;97%<\/span><\/span><\/p>","protected":false},"featured_media":29406,"comment_status":"closed","ping_status":"closed","template":"","meta":[],"product_brand":[82],"product_cat":[366,358],"product_tag":[775,326],"class_list":{"0":"post-23573","1":"product","2":"type-product","3":"status-publish","4":"has-post-thumbnail","6":"product_brand-research-chemical","7":"product_cat-lsz","8":"product_cat-lysergamides","9":"product_tag-lsz","10":"product_tag-nl","12":"first","13":"instock","14":"taxable","15":"shipping-taxable","16":"purchasable","17":"product-type-variable"},"_links":{"self":[{"href":"https:\/\/apexresearchchemical.eu\/is\/wp-json\/wp\/v2\/product\/23573","targetHints":{"allow":["GET"]}}],"collection":[{"href":"https:\/\/apexresearchchemical.eu\/is\/wp-json\/wp\/v2\/product"}],"about":[{"href":"https:\/\/apexresearchchemical.eu\/is\/wp-json\/wp\/v2\/types\/product"}],"replies":[{"embeddable":true,"href":"https:\/\/apexresearchchemical.eu\/is\/wp-json\/wp\/v2\/comments?post=23573"}],"version-history":[{"count":3,"href":"https:\/\/apexresearchchemical.eu\/is\/wp-json\/wp\/v2\/product\/23573\/revisions"}],"predecessor-version":[{"id":26393,"href":"https:\/\/apexresearchchemical.eu\/is\/wp-json\/wp\/v2\/product\/23573\/revisions\/26393"}],"wp:featuredmedia":[{"embeddable":true,"href":"https:\/\/apexresearchchemical.eu\/is\/wp-json\/wp\/v2\/media\/29406"}],"wp:attachment":[{"href":"https:\/\/apexresearchchemical.eu\/is\/wp-json\/wp\/v2\/media?parent=23573"}],"wp:term":[{"taxonomy":"product_brand","embeddable":true,"href":"https:\/\/apexresearchchemical.eu\/is\/wp-json\/wp\/v2\/product_brand?post=23573"},{"taxonomy":"product_cat","embeddable":true,"href":"https:\/\/apexresearchchemical.eu\/is\/wp-json\/wp\/v2\/product_cat?post=23573"},{"taxonomy":"product_tag","embeddable":true,"href":"https:\/\/apexresearchchemical.eu\/is\/wp-json\/wp\/v2\/product_tag?post=23573"}],"curies":[{"name":"wp","href":"https:\/\/api.w.org\/{rel}","templated":true}]}}