{"id":23860,"date":"2025-04-13T17:40:35","date_gmt":"2025-04-13T17:40:35","guid":{"rendered":"https:\/\/apexresearchchemical.eu\/?post_type=product&#038;p=23860"},"modified":"2026-03-20T12:32:53","modified_gmt":"2026-03-20T12:32:53","slug":"kaupa-3fmc","status":"publish","type":"product","link":"https:\/\/apexresearchchemical.eu\/is\/bud\/3-fmc\/kaupa-3fmc\/","title":{"rendered":"3-FMC (3-fl\u00faormetkat\u00edn\u00f3n)"},"content":{"rendered":"<h1>Kauptu 3fmc (3-fl\u00faormetkat\u00edn\u00f3n) \u2013 Ranns\u00f3knarefni me\u00f0 mikilli hreinleika til v\u00edsindalegra nota<\/h1>\n<h2>Kynning \u00e1 v\u00f6ru<\/h2>\n<p>Kauptu 3-FMC (3-Fl\u00faormetkat\u00edn\u00f3n) er fl\u00faora\u00f0 kat\u00edn\u00f3naflei\u00f0a sem er a\u00f0 ver\u00f0a s\u00edfellt mikilv\u00e6gari \u00ed lyfjafr\u00e6\u00f0ilegum og taugaefnafr\u00e6\u00f0ilegum ranns\u00f3knum. \u00deetta ranns\u00f3knarefni b\u00fd\u00f0ur upp \u00e1 einstaka m\u00f6guleika til a\u00f0 rannsaka \u00f6rvandi efnasamb\u00f6nd og samspil \u00feeirra vi\u00f0 m\u00f3n\u00f3am\u00ednflutningspr\u00f3tein. 3-FMC okkar \u00ed fyrsta flokki fylgir \u00edtarleg greiningarg\u00f6gn, tilvali\u00f0 fyrir alvarleg ranns\u00f3knarverkefni.<\/p>\n<h2>G\u00e6\u00f0aeiginleikar<\/h2>\n<ul>\n<li>Fram\u00farskarandi hreinleiki \u226599% (sta\u00f0fest me\u00f0 HPLC-MS)<\/li>\n<li>Lotubundin vottun \u00fear \u00e1 me\u00f0al \u00edtarlegar greiningarsk\u00fdrslur<\/li>\n<li>Besti st\u00f6\u00f0ugleiki fyrir langt\u00edma ranns\u00f3knarverkefni<\/li>\n<li>Lyfjafr\u00e6\u00f0ileg g\u00e6\u00f0i me\u00f0 l\u00e1gu \u00feungm\u00e1lmainnihaldi<\/li>\n<\/ul>\n<h2>V\u00edsindaleg notkunarsvi\u00f0<\/h2>\n<ul>\n<li>Ranns\u00f3knir \u00e1 taugaflutningspr\u00f3teinum: ranns\u00f3kn \u00e1 h\u00f6mlun \u00e1 enduruppt\u00f6ku d\u00f3pam\u00edns\/noradrenal\u00edns<\/li>\n<li>Tengsl byggingar og virkni: samanbur\u00f0argreiningar \u00e1 fl\u00faoru\u00f0um ka\u00fe\u00edn\u00f3num<\/li>\n<li>R\u00e9ttarmeinafr\u00e6\u00f0ileg greining: vi\u00f0mi\u00f0unarsta\u00f0all fyrir a\u00f0fer\u00f0ir til a\u00f0 greina n\u00fdrnasj\u00fakd\u00f3ma (NPS)<\/li>\n<li>Ranns\u00f3knir \u00e1 efnaskiptum: greining \u00e1 l\u00edfefnafr\u00e6\u00f0ilegum umbreytingarafur\u00f0um<\/li>\n<\/ul>\n<h2>\u00cdtarlegri lausnarm\u00f6guleikar<\/h2>\n<ul>\n<li>Vatnsleysanlegar bl\u00f6ndur f\u00e1anlegar fyrir in vitro ranns\u00f3knir<\/li>\n<li>S\u00e9rstakar sams\u00e6tumerktar \u00fatg\u00e1fur f\u00e1anlegar ef \u00f3ska\u00f0 er<\/li>\n<li>S\u00e9rsni\u00f0in hreinleikastig fyrir s\u00e9rh\u00e6f\u00f0ar ranns\u00f3knar\u00fearfir<\/li>\n<\/ul>\n<h2>\u00d6ryggisreglur og fylgni<\/h2>\n<ul>\n<li>Eing\u00f6ngu til ranns\u00f3kna \u2013 ekki til manneldis<\/li>\n<li>Krefst st\u00fdr\u00f0s ranns\u00f3knarstofuumhverfis me\u00f0 fulln\u00e6gjandi loftr\u00e6stingu<\/li>\n<li>Pers\u00f3nuvernd (EN 374 hanskar, ranns\u00f3knarstofusloppur, \u00f6ryggisgleraugu) er krafist<\/li>\n<li>Uppfyllir allar REACH og sta\u00f0bundnar \u00f6ryggisreglur<\/li>\n<\/ul>\n<h2>T\u00e6knilegar uppl\u00fdsingar<\/h2>\n<ul>\n<li>CAS: 1118797-90-9<\/li>\n<li>Sameindaform\u00fala: C10H12FNO<\/li>\n<li>M\u00f3l\u00feyngd: 181,21 g\/m\u00f3l<\/li>\n<li>\u00datlit: Hv\u00edtt kristalla\u00f0 duft<\/li>\n<li>Leysni: 25 mg\/ml \u00ed metan\u00f3li (vi\u00f0 20\u00b0C)<\/li>\n<\/ul>\n<h2>St\u00f6\u00f0ugleiki og geymsla<\/h2>\n<ul>\n<li>Geymi\u00f0 vi\u00f0 stofuhita (15\u201325\u00b0C)<\/li>\n<li>Verji\u00f0 gegn beinu lj\u00f3si og raka<\/li>\n<li>Geymslu\u00feol: 36 m\u00e1nu\u00f0ir \u00ed upprunalegum umb\u00fa\u00f0um<\/li>\n<\/ul>\n<h2>Aukavir\u00f0i okkar fyrir v\u00edsindamenn<\/h2>\n<ul>\n<li>Hra\u00f0 afhending \u2013 evr\u00f3psk lager, afhending innan 48 klukkustunda<\/li>\n<li>V\u00edsindalegur stu\u00f0ningur \u2013 a\u00f0gangur a\u00f0 efnafr\u00e6\u00f0is\u00e9rfr\u00e6\u00f0ingum okkar<\/li>\n<li>Sveigjanlegir umb\u00fa\u00f0am\u00f6guleikar \u2013 fr\u00e1 100 mg upp \u00ed magn<\/li>\n<li>ISO 9001 vottun \u2013 trygg\u00f0 g\u00e6\u00f0aferli<\/li>\n<\/ul>\n<h2>L\u00f6gleg yfirl\u00fdsing<\/h2>\n<p>Kaupandi ber \u00e1byrg\u00f0 \u00e1 a\u00f0 fara a\u00f0 \u00f6llum gildandi l\u00f6gum var\u00f0andi v\u00f6rslu og notkun \u00feessa efnis. \u00deessi vara er eing\u00f6ngu \u00e6tlu\u00f0 til l\u00f6glega heimila\u00f0ra ranns\u00f3kna af h\u00e1lfu h\u00e6fra faga\u00f0ila.<\/p>\n<h2>Ranns\u00f3knarf\u00e9lagar \u00f3skast<\/h2>\n<p>Vi\u00f0 h\u00f6fum \u00e1n\u00e6gju af samstarfi vi\u00f0 h\u00e1sk\u00f3la og ranns\u00f3knarstofnanir <a href=\"http:\/\/google.nl\" target=\"_blank\" rel=\"noopener\">Kveikt<\/a> N\u00fdsk\u00f6punarverkefni. Kynntu \u00fe\u00e9r samstarfsm\u00f6guleika okkar og ranns\u00f3knara\u00f0st\u00f6\u00f0u.<a href=\"https:\/\/apexresearchchemical.eu\/is\/bud\/iboga-ibogain\/iboga-rotarborkur\/\">iboga r\u00f3tarb\u00f6rkur<\/a><a href=\"https:\/\/apexresearchchemical.eu\/is\/bud\/iboga-ibogain\/kaupa-ibogaine-hcl-a-netinu\/\">kaupa ibogaine hcl \u00e1 netinu<\/a><a href=\"https:\/\/apexresearchchemical.eu\/is\/bud\/pellets\/o-dsmt-50-mg-kulur\/\">o-dsmt<\/a><a href=\"https:\/\/apexresearchchemical.eu\/is\/bud\/lysergamid\/1vlsd\/\">1vlsd<\/a><a href=\"https:\/\/apexresearchchemical.eu\/is\/bud\/lysergamid\/1cp-lsd\/\">1cp lsd<\/a><\/p>","protected":false},"excerpt":{"rendered":"<h2><span style=\"vertical-align: inherit;\"><span style=\"vertical-align: inherit;\">3-FMC eiginleikar<\/span><\/span><\/h2>\n<p><strong><span style=\"vertical-align: inherit;\"><span style=\"vertical-align: inherit;\">Samheiti:<\/span><\/span><\/strong><span style=\"vertical-align: inherit;\"><span style=\"vertical-align: inherit;\"> 3-fl\u00faormetkat\u00edn\u00f3n \/ 1-(3-kl\u00f3rfen\u00fdl)-2-(et\u00fdlam\u00edn\u00f3)pr\u00f3pan-1-\u00f3n <\/span><\/span><strong><br \/>\n<span style=\"vertical-align: inherit;\"><span style=\"vertical-align: inherit;\">CAS-n\u00famer<\/span><\/span><\/strong><span style=\"vertical-align: inherit;\"><span style=\"vertical-align: inherit;\"> : 1049677-77-1 <\/span><\/span><br \/>\n<strong><span style=\"vertical-align: inherit;\"><span style=\"vertical-align: inherit;\">Form\u00fala<\/span><\/span><\/strong><span style=\"vertical-align: inherit;\"><span style=\"vertical-align: inherit;\"> C10H12FNO \u2022 HCL <\/span><\/span><br \/>\n<strong><span style=\"vertical-align: inherit;\"><span style=\"vertical-align: inherit;\">M\u00f3lmassi<\/span><\/span><\/strong><span style=\"vertical-align: inherit;\"><span style=\"vertical-align: inherit;\"> : 181,210 g\/m\u00f3l <\/span><\/span><br \/>\n<strong><span style=\"vertical-align: inherit;\"><span style=\"vertical-align: inherit;\">Hreinleiki<\/span><\/span><\/strong><span style=\"vertical-align: inherit;\"><span style=\"vertical-align: inherit;\"> : \u226599%<\/span><\/span><\/p>","protected":false},"featured_media":29246,"comment_status":"closed","ping_status":"closed","template":"","meta":[],"product_brand":[82],"product_cat":[554,322,79],"product_tag":[670,653,576,575,574,326],"class_list":{"0":"post-23860","1":"product","2":"type-product","3":"status-publish","4":"has-post-thumbnail","6":"product_brand-research-chemical","7":"product_cat-3-fmc","8":"product_cat-bijna-verboden","9":"product_cat-cathinonen","10":"product_tag-3-fmc-ervaringen","11":"product_tag-3-fluoromethcathinone","12":"product_tag-3-fmc","13":"product_tag-3fmc","14":"product_tag-3fmc-kopen","15":"product_tag-nl","17":"first","18":"instock","19":"taxable","20":"shipping-taxable","21":"purchasable","22":"product-type-variable"},"_links":{"self":[{"href":"https:\/\/apexresearchchemical.eu\/is\/wp-json\/wp\/v2\/product\/23860","targetHints":{"allow":["GET"]}}],"collection":[{"href":"https:\/\/apexresearchchemical.eu\/is\/wp-json\/wp\/v2\/product"}],"about":[{"href":"https:\/\/apexresearchchemical.eu\/is\/wp-json\/wp\/v2\/types\/product"}],"replies":[{"embeddable":true,"href":"https:\/\/apexresearchchemical.eu\/is\/wp-json\/wp\/v2\/comments?post=23860"}],"version-history":[{"count":5,"href":"https:\/\/apexresearchchemical.eu\/is\/wp-json\/wp\/v2\/product\/23860\/revisions"}],"predecessor-version":[{"id":26412,"href":"https:\/\/apexresearchchemical.eu\/is\/wp-json\/wp\/v2\/product\/23860\/revisions\/26412"}],"wp:featuredmedia":[{"embeddable":true,"href":"https:\/\/apexresearchchemical.eu\/is\/wp-json\/wp\/v2\/media\/29246"}],"wp:attachment":[{"href":"https:\/\/apexresearchchemical.eu\/is\/wp-json\/wp\/v2\/media?parent=23860"}],"wp:term":[{"taxonomy":"product_brand","embeddable":true,"href":"https:\/\/apexresearchchemical.eu\/is\/wp-json\/wp\/v2\/product_brand?post=23860"},{"taxonomy":"product_cat","embeddable":true,"href":"https:\/\/apexresearchchemical.eu\/is\/wp-json\/wp\/v2\/product_cat?post=23860"},{"taxonomy":"product_tag","embeddable":true,"href":"https:\/\/apexresearchchemical.eu\/is\/wp-json\/wp\/v2\/product_tag?post=23860"}],"curies":[{"name":"wp","href":"https:\/\/api.w.org\/{rel}","templated":true}]}}