{"id":24196,"date":"2025-04-13T17:41:14","date_gmt":"2025-04-13T17:41:14","guid":{"rendered":"https:\/\/apexresearchchemical.eu\/?post_type=product&#038;p=24196"},"modified":"2026-03-20T10:05:01","modified_gmt":"2026-03-20T10:05:01","slug":"2-mmc-hcl-poki-1-gr","status":"publish","type":"product","link":"https:\/\/apexresearchchemical.eu\/is\/bud\/fyrirtaeki-til-fyrirtaekja\/2-mmc-hcl-poki-1-gr\/","title":{"rendered":"2-MMC HCl poki 1 g"},"content":{"rendered":"<h2 class=\"ds-markdown-paragraph\"><strong>2 MMC HCl (1 gramm) \u2013 Fyrsta flokks ranns\u00f3knarefnafr\u00e6\u00f0i fyrir taugaefnafr\u00e6\u00f0ilegar ranns\u00f3knir<\/strong><\/h2>\n<p class=\"ds-markdown-paragraph\"><strong>V\u00f6ruheiti:<\/strong> 2 MMC HCl (2-met\u00fdlmetkat\u00edn\u00f3nh\u00fddr\u00f3kl\u00f3r\u00ed\u00f0)<br \/>\n<strong>Flokkur:<\/strong>\u00a0Ranns\u00f3knarefni (\u00f6rvandi kat\u00edn\u00f3nflokkur)<br \/>\n<strong>Ums\u00f3kn:<\/strong>\u00a0Ranns\u00f3knir \u00e1 d\u00f3pam\u00ednergum flutningsa\u00f0ilum og taugalyfjafr\u00e6\u00f0ilegum ranns\u00f3knum<\/p>\n<hr \/>\n<h3><strong>V\u00f6rueiginleikar:<\/strong><\/h3>\n<p class=\"ds-markdown-paragraph\">\ud83d\udd2c\u00a0<strong>Lyfjafr\u00e6\u00f0ileg g\u00e6\u00f0i<\/strong>\u00a0(&gt;98% hreinleiki, HPLC sta\u00f0fest)<br \/>\n\u2696\u00a0<strong>1 gramm af h\u00e1g\u00e6\u00f0a dufti<\/strong>\u00a0(greiningarsta\u00f0all)<br \/>\n\ud83d\udce6\u00a0<strong>S\u00farefnislausar, lj\u00f3s\u00fe\u00e9ttar umb\u00fa\u00f0ir<\/strong><br \/>\n\ud83d\udcca\u00a0<strong>Fullkomlega rakin g\u00e6\u00f0i<\/strong>\u00a0(GC\/MS, NMR, FTIR greiningar)<a title=\"1V-LSD 150 MCG \u00feynnur\" href=\"https:\/\/apexresearchchemical.eu\/is\/bud\/lysergamid\/1v-lsd-150-mcg-blotters\/\" target=\"_blank\" rel=\"noopener\">1V-LSD 150 MCG \u00feynnur<\/a><\/p>\n<h3><strong>V\u00edsindalegt mikilv\u00e6gi:<\/strong><\/h3>\n<p class=\"ds-markdown-paragraph\">2-MMC HCl b\u00fd\u00f0ur upp \u00e1 einstaka m\u00f6guleika fyrir:<\/p>\n<ul>\n<li>\n<p class=\"ds-markdown-paragraph\">Ranns\u00f3knir \u00e1 h\u00f6mlun \u00e1 enduruppt\u00f6ku d\u00f3pam\u00edns\/noradrenal\u00edns<\/p>\n<\/li>\n<li>\n<p class=\"ds-markdown-paragraph\">Tengsl byggingar og virkni \u00ed kat\u00edn\u00f3nr\u00f6\u00f0inni<\/p>\n<\/li>\n<li>\n<p class=\"ds-markdown-paragraph\">Samanbur\u00f0arranns\u00f3kn vi\u00f0 skyld \u00f6rvandi efnasamb\u00f6nd<\/p>\n<\/li>\n<\/ul>\n<p class=\"ds-markdown-paragraph\"><strong>Gagnr\u00fdnin ranns\u00f3knarathugasemd:<\/strong><\/p>\n<ul>\n<li>\n<p class=\"ds-markdown-paragraph\">A\u00f0eins fyrir h\u00e1\u00fer\u00f3a\u00f0ar ranns\u00f3knir in vitro<\/p>\n<\/li>\n<li>\n<p class=\"ds-markdown-paragraph\">Alls ekki \u00e6tla\u00f0 til notkunar fyrir menn\/d\u00fdr<\/p>\n<\/li>\n<li>\n<p class=\"ds-markdown-paragraph\">Banna\u00f0 til notkunar \u00ed af\u00fereyingar-\/l\u00e6kningaskyni.<a title=\"2-CMC 250 mg k\u00falur\" href=\"https:\/\/apexresearchchemical.eu\/is\/bud\/katinon\/kaupa-2-cm\/\" target=\"_blank\" rel=\"noopener\">2-CMC 250 mg k\u00falur<\/a><\/p>\n<\/li>\n<\/ul>\n<hr \/>\n<h3><strong>\u00d6ryggi ranns\u00f3knarstofnana (ISO flokkur 5):<\/strong><\/h3>\n<p class=\"ds-markdown-paragraph\">\u26a0\u00a0<strong>\u00cdtarlegar samskiptareglur:<\/strong><\/p>\n<ul>\n<li>\n<p class=\"ds-markdown-paragraph\">A\u00f0 vinna \u00ed loftk\u00e6ldu hanskah\u00f3lfi<\/p>\n<\/li>\n<li>\n<p class=\"ds-markdown-paragraph\">Fullur pers\u00f3nuhl\u00edf: Tyvek ranns\u00f3knarstofub\u00faningur, N95 gr\u00edma<\/p>\n<\/li>\n<li>\n<p class=\"ds-markdown-paragraph\">Geymi\u00f0 undir \u00f3virku gasi (argon) vi\u00f0 -20\u00b0C<\/p>\n<\/li>\n<\/ul>\n<p class=\"ds-markdown-paragraph\">\u26a0\u00a0<strong>Regluger\u00f0arsta\u00f0a:<\/strong><\/p>\n<ul>\n<li>\n<p class=\"ds-markdown-paragraph\">\u00d3p\u00eduml\u00f6gin, II. vi\u00f0auki, efni \u00ed Hollandi<\/p>\n<\/li>\n<li>\n<p class=\"ds-markdown-paragraph\">Takmarkanir \u00e1 NPS gilda um allt ESB<\/p>\n<\/li>\n<li>\n<p class=\"ds-markdown-paragraph\">\u00datflutningseftirlit samkv\u00e6mt al\u00fej\u00f3\u00f0asamningum.<a title=\"2C-EF 2 mg hylki\" href=\"https:\/\/apexresearchchemical.eu\/is\/bud\/fenetylamin\/2c-ef-2-mg-hylki\/\" target=\"_blank\" rel=\"noopener\">2C-EF 2 mg hylki<\/a><\/p>\n<\/li>\n<\/ul>\n<hr \/>\n<h3><strong>Ranns\u00f3knarhagur:<\/strong><\/h3>\n<p class=\"ds-markdown-paragraph\">\u2705\u00a0<strong>Lyfjafr\u00e6\u00f0ileg hreinleiki<\/strong>\u00a0\u2013 USP flokkssta\u00f0all<br \/>\n\u2705\u00a0<strong>St\u00f6\u00f0ugar sams\u00e6tur merktar \u00fatg\u00e1fur<\/strong>\u00a0tilt\u00e6kt<br \/>\n\u2705\u00a0<strong>Heildar greiningarg\u00f6gn<\/strong>\u00a0(\u00fear me\u00f0 tali\u00f0 MS\/MS litr\u00f3f)<br \/>\n\u2705\u00a0<strong>GLP\/GMP-samr\u00fdmanlegar umb\u00fa\u00f0ir<\/strong><\/p>","protected":false},"excerpt":{"rendered":"<p>2 MMC HCl (1 gramm) \u2013 Fyrsta flokks ranns\u00f3knarefnafr\u00e6\u00f0i fyrir taugaefnafr\u00e6\u00f0ilegar ranns\u00f3knir V\u00f6ruheiti: 2 MMC HCl (2-met\u00fdlmetkat\u00edn\u00f3nh\u00fddr\u00f3kl\u00f3r\u00ed\u00f0) Flokkur: Ranns\u00f3knarefni (\u00f6rvandi kat\u00edn\u00f3n)<\/p>","protected":false},"featured_media":29234,"comment_status":"closed","ping_status":"closed","template":"","meta":[],"product_brand":[82],"product_cat":[555],"product_tag":[89,88,83,326,94,93],"class_list":{"0":"post-24196","1":"product","2":"type-product","3":"status-publish","4":"has-post-thumbnail","6":"product_brand-research-chemical","7":"product_cat-b2b","8":"product_tag-2-mmc","9":"product_tag-2-mmc-ervaringen","10":"product_tag-2-mmc-kopen","11":"product_tag-nl","12":"product_tag-wat-doet-2-mmc","13":"product_tag-wat-is-2-mmc","15":"first","16":"instock","17":"taxable","18":"shipping-taxable","19":"purchasable","20":"product-type-variable"},"_links":{"self":[{"href":"https:\/\/apexresearchchemical.eu\/is\/wp-json\/wp\/v2\/product\/24196","targetHints":{"allow":["GET"]}}],"collection":[{"href":"https:\/\/apexresearchchemical.eu\/is\/wp-json\/wp\/v2\/product"}],"about":[{"href":"https:\/\/apexresearchchemical.eu\/is\/wp-json\/wp\/v2\/types\/product"}],"replies":[{"embeddable":true,"href":"https:\/\/apexresearchchemical.eu\/is\/wp-json\/wp\/v2\/comments?post=24196"}],"version-history":[{"count":3,"href":"https:\/\/apexresearchchemical.eu\/is\/wp-json\/wp\/v2\/product\/24196\/revisions"}],"predecessor-version":[{"id":26018,"href":"https:\/\/apexresearchchemical.eu\/is\/wp-json\/wp\/v2\/product\/24196\/revisions\/26018"}],"wp:featuredmedia":[{"embeddable":true,"href":"https:\/\/apexresearchchemical.eu\/is\/wp-json\/wp\/v2\/media\/29234"}],"wp:attachment":[{"href":"https:\/\/apexresearchchemical.eu\/is\/wp-json\/wp\/v2\/media?parent=24196"}],"wp:term":[{"taxonomy":"product_brand","embeddable":true,"href":"https:\/\/apexresearchchemical.eu\/is\/wp-json\/wp\/v2\/product_brand?post=24196"},{"taxonomy":"product_cat","embeddable":true,"href":"https:\/\/apexresearchchemical.eu\/is\/wp-json\/wp\/v2\/product_cat?post=24196"},{"taxonomy":"product_tag","embeddable":true,"href":"https:\/\/apexresearchchemical.eu\/is\/wp-json\/wp\/v2\/product_tag?post=24196"}],"curies":[{"name":"wp","href":"https:\/\/api.w.org\/{rel}","templated":true}]}}