{"id":24334,"date":"2025-04-13T17:41:30","date_gmt":"2025-04-13T17:41:30","guid":{"rendered":"https:\/\/apexresearchchemical.eu\/?post_type=product&#038;p=24334"},"modified":"2026-03-20T09:19:45","modified_gmt":"2026-03-20T09:19:45","slug":"benzo-fury-100-mg-thynnupakkning","status":"publish","type":"product","link":"https:\/\/apexresearchchemical.eu\/is\/bud\/fyrirtaeki-til-fyrirtaekja\/benzo-fury-100-mg-thynnupakkning\/","title":{"rendered":"RC+ Benzo Fury 100 mg \u00feynnupakkning"},"content":{"rendered":"<h3><strong>Benzo Fury 100 mg \u00feynnupakkning \u2013 \u00d6flug ranns\u00f3knarefnafr\u00e6\u00f0i<\/strong><\/h3>\n<p class=\"ds-markdown-paragraph\"><strong>V\u00f6ruheiti:<\/strong>\u00a0RC Benzo Fury (6-APB \/ 5-APB) \u2013 100 mg \u00ed hverri t\u00f6flu \u2013 \u00deynnupakkning<br \/>\n<strong>A\u00f0alflokkur:<\/strong>\u00a0Ranns\u00f3knarefni<br \/>\n<strong>Tegund:<\/strong>\u00a0\u00d6rvandi efni sem veldur uppn\u00e1mi (v\u00e6ntanleg \u00e1hrif: vell\u00ed\u00f0an, orka, f\u00e9lagsleg tengsl)<\/p>\n<h4><strong>V\u00f6rueiginleikar:<\/strong><\/h4>\n<p class=\"ds-markdown-paragraph\">\u2705\u00a0<strong>H\u00e1g\u00e6\u00f0a<\/strong>\u00a0\u2013 Hreint og samr\u00e6mt framleitt<br \/>\n\u2705\u00a0<strong>100 mg \u00ed hverri t\u00f6flu<\/strong>\u00a0- N\u00e1kv\u00e6m skammtur fyrir ranns\u00f3knir<br \/>\n\u2705\u00a0<strong>\u00deynnupakkning<\/strong>\u00a0- Verndar gegn raka <a href=\"http:\/\/google.nl\" target=\"_blank\" rel=\"noopener\">og<\/a> ska\u00f0i<br \/>\n\u2705\u00a0<strong>\u00cdtarlegar ranns\u00f3knarstofupr\u00f3fanir<\/strong>\u00a0\u2013 Hagn\u00fdting hreinleika<\/p>\n<h4><strong>Hva\u00f0 er Benzo Fury (6-APB \/ 5-APB)?<\/strong><\/h4>\n<p class=\"ds-markdown-paragraph\">Benzo Fury er ranns\u00f3knarefni sem er \u00feekkt fyrir \u00f6rvandi og samkennandi \u00e1hrif, svipa\u00f0 og efnasamb\u00f6nd eins og MDMA. \u00dea\u00f0 er eing\u00f6ngu selt fyrir\u00a0<strong>v\u00edsindaranns\u00f3knir<\/strong>\u00a0og er\u00a0<strong>ekki \u00e6tla\u00f0 til manneldis<\/strong>.<a title=\"2C-EF 2 mg hylki\" href=\"https:\/\/apexresearchchemical.eu\/is\/bud\/fenetylamin\/2c-ef-2-mg-hylki\/\" target=\"_blank\" rel=\"noopener\">2C-EF 2 mg hylki<\/a><\/p>\n<h4><strong>Mikilv\u00e6gar uppl\u00fdsingar:<\/strong><\/h4>\n<p class=\"ds-markdown-paragraph\">\u26a0\u00a0<strong>Eing\u00f6ngu \u00ed ranns\u00f3knarskyni<\/strong>\u00a0- Ekki hentugt til notkunar fyrir menn e\u00f0a d\u00fdr<br \/>\n\u26a0\u00a0<strong>Athuga\u00f0u l\u00f6ggj\u00f6fina<\/strong>\u00a0\u2013 Sta\u00f0a er mismunandi eftir l\u00f6ndum (\u00ed Hollandi samkv\u00e6mt\u00a0<strong>\u00d3p\u00eduml\u00f6gin<\/strong>)<br \/>\n\u26a0\u00a0<strong>\u00d6ryggisr\u00e1\u00f0stafanir:<\/strong> Noti\u00f0 alltaf pers\u00f3nulegar hl\u00edf\u00f0arb\u00fana\u00f0 (hanska, ranns\u00f3knarstofuumhverfi).<a title=\"2-CMC 250 mg k\u00falur\" href=\"https:\/\/apexresearchchemical.eu\/is\/bud\/katinon\/kaupa-2-cm\/\" target=\"_blank\" rel=\"noopener\">2-CMC 250 mg k\u00falur<\/a><\/p>\n<h4><strong>Af hverju a\u00f0 velja \u00feessa v\u00f6ru?<\/strong><\/h4>\n<p class=\"ds-markdown-paragraph\">\u2714\u00a0<strong>\u00c1rei\u00f0anleg g\u00e6\u00f0i<\/strong>\u00a0- Vandlega pr\u00f3fa\u00f0 fyrir hreinleika<br \/>\n\u2714\u00a0<strong>N\u00e6\u00f0i sendingar<\/strong>\u00a0\u2013 Nafnlausar umb\u00fa\u00f0ir innan ESB<br \/>\n\u2714\u00a0<strong>Hr\u00f6\u00f0 afhending<\/strong>\u00a0\u2013 Panta\u00f0 fyrir kl. 15:00, sent n\u00e6sta virka dag<\/p>\n<p class=\"ds-markdown-paragraph\"><strong>Athugi\u00f0:<\/strong>\u00a0\u00deessi vara er\u00a0<strong>eing\u00f6ngu \u00e6tla\u00f0 til v\u00edsindaranns\u00f3kna<\/strong>\u00a0og ekki til af\u00fereyingar. Vinsamlegast athugi\u00f0 gildandi l\u00f6g \u00e1\u00f0ur en \u00fei\u00f0 panti\u00f0.<a title=\"1V-LSD 150 MCG \u00feynnur\" href=\"https:\/\/apexresearchchemical.eu\/is\/bud\/lysergamid\/1v-lsd-150-mcg-blotters\/\" target=\"_blank\" rel=\"noopener\">1V-LSD 150 MCG \u00feynnur<\/a><\/p>","protected":false},"excerpt":{"rendered":"<p><strong>Samheiti<\/strong>6-(2-am\u00edn\u00f3pr\u00f3p\u00fdl)bens\u00f3f\u00faran<br \/>\n<strong>CAS-n\u00famer:<\/strong> 286834-85-3<br \/>\n<strong>Form\u00fala<\/strong>: <span title=\"Kolefni\">C<\/span><sub>11<\/sub><span title=\"Vetni\">H<\/span><sub>13<\/sub><span title=\"K\u00f6fnunarefni\">N<\/span><span title=\"S\u00farefni\">\u00d3<\/span><br \/>\n<strong>M\u00f3lmassi<\/strong>: <span class=\"nowrap\">175.231<\/span>\u00a0g\/m\u00f3l<br \/>\n<strong>Hreinleiki<\/strong>: &gt;98%<\/p>","protected":false},"featured_media":29452,"comment_status":"closed","ping_status":"closed","template":"","meta":[],"product_brand":[82],"product_cat":[555],"product_tag":[117,126,130,850,118,120,119,121,851,326,122],"class_list":{"0":"post-24334","1":"product","2":"type-product","3":"status-publish","4":"has-post-thumbnail","6":"product_brand-research-chemical","7":"product_cat-b2b","8":"product_tag-6-apb-benzo-fury","9":"product_tag-6-apb-kopen","10":"product_tag-6-apb-ervaring","11":"product_tag-6apb","12":"product_tag-benzo-fury","13":"product_tag-benzo-fury-bestellen-nederland","14":"product_tag-benzo-fury-drugs","15":"product_tag-benzo-fury-kopen","16":"product_tag-benzos-drugs","17":"product_tag-nl","18":"product_tag-wat-is-benzo-fury","20":"first","21":"instock","22":"taxable","23":"shipping-taxable","24":"purchasable","25":"product-type-variable"},"_links":{"self":[{"href":"https:\/\/apexresearchchemical.eu\/is\/wp-json\/wp\/v2\/product\/24334","targetHints":{"allow":["GET"]}}],"collection":[{"href":"https:\/\/apexresearchchemical.eu\/is\/wp-json\/wp\/v2\/product"}],"about":[{"href":"https:\/\/apexresearchchemical.eu\/is\/wp-json\/wp\/v2\/types\/product"}],"replies":[{"embeddable":true,"href":"https:\/\/apexresearchchemical.eu\/is\/wp-json\/wp\/v2\/comments?post=24334"}],"version-history":[{"count":3,"href":"https:\/\/apexresearchchemical.eu\/is\/wp-json\/wp\/v2\/product\/24334\/revisions"}],"predecessor-version":[{"id":25988,"href":"https:\/\/apexresearchchemical.eu\/is\/wp-json\/wp\/v2\/product\/24334\/revisions\/25988"}],"wp:featuredmedia":[{"embeddable":true,"href":"https:\/\/apexresearchchemical.eu\/is\/wp-json\/wp\/v2\/media\/29452"}],"wp:attachment":[{"href":"https:\/\/apexresearchchemical.eu\/is\/wp-json\/wp\/v2\/media?parent=24334"}],"wp:term":[{"taxonomy":"product_brand","embeddable":true,"href":"https:\/\/apexresearchchemical.eu\/is\/wp-json\/wp\/v2\/product_brand?post=24334"},{"taxonomy":"product_cat","embeddable":true,"href":"https:\/\/apexresearchchemical.eu\/is\/wp-json\/wp\/v2\/product_cat?post=24334"},{"taxonomy":"product_tag","embeddable":true,"href":"https:\/\/apexresearchchemical.eu\/is\/wp-json\/wp\/v2\/product_tag?post=24334"}],"curies":[{"name":"wp","href":"https:\/\/api.w.org\/{rel}","templated":true}]}}