{"id":24961,"date":"2025-04-13T17:43:53","date_gmt":"2025-04-13T17:43:53","guid":{"rendered":"https:\/\/apexresearchchemical.eu\/?post_type=product&#038;p=24961"},"modified":"2026-03-20T06:47:00","modified_gmt":"2026-03-20T06:47:00","slug":"o-dsmt-50-mg-kulur","status":"publish","type":"product","link":"https:\/\/apexresearchchemical.eu\/is\/bud\/o-dsmt\/o-dsmt-50-mg-kulur\/","title":{"rendered":"O-DSMT 50 mg k\u00falur"},"content":{"rendered":"<p class=\"ds-markdown-paragraph\"><strong>O-DSMT 50 mg k\u00falur \u2013 Spurningum \u00fe\u00ednum svara\u00f0<\/strong><\/p>\n<h3><strong>1. Hva\u00f0 er O-DSMT?<\/strong><\/h3>\n<p class=\"ds-markdown-paragraph\">O-DSMT (desmetramadol) er ranns\u00f3knarefni og a\u00f0al umbrotsefni tramad\u00f3ls. \u00dea\u00f0 er \u00feekkt fyrir hugsanlega verkjastillandi eiginleika s\u00edna og er nota\u00f0 \u00ed v\u00edsindaranns\u00f3knum.<\/p>\n<h3><strong>2. Af hverju a\u00f0 velja O-DSMT 50 mg k\u00falur?<\/strong><\/h3>\n<p class=\"ds-markdown-paragraph\">Pelleturnar okkar bj\u00f3\u00f0a upp \u00e1:<br \/>\n\u2705\u00a0<strong>N\u00e1kv\u00e6m sk\u00f6mmtun<\/strong>\u00a0\u2013 Hver pilla inniheldur n\u00e1kv\u00e6mlega 50 mg fyrir \u00e1rei\u00f0anlegar ni\u00f0urst\u00f6\u00f0ur.<br \/>\n\u2705\u00a0<strong>St\u00f6\u00f0ug g\u00e6\u00f0i<\/strong>\u00a0\u2013 H\u00e1g\u00e6\u00f0a hreinsun fyrir bestu m\u00f6gulegu ranns\u00f3knarni\u00f0urst\u00f6\u00f0ur.<br \/>\n\u2705\u00a0<strong>Au\u00f0veld vinnsla<\/strong>\u00a0\u2013 Pilluformi\u00f0 einfaldar sk\u00f6mmtun \u00ed ranns\u00f3knarstofuumhverfi.<\/p>\n<h3><strong>3. Er \u00feessi vara \u00f6rugg til notkunar fyrir menn?<\/strong><\/h3>\n<p class=\"ds-markdown-paragraph\"><em>Nei.<\/em>\u00a0O-DSMT 50 mg k\u00falur eru\u00a0<strong>eing\u00f6ngu \u00e6tla\u00f0 til ranns\u00f3knar<\/strong>\u00a0og ekki til neyslu. Mikilv\u00e6gt er a\u00f0 fylgja \u00f6ryggisreglum \u00feegar \u00fea\u00f0 er nota\u00f0 \u00ed v\u00edsindalegum tilgangi.<\/p>\n<h3><strong>4. Hvernig \u00e6tti \u00e9g a\u00f0 geyma O-DSMT k\u00falur?<\/strong><\/h3>\n<p class=\"ds-markdown-paragraph\">Geymi\u00f0 k\u00falurnar \u00ed\u00a0<strong>kaldur, \u00feurr sta\u00f0ur<\/strong>Geymi\u00f0 \u00fear sem b\u00f6rn og \u00f3vi\u00f0komandi n\u00e1 ekki til. M\u00e6lt er me\u00f0 a\u00f0 nota d\u00f6kkt, loft\u00fe\u00e9tt \u00edl\u00e1t.<\/p>\n<h3><strong>5. Til hva\u00f0a nota henta \u00feessar k\u00falur?<\/strong><\/h3>\n<p class=\"ds-markdown-paragraph\">\u00deau eru notu\u00f0 \u00ed:<br \/>\n\ud83d\udd2c\u00a0<strong>Lyfjafr\u00e6\u00f0ilegar ranns\u00f3knir<\/strong><br \/>\n\ud83e\uddea\u00a0<strong>Greiningarranns\u00f3knir<\/strong><br \/>\n\ud83d\udcca\u00a0<strong>V\u00edsindalegar tilraunir<\/strong><\/p>\n<h3><strong>6. Hvar get \u00e9g keypt O-DSMT 50 mg pellets?<\/strong><\/h3>\n<p class=\"ds-markdown-paragraph\">Panta\u00f0u n\u00fana \u00ed gegnum vefverslun okkar fyrir\u00a0<strong>hr\u00f6\u00f0 afhending og n\u00e6\u00f0i umb\u00fa\u00f0ir<\/strong>A\u00f0eins \u00ed bo\u00f0i fyrir skr\u00e1\u00f0a v\u00edsindamenn og ranns\u00f3knarstofur.<\/p>\n<p><a href=\"https:\/\/apexresearchchemical.eu\/is\/bud\/iboga-ibogain\/kaupa-ibogaine-hcl-a-netinu\/\">Kaupa \u00edb\u00f3gain HCL<\/a><a href=\"https:\/\/apexresearchchemical.eu\/is\/bud\/iboga-ibogain\/iboga-rotarborkur\/\">Iboga r\u00f3tarb\u00f6rkur<\/a><a href=\"https:\/\/apexresearchchemical.eu\/is\/bud\/lysergamid\/1cp-lsd\/\">1cP-LSD 150 MCG listabletti<\/a><a href=\"https:\/\/apexresearchchemical.eu\/is\/bud\/lysergamid\/1v-lsd-150-mcg-blotters\/\">1V-LSD 150 MCG \u00feynnur<\/a><a href=\"https:\/\/apexresearchchemical.eu\/is\/bud\/2-cmc-kulur\/kaupa-2-cm\/kaupa-2-cm\/\">2-CMC 250 mg k\u00falur<\/a><\/p>","protected":false},"excerpt":{"rendered":"<h3>O-DSMT eiginleikar<\/h3>\n<p><strong>Samheiti:<\/strong> <i>O-desmet\u00fdltramad\u00f3l, 3-(2-((d\u00edmet\u00fdlam\u00edn\u00f3)met\u00fdl)-1-h\u00fddrox\u00fds\u00fdkl\u00f3hex\u00fdl)fen\u00f3l<\/i><br \/>\n<strong>CAS-n\u00famer:<\/strong> 80456-81-1<br \/>\n<strong>Form\u00fala:<\/strong> <span title=\"Kolefni\">C<\/span><sub>15<\/sub><span title=\"Vetni\">H<\/span><sub>23<\/sub><span title=\"K\u00f6fnunarefni\">N<\/span><span title=\"S\u00farefni\">\u00d3<\/span><sub>2<\/sub><br \/>\n<strong>M\u00f3lmassi:<\/strong> 249,354 g\/m\u00f3l<br \/>\n<strong>Hreinleiki:<\/strong>\u00a0&gt;97%<\/p>","protected":false},"featured_media":29435,"comment_status":"closed","ping_status":"closed","template":"","meta":[],"product_brand":[82],"product_cat":[337,420,336,324],"product_tag":[326,727,725,728,726,729,730],"class_list":{"0":"post-24961","1":"product","2":"type-product","3":"status-publish","4":"has-post-thumbnail","6":"product_brand-research-chemical","7":"product_cat-o-dsmt","8":"product_cat-o-dsmt-pellets","9":"product_cat-overig","10":"product_cat-pellets-for-pellet","11":"product_tag-nl","12":"product_tag-o-dsmt-ervaringen","13":"product_tag-o-dsmt","14":"product_tag-o-dsmt-bestellen","15":"product_tag-o-dsmt-kopen","16":"product_tag-o-dsmt-psychonaut","17":"product_tag-what-is-o-dsmt","19":"first","20":"instock","21":"taxable","22":"shipping-taxable","23":"purchasable","24":"product-type-variable"},"_links":{"self":[{"href":"https:\/\/apexresearchchemical.eu\/is\/wp-json\/wp\/v2\/product\/24961","targetHints":{"allow":["GET"]}}],"collection":[{"href":"https:\/\/apexresearchchemical.eu\/is\/wp-json\/wp\/v2\/product"}],"about":[{"href":"https:\/\/apexresearchchemical.eu\/is\/wp-json\/wp\/v2\/types\/product"}],"replies":[{"embeddable":true,"href":"https:\/\/apexresearchchemical.eu\/is\/wp-json\/wp\/v2\/comments?post=24961"}],"version-history":[{"count":6,"href":"https:\/\/apexresearchchemical.eu\/is\/wp-json\/wp\/v2\/product\/24961\/revisions"}],"predecessor-version":[{"id":25567,"href":"https:\/\/apexresearchchemical.eu\/is\/wp-json\/wp\/v2\/product\/24961\/revisions\/25567"}],"wp:featuredmedia":[{"embeddable":true,"href":"https:\/\/apexresearchchemical.eu\/is\/wp-json\/wp\/v2\/media\/29435"}],"wp:attachment":[{"href":"https:\/\/apexresearchchemical.eu\/is\/wp-json\/wp\/v2\/media?parent=24961"}],"wp:term":[{"taxonomy":"product_brand","embeddable":true,"href":"https:\/\/apexresearchchemical.eu\/is\/wp-json\/wp\/v2\/product_brand?post=24961"},{"taxonomy":"product_cat","embeddable":true,"href":"https:\/\/apexresearchchemical.eu\/is\/wp-json\/wp\/v2\/product_cat?post=24961"},{"taxonomy":"product_tag","embeddable":true,"href":"https:\/\/apexresearchchemical.eu\/is\/wp-json\/wp\/v2\/product_tag?post=24961"}],"curies":[{"name":"wp","href":"https:\/\/api.w.org\/{rel}","templated":true}]}}