{"id":26112,"date":"2025-05-01T01:20:16","date_gmt":"2025-05-01T01:20:16","guid":{"rendered":"https:\/\/apexresearchchemical.eu\/?post_type=product&#038;p=26112"},"modified":"2026-03-20T06:44:41","modified_gmt":"2026-03-20T06:44:41","slug":"caluanie-muelear-oxun","status":"publish","type":"product","link":"https:\/\/apexresearchchemical.eu\/is\/bud\/flokkad\/caluanie-muelear-oxun\/","title":{"rendered":"Caluanie Muelear Oxidize"},"content":{"rendered":"<p class=\"\" data-start=\"268\" data-end=\"544\"><strong data-start=\"268\" data-end=\"296\">Caluanie Muelear Oxidize<\/strong> er \u00f6flugur <strong data-start=\"314\" data-end=\"337\">efnafr\u00e6\u00f0ileg hvarfefni<\/strong> sem er \u00feekktastur fyrir h\u00e6fileika s\u00edna til a\u00f0 <strong data-start=\"382\" data-end=\"427\">a\u00f0 brj\u00f3ta ni\u00f0ur sterk m\u00e1lma og efni<\/strong>\u00dea\u00f0 er miki\u00f0 nota\u00f0 \u00ed <strong data-start=\"459\" data-end=\"541\">i\u00f0na\u00f0argeirinn, m\u00e1lmvinnsla, ranns\u00f3knarstofur og n\u00e1muvinnsla<\/strong>Caluanie Muelear Ox\u00edder, ver\u00f0 \u00e1 Caluanie Muelear Ox\u00edder \u00ed Bandar\u00edkjunum, Caluanie Muelear Ox\u00edder \u00ed Bandar\u00edkjunum, ver\u00f0 \u00e1 Caluanie Muelear Ox\u00edder, framlei\u00f0andi \u00e1 Caluanie Muelear Ox\u00edder \u00ed Bandar\u00edkjunum, til s\u00f6lu \u00e1 Caluanie Muelear Ox\u00edder<\/p>\n<p class=\"\" data-start=\"546\" data-end=\"822\">\u00deessi v\u00f6kvi me\u00f0 mikla seigju og gulbr\u00fana lit er \u00feekktur fyrir dj\u00fapa virkni. <strong data-start=\"644\" data-end=\"672\">oxunareiginleikar<\/strong>Vegna einstakrar efnasamsetningar sinnar getur Caluanie r\u00e1\u00f0ist \u00e1 sameindatengi \u00ed h\u00f6r\u00f0um efnum og gert \u00feau m\u00fdkri e\u00f0a broth\u00e6ttari.<a href=\"https:\/\/apexresearchchemical.eu\/is\/bud\/top-10-research-chemicals\/3-cmc-hcl\/\">3-CMC HCl poki 1 g<\/a><\/p>\n<hr class=\"\" data-start=\"824\" data-end=\"827\" \/>\n<h2 class=\"\" data-start=\"829\" data-end=\"862\">\u2699\ufe0f Lykilatri\u00f0i<\/h2>\n<ul data-start=\"864\" data-end=\"1189\">\n<li class=\"\" data-start=\"864\" data-end=\"918\">\n<p class=\"\" data-start=\"866\" data-end=\"918\"><strong data-start=\"866\" data-end=\"885\">Efnaform:<\/strong> \u00deykkur, gulbr\u00fann v\u00f6kvi<\/p>\n<\/li>\n<li class=\"\" data-start=\"919\" data-end=\"1018\">\n<p class=\"\" data-start=\"921\" data-end=\"1018\"><strong data-start=\"921\" data-end=\"943\">Helstu notkunarsvi\u00f0:<\/strong> M\u00e1lmvinnsla, ni\u00f0urrif efnis, n\u00e1muvinnsla, v\u00edsindaranns\u00f3knir<\/p>\n<\/li>\n<li class=\"\" data-start=\"1019\" data-end=\"1071\">\n<p class=\"\" data-start=\"1021\" data-end=\"1071\"><strong data-start=\"1021\" data-end=\"1038\">Hvarfgirni:<\/strong> Mj\u00f6g \u00f6flugt oxunarefni<\/p>\n<\/li>\n<li class=\"\" data-start=\"1072\" data-end=\"1129\">\n<p class=\"\" data-start=\"1074\" data-end=\"1129\"><strong data-start=\"1074\" data-end=\"1085\">H\u00e6tta:<\/strong> \u00c6tandi og ska\u00f0legt ef \u00fea\u00f0 er nota\u00f0 \u00e1 rangan h\u00e1tt.<\/p>\n<\/li>\n<li class=\"\" data-start=\"1130\" data-end=\"1189\">\n<p class=\"\" data-start=\"1132\" data-end=\"1189\"><strong data-start=\"1132\" data-end=\"1147\">Umb\u00fa\u00f0ir:<\/strong> Loft\u00fe\u00e9tt og leka\u00feolin, \u00f6rugg til flutnings, <a href=\"https:\/\/apexresearchchemical.eu\/is\/bud\/vog\/stafraen-lifraen-smavog\/\">Stafr\u00e6n l\u00edffr\u00e6\u00f0ileg sm\u00e1vog \u2013 20 g x 0,001 g<\/a><\/p>\n<\/li>\n<\/ul>\n<hr class=\"\" data-start=\"1191\" data-end=\"1194\" \/>\n<h2 class=\"\" data-start=\"1196\" data-end=\"1243\">\ud83d\udcbc Notkun Caluanie Muelear Oxidize<\/h2>\n<h3 class=\"\" data-start=\"1245\" data-end=\"1287\">1. <strong data-start=\"1252\" data-end=\"1285\">M\u00e1lmvinnsla og endurvinnsla<\/strong><\/h3>\n<p class=\"\" data-start=\"1288\" data-end=\"1468\">Caluanie er nota\u00f0 til a\u00f0 fjarl\u00e6gja har\u00f0a m\u00e1lma eins og j\u00e1rn og st\u00e1l. <strong data-start=\"1349\" data-end=\"1386\">a\u00f0 m\u00fdkja e\u00f0a veikja<\/strong>, sem gerir vinnsluferli\u00f0 verulega au\u00f0veldara \u00e1n \u00feungab\u00fana\u00f0ar. <a href=\"https:\/\/apexresearchchemical.eu\/is\/bud\/top-10-research-chemicals\/verkun-pyrasolams\/\">Pyrazolam 2,5 mg k\u00falur<\/a><\/p>\n<h3 class=\"\" data-start=\"1470\" data-end=\"1514\">2. <strong data-start=\"1477\" data-end=\"1512\">N\u00e1muvinnsla og e\u00f0alm\u00e1lmavinnsla<\/strong><\/h3>\n<p class=\"\" data-start=\"1515\" data-end=\"1665\">\u00cd litlum n\u00e1muvinnslust\u00f6\u00f0vum er Caluanie vant a\u00f0 <strong data-start=\"1570\" data-end=\"1593\">a\u00f0 brj\u00f3ta ni\u00f0ur m\u00e1lmgr\u00fdti<\/strong> og vinna \u00far ver\u00f0m\u00e6tum m\u00e1lmum eins og gulli e\u00f0a plat\u00ednu \u00e1 skilvirkari h\u00e1tt.<\/p>\n<h3 class=\"\" data-start=\"1667\" data-end=\"1701\">3. <strong data-start=\"1674\" data-end=\"1699\">Ranns\u00f3knarstofuranns\u00f3knir<\/strong><\/h3>\n<p class=\"\" data-start=\"1702\" data-end=\"1834\">\u00cd ranns\u00f3knarstofnunum er \u00fea\u00f0 nota\u00f0 til <strong data-start=\"1752\" data-end=\"1779\">pr\u00f3fanir \u00e1 efnisni\u00f0urbroti<\/strong> og <strong data-start=\"1783\" data-end=\"1802\">oxunarranns\u00f3knir<\/strong> \u00ed efnafr\u00e6\u00f0i og efnisfr\u00e6\u00f0i.<\/p>\n<h3 class=\"\" data-start=\"1836\" data-end=\"1872\">4. <strong data-start=\"1843\" data-end=\"1870\">M\u00e1lningar- og plastefnavinnsla<\/strong><\/h3>\n<p class=\"\" data-start=\"1873\" data-end=\"2033\">\u00cd l\u00e6gri styrk m\u00e1 nota Caluanie til <strong data-start=\"1935\" data-end=\"1975\">fjarl\u00e6gja i\u00f0na\u00f0arh\u00fa\u00f0un<\/strong>, plastefnisl\u00f6g e\u00f0a fj\u00f6lli\u00f0ur \u00ed s\u00e9rh\u00e6f\u00f0um tilgangi.<\/p>\n<hr class=\"\" data-start=\"2035\" data-end=\"2038\" \/>\n<h2 class=\"\" data-start=\"2040\" data-end=\"2068\">\u26a0\ufe0f \u00d6ryggisr\u00e1\u00f0stafanir<\/h2>\n<p class=\"\" data-start=\"2070\" data-end=\"2185\">Caluanie Muelear Oxidize er <strong data-start=\"2102\" data-end=\"2132\">\u00e6tandi og hvarfgjarnt efni<\/strong>Notkun krefst strangra \u00f6ryggisreglna:<\/p>\n<ul data-start=\"2187\" data-end=\"2535\">\n<li class=\"\" data-start=\"2187\" data-end=\"2261\">\n<p class=\"\" data-start=\"2189\" data-end=\"2261\">Alltaf a\u00f0 vera \u00ed <strong data-start=\"2202\" data-end=\"2259\">hanskar, \u00f6ryggisgleraugu og hl\u00edf\u00f0arfatna\u00f0ur<\/strong><\/p>\n<\/li>\n<li class=\"\" data-start=\"2262\" data-end=\"2334\">\n<p class=\"\" data-start=\"2264\" data-end=\"2334\">Noti\u00f0 a\u00f0eins \u00e1 vel loftr\u00e6stum st\u00f6\u00f0um e\u00f0a undir gufusk\u00faffu.<\/p>\n<\/li>\n<li class=\"\" data-start=\"2335\" data-end=\"2397\">\n<p class=\"\" data-start=\"2337\" data-end=\"2397\">Blandi\u00f0 ekki saman vi\u00f0 \u00f6nnur efni nema \u00fea\u00f0 s\u00e9 s\u00e9rstaklega pr\u00f3fa\u00f0.<\/p>\n<\/li>\n<li class=\"\" data-start=\"2398\" data-end=\"2454\">\n<p class=\"\" data-start=\"2400\" data-end=\"2454\">Geymi\u00f0 \u00fear sem b\u00f6rn og \u00f3vi\u00f0komandi n\u00e1 ekki til.<\/p>\n<\/li>\n<li class=\"\" data-start=\"2455\" data-end=\"2535\">\n<p class=\"\" data-start=\"2457\" data-end=\"2535\">Geymi\u00f0 \u00e1 k\u00f6ldum, \u00feurrum og \u00f6ruggum sta\u00f0 \u00ed efna\u00feolnum umb\u00fa\u00f0um. <a href=\"https:\/\/apexresearchchemical.eu\/is\/bud\/vog\/stafraen-tankur-litill-vog\/\">Stafr\u00e6n tankvog \u2013 20 g x 0,001 g<\/a><\/p>\n<\/li>\n<\/ul>\n<hr class=\"\" data-start=\"2537\" data-end=\"2540\" \/>\n<h2 class=\"\" data-start=\"2542\" data-end=\"2601\">\u2705 Af hverju a\u00f0 kaupa Caluanie fr\u00e1 \u00e1rei\u00f0anlegum birgja?<\/h2>\n<p class=\"\" data-start=\"2603\" data-end=\"2729\">Ef \u00fe\u00fa ert a\u00f0 leita a\u00f0 <strong data-start=\"2628\" data-end=\"2671\">hreint, i\u00f0na\u00f0arg\u00e6\u00f0a Caluanie<\/strong>, \u00fe\u00e1 er mikilv\u00e6gt a\u00f0 kaupa fr\u00e1 birgja sem:<\/p>\n<ul data-start=\"2731\" data-end=\"2973\">\n<li class=\"\" data-start=\"2731\" data-end=\"2793\">\n<p class=\"\" data-start=\"2733\" data-end=\"2793\"><strong data-start=\"2733\" data-end=\"2755\">Ranns\u00f3knarstofupr\u00f3fanir<\/strong> og b\u00fd\u00f0ur upp \u00e1 hreinleikavottor\u00f0<\/p>\n<\/li>\n<li class=\"\" data-start=\"2794\" data-end=\"2843\">\n<p class=\"\" data-start=\"2796\" data-end=\"2843\"><strong data-start=\"2796\" data-end=\"2830\">\u00d6ruggar og n\u00e6rf\u00e6rnar umb\u00fa\u00f0ir<\/strong> \u00e1byrg\u00f0ir<\/p>\n<\/li>\n<li class=\"\" data-start=\"2844\" data-end=\"2908\">\n<p class=\"\" data-start=\"2846\" data-end=\"2908\"><strong data-start=\"2846\" data-end=\"2877\">Hra\u00f0ur og trygg\u00f0ur flutningur<\/strong> innan Evr\u00f3pu m\u00f6gulegt<\/p>\n<\/li>\n<li class=\"\" data-start=\"2909\" data-end=\"2973\">\n<p class=\"\" data-start=\"2911\" data-end=\"2973\"><strong data-start=\"2911\" data-end=\"2939\">T\u00e6knileg a\u00f0sto\u00f0<\/strong> tilbo\u00f0 \u00ed notkun og forrit<\/p>\n<\/li>\n<\/ul>\n<hr class=\"\" data-start=\"2975\" data-end=\"2978\" \/>\n<h2 class=\"\" data-start=\"2980\" data-end=\"2995\">\ud83d\udd1a Ni\u00f0ursta\u00f0a<\/h2>\n<p class=\"\" data-start=\"2997\" data-end=\"3265\"><strong data-start=\"2997\" data-end=\"3025\">Caluanie Muelear Oxidize<\/strong> er einstakur og \u00f6flugur v\u00f6kvi me\u00f0 fj\u00f6lbreytt \u00farval af notkunarm\u00f6guleikum \u00ed i\u00f0na\u00f0i og v\u00edsindum. Hann getur auki\u00f0 verulega skilvirkni efnisme\u00f0h\u00f6ndlunar og m\u00e1lmvinnslu \u00feegar hann er nota\u00f0ur r\u00e9tt og \u00e1byrgt.<\/p>\n<p class=\"\" data-start=\"3267\" data-end=\"3398\">Fyrir fagf\u00f3lk \u00ed <strong data-start=\"3289\" data-end=\"3322\">efnafr\u00e6\u00f0i, n\u00e1muvinnsla e\u00f0a endurvinnsla<\/strong> Er Caluanie ver\u00f0m\u00e6tt verkf\u00e6ri \u00ed ranns\u00f3knar- e\u00f0a framlei\u00f0sluferlinu? <a href=\"https:\/\/apexresearchchemical.eu\/is\/bud\/vog\/stafraen-cs-vog\/\">Stafr\u00e6n CS vog \u2013 100 g x 0,01 g<\/a><\/p>","protected":false},"excerpt":{"rendered":"<p>Caluanie Muelear Oxidize er \u00f6flugt efnahvarfefni sem er \u00feekktast fyrir getu s\u00edna til a\u00f0 oxa sterka m\u00e1lma og efni.<\/p>","protected":false},"featured_media":29337,"comment_status":"open","ping_status":"closed","template":"","meta":[],"product_brand":[],"product_cat":[1085],"product_tag":[905,897,904,902,903,901,906,900,907,898,899],"class_list":{"0":"post-26112","1":"product","2":"type-product","3":"status-publish","4":"has-post-thumbnail","6":"product_cat-okategoriserad","7":"product_tag-buy-caluanie-muelear-oxidize-online","8":"product_tag-caluanie-muelear-oxidize","9":"product_tag-caluanie-muelear-oxidize-deutschland","10":"product_tag-caluanie-muelear-oxidize-for-sale","11":"product_tag-caluanie-muelear-oxidize-kaufen","12":"product_tag-caluanie-muelear-oxidize-manufacturer-in-usa","13":"product_tag-caluanie-muelear-oxidize-pasteurize","14":"product_tag-caluanie-muelear-oxidize-price","15":"product_tag-caluanie-muelear-oxidize-price-in-india","16":"product_tag-caluanie-muelear-oxidize-price-in-usa","17":"product_tag-caluanie-muelear-oxidize-usa","19":"first","20":"instock","21":"taxable","22":"shipping-taxable","23":"purchasable","24":"product-type-simple"},"_links":{"self":[{"href":"https:\/\/apexresearchchemical.eu\/is\/wp-json\/wp\/v2\/product\/26112","targetHints":{"allow":["GET"]}}],"collection":[{"href":"https:\/\/apexresearchchemical.eu\/is\/wp-json\/wp\/v2\/product"}],"about":[{"href":"https:\/\/apexresearchchemical.eu\/is\/wp-json\/wp\/v2\/types\/product"}],"replies":[{"embeddable":true,"href":"https:\/\/apexresearchchemical.eu\/is\/wp-json\/wp\/v2\/comments?post=26112"}],"version-history":[{"count":2,"href":"https:\/\/apexresearchchemical.eu\/is\/wp-json\/wp\/v2\/product\/26112\/revisions"}],"predecessor-version":[{"id":26116,"href":"https:\/\/apexresearchchemical.eu\/is\/wp-json\/wp\/v2\/product\/26112\/revisions\/26116"}],"wp:featuredmedia":[{"embeddable":true,"href":"https:\/\/apexresearchchemical.eu\/is\/wp-json\/wp\/v2\/media\/29337"}],"wp:attachment":[{"href":"https:\/\/apexresearchchemical.eu\/is\/wp-json\/wp\/v2\/media?parent=26112"}],"wp:term":[{"taxonomy":"product_brand","embeddable":true,"href":"https:\/\/apexresearchchemical.eu\/is\/wp-json\/wp\/v2\/product_brand?post=26112"},{"taxonomy":"product_cat","embeddable":true,"href":"https:\/\/apexresearchchemical.eu\/is\/wp-json\/wp\/v2\/product_cat?post=26112"},{"taxonomy":"product_tag","embeddable":true,"href":"https:\/\/apexresearchchemical.eu\/is\/wp-json\/wp\/v2\/product_tag?post=26112"}],"curies":[{"name":"wp","href":"https:\/\/api.w.org\/{rel}","templated":true}]}}