{"id":23317,"date":"2025-04-13T17:39:34","date_gmt":"2025-04-13T17:39:34","guid":{"rendered":"https:\/\/apexresearchchemical.eu\/?post_type=product&#038;p=23317"},"modified":"2026-03-20T16:09:47","modified_gmt":"2026-03-20T16:09:47","slug":"flubromazepam-puro","status":"publish","type":"product","link":"https:\/\/apexresearchchemical.eu\/it\/negozio\/benzodiazepine\/flubromazepam-puro\/","title":{"rendered":"Flubromazepam puro"},"content":{"rendered":"<h2>Flubromazepam<span class=\"___SText_pr68d-red-team\" data-ui-name=\"Link.Text\">\u00a0operazione<\/span><\/h2>\n<p><strong>Flubromazepam <span class=\"___SText_pr68d-red-team\" data-ui-name=\"Link.Text\">operazione<\/span><\/strong> \u00e8 una sostanza che viene venduta solo a scopo di ricerca e pertanto non \u00e8 destinata al consumo.<\/p>\n<p>Il flubromazepam mantiene la sua stabilit\u00e0 fino a 2 anni se conservato in un ambiente appropriato. Il flubromazepam \u00e8 destinato alla ricerca e non al consumo. Pertanto \u00e8 importante tenere il prodotto fuori dalla portata dei bambini e degli animali domestici.<a title=\"Blotter 1V-LSD 150 MCG\" href=\"https:\/\/apexresearchchemical.eu\/it\/negozio\/lisergamidi\/1v-lsd-150-mcg-blotters\/\" target=\"_blank\" rel=\"noopener\">Blotter 1V-LSD 150 MCG<\/a><\/p>\n<p>Offriamo prodotti chimici di ricerca di buona qualit\u00e0 a un prezzo equo. Il tuo ordine verr\u00e0 spedito entro 24 ore tutti i giorni. Pertanto, ordine <em>Flubromazepam<\/em> sicuro e veloce tramite !<a title=\"Capsule 2C-EF da 2 mg\" href=\"https:\/\/apexresearchchemical.eu\/it\/negozio\/fenetilammina\/capsule-2c-ef-2mg\/\" target=\"_blank\" rel=\"noopener\">Capsule 2C-EF da 2 mg<\/a><\/p>\n<h3>Propriet\u00e0 del flubromazepam<\/h3>\n<p><strong>Sinonimo:<\/strong> Flubromazepam<br \/>\n<strong>Numero CAS:<\/strong> 2647-50-9<br \/>\n<strong>Formula:<\/strong> 7-bromo-5-(2-fluorofenil)-1,3-diidro-2H-1,4-benzodiazepin-2-one<br \/>\n<strong>Massa molare:<\/strong> 333,2 g\/mol<br \/>\n<strong>Purezza:<\/strong> &gt;97%<\/p>\n<h3>Che cos&#039;\u00e8 il flubromazepam?<\/h3>\n<p>Il flubromazepam \u00e8 un farmaco di ricerca appartenente alla classe delle benzodiazepine. Si tratta di un composto sintetico che ha attirato l&#039;interesse dei ricercatori per i suoi possibili effetti sul sistema nervoso centrale.<\/p>\n<p>Il flubromazepam \u00e8 un farmaco appartenente alla famiglia delle benzodiazepine, note per le loro propriet\u00e0 sedative, ansiolitiche e miorilassanti. \u00c8 stato sviluppato come una modifica delle benzodiazepine esistenti per studiare le variazioni nel profilo farmacologico e le potenziali applicazioni terapeutiche. I ricercatori sono particolarmente interessati a studiare l&#039;interazione del Flubromazepam con i recettori GABA-A nel cervello. Questi recettori svolgono un ruolo cruciale nella regolazione dei neurotrasmettitori inibitori.<\/p>\n<p>Lo sviluppo del Flubromazepam come sostanza chimica per la ricerca \u00e8 guidato dalla curiosit\u00e0 scientifica e dal desiderio di migliorare la nostra comprensione dei composti delle benzodiazepine. Attraverso ricerche rigorose, gli scienziati mirano ad aumentare la nostra conoscenza degli effetti del composto sul sistema nervoso centrale e a contribuire a una pi\u00f9 ampia comprensione delle benzodiazepine.<\/p>\n<h3>Come ha avuto origine il flubromazepam?<\/h3>\n<p>La storia della sostanza chimica Flubromazepam \u00e8 strettamente legata allo sviluppo e all&#039;esplorazione dei composti benzodiazepinici. Le benzodiazepine, una classe di farmaci noti per le loro propriet\u00e0 sedative, ansiolitiche e miorilassanti, vantano una lunga storia nella ricerca farmaceutica.<\/p>\n<p>Il flubromazepam stesso \u00e8 emerso come sostanza chimica da studiare negli ultimi anni, mentre gli scienziati cercavano di ampliare le loro conoscenze e la comprensione delle benzodiazepine. Il composto \u00e8 stato sviluppato come modifica delle benzodiazepine esistenti per studiare le potenziali variazioni nel profilo farmacologico e nelle propriet\u00e0.<\/p>\n<p>La sintesi e lo studio del Flubromazepam hanno avuto luogo principalmente nell&#039;ambito della ricerca scientifica. I ricercatori, tra cui chimici, farmacologi e neuroscienziati, sono interessati a studiare la struttura chimica del composto, i suoi effetti sul sistema nervoso centrale e le sue possibili applicazioni terapeutiche.<a title=\"2-CMC 250 mg in pellet\" href=\"https:\/\/apexresearchchemical.eu\/it\/negozio\/catinoni\/%f0%9f%92%a1-2-mmc-polvere-cristallina-per-tutte-le-domande-e-risposte-per-lacquisto\/\" target=\"_blank\" rel=\"noopener\">2-CMC 250 mg in pellet<\/a><\/p>\n<h3>Dichiarazione di pericolo<\/h3>\n<p>Il flubromazepam pu\u00f2 causare irritazione delle vie aeree<br \/>\nIl flubromazepam pu\u00f2 causare irritazione agli occhi.<br \/>\n\u00c8 vietato scaricare nell&#039;ambiente sostanze chimiche utilizzate per la ricerca.<\/p>\n<p>Flubromazepam A CONTATTO CON GLI OCCHI: sciacquare accuratamente gli occhi con acqua per cinque minuti. Se possibile, rimuovere le lenti a contatto<a href=\"http:\/\/google.nl\" target=\"_blank\" rel=\"noopener\">.<\/a><\/p>\n<p>Flubromazepam CONTATTO CON LA PELLE: lavare la pelle con acqua e sapone.<\/p>\n<p>DOPO L&#039;INALAZIONE Flubromazepam: trasportare la vittima all&#039;aria aperta e mantenerla in una posizione che favorisca la respirazione.<\/p>","protected":false},"excerpt":{"rendered":"<p>Effetto del Flubromazepam L&#039;effetto del Flubromazepam \u00e8 una sostanza che viene venduta solo a scopo di ricerca e pertanto non \u00e8 destinata al consumo.<\/p>","protected":false},"featured_media":29380,"comment_status":"closed","ping_status":"closed","template":"","meta":[],"product_brand":[82],"product_cat":[76,386],"product_tag":[138,139,140,142,141,326],"class_list":{"0":"post-23317","1":"product","2":"type-product","3":"status-publish","4":"has-post-thumbnail","6":"product_brand-research-chemical","7":"product_cat-benzodiazepinen","8":"product_cat-flubromazepam","9":"product_tag-flubromazepam","10":"product_tag-flubromazepam-effects","11":"product_tag-flubromazepam-ervaring","12":"product_tag-flubromazepam-halfwaardetijd","13":"product_tag-flubromazepam-werking","14":"product_tag-nl","16":"first","17":"instock","18":"taxable","19":"shipping-taxable","20":"purchasable","21":"product-type-variable"},"_links":{"self":[{"href":"https:\/\/apexresearchchemical.eu\/it\/wp-json\/wp\/v2\/product\/23317","targetHints":{"allow":["GET"]}}],"collection":[{"href":"https:\/\/apexresearchchemical.eu\/it\/wp-json\/wp\/v2\/product"}],"about":[{"href":"https:\/\/apexresearchchemical.eu\/it\/wp-json\/wp\/v2\/types\/product"}],"replies":[{"embeddable":true,"href":"https:\/\/apexresearchchemical.eu\/it\/wp-json\/wp\/v2\/comments?post=23317"}],"version-history":[{"count":3,"href":"https:\/\/apexresearchchemical.eu\/it\/wp-json\/wp\/v2\/product\/23317\/revisions"}],"predecessor-version":[{"id":25431,"href":"https:\/\/apexresearchchemical.eu\/it\/wp-json\/wp\/v2\/product\/23317\/revisions\/25431"}],"wp:featuredmedia":[{"embeddable":true,"href":"https:\/\/apexresearchchemical.eu\/it\/wp-json\/wp\/v2\/media\/29380"}],"wp:attachment":[{"href":"https:\/\/apexresearchchemical.eu\/it\/wp-json\/wp\/v2\/media?parent=23317"}],"wp:term":[{"taxonomy":"product_brand","embeddable":true,"href":"https:\/\/apexresearchchemical.eu\/it\/wp-json\/wp\/v2\/product_brand?post=23317"},{"taxonomy":"product_cat","embeddable":true,"href":"https:\/\/apexresearchchemical.eu\/it\/wp-json\/wp\/v2\/product_cat?post=23317"},{"taxonomy":"product_tag","embeddable":true,"href":"https:\/\/apexresearchchemical.eu\/it\/wp-json\/wp\/v2\/product_tag?post=23317"}],"curies":[{"name":"wp","href":"https:\/\/api.w.org\/{rel}","templated":true}]}}