{"id":23975,"date":"2025-04-13T17:40:48","date_gmt":"2025-04-13T17:40:48","guid":{"rendered":"https:\/\/apexresearchchemical.eu\/?post_type=product&#038;p=23975"},"modified":"2026-03-20T12:09:19","modified_gmt":"2026-03-20T12:09:19","slug":"2-pellet-mmc","status":"publish","type":"product","link":"https:\/\/apexresearchchemical.eu\/it\/negozio\/2-mmc-2-metilmetcatinone\/2-pellet-mmc\/","title":{"rendered":"2-MMC 220 mg pellet"},"content":{"rendered":"<h2><strong>2-MMC <\/strong><strong>pellet, <\/strong><strong>pellet da 220 mg<\/strong><\/h2>\n<p>Questi pellet contengono 220 MG di 2-MMC ciascuno.<\/p>\n<p>I pellet 2-MMC sono una sostanza che vendiamo solo a scopo di ricerca e pertanto non sono destinati al consumo. La 2-MMC pu\u00f2 essere studiata fino a 2 anni se conservata nell&#039;ambiente appropriato.<a title=\"MEAI\" href=\"https:\/\/apexresearchchemical.eu\/it\/negozio\/altro\/meai\/\" target=\"_blank\" rel=\"noopener\">MEAI<\/a><\/p>\n<p>Poich\u00e9 il 2-MMC \u00e8 destinato esclusivamente alla ricerca e non al consumo, \u00e8 importante tenerlo fuori dalla portata dei bambini e degli animali domestici.<a title=\"6-CL-ADBA\" href=\"https:\/\/apexresearchchemical.eu\/it\/negozio\/quasi-proibito\/6-cl-di-adba\/\" target=\"_blank\" rel=\"noopener\">6-CL-ADBA<\/a><\/p>\n<p>Offriamo prodotti chimici di ricerca di buona qualit\u00e0 a un prezzo equo. Il tuo ordine verr\u00e0 spedito entro 24 ore tutti i giorni. Pertanto, ordina 2-MMC in modo sicuro e veloce.<a title=\"Capsule 2C-EF da 2 mg\" href=\"https:\/\/apexresearchchemical.eu\/it\/negozio\/fenetilammina\/capsule-2c-ef-2mg\/\" target=\"_blank\" rel=\"noopener\">Capsule 2C-EF da 2 mg<\/a><\/p>\n<h2>Propriet\u00e0 2-MMC<\/h2>\n<p><strong>Numero CAS<\/strong>: 1246911-71-6<br \/>\n<strong>Formula<\/strong>: C11h15NO \u2022 HCL<br \/>\n<strong>Massa molare<\/strong>: 177.247<br \/>\n<strong>Purezza<\/strong>: \u226599%<\/p>\n<h3>Dichiarazione di pericolo<\/h3>\n<p>La 2-MMC pu\u00f2 causare irritazione respiratoria<br \/>\nLa 2-MMC pu\u00f2 causare irritazione agli occhi.<br \/>\n\u00c8 vietato scaricare nell&#039;ambiente sostanze chimiche utilizzate per la ricerca.<a title=\"6-CL-ADBA\" href=\"https:\/\/apexresearchchemical.eu\/it\/negozio\/quasi-proibito\/6-cl-di-adba\/\" target=\"_blank\" rel=\"noopener\">6-CL-ADBA<\/a><\/p>\n<p>2-MMC A CONTATTO CON GLI OCCHI: sciacquare delicatamente gli occhi con acqua per cinque minuti. Se possibile, togliere le lenti a contatto.<\/p>\n<p>2-MMC A CONTATTO CON LA PELLE: Lavare la pelle con acqua e sapone.<\/p>\n<p>DOPO L&#039;INALAZIONE DI 2-MMC: portare la vittima <a href=\"http:\/\/google.nl\" target=\"_blank\" rel=\"noopener\">In<\/a> aria fresca e far assumere alla vittima una posizione che le consenta di respirare facilmente.<\/p>","protected":false},"excerpt":{"rendered":"<h2>Propriet\u00e0 2-MMC<\/h2>\n<p><strong>Numero CAS<\/strong>: 1246911-71-6<br \/>\n<strong>Formula<\/strong>: C11h15NO \u2022 HCL<br \/>\n<strong>Massa molare<\/strong>: 177.247<br \/>\n<strong>Purezza<\/strong>: \u226599%<\/p>","protected":false},"featured_media":29232,"comment_status":"closed","ping_status":"closed","template":"","meta":[],"product_brand":[82],"product_cat":[372,463,322,79,324],"product_tag":[83,679,652,678,326],"class_list":{"0":"post-23975","1":"product","2":"type-product","3":"status-publish","4":"has-post-thumbnail","6":"product_brand-research-chemical","7":"product_cat-2-mmc-kopen","8":"product_cat-2-mmc-pellets","9":"product_cat-bijna-verboden","10":"product_cat-cathinonen","11":"product_cat-pellets-for-pellet","12":"product_tag-2-mmc-kopen","13":"product_tag-2-mmc-pellets","14":"product_tag-2-mmc-pellets-kopen","15":"product_tag-2mmc-pellets","16":"product_tag-nl","18":"first","19":"instock","20":"taxable","21":"shipping-taxable","22":"purchasable","23":"product-type-variable"},"_links":{"self":[{"href":"https:\/\/apexresearchchemical.eu\/it\/wp-json\/wp\/v2\/product\/23975","targetHints":{"allow":["GET"]}}],"collection":[{"href":"https:\/\/apexresearchchemical.eu\/it\/wp-json\/wp\/v2\/product"}],"about":[{"href":"https:\/\/apexresearchchemical.eu\/it\/wp-json\/wp\/v2\/types\/product"}],"replies":[{"embeddable":true,"href":"https:\/\/apexresearchchemical.eu\/it\/wp-json\/wp\/v2\/comments?post=23975"}],"version-history":[{"count":3,"href":"https:\/\/apexresearchchemical.eu\/it\/wp-json\/wp\/v2\/product\/23975\/revisions"}],"predecessor-version":[{"id":25527,"href":"https:\/\/apexresearchchemical.eu\/it\/wp-json\/wp\/v2\/product\/23975\/revisions\/25527"}],"wp:featuredmedia":[{"embeddable":true,"href":"https:\/\/apexresearchchemical.eu\/it\/wp-json\/wp\/v2\/media\/29232"}],"wp:attachment":[{"href":"https:\/\/apexresearchchemical.eu\/it\/wp-json\/wp\/v2\/media?parent=23975"}],"wp:term":[{"taxonomy":"product_brand","embeddable":true,"href":"https:\/\/apexresearchchemical.eu\/it\/wp-json\/wp\/v2\/product_brand?post=23975"},{"taxonomy":"product_cat","embeddable":true,"href":"https:\/\/apexresearchchemical.eu\/it\/wp-json\/wp\/v2\/product_cat?post=23975"},{"taxonomy":"product_tag","embeddable":true,"href":"https:\/\/apexresearchchemical.eu\/it\/wp-json\/wp\/v2\/product_tag?post=23975"}],"curies":[{"name":"wp","href":"https:\/\/api.w.org\/{rel}","templated":true}]}}