{"id":24194,"date":"2025-04-13T17:41:13","date_gmt":"2025-04-13T17:41:13","guid":{"rendered":"https:\/\/apexresearchchemical.eu\/?post_type=product&#038;p=24194"},"modified":"2026-03-20T10:36:04","modified_gmt":"2026-03-20T10:36:04","slug":"2-fma","status":"publish","type":"product","link":"https:\/\/apexresearchchemical.eu\/it\/negozio\/b2b\/2-fma\/","title":{"rendered":"Scatola RC+ Fluor 2-FMA 30 mg"},"content":{"rendered":"<h2><strong>2-FMA<\/strong><\/h2>\n<p><strong>2-FMA<\/strong>\u00a0\u00e8 una sostanza che vendiamo solo a scopo di ricerca e pertanto non \u00e8 destinata al consumo. Il 2-FMA \u00e8 disponibile in polvere e, se conservato in un ambiente adeguato, pu\u00f2 essere utilizzato per studi fino a 2 anni.<a title=\"Blotter 1V-LSD 150 MCG\" href=\"https:\/\/apexresearchchemical.eu\/it\/negozio\/lisergamidi\/1v-lsd-150-mcg-blotters\/\" target=\"_blank\" rel=\"noopener\">Blotter 1V-LSD 150 MCG<\/a><\/p>\n<p>Poich\u00e9 il 2-FMA \u00e8 destinato esclusivamente alla ricerca e non al consumo, \u00e8 importante tenerlo fuori dalla portata dei bambini e degli animali domestici.<a title=\"6-CL-ADBA\" href=\"https:\/\/apexresearchchemical.eu\/it\/negozio\/quasi-proibito\/6-cl-di-adba\/\" target=\"_blank\" rel=\"noopener\">6-CL-ADBA<\/a><\/p>\n<p>Offriamo prodotti chimici di ricerca di buona qualit\u00e0 a un prezzo equo. Il tuo ordine verr\u00e0 spedito entro 24 ore tutti i giorni. Pertanto, ordina 2FMA in modo sicuro e veloce tramite!<a title=\"2-CMC 250 mg in pellet\" href=\"https:\/\/apexresearchchemical.eu\/it\/negozio\/catinoni\/%f0%9f%92%a1-2-mmc-polvere-cristallina-per-tutte-le-domande-e-risposte-per-lacquisto\/\" target=\"_blank\" rel=\"noopener\">2-CMC 250 mg in pellet<\/a><\/p>\n<h2>2-Propriet\u00e0 FMA<\/h2>\n<p><strong>Sinonimo<\/strong>: Fluorometamfetamina<br \/>\n<strong>Numero CAS<\/strong>: 1780004-19-4<br \/>\n<strong>Formula<\/strong>: C10H14FN \u2022 HCL<br \/>\n<strong>Massa molare<\/strong>: 203,7 g\/mol<br \/>\n<strong>Purezza<\/strong>: \u226599%<\/p>\n<h2>Indicazioni di pericolo<\/h2>\n<p>Il 2-FMA pu\u00f2 causare irritazione respiratoria<br \/>\nIl 2-FMA pu\u00f2 causare irritazione in <a href=\"http:\/\/google.nl\" target=\"_blank\" rel=\"noopener\">IL<\/a> causa occhi<br \/>\n\u00c8 vietato scaricare nell&#039;ambiente sostanze chimiche di ricerca<\/p>\n<p>2-FMA A CONTATTO CON GLI OCCHI: sciacquare accuratamente gli occhi con acqua per cinque minuti. Se possibile, togliere le lenti a contatto.<\/p>\n<p>2-FMA A CONTATTO CON LA PELLE: Lavare la pelle con acqua e sapone.<\/p>\n<p>IN CASO DI INALAZIONE DI 2-FMA: trasportare la vittima all&#039;aria aperta e mantenerla in una posizione che favorisca la respirazione.<\/p>","protected":false},"excerpt":{"rendered":"<p><strong>Sinonimo<\/strong>: Fluorometamfetamina<br \/>\n<strong>Numero CAS<\/strong>: 1780004-19-4<br \/>\n<strong>Formula<\/strong>: C10H14FN \u2022 HCL<br \/>\n<strong>Massa molare<\/strong>: 203,7 g\/mol<br \/>\n<strong>Purezza<\/strong>: \u226599%<\/p>","protected":false},"featured_media":29460,"comment_status":"closed","ping_status":"closed","template":"","meta":[],"product_brand":[82],"product_cat":[555],"product_tag":[572,617,618,589,619,326],"class_list":{"0":"post-24194","1":"product","2":"type-product","3":"status-publish","4":"has-post-thumbnail","6":"product_brand-research-chemical","7":"product_cat-b2b","8":"product_tag-2-fma-kopen","9":"product_tag-2-fma","10":"product_tag-2fma","11":"product_tag-2fma-drugs","12":"product_tag-2fma-kopen","13":"product_tag-nl","15":"first","16":"instock","17":"taxable","18":"shipping-taxable","19":"purchasable","20":"product-type-variable"},"_links":{"self":[{"href":"https:\/\/apexresearchchemical.eu\/it\/wp-json\/wp\/v2\/product\/24194","targetHints":{"allow":["GET"]}}],"collection":[{"href":"https:\/\/apexresearchchemical.eu\/it\/wp-json\/wp\/v2\/product"}],"about":[{"href":"https:\/\/apexresearchchemical.eu\/it\/wp-json\/wp\/v2\/types\/product"}],"replies":[{"embeddable":true,"href":"https:\/\/apexresearchchemical.eu\/it\/wp-json\/wp\/v2\/comments?post=24194"}],"version-history":[{"count":4,"href":"https:\/\/apexresearchchemical.eu\/it\/wp-json\/wp\/v2\/product\/24194\/revisions"}],"predecessor-version":[{"id":25400,"href":"https:\/\/apexresearchchemical.eu\/it\/wp-json\/wp\/v2\/product\/24194\/revisions\/25400"}],"wp:featuredmedia":[{"embeddable":true,"href":"https:\/\/apexresearchchemical.eu\/it\/wp-json\/wp\/v2\/media\/29460"}],"wp:attachment":[{"href":"https:\/\/apexresearchchemical.eu\/it\/wp-json\/wp\/v2\/media?parent=24194"}],"wp:term":[{"taxonomy":"product_brand","embeddable":true,"href":"https:\/\/apexresearchchemical.eu\/it\/wp-json\/wp\/v2\/product_brand?post=24194"},{"taxonomy":"product_cat","embeddable":true,"href":"https:\/\/apexresearchchemical.eu\/it\/wp-json\/wp\/v2\/product_cat?post=24194"},{"taxonomy":"product_tag","embeddable":true,"href":"https:\/\/apexresearchchemical.eu\/it\/wp-json\/wp\/v2\/product_tag?post=24194"}],"curies":[{"name":"wp","href":"https:\/\/api.w.org\/{rel}","templated":true}]}}