{"id":24226,"date":"2025-04-13T17:41:17","date_gmt":"2025-04-13T17:41:17","guid":{"rendered":"https:\/\/apexresearchchemical.eu\/?post_type=product&#038;p=24226"},"modified":"2026-03-20T10:02:42","modified_gmt":"2026-03-20T10:02:42","slug":"nm-2-ai-hcl-puro","status":"publish","type":"product","link":"https:\/\/apexresearchchemical.eu\/it\/negozio\/nm-2-ai\/nm-2-ai-hcl-puro\/","title":{"rendered":"NM-2-AI HCl puro"},"content":{"rendered":"<h2>NM-2-AI HCl puro<\/h2>\n<p>Il cloridrato di NM-2-AI \u00e8 una sostanza che vendiamo solo per scopi di ricerca e pertanto non \u00e8 destinata al consumo. Se conservato nell&#039;ambiente appropriato, l&#039;NM-2-AI pu\u00f2 essere oggetto di ricerca fino a 2 anni.<\/p>\n<p>Poich\u00e9 l&#039;NM-2-AI \u00e8 destinato esclusivamente alla ricerca e non al consumo, \u00e8 importante conservarlo fuori dalla portata dei bambini e degli animali domestici.<a title=\"Pellet di O-DSMT da 50 mg\" href=\"https:\/\/apexresearchchemical.eu\/it\/negozio\/pellet-2\/o-pellet-dsmt-50mg\/\" target=\"_blank\" rel=\"noopener\">Pellet di O-DSMT da 50 mg<\/a><\/p>\n<p>Offriamo prodotti chimici di ricerca di buona qualit\u00e0 a un prezzo equo. Il tuo ordine verr\u00e0 spedito entro 24 ore tutti i giorni. Pertanto, ordina NM-2-AI in modo sicuro e veloce tramite !<a title=\"Blotter 1V-LSD 150 MCG\" href=\"https:\/\/apexresearchchemical.eu\/it\/negozio\/lisergamidi\/1v-lsd-150-mcg-blotters\/\" target=\"_blank\" rel=\"noopener\">Blotter 1V-LSD 150 MCG<\/a><\/p>\n<h3>Dichiarazione di pericolo<\/h3>\n<p>L&#039;NM-2-AI pu\u00f2 causare irritazione respiratoria<br \/>\nNM-2-AI pu\u00f2 causare irritazione <a href=\"http:\/\/google.nl\" target=\"_blank\" rel=\"noopener\">In<\/a> gli occhi causano.<br \/>\n\u00c8 vietato scaricare nell&#039;ambiente sostanze chimiche utilizzate per la ricerca.<\/p>\n<p>CONTATTO CON GLI OCCHI DI NM-2-AI: sciacquare accuratamente gli occhi con acqua per cinque minuti. Se possibile, togliere le lenti a contatto.<\/p>\n<p>CONTATTO CON LA PELLE DI NM-2-AI: lavare la pelle con acqua e sapone.<a title=\"6-CL-ADBA\" href=\"https:\/\/apexresearchchemical.eu\/it\/negozio\/quasi-proibito\/6-cl-di-adba\/\" target=\"_blank\" rel=\"noopener\">6-CL-ADBA<\/a><\/p>\n<p>IN CASO DI INALAZIONE DI NM-2-AI: trasportare la vittima all&#039;aria aperta e mantenerla in una posizione che favorisca la respirazione.<a title=\"2-CMC 250 mg in pellet\" href=\"https:\/\/apexresearchchemical.eu\/it\/negozio\/catinoni\/%f0%9f%92%a1-2-mmc-polvere-cristallina-per-tutte-le-domande-e-risposte-per-lacquisto\/\" target=\"_blank\" rel=\"noopener\">2-CMC 250 mg in pellet<\/a><\/p>","protected":false},"excerpt":{"rendered":"<h2>NM-2-AI HCl puro<\/h2>\n<p>Il cloridrato di NM-2-AI \u00e8 una sostanza che vendiamo solo per scopi di ricerca e pertanto non \u00e8 destinata al consumo. NM-2-AI pu\u00f2 essere studiato fino a 2 anni se conservato nell&#039;ambiente appropriato.2C-E<\/p>","protected":false},"featured_media":29427,"comment_status":"closed","ping_status":"closed","template":"","meta":[],"product_brand":[82],"product_cat":[479,336],"product_tag":[326,879,880],"class_list":{"0":"post-24226","1":"product","2":"type-product","3":"status-publish","4":"has-post-thumbnail","6":"product_brand-research-chemical","7":"product_cat-nm-2-ai","8":"product_cat-overig","9":"product_tag-nl","10":"product_tag-nm-2-ai","11":"product_tag-nm-2-ai-hcl","13":"first","14":"instock","15":"taxable","16":"shipping-taxable","17":"purchasable","18":"product-type-variable"},"_links":{"self":[{"href":"https:\/\/apexresearchchemical.eu\/it\/wp-json\/wp\/v2\/product\/24226","targetHints":{"allow":["GET"]}}],"collection":[{"href":"https:\/\/apexresearchchemical.eu\/it\/wp-json\/wp\/v2\/product"}],"about":[{"href":"https:\/\/apexresearchchemical.eu\/it\/wp-json\/wp\/v2\/types\/product"}],"replies":[{"embeddable":true,"href":"https:\/\/apexresearchchemical.eu\/it\/wp-json\/wp\/v2\/comments?post=24226"}],"version-history":[{"count":4,"href":"https:\/\/apexresearchchemical.eu\/it\/wp-json\/wp\/v2\/product\/24226\/revisions"}],"predecessor-version":[{"id":26016,"href":"https:\/\/apexresearchchemical.eu\/it\/wp-json\/wp\/v2\/product\/24226\/revisions\/26016"}],"wp:featuredmedia":[{"embeddable":true,"href":"https:\/\/apexresearchchemical.eu\/it\/wp-json\/wp\/v2\/media\/29427"}],"wp:attachment":[{"href":"https:\/\/apexresearchchemical.eu\/it\/wp-json\/wp\/v2\/media?parent=24226"}],"wp:term":[{"taxonomy":"product_brand","embeddable":true,"href":"https:\/\/apexresearchchemical.eu\/it\/wp-json\/wp\/v2\/product_brand?post=24226"},{"taxonomy":"product_cat","embeddable":true,"href":"https:\/\/apexresearchchemical.eu\/it\/wp-json\/wp\/v2\/product_cat?post=24226"},{"taxonomy":"product_tag","embeddable":true,"href":"https:\/\/apexresearchchemical.eu\/it\/wp-json\/wp\/v2\/product_tag?post=24226"}],"curies":[{"name":"wp","href":"https:\/\/api.w.org\/{rel}","templated":true}]}}