{"id":24961,"date":"2025-04-13T17:43:53","date_gmt":"2025-04-13T17:43:53","guid":{"rendered":"https:\/\/apexresearchchemical.eu\/?post_type=product&#038;p=24961"},"modified":"2026-03-20T06:47:00","modified_gmt":"2026-03-20T06:47:00","slug":"o-pellet-dsmt-50mg","status":"publish","type":"product","link":"https:\/\/apexresearchchemical.eu\/it\/negozio\/o-dsmt\/o-pellet-dsmt-50mg\/","title":{"rendered":"Pellet di O-DSMT da 50 mg"},"content":{"rendered":"<p class=\"ds-markdown-paragraph\"><strong>Pellet O-DSMT 50 mg: le risposte alle tue domande<\/strong><\/p>\n<h3><strong>1. Che cosa \u00e8 l&#039;O-DSMT?<\/strong><\/h3>\n<p class=\"ds-markdown-paragraph\">L&#039;O-DSMT (desmetramadolo) \u00e8 una sostanza chimica di ricerca e un importante metabolita del tramadolo. \u00c8 noto per le sue potenziali propriet\u00e0 analgesiche ed \u00e8 utilizzato in studi scientifici.<\/p>\n<h3><strong>2. Perch\u00e9 scegliere O-DSMT 50mg Pellets?<\/strong><\/h3>\n<p class=\"ds-markdown-paragraph\">I nostri pellet offrono:<br \/>\n\u2705\u00a0<strong>Dosaggio di precisione<\/strong>\u00a0\u2013 Ogni pellet contiene esattamente 50 mg per risultati affidabili.<br \/>\n\u2705\u00a0<strong>Qualit\u00e0 costante<\/strong>\u00a0\u2013 Purificazione di alta qualit\u00e0 per risultati di ricerca ottimali.<br \/>\n\u2705\u00a0<strong>Facile elaborazione<\/strong>\u00a0\u2013 La forma in pellet semplifica il dosaggio in laboratorio.<\/p>\n<h3><strong>3. Questo prodotto \u00e8 sicuro per l&#039;uso umano?<\/strong><\/h3>\n<p class=\"ds-markdown-paragraph\"><em>NO.<\/em>\u00a0I pellet O-DSMT da 50 mg sono\u00a0<strong>destinato esclusivamente a scopi di ricerca<\/strong>\u00a0e non destinato al consumo umano. \u00c8 importante seguire i protocolli di sicurezza quando si utilizza in modo scientifico.<\/p>\n<h3><strong>4. Come devo conservare i pellet O-DSMT?<\/strong><\/h3>\n<p class=\"ds-markdown-paragraph\">Conservare i pellet in un\u00a0<strong>luogo fresco e asciutto<\/strong>, fuori dalla portata dei bambini e delle persone non autorizzate. Si consiglia un contenitore buio e a chiusura ermetica.<\/p>\n<h3><strong>5. Per quali applicazioni sono adatti questi pellet?<\/strong><\/h3>\n<p class=\"ds-markdown-paragraph\">Sono utilizzati in:<br \/>\n\ud83d\udd2c\u00a0<strong>Ricerca farmacologica<\/strong><br \/>\n\ud83e\uddea\u00a0<strong>Studi analitici<\/strong><br \/>\n\ud83d\udcca\u00a0<strong>Esperimenti scientifici<\/strong><\/p>\n<h3><strong>6. Dove posso acquistare O-DSMT 50mg Pellets?<\/strong><\/h3>\n<p class=\"ds-markdown-paragraph\">Ordina ora tramite il nostro negozio online per\u00a0<strong>consegna veloce e imballaggio discreto<\/strong>Disponibile solo per ricercatori e laboratori registrati.<\/p>\n<p><a href=\"https:\/\/apexresearchchemical.eu\/it\/negozio\/iboga-ibogaina\/acquistare-ibogaina-cloridrato-online\/\">Acquista Ibogaina HCL<\/a><a href=\"https:\/\/apexresearchchemical.eu\/it\/negozio\/iboga-ibogaina\/corteccia-di-radice-di-iboga\/\">Corteccia di radice di iboga<\/a><a href=\"https:\/\/apexresearchchemical.eu\/it\/negozio\/lisergamidi\/1-cp-di-lsd-150-mcg\/\">1cP-LSD 150 MCG Art Blotters<\/a><a href=\"https:\/\/apexresearchchemical.eu\/it\/negozio\/lisergamidi\/1v-lsd-150-mcg-blotters\/\">Blotter 1V-LSD 150 MCG<\/a><a href=\"https:\/\/apexresearchchemical.eu\/it\/negozio\/2-pellet-cmc\/%f0%9f%92%a1-2-mmc-polvere-cristallina-per-tutte-le-domande-e-risposte-per-lacquisto\/%f0%9f%92%a1-2-mmc-polvere-cristallina-per-tutte-le-domande-e-risposte-per-lacquisto\/\">2-CMC 250 mg in pellet<\/a><\/p>","protected":false},"excerpt":{"rendered":"<h3>Propriet\u00e0 O-DSMT<\/h3>\n<p><strong>Sinonimo:<\/strong> <i>O-desmetiltramadolo, 3-(2-((dimetilammino)metil)-1-idrossicicloesil)fenolo<\/i><br \/>\n<strong>Numero CAS:<\/strong> 80456-81-1<br \/>\n<strong>Formula:<\/strong> <span title=\"Carbonio\">C<\/span><sub>15<\/sub><span title=\"Idrogeno\">H<\/span><sub>23<\/sub><span title=\"Azoto\">N<\/span><span title=\"Ossigeno\">O<\/span><sub>2<\/sub><br \/>\n<strong>Massa molare:<\/strong> 249,354 g\/mol<br \/>\n<strong>Purezza:<\/strong>\u00a0&gt;97%<\/p>","protected":false},"featured_media":29435,"comment_status":"closed","ping_status":"closed","template":"","meta":[],"product_brand":[82],"product_cat":[337,420,336,324],"product_tag":[326,727,725,728,726,729,730],"class_list":{"0":"post-24961","1":"product","2":"type-product","3":"status-publish","4":"has-post-thumbnail","6":"product_brand-research-chemical","7":"product_cat-o-dsmt","8":"product_cat-o-dsmt-pellets","9":"product_cat-overig","10":"product_cat-pellets-for-pellet","11":"product_tag-nl","12":"product_tag-o-dsmt-ervaringen","13":"product_tag-o-dsmt","14":"product_tag-o-dsmt-bestellen","15":"product_tag-o-dsmt-kopen","16":"product_tag-o-dsmt-psychonaut","17":"product_tag-what-is-o-dsmt","19":"first","20":"instock","21":"taxable","22":"shipping-taxable","23":"purchasable","24":"product-type-variable"},"_links":{"self":[{"href":"https:\/\/apexresearchchemical.eu\/it\/wp-json\/wp\/v2\/product\/24961","targetHints":{"allow":["GET"]}}],"collection":[{"href":"https:\/\/apexresearchchemical.eu\/it\/wp-json\/wp\/v2\/product"}],"about":[{"href":"https:\/\/apexresearchchemical.eu\/it\/wp-json\/wp\/v2\/types\/product"}],"replies":[{"embeddable":true,"href":"https:\/\/apexresearchchemical.eu\/it\/wp-json\/wp\/v2\/comments?post=24961"}],"version-history":[{"count":6,"href":"https:\/\/apexresearchchemical.eu\/it\/wp-json\/wp\/v2\/product\/24961\/revisions"}],"predecessor-version":[{"id":25567,"href":"https:\/\/apexresearchchemical.eu\/it\/wp-json\/wp\/v2\/product\/24961\/revisions\/25567"}],"wp:featuredmedia":[{"embeddable":true,"href":"https:\/\/apexresearchchemical.eu\/it\/wp-json\/wp\/v2\/media\/29435"}],"wp:attachment":[{"href":"https:\/\/apexresearchchemical.eu\/it\/wp-json\/wp\/v2\/media?parent=24961"}],"wp:term":[{"taxonomy":"product_brand","embeddable":true,"href":"https:\/\/apexresearchchemical.eu\/it\/wp-json\/wp\/v2\/product_brand?post=24961"},{"taxonomy":"product_cat","embeddable":true,"href":"https:\/\/apexresearchchemical.eu\/it\/wp-json\/wp\/v2\/product_cat?post=24961"},{"taxonomy":"product_tag","embeddable":true,"href":"https:\/\/apexresearchchemical.eu\/it\/wp-json\/wp\/v2\/product_tag?post=24961"}],"curies":[{"name":"wp","href":"https:\/\/api.w.org\/{rel}","templated":true}]}}