{"id":26132,"date":"2025-05-01T01:31:17","date_gmt":"2025-05-01T01:31:17","guid":{"rendered":"https:\/\/apexresearchchemical.eu\/?post_type=product&#038;p=26132"},"modified":"2026-03-20T06:41:59","modified_gmt":"2026-03-20T06:41:59","slug":"acquistare-ibogaina-cloridrato-online","status":"publish","type":"product","link":"https:\/\/apexresearchchemical.eu\/it\/negozio\/iboga-ibogaina\/acquistare-ibogaina-cloridrato-online\/","title":{"rendered":"Acquista Ibogaina HCL"},"content":{"rendered":"<h2>Acquista Ibogaina HCL<\/h2>\n<div class=\"sm-table-layout__cell sm-table-layout__cell_align_left sm-table-layout__cell_fixed-cell_phrase\" role=\"cell\" data-testid=\"table-cell-keyword\">\n<div class=\"sm-cell-phrase\"><span class=\"___SText_anxqe-kmt_\" data-ui-name=\"Link.Text\">acquistare ibogaina cloridrato online, <\/span>Acquista Ibogaine HCL. L&#039;ibogaina \u00e8 il principio attivo contenuto nella radice di iboga Tabernanthe africana, che elimina i sintomi fisici dell&#039;astinenza e interrompe una volta per tutte il desiderio compulsivo di assumere droga. L&#039;ibogaina HCL si \u00e8 rivelata la pianta erbacea pi\u00f9 efficace per curare le dipendenze. Se applicato correttamente, il risultato \u00e8 efficace 100%. Offriamo l&#039;Iboga pre-confezionato in capsule, il che ne facilita il dosaggio e ne facilita l&#039;assunzione.<\/div>\n<\/div>\n<p>Estratto dalla corteccia della radice di Tabernanthe Iboga. Nel secondo strato della corteccia dell&#039;Iboga sono contenuti circa 12 alcaloidi diversi. I tre alcaloidi pi\u00f9 importanti che vengono estratti sono l&#039;ibogaina, l&#039;ibogamina e l&#039;ibogalina. L&#039;Ibogaina HCL \u00e8 un composto chimico dell&#039;Ibogaina, utilizzato nel trattamento della dipendenza. L&#039;ibogaina HCL \u00e8 un composto naturale estratto dall&#039;arbusto Tabernanthe iboga, originario dell&#039;Africa. Utilizzato per espellere le tossine (come oppiacei e altre droghe) dall&#039;organismo e contribuire a ridurre drasticamente i fastidiosi sintomi associati all&#039;astinenza fisica da abuso di sostanze.<\/p>\n<p>L&#039;ibogaina HCL \u00e8 il terzo grado dell&#039;ibogaina ed \u00e8 usata pi\u00f9 spesso come terapia per le dipendenze. Subisce un particolare processo di purificazione mediante HCL che rimuove numerose impurit\u00e0 e altre sostanze. Inoltre, l&#039;Ibogaine HCL contiene circa l&#039;85-99% di ibogaina pura.<\/p>\n<h2>Ibogaina HCL in vendita<\/h2>\n<p>Solitamente, l&#039;Ibogaina HCL viene utilizzata in ambito medico sotto la supervisione di medici e infermieri certificati e formati professionalmente. \u00c8 utile per aiutare una persona che lotta contro l&#039;abuso di sostanze a gestire i sintomi dell&#039;astinenza da droga o alcol. L&#039;ibogaina cloridrato viene utilizzata per trattare i sintomi dell&#039;astinenza da droghe, agendo in sinergia con i neuroni e specifici siti recettoriali presenti nel cervello e nel sistema nervoso centrale.<\/p>\n<p>Quando una persona subisce una crisi di astinenza da Ibogaina HCL, i sintomi dell&#039;astinenza saranno ancora presenti. Tuttavia, la loro intensit\u00e0 \u00e8 solitamente solo una frazione di quella avvertita senza trattamento. Gli effetti del trattamento con Ibogaina HCL possono durare dalle 15 alle 36 ore, a seconda delle caratteristiche specifiche del paziente.<a href=\"https:\/\/apexresearchchemical.eu\/it\/negozio\/catinoni\/%f0%9f%92%a1-2-mmc-polvere-cristallina-per-tutte-le-domande-e-risposte-per-lacquisto\/\">2-CMC 250 mg in pellet<\/a><a href=\"https:\/\/apexresearchchemical.eu\/it\/negozio\/quasi-proibito\/6-cl-di-adba\/\">6-CL-ADBA<\/a><a href=\"https:\/\/apexresearchchemical.eu\/it\/negozio\/lisergamidi\/1v-lsd-150-mcg-blotters\/\">Blotter 1V-LSD 150 MCG<\/a><a href=\"https:\/\/apexresearchchemical.eu\/it\/negozio\/pellet-2\/o-pellet-dsmt-50mg\/\">Pellet di O-DSMT da 50 mg<\/a><a href=\"https:\/\/apexresearchchemical.eu\/it\/negozio\/lisergamidi\/1-cp-di-lsd-da-150-mcg-in-granuli\/\">1cP-LSD 150 MCG Art Blotters<\/a><\/p>","protected":false},"excerpt":{"rendered":"<p>Acquista Ibogaine HCL acquista Ibogaine HCL online, Acquista Ibogaine HCL, L&#039;ibogaina \u00e8 la sostanza chimica attiva presente nel Tabernanthe africano<\/p>","protected":false},"featured_media":29336,"comment_status":"closed","ping_status":"closed","template":"","meta":[],"product_brand":[],"product_cat":[908],"product_tag":[913],"class_list":{"0":"post-26132","1":"product","2":"type-product","3":"status-publish","4":"has-post-thumbnail","6":"product_cat-iboga-ibogaine","7":"product_tag-buy-ibogaine-hcl-online","9":"first","10":"instock","11":"taxable","12":"shipping-taxable","13":"purchasable","14":"product-type-variable"},"_links":{"self":[{"href":"https:\/\/apexresearchchemical.eu\/it\/wp-json\/wp\/v2\/product\/26132","targetHints":{"allow":["GET"]}}],"collection":[{"href":"https:\/\/apexresearchchemical.eu\/it\/wp-json\/wp\/v2\/product"}],"about":[{"href":"https:\/\/apexresearchchemical.eu\/it\/wp-json\/wp\/v2\/types\/product"}],"replies":[{"embeddable":true,"href":"https:\/\/apexresearchchemical.eu\/it\/wp-json\/wp\/v2\/comments?post=26132"}],"version-history":[{"count":3,"href":"https:\/\/apexresearchchemical.eu\/it\/wp-json\/wp\/v2\/product\/26132\/revisions"}],"predecessor-version":[{"id":26157,"href":"https:\/\/apexresearchchemical.eu\/it\/wp-json\/wp\/v2\/product\/26132\/revisions\/26157"}],"wp:featuredmedia":[{"embeddable":true,"href":"https:\/\/apexresearchchemical.eu\/it\/wp-json\/wp\/v2\/media\/29336"}],"wp:attachment":[{"href":"https:\/\/apexresearchchemical.eu\/it\/wp-json\/wp\/v2\/media?parent=26132"}],"wp:term":[{"taxonomy":"product_brand","embeddable":true,"href":"https:\/\/apexresearchchemical.eu\/it\/wp-json\/wp\/v2\/product_brand?post=26132"},{"taxonomy":"product_cat","embeddable":true,"href":"https:\/\/apexresearchchemical.eu\/it\/wp-json\/wp\/v2\/product_cat?post=26132"},{"taxonomy":"product_tag","embeddable":true,"href":"https:\/\/apexresearchchemical.eu\/it\/wp-json\/wp\/v2\/product_tag?post=26132"}],"curies":[{"name":"wp","href":"https:\/\/api.w.org\/{rel}","templated":true}]}}