{"id":27216,"date":"2025-08-14T11:20:44","date_gmt":"2025-08-14T11:20:44","guid":{"rendered":"https:\/\/apexresearchchemical.eu\/?page_id=27216"},"modified":"2026-01-06T04:38:02","modified_gmt":"2026-01-06T04:38:02","slug":"retur","status":"publish","type":"page","link":"https:\/\/apexresearchchemical.eu\/nb\/retur\/","title":{"rendered":"Returer"},"content":{"rendered":"<p><strong>Returpolicy<\/strong><\/p>\n\n\n\n<p>I henhold til fjernsalgsloven har forbrukere 14 dagers angrerett ved nettkj\u00f8p, fra datoen de mottar produktet. I l\u00f8pet av denne perioden kan de returnere produktet uten \u00e5 oppgi grunn.<\/p>\n\n\n\n<p><strong>Vilk\u00e5r og betingelser<\/strong><\/p>\n\n\n\n<p>Ut\u00f8velse av angreretten er underlagt visse lovbestemmelser. I angrefristen m\u00e5 forbrukeren h\u00e5ndtere b\u00e5de produktet og emballasjen med forsiktighet. Produktet kan kun pakkes ut eller brukes i den grad det er n\u00f8dvendig for \u00e5 vurdere om forbrukeren \u00f8nsker \u00e5 beholde det. Dersom angreretten ut\u00f8ves, m\u00e5 produktet, sammen med alt medf\u00f8lgende tilbeh\u00f8r, returneres til researchchemicallab.eu i original stand og emballasje.<\/p>\n\n\n\n<p>Produkter som er skadet, returneres ufullstendige eller har blitt mye brukt, er ikke kvalifisert for full refusjon.<\/p>\n\n\n\n<p>Kostnadene og risikoen ved returfrakt er kundens ansvar. researchchemicallab.eu er forpliktet til \u00e5 refundere det betalte bel\u00f8pet, eksklusive returfraktkostnader, innen 30 dager.<\/p>\n\n\n\n<p><strong>Avbryt f\u00f8r sending<\/strong><\/p>\n\n\n\n<p>S\u00e5 lenge bestillingen ikke er betalt, pakket og\/eller sendt, kan den kanselleres ved \u00e5 sende en e-post til info.<a>@apexresearchchemical.eu<\/a><\/p>\n\n\n\n<p><strong>Retur etter mottak<\/strong><\/p>\n\n\n\n<p>Etter at du har mottatt bestillingen din, og hvis du \u00f8nsker \u00e5 returnere den, m\u00e5 du f\u00f8rst sende en e-post til info<a>@apexresearchchemical.eu<\/a><\/p>\n\n\n\n<p>Du er kun ansvarlig for returfraktkostnadene. Full refusjon vil bli utstedt n\u00e5r researchchemicallab.eu mottar den returnerte varen.<\/p>\n\n\n\n<p>V\u00e6r oppmerksom p\u00e5 at uansett \u00e5rsak til kanselleringen, m\u00e5 du handle innen den lovbestemte fristen. Dette betyr at du m\u00e5 varsle researchchemicallab.eu innen 14 dager etter at du mottok bestillingen din og returnere produktet innen 14 dager.<\/p>\n\n\n\n<p><strong>Returpolicy<\/strong><\/p>\n\n\n\n<p>Du kan returnere et produkt innenfor angreretten hvis:<\/p>\n\n\n\n<ul class=\"wp-block-list\">\n<li>Produktet har ikke blitt brukt.<\/li>\n\n\n\n<li>Det er ingen synlige skader eller tydelige tegn p\u00e5 bruk.<\/li>\n\n\n\n<li>Produktet, inkludert alle deler, returneres i samme stand som det ble mottatt.<\/li>\n<\/ul>\n\n\n\n<p>Refusjonsbel\u00f8pet kan reduseres dersom:<\/p>\n\n\n\n<ul class=\"wp-block-list\">\n<li>Produktet ble skadet av brukeren eller under returforsendelse.<\/li>\n\n\n\n<li>Emballasjematerialet er ikke i original stand (for eksempel hvis emballasjen har blitt \u00e5pnet eller skadet).<\/li>\n<\/ul>\n\n\n\n<p>Hvis du nekter bestillingen din eller ikke tydelig angir at du \u00f8nsker \u00e5 benytte deg av angreretten din innen den angitte perioden, kan ikke researchchemicallab.eu fastsl\u00e5 hvorfor bestillingen ble avvist. I slike tilfeller vil du bli belastet for b\u00e5de bestillingen og eventuelle tilleggskostnader. Du er juridisk forpliktet til \u00e5 informere Researchchemicalskopen.net i tide om din intensjon om \u00e5 returnere produkter innen den avtalte perioden.<\/p>\n\n\n\n<p>Returnerte produkter m\u00e5 v\u00e6re i samme stand som de forlot lageret v\u00e5rt.<\/p>","protected":false},"excerpt":{"rendered":"<p>Retourbeleid Volgens de Wet Kopen op Afstand heeft de consument bij online aankopen recht op een bedenktijd van 14 dagen<\/p>","protected":false},"author":1,"featured_media":0,"parent":0,"menu_order":0,"comment_status":"closed","ping_status":"closed","template":"","meta":{"footnotes":""},"class_list":["post-27216","page","type-page","status-publish","hentry"],"_links":{"self":[{"href":"https:\/\/apexresearchchemical.eu\/nb\/wp-json\/wp\/v2\/pages\/27216","targetHints":{"allow":["GET"]}}],"collection":[{"href":"https:\/\/apexresearchchemical.eu\/nb\/wp-json\/wp\/v2\/pages"}],"about":[{"href":"https:\/\/apexresearchchemical.eu\/nb\/wp-json\/wp\/v2\/types\/page"}],"author":[{"embeddable":true,"href":"https:\/\/apexresearchchemical.eu\/nb\/wp-json\/wp\/v2\/users\/1"}],"replies":[{"embeddable":true,"href":"https:\/\/apexresearchchemical.eu\/nb\/wp-json\/wp\/v2\/comments?post=27216"}],"version-history":[{"count":2,"href":"https:\/\/apexresearchchemical.eu\/nb\/wp-json\/wp\/v2\/pages\/27216\/revisions"}],"predecessor-version":[{"id":27515,"href":"https:\/\/apexresearchchemical.eu\/nb\/wp-json\/wp\/v2\/pages\/27216\/revisions\/27515"}],"wp:attachment":[{"href":"https:\/\/apexresearchchemical.eu\/nb\/wp-json\/wp\/v2\/media?parent=27216"}],"curies":[{"name":"wp","href":"https:\/\/api.w.org\/{rel}","templated":true}]}}