{"id":24194,"date":"2025-04-13T17:41:13","date_gmt":"2025-04-13T17:41:13","guid":{"rendered":"https:\/\/apexresearchchemical.eu\/?post_type=product&#038;p=24194"},"modified":"2026-03-20T10:36:04","modified_gmt":"2026-03-20T10:36:04","slug":"2-fma","status":"publish","type":"product","link":"https:\/\/apexresearchchemical.eu\/nb\/butikk\/b2b\/2-fma\/","title":{"rendered":"RC+ Fluor 2-FMA 30 mg eske"},"content":{"rendered":"<h2><strong>2-FMA<\/strong><\/h2>\n<p><strong>2-FMA<\/strong>\u00a0er et stoff vi kun selger til forskningsform\u00e5l og er derfor ikke beregnet for konsum. 2-FMA leveres i pulverform og kan brukes til forskning i opptil to \u00e5r n\u00e5r det oppbevares i riktig milj\u00f8.<a title=\"1V-LSD 150 MCG Blottere\" href=\"https:\/\/apexresearchchemical.eu\/nb\/butikk\/lysergamider\/1v-lsd-150-mcg-blotters\/\" target=\"_blank\" rel=\"noopener\">1V-LSD 150 MCG Blottere<\/a><\/p>\n<p>Fordi 2-FMA kun er til forskningsform\u00e5l og ikke til konsum, er det viktig at 2-FMA oppbevares utilgjengelig for barn og kj\u00e6ledyr.<a title=\"6-CL-ADBA\" href=\"https:\/\/apexresearchchemical.eu\/nb\/butikk\/nesten-forbudt\/6-cl-adba\/\" target=\"_blank\" rel=\"noopener\">6-CL-ADBA<\/a><\/p>\n<p>Vi tilbyr forskningskjemikalier av h\u00f8y kvalitet til en rimelig pris. Bestillingen din sendes innen 24 timer hver dag. Bestill 2FMA trygt og raskt gjennom oss!<a title=\"2-CMC 250 mg pellets\" href=\"https:\/\/apexresearchchemical.eu\/nb\/butikk\/katinoner\/kjop-2-cm\/\" target=\"_blank\" rel=\"noopener\">2-CMC 250 mg pellets<\/a><\/p>\n<h2>2-FMA-egenskaper<\/h2>\n<p><strong>Synonym<\/strong>Fluorometamfetamin<br \/>\n<strong>CAS-nummer<\/strong>: 1780004-19-4<br \/>\n<strong>Formel<\/strong>C10H14FN \u2022 HCL<br \/>\n<strong>Molar masse<\/strong>: 203,7 g\/mol<br \/>\n<strong>Renhet<\/strong>: \u226599%<\/p>\n<h2>Faresetninger<\/h2>\n<p>2-FMA kan for\u00e5rsake irritasjon i luftveiene<br \/>\n2-FMA kan for\u00e5rsake irritasjon hos <a href=\"http:\/\/google.nl\" target=\"_blank\" rel=\"noopener\">de<\/a> \u00f8yne for\u00e5rsaker<br \/>\nDet er forbudt \u00e5 slippe ut forskningskjemikalier i milj\u00f8et.<\/p>\n<p>2-FMA I \u00d8YNENE: Skyll \u00f8ynene forsiktig med vann i fem minutter. Fjern kontaktlinser hvis du bruker det og det er enkelt \u00e5 gj\u00f8re.<\/p>\n<p>2-FMA VED HUDKONTAKT: Vask huden med s\u00e5pe og vann.<\/p>\n<p>VED INN\u00c5NDING AV 2-FMA: Flytt personen til frisk luft og s\u00f8rg for at vedkommende er i en stilling som er behagelig for pusten.<\/p>","protected":false},"excerpt":{"rendered":"<p><strong>Synonym<\/strong>Fluorometamfetamin<br \/>\n<strong>CAS-nummer<\/strong>: 1780004-19-4<br \/>\n<strong>Formel<\/strong>C10H14FN \u2022 HCL<br \/>\n<strong>Molar masse<\/strong>: 203,7 g\/mol<br \/>\n<strong>Renhet<\/strong>: \u226599%<\/p>","protected":false},"featured_media":29460,"comment_status":"closed","ping_status":"closed","template":"","meta":[],"product_brand":[82],"product_cat":[555],"product_tag":[572,617,618,589,619,326],"class_list":{"0":"post-24194","1":"product","2":"type-product","3":"status-publish","4":"has-post-thumbnail","6":"product_brand-research-chemical","7":"product_cat-b2b","8":"product_tag-2-fma-kopen","9":"product_tag-2-fma","10":"product_tag-2fma","11":"product_tag-2fma-drugs","12":"product_tag-2fma-kopen","13":"product_tag-nl","15":"first","16":"instock","17":"taxable","18":"shipping-taxable","19":"purchasable","20":"product-type-variable"},"_links":{"self":[{"href":"https:\/\/apexresearchchemical.eu\/nb\/wp-json\/wp\/v2\/product\/24194","targetHints":{"allow":["GET"]}}],"collection":[{"href":"https:\/\/apexresearchchemical.eu\/nb\/wp-json\/wp\/v2\/product"}],"about":[{"href":"https:\/\/apexresearchchemical.eu\/nb\/wp-json\/wp\/v2\/types\/product"}],"replies":[{"embeddable":true,"href":"https:\/\/apexresearchchemical.eu\/nb\/wp-json\/wp\/v2\/comments?post=24194"}],"version-history":[{"count":4,"href":"https:\/\/apexresearchchemical.eu\/nb\/wp-json\/wp\/v2\/product\/24194\/revisions"}],"predecessor-version":[{"id":25400,"href":"https:\/\/apexresearchchemical.eu\/nb\/wp-json\/wp\/v2\/product\/24194\/revisions\/25400"}],"wp:featuredmedia":[{"embeddable":true,"href":"https:\/\/apexresearchchemical.eu\/nb\/wp-json\/wp\/v2\/media\/29460"}],"wp:attachment":[{"href":"https:\/\/apexresearchchemical.eu\/nb\/wp-json\/wp\/v2\/media?parent=24194"}],"wp:term":[{"taxonomy":"product_brand","embeddable":true,"href":"https:\/\/apexresearchchemical.eu\/nb\/wp-json\/wp\/v2\/product_brand?post=24194"},{"taxonomy":"product_cat","embeddable":true,"href":"https:\/\/apexresearchchemical.eu\/nb\/wp-json\/wp\/v2\/product_cat?post=24194"},{"taxonomy":"product_tag","embeddable":true,"href":"https:\/\/apexresearchchemical.eu\/nb\/wp-json\/wp\/v2\/product_tag?post=24194"}],"curies":[{"name":"wp","href":"https:\/\/api.w.org\/{rel}","templated":true}]}}