{"id":24961,"date":"2025-04-13T17:43:53","date_gmt":"2025-04-13T17:43:53","guid":{"rendered":"https:\/\/apexresearchchemical.eu\/?post_type=product&#038;p=24961"},"modified":"2026-03-20T06:47:00","modified_gmt":"2026-03-20T06:47:00","slug":"o-dsmt-50-mg-pellets","status":"publish","type":"product","link":"https:\/\/apexresearchchemical.eu\/nb\/butikk\/o-dsmt\/o-dsmt-50-mg-pellets\/","title":{"rendered":"O-DSMT 50 mg pellets"},"content":{"rendered":"<p class=\"ds-markdown-paragraph\"><strong>O-DSMT 50 mg pellets \u2013 svar p\u00e5 dine sp\u00f8rsm\u00e5l<\/strong><\/p>\n<h3><strong>1. Hva er O-DSMT?<\/strong><\/h3>\n<p class=\"ds-markdown-paragraph\">O-DSMT (desmetramadol) er et forskningskjemikalie og en hovedmetabolitt av tramadol. Det er kjent for sine potensielle smertestillende egenskaper og brukes i vitenskapelige studier.<\/p>\n<h3><strong>2. Hvorfor velge O-DSMT 50 mg pellets?<\/strong><\/h3>\n<p class=\"ds-markdown-paragraph\">V\u00e5re pellets tilbyr:<br \/>\n\u2705\u00a0<strong>Presisjonsdosering<\/strong>\u00a0\u2013 Hver pellet inneholder n\u00f8yaktig 50 mg for p\u00e5litelige resultater.<br \/>\n\u2705\u00a0<strong>Konsekvent kvalitet<\/strong>\u00a0\u2013 H\u00f8ykvalitetsrensing for optimale forskningsresultater.<br \/>\n\u2705\u00a0<strong>Enkel behandling<\/strong>\u00a0\u2013 Pelletformen forenkler dosering i laboratoriemilj\u00f8er.<\/p>\n<h3><strong>3. Er dette produktet trygt for menneskelig bruk?<\/strong><\/h3>\n<p class=\"ds-markdown-paragraph\"><em>Ingen.<\/em>\u00a0O-DSMT 50 mg pellets er\u00a0<strong>kun beregnet for forskningsform\u00e5l<\/strong>\u00a0og ikke til konsum. Det er viktig \u00e5 f\u00f8lge sikkerhetsprotokoller n\u00e5r det brukes til vitenskapelige form\u00e5l.<\/p>\n<h3><strong>4. Hvordan b\u00f8r jeg oppbevare O-DSMT-pellets?<\/strong><\/h3>\n<p class=\"ds-markdown-paragraph\">Oppbevar pelletsene i en\u00a0<strong>kj\u00f8lig, t\u00f8rt sted<\/strong>Oppbevares utilgjengelig for barn og uvedkommende. En m\u00f8rk, lufttett beholder anbefales.<\/p>\n<h3><strong>5. Hvilke bruksomr\u00e5der er disse pelletsene egnet for?<\/strong><\/h3>\n<p class=\"ds-markdown-paragraph\">De brukes i:<br \/>\n\ud83d\udd2c\u00a0<strong>Farmakologisk forskning<\/strong><br \/>\n\ud83e\uddea\u00a0<strong>Analytiske studier<\/strong><br \/>\n\ud83d\udcca\u00a0<strong>Vitenskapelige eksperimenter<\/strong><\/p>\n<h3><strong>6. Hvor kan jeg kj\u00f8pe O-DSMT 50 mg pellets?<\/strong><\/h3>\n<p class=\"ds-markdown-paragraph\">Bestill n\u00e5 via nettbutikken v\u00e5r for\u00a0<strong>rask levering og diskret emballasje<\/strong>Kun tilgjengelig for registrerte forskere og laboratorier.<\/p>\n<p><a href=\"https:\/\/apexresearchchemical.eu\/nb\/butikk\/iboga-ibogain\/kjop-ibogaine-hcl-pa-nett\/\">Kj\u00f8p Ibogaine HCL<\/a><a href=\"https:\/\/apexresearchchemical.eu\/nb\/butikk\/iboga-ibogain\/iboga-rotbark\/\">Iboga rotbark<\/a><a href=\"https:\/\/apexresearchchemical.eu\/nb\/butikk\/lysergamider\/1cp-lsd\/\">1cP-LSD 150 MCG Kunstpapir<\/a><a href=\"https:\/\/apexresearchchemical.eu\/nb\/butikk\/lysergamider\/1v-lsd-150-mcg-blotters\/\">1V-LSD 150 MCG Blottere<\/a><a href=\"https:\/\/apexresearchchemical.eu\/nb\/butikk\/2-cm%c2%b3-pellets\/kjop-2-cm\/kjop-2-cm\/\">2-CMC 250 mg pellets<\/a><\/p>","protected":false},"excerpt":{"rendered":"<h3>O-DSMT-egenskaper<\/h3>\n<p><strong>Synonym:<\/strong> <i>O-desmetyltramadol, 3-(2-((dimetylamino)metyl)-1-hydroksycykloheksyl)fenol<\/i><br \/>\n<strong>CAS-nummer:<\/strong> 80456-81-1<br \/>\n<strong>Formel:<\/strong> <span title=\"Karbon\">C<\/span><sub>15<\/sub><span title=\"Hydrogen\">H<\/span><sub>23<\/sub><span title=\"Nitrogen\">N<\/span><span title=\"Oksygen\">\u00c5<\/span><sub>2<\/sub><br \/>\n<strong>Molar masse:<\/strong> 249,354 g\/mol<br \/>\n<strong>Renhet:<\/strong>\u00a0&gt;97%<\/p>","protected":false},"featured_media":29435,"comment_status":"closed","ping_status":"closed","template":"","meta":[],"product_brand":[82],"product_cat":[337,420,336,324],"product_tag":[326,727,725,728,726,729,730],"class_list":{"0":"post-24961","1":"product","2":"type-product","3":"status-publish","4":"has-post-thumbnail","6":"product_brand-research-chemical","7":"product_cat-o-dsmt","8":"product_cat-o-dsmt-pellets","9":"product_cat-overig","10":"product_cat-pellets-for-pellet","11":"product_tag-nl","12":"product_tag-o-dsmt-ervaringen","13":"product_tag-o-dsmt","14":"product_tag-o-dsmt-bestellen","15":"product_tag-o-dsmt-kopen","16":"product_tag-o-dsmt-psychonaut","17":"product_tag-what-is-o-dsmt","19":"first","20":"instock","21":"taxable","22":"shipping-taxable","23":"purchasable","24":"product-type-variable"},"_links":{"self":[{"href":"https:\/\/apexresearchchemical.eu\/nb\/wp-json\/wp\/v2\/product\/24961","targetHints":{"allow":["GET"]}}],"collection":[{"href":"https:\/\/apexresearchchemical.eu\/nb\/wp-json\/wp\/v2\/product"}],"about":[{"href":"https:\/\/apexresearchchemical.eu\/nb\/wp-json\/wp\/v2\/types\/product"}],"replies":[{"embeddable":true,"href":"https:\/\/apexresearchchemical.eu\/nb\/wp-json\/wp\/v2\/comments?post=24961"}],"version-history":[{"count":6,"href":"https:\/\/apexresearchchemical.eu\/nb\/wp-json\/wp\/v2\/product\/24961\/revisions"}],"predecessor-version":[{"id":25567,"href":"https:\/\/apexresearchchemical.eu\/nb\/wp-json\/wp\/v2\/product\/24961\/revisions\/25567"}],"wp:featuredmedia":[{"embeddable":true,"href":"https:\/\/apexresearchchemical.eu\/nb\/wp-json\/wp\/v2\/media\/29435"}],"wp:attachment":[{"href":"https:\/\/apexresearchchemical.eu\/nb\/wp-json\/wp\/v2\/media?parent=24961"}],"wp:term":[{"taxonomy":"product_brand","embeddable":true,"href":"https:\/\/apexresearchchemical.eu\/nb\/wp-json\/wp\/v2\/product_brand?post=24961"},{"taxonomy":"product_cat","embeddable":true,"href":"https:\/\/apexresearchchemical.eu\/nb\/wp-json\/wp\/v2\/product_cat?post=24961"},{"taxonomy":"product_tag","embeddable":true,"href":"https:\/\/apexresearchchemical.eu\/nb\/wp-json\/wp\/v2\/product_tag?post=24961"}],"curies":[{"name":"wp","href":"https:\/\/api.w.org\/{rel}","templated":true}]}}