{"id":24175,"date":"2025-04-13T17:41:13","date_gmt":"2025-04-13T17:41:13","guid":{"rendered":"https:\/\/apexresearchchemical.eu\/?post_type=product&#038;p=24175"},"modified":"2026-03-20T10:07:02","modified_gmt":"2026-03-20T10:07:02","slug":"rc-norflurazepam-5mg-pudelko","status":"publish","type":"product","link":"https:\/\/apexresearchchemical.eu\/pl\/sklep\/b2b\/rc-norflurazepam-5mg-pudelko\/","title":{"rendered":"RC+ Norflurazepam 5mg Pude\u0142ko"},"content":{"rendered":"<h2><strong>Efekty Norflurazepamu \u2013 co musisz wiedzie\u0107<\/strong><\/h2>\n<p>Norflurazepam jest pochodn\u0105 benzodiazepiny o dzia\u0142aniu uspokajaj\u0105cym, rozkurczaj\u0105cym mi\u0119\u015bnie i przeciwl\u0119kowym. Cho\u0107 czasami stosuje si\u0119 go jako \u015brodek nasenny lub na l\u0119k, w wielu krajach, w tym w Holandii i Belgii, <strong>niezatwierdzone<\/strong> do u\u017cytku leczniczego. Ze wzgl\u0119du na ryzyko nadu\u017cywania i uzale\u017cnienia cz\u0119sto podlega <strong>Ustawa o opium<\/strong>.<\/p>\n<hr \/>\n<h3>\ud83d\udce6 Informacje o Norflurazepam 5 mg (50 peletek)<\/h3>\n<h4>1. <strong>Status prawny<\/strong><\/h4>\n<ul>\n<li><strong>Holandia<\/strong>:Norflurazepam jest w\u0142\u0105czony <strong>Lista I ustawy o opium<\/strong>. Posiadanie, handel lub wytwarzanie bez zezwolenia jest karalne.<\/li>\n<li><strong>Belgia<\/strong>: R\u00f3wnie\u017c zabronione na mocy <strong>prawo narkotykowe<\/strong>. Nie jest uznawany za lek.<a href=\"https:\/\/apexresearchchemical.eu\/pl\/sklep\/b2b\/rc-norflurazepam-10mg-pudelko\/\">RC+ Norflurazepam 10mg Pude\u0142ko<\/a><\/li>\n<\/ul>\n<h4>2. <strong>Zagro\u017cenia dla zdrowia<\/strong><\/h4>\n<ul>\n<li><strong>Wysokie ryzyko uzale\u017cnienia<\/strong>:Uzale\u017cnienie fizyczne i psychiczne.<\/li>\n<li><strong>D\u0142ugotrwa\u0142e stosowanie<\/strong> mo\u017ce prowadzi\u0107 do:\n<ul>\n<li>Tolerancja (konieczne jest stosowanie coraz wi\u0119kszej dawki)<\/li>\n<li>Objawy odstawienia, takie jak l\u0119k, bezsenno\u015b\u0107, drgawki<\/li>\n<\/ul>\n<\/li>\n<li><strong>Niebezpieczne kombinacje<\/strong>: Spo\u017cycie z alkoholem lub innymi \u015brodkami depresyjnymi (np. opioidami) mo\u017ce prowadzi\u0107 do depresji uk\u0142adu oddechowego i \u015bmierci.<a title=\"6-CL-ADBA\" href=\"https:\/\/apexresearchchemical.eu\/pl\/sklep\/prawie-zabronione\/6-cl-adba\/\" target=\"_blank\" rel=\"noopener\">6-CL-ADBA<\/a><\/li>\n<\/ul>\n<h4>3. <strong>Porady medyczne<\/strong><\/h4>\n<ul>\n<li>U\u017cyj tego \u015brodka <strong>tylko pod nadzorem lekarza<\/strong> w krajach, w kt\u00f3rych jest to legalne.<\/li>\n<li>Czy jeste\u015b ofiar\u0105 nadu\u017cy\u0107 lub uzale\u017cnienia? <strong>Zwr\u00f3\u0107 si\u0119 o pomoc do specjalisty.<a title=\"Kapsu\u0142ki 2C-EF 2 mg\" href=\"https:\/\/apexresearchchemical.eu\/pl\/sklep\/fenetyloamina\/2-kapsulki-2c-ef-2mg\/\" target=\"_blank\" rel=\"noopener\">Kapsu\u0142ki 2C-EF 2 mg<\/a><\/strong><\/li>\n<\/ul>\n<hr \/>\n<h3>\u26a0\ufe0fWa\u017cne ostrze\u017cenie<\/h3>\n<p>Stosowanie <strong>nigdy<\/strong> Norflurazepam bez recepty. Nielegalny handel \u2014 za po\u015brednictwem Internetu lub ulicznych diler\u00f3w \u2014 wi\u0105\u017ce si\u0119 z powa\u017cnymi zagro\u017ceniami:<\/p>\n<ul>\n<li>Mo\u017cliwe zanieczyszczenie tabletek<\/li>\n<li>Niepewne dawkowanie<\/li>\n<\/ul>\n<p>Dla <strong>bezpieczne i legalne alternatywy<\/strong> Je\u015bli masz problemy ze snem lub odczuwasz niepok\u00f3j, skontaktuj si\u0119 z lekarzem. <strong>lekarz og\u00f3lny lub farmaceuta<\/strong>.<\/p>\n<p>&nbsp;<\/p>","protected":false},"excerpt":{"rendered":"<p>Dzia\u0142anie norflurazepamu \u2013 co musisz wiedzie\u0107 Dzia\u0142anie norflurazepamu to pochodna benzodiazepiny o dzia\u0142aniu uspokajaj\u0105cym, rozkurczaj\u0105cym mi\u0119\u015bnie i przeciwl\u0119kowym. Chocia\u017c to<\/p>","protected":false},"featured_media":29470,"comment_status":"closed","ping_status":"closed","template":"","meta":[],"product_brand":[82],"product_cat":[555],"product_tag":[326,132,137,135,134,136,133],"class_list":{"0":"post-24175","1":"product","2":"type-product","3":"status-publish","4":"has-post-thumbnail","6":"product_brand-research-chemical","7":"product_cat-b2b","8":"product_tag-nl","9":"product_tag-norflurazepam","10":"product_tag-norflurazepam-dosering","11":"product_tag-norflurazepam-ervaring","12":"product_tag-norflurazepam-ervaringen","13":"product_tag-norflurazepam-psychonaut","14":"product_tag-norflurazepam-werking","16":"first","17":"instock","18":"taxable","19":"shipping-taxable","20":"purchasable","21":"product-type-variable"},"_links":{"self":[{"href":"https:\/\/apexresearchchemical.eu\/pl\/wp-json\/wp\/v2\/product\/24175","targetHints":{"allow":["GET"]}}],"collection":[{"href":"https:\/\/apexresearchchemical.eu\/pl\/wp-json\/wp\/v2\/product"}],"about":[{"href":"https:\/\/apexresearchchemical.eu\/pl\/wp-json\/wp\/v2\/types\/product"}],"replies":[{"embeddable":true,"href":"https:\/\/apexresearchchemical.eu\/pl\/wp-json\/wp\/v2\/comments?post=24175"}],"version-history":[{"count":3,"href":"https:\/\/apexresearchchemical.eu\/pl\/wp-json\/wp\/v2\/product\/24175\/revisions"}],"predecessor-version":[{"id":26023,"href":"https:\/\/apexresearchchemical.eu\/pl\/wp-json\/wp\/v2\/product\/24175\/revisions\/26023"}],"wp:featuredmedia":[{"embeddable":true,"href":"https:\/\/apexresearchchemical.eu\/pl\/wp-json\/wp\/v2\/media\/29470"}],"wp:attachment":[{"href":"https:\/\/apexresearchchemical.eu\/pl\/wp-json\/wp\/v2\/media?parent=24175"}],"wp:term":[{"taxonomy":"product_brand","embeddable":true,"href":"https:\/\/apexresearchchemical.eu\/pl\/wp-json\/wp\/v2\/product_brand?post=24175"},{"taxonomy":"product_cat","embeddable":true,"href":"https:\/\/apexresearchchemical.eu\/pl\/wp-json\/wp\/v2\/product_cat?post=24175"},{"taxonomy":"product_tag","embeddable":true,"href":"https:\/\/apexresearchchemical.eu\/pl\/wp-json\/wp\/v2\/product_tag?post=24175"}],"curies":[{"name":"wp","href":"https:\/\/api.w.org\/{rel}","templated":true}]}}