{"id":24336,"date":"2025-04-13T17:41:30","date_gmt":"2025-04-13T17:41:30","guid":{"rendered":"https:\/\/apexresearchchemical.eu\/?post_type=product&#038;p=24336"},"modified":"2026-03-20T09:21:57","modified_gmt":"2026-03-20T09:21:57","slug":"rc-d-mex-40mg-blister","status":"publish","type":"product","link":"https:\/\/apexresearchchemical.eu\/pl\/sklep\/b2b\/rc-d-mex-40mg-blister\/","title":{"rendered":"RC+ D-MEX 40 mg Blister"},"content":{"rendered":"<h3><strong>Dmxe Experience 40mg Blister \u2013 Badania chemiczne dla bada\u0144 naukowych<\/strong><\/h3>\n<p class=\"ds-markdown-paragraph\"><strong>Nazwa produktu:<\/strong>\u00a0RC D-MEX (pokrewny metoksetaminie\/MXE) \u2013 40 mg na tabletk\u0119 \u2013 Opakowanie typu blister<br \/>\n<strong>Kategoria:<\/strong>\u00a0Chemikalia badawcze (klasa dysocjacyjna)<br \/>\n<strong>Przeznaczenie:<\/strong> Tylko do bada\u0144 *in vitro* i analiz. <a title=\"1cP-LSD 150 MCG Art Blotters\" href=\"https:\/\/apexresearchchemical.eu\/pl\/sklep\/lizergamidy\/1cp-lsd-150-mcg-granulki\/\" target=\"_blank\" rel=\"noopener\">1cP-LSD 150 MCG Art Blotters<\/a><\/p>\n<h4><strong>G\u0142\u00f3wne cechy: <\/strong><strong>Do\u015bwiadczenie Dmxe<\/strong><\/h4>\n<p class=\"ds-markdown-paragraph\">\ud83d\udd2c\u00a0<strong>Wysokiej jako\u015bci kompozycja<\/strong>\u00a0\u2013 Zoptymalizowany pod k\u0105tem dok\u0142adnych wynik\u00f3w<br \/>\n\ud83d\udc8a\u00a0<strong>40 mg na tabletk\u0119<\/strong>\u00a0\u2013 Standaryzowane dawkowanie dla sp\u00f3jnych bada\u0144<br \/>\n\ud83d\udce6\u00a0<strong>Opakowanie typu blister<\/strong>\u00a0\u2013 Maksymalna ochrona przed degradacj\u0105<br \/>\n\ud83d\udcca\u00a0<strong>Przebadano laboratoryjnie<\/strong>\u00a0\u2013 Kontrola jako\u015bci dla wiarygodnej analizy<\/p>\n<h4><strong>Czym jest RC D-MEX?<\/strong><\/h4>\n<p class=\"ds-markdown-paragraph\">RC D-MEX to substancja badawcza o w\u0142a\u015bciwo\u015bciach dysocjacyjnych, powi\u0105zana ze zwi\u0105zkami takimi jak:\u00a0<strong>Metoksetamina (MXE)<\/strong>.<a title=\"Bibu\u0142ki 1V-LSD 150 MCG\" href=\"https:\/\/apexresearchchemical.eu\/pl\/sklep\/lizergamidy\/1v-lsd-150-mcg-blotters\/\" target=\"_blank\" rel=\"noopener\">Bibu\u0142ki 1V-LSD 150 MCG<\/a><\/p>\n<ul>\n<li>\n<p class=\"ds-markdown-paragraph\"><strong>G\u0142\u00f3wne zastosowanie:<\/strong>\u00a0Badania naukowe nad interakcjami farmakologicznymi<\/p>\n<\/li>\n<li>\n<p class=\"ds-markdown-paragraph\"><strong>Nie jest przeznaczony dla:<\/strong>\u00a0Spo\u017cycie przez ludzi\/zwierz\u0119ta, wykorzystanie rekreacyjne lub zastosowanie lecznicze<\/p>\n<\/li>\n<\/ul>\n<h4><strong>Informacje prawne i dotycz\u0105ce bezpiecze\u0144stwa:<\/strong><\/h4>\n<p class=\"ds-markdown-paragraph\">\u26a0\u00a0<strong>Tylko do cel\u00f3w badawczych<\/strong>\u00a0\u2013 Nie do bada\u0144 biologicznych (na ludziach\/zwierz\u0119tach)<br \/>\n\u26a0\u00a0<strong>Status holenderski:<\/strong>\u00a0Mo\u017cliwe, \u017ce podlega regulacji na mocy\u00a0<strong>Ustawa o opium<\/strong>\u00a0\u2013 sprawd\u017a przed zakupem<br \/>\n\u26a0\u00a0<strong>Bezpiecze\u0144stwo w laboratorium:<\/strong> Nale\u017cy nosi\u0107 r\u0119kawice i pracowa\u0107 w kontrolowanym \u015brodowisku.<a title=\"2-CMC 250 mg granulki\" href=\"https:\/\/apexresearchchemical.eu\/pl\/sklep\/katynony\/%f0%9f%92%a1-2-mmc-krystaliczny-proszek-do-wszystkich-pytan-i-odpowiedzi-do-zakupu\/\" target=\"_blank\" rel=\"noopener\">2-CMC 250 mg granulki<\/a><\/p>\n<h4><strong>Dlaczego warto kupi\u0107 ten produkt?<\/strong><\/h4>\n<p class=\"ds-markdown-paragraph\">\u2705\u00a0<strong>Niezawodna jako\u015b\u0107<\/strong>\u00a0\u2013 Dok\u0142adne testy czysto\u015bci<br \/>\n\u2705\u00a0<strong>Dyskretna i szybka dostawa<\/strong>\u00a0\u2013 W obr\u0119bie UE (\u015bledzenie i lokalizacja opcjonalnie)<br \/>\n\u2705\u00a0<strong>Profesjonalne Pakowanie<\/strong>\u00a0\u2013 Staranna ochrona przed \u015bwiat\u0142em\/wilgoci\u0105<\/p>\n<p class=\"ds-markdown-paragraph\"><strong>UWAGA:<\/strong>\u00a0Ten produkt jest\u00a0<strong>wy\u0142\u0105cznie do cel\u00f3w bada\u0144 naukowych<\/strong>. Prosz\u0119 wzi\u0105\u0107 pod uwag\u0119\u00a0<strong>lokalne przepisy<\/strong>\u00a0zanim z\u0142o\u017cysz zam\u00f3wienie.<\/p>","protected":false},"excerpt":{"rendered":"<p>RC+ D-MEX 40 mg Blister<\/p>\n<p>Numer CAS: 681440-83-5<br \/>\nWz\u00f3r: 5-dehydro-1,3-chinodimetan<br \/>\nMasa molowa: 103,14 g\/mol<br \/>\nCzysto\u015b\u0107: &gt;97%<\/p>","protected":false},"featured_media":29458,"comment_status":"closed","ping_status":"closed","template":"","meta":[],"product_brand":[82],"product_cat":[555],"product_tag":[295,828,300,297,296,326,299],"class_list":{"0":"post-24336","1":"product","2":"type-product","3":"status-publish","4":"has-post-thumbnail","6":"product_brand-research-chemical","7":"product_cat-b2b","8":"product_tag-dmxe","9":"product_tag-dmxe-dosage","10":"product_tag-dmxe-duration","11":"product_tag-dmxe-ervaring","12":"product_tag-dmxe-psychonaut","13":"product_tag-nl","14":"product_tag-what-is-dmxe","16":"first","17":"instock","18":"taxable","19":"shipping-taxable","20":"purchasable","21":"product-type-variable"},"_links":{"self":[{"href":"https:\/\/apexresearchchemical.eu\/pl\/wp-json\/wp\/v2\/product\/24336","targetHints":{"allow":["GET"]}}],"collection":[{"href":"https:\/\/apexresearchchemical.eu\/pl\/wp-json\/wp\/v2\/product"}],"about":[{"href":"https:\/\/apexresearchchemical.eu\/pl\/wp-json\/wp\/v2\/types\/product"}],"replies":[{"embeddable":true,"href":"https:\/\/apexresearchchemical.eu\/pl\/wp-json\/wp\/v2\/comments?post=24336"}],"version-history":[{"count":3,"href":"https:\/\/apexresearchchemical.eu\/pl\/wp-json\/wp\/v2\/product\/24336\/revisions"}],"predecessor-version":[{"id":25990,"href":"https:\/\/apexresearchchemical.eu\/pl\/wp-json\/wp\/v2\/product\/24336\/revisions\/25990"}],"wp:featuredmedia":[{"embeddable":true,"href":"https:\/\/apexresearchchemical.eu\/pl\/wp-json\/wp\/v2\/media\/29458"}],"wp:attachment":[{"href":"https:\/\/apexresearchchemical.eu\/pl\/wp-json\/wp\/v2\/media?parent=24336"}],"wp:term":[{"taxonomy":"product_brand","embeddable":true,"href":"https:\/\/apexresearchchemical.eu\/pl\/wp-json\/wp\/v2\/product_brand?post=24336"},{"taxonomy":"product_cat","embeddable":true,"href":"https:\/\/apexresearchchemical.eu\/pl\/wp-json\/wp\/v2\/product_cat?post=24336"},{"taxonomy":"product_tag","embeddable":true,"href":"https:\/\/apexresearchchemical.eu\/pl\/wp-json\/wp\/v2\/product_tag?post=24336"}],"curies":[{"name":"wp","href":"https:\/\/api.w.org\/{rel}","templated":true}]}}