{"id":24961,"date":"2025-04-13T17:43:53","date_gmt":"2025-04-13T17:43:53","guid":{"rendered":"https:\/\/apexresearchchemical.eu\/?post_type=product&#038;p=24961"},"modified":"2026-03-20T06:47:00","modified_gmt":"2026-03-20T06:47:00","slug":"o-dsmt-50mg-granulki","status":"publish","type":"product","link":"https:\/\/apexresearchchemical.eu\/pl\/sklep\/o-dsmt\/o-dsmt-50mg-granulki\/","title":{"rendered":"O-DSMT 50 mg granulki"},"content":{"rendered":"<p class=\"ds-markdown-paragraph\"><strong>O-DSMT 50mg Pellets \u2013 Odpowiedzi na Twoje Pytania<\/strong><\/p>\n<h3><strong>1. Czym jest O-DSMT?<\/strong><\/h3>\n<p class=\"ds-markdown-paragraph\">O-DSMT (Desmetramadol) jest substancj\u0105 badawcz\u0105 i g\u0142\u00f3wnym metabolitem Tramadolu. Jest znany ze swoich potencjalnych w\u0142a\u015bciwo\u015bci przeciwb\u00f3lowych i jest stosowany w badaniach naukowych.<\/p>\n<h3><strong>2. Dlaczego warto wybra\u0107 granulki O-DSMT 50 mg?<\/strong><\/h3>\n<p class=\"ds-markdown-paragraph\">Nasze pelety oferuj\u0105:<br \/>\n\u2705\u00a0<strong>Dozowanie precyzyjne<\/strong>\u00a0\u2013 Ka\u017cda tabletka zawiera dok\u0142adnie 50 mg, co pozwala na uzyskanie wiarygodnych rezultat\u00f3w.<br \/>\n\u2705\u00a0<strong>Sta\u0142a jako\u015b\u0107<\/strong>\u00a0\u2013 Wysokiej jako\u015bci oczyszczanie dla optymalnych wynik\u00f3w bada\u0144.<br \/>\n\u2705\u00a0<strong>\u0141atwe przetwarzanie<\/strong>\u00a0\u2013 Forma granulatu u\u0142atwia dozowanie w warunkach laboratoryjnych.<\/p>\n<h3><strong>3. Czy ten produkt jest bezpieczny dla ludzi?<\/strong><\/h3>\n<p class=\"ds-markdown-paragraph\"><em>NIE.<\/em>\u00a0Pellety O-DSMT 50 mg s\u0105\u00a0<strong>przeznaczone wy\u0142\u0105cznie do cel\u00f3w badawczych<\/strong>\u00a0i nie do spo\u017cycia. Wa\u017cne jest przestrzeganie protoko\u0142\u00f3w bezpiecze\u0144stwa podczas naukowego stosowania.<\/p>\n<h3><strong>4. Jak nale\u017cy przechowywa\u0107 granulki O-DSMT?<\/strong><\/h3>\n<p class=\"ds-markdown-paragraph\">Przechowuj granulki w\u00a0<strong>ch\u0142odne, suche miejsce<\/strong>, poza zasi\u0119giem dzieci i os\u00f3b nieupowa\u017cnionych. Zaleca si\u0119 przechowywanie w ciemnym, szczelnym pojemniku.<\/p>\n<h3><strong>5. Do jakich zastosowa\u0144 nadaj\u0105 si\u0119 te pelety?<\/strong><\/h3>\n<p class=\"ds-markdown-paragraph\">Stosuje si\u0119 je w:<br \/>\n\ud83d\udd2c\u00a0<strong>Badania farmakologiczne<\/strong><br \/>\n\ud83e\uddea\u00a0<strong>Badania analityczne<\/strong><br \/>\n\ud83d\udcca\u00a0<strong>Eksperymenty naukowe<\/strong><\/p>\n<h3><strong>6. Gdzie mog\u0119 kupi\u0107 granulki O-DSMT 50 mg?<\/strong><\/h3>\n<p class=\"ds-markdown-paragraph\">Zam\u00f3w ju\u017c teraz w naszym sklepie internetowym\u00a0<strong>szybka dostawa i dyskretne opakowanie<\/strong>Dost\u0119pne wy\u0142\u0105cznie dla zarejestrowanych badaczy i laboratori\u00f3w.<\/p>\n<p><a href=\"https:\/\/apexresearchchemical.eu\/pl\/sklep\/iboga-ibogaina\/kup-ibogaine-hcl-online\/\">Kup Ibogain\u0119 HCL<\/a><a href=\"https:\/\/apexresearchchemical.eu\/pl\/sklep\/iboga-ibogaina\/kora-korzenia-ibogi\/\">Kora korzenia ibogi<\/a><a href=\"https:\/\/apexresearchchemical.eu\/pl\/sklep\/lizergamidy\/1cp-lsd-150-mcg-bibuly-artystyczne\/\">1cP-LSD 150 MCG Art Blotters<\/a><a href=\"https:\/\/apexresearchchemical.eu\/pl\/sklep\/lizergamidy\/1v-lsd-150-mcg-blotters\/\">Bibu\u0142ki 1V-LSD 150 MCG<\/a><a href=\"https:\/\/apexresearchchemical.eu\/pl\/sklep\/2-cmc-srut\/%f0%9f%92%a1-2-mmc-krystaliczny-proszek-do-wszystkich-pytan-i-odpowiedzi-do-zakupu\/%f0%9f%92%a1-2-mmc-krystaliczny-proszek-do-wszystkich-pytan-i-odpowiedzi-do-zakupu\/\">2-CMC 250 mg granulki<\/a><\/p>","protected":false},"excerpt":{"rendered":"<h3>W\u0142a\u015bciwo\u015bci O-DSMT<\/h3>\n<p><strong>Synonim:<\/strong> <i>O-Desmetylotramadol, 3-(2-((dimetyloamino)metylo)-1-hydroksycykloheksylo)fenol<\/i><br \/>\n<strong>Numer CAS:<\/strong> 80456-81-1<br \/>\n<strong>Formu\u0142a:<\/strong> <span title=\"W\u0119giel\">C<\/span><sub>15<\/sub><span title=\"Wod\u00f3r\">H<\/span><sub>23<\/sub><span title=\"Azot\">N<\/span><span title=\"Tlen\">O<\/span><sub>2<\/sub><br \/>\n<strong>Masa molowa:<\/strong> 249,354 g\/mol<br \/>\n<strong>Czysto\u015b\u0107:<\/strong>\u00a0&gt;97%<\/p>","protected":false},"featured_media":29435,"comment_status":"closed","ping_status":"closed","template":"","meta":[],"product_brand":[82],"product_cat":[337,420,336,324],"product_tag":[326,727,725,728,726,729,730],"class_list":{"0":"post-24961","1":"product","2":"type-product","3":"status-publish","4":"has-post-thumbnail","6":"product_brand-research-chemical","7":"product_cat-o-dsmt","8":"product_cat-o-dsmt-pellets","9":"product_cat-overig","10":"product_cat-pellets-for-pellet","11":"product_tag-nl","12":"product_tag-o-dsmt-ervaringen","13":"product_tag-o-dsmt","14":"product_tag-o-dsmt-bestellen","15":"product_tag-o-dsmt-kopen","16":"product_tag-o-dsmt-psychonaut","17":"product_tag-what-is-o-dsmt","19":"first","20":"instock","21":"taxable","22":"shipping-taxable","23":"purchasable","24":"product-type-variable"},"_links":{"self":[{"href":"https:\/\/apexresearchchemical.eu\/pl\/wp-json\/wp\/v2\/product\/24961","targetHints":{"allow":["GET"]}}],"collection":[{"href":"https:\/\/apexresearchchemical.eu\/pl\/wp-json\/wp\/v2\/product"}],"about":[{"href":"https:\/\/apexresearchchemical.eu\/pl\/wp-json\/wp\/v2\/types\/product"}],"replies":[{"embeddable":true,"href":"https:\/\/apexresearchchemical.eu\/pl\/wp-json\/wp\/v2\/comments?post=24961"}],"version-history":[{"count":6,"href":"https:\/\/apexresearchchemical.eu\/pl\/wp-json\/wp\/v2\/product\/24961\/revisions"}],"predecessor-version":[{"id":25567,"href":"https:\/\/apexresearchchemical.eu\/pl\/wp-json\/wp\/v2\/product\/24961\/revisions\/25567"}],"wp:featuredmedia":[{"embeddable":true,"href":"https:\/\/apexresearchchemical.eu\/pl\/wp-json\/wp\/v2\/media\/29435"}],"wp:attachment":[{"href":"https:\/\/apexresearchchemical.eu\/pl\/wp-json\/wp\/v2\/media?parent=24961"}],"wp:term":[{"taxonomy":"product_brand","embeddable":true,"href":"https:\/\/apexresearchchemical.eu\/pl\/wp-json\/wp\/v2\/product_brand?post=24961"},{"taxonomy":"product_cat","embeddable":true,"href":"https:\/\/apexresearchchemical.eu\/pl\/wp-json\/wp\/v2\/product_cat?post=24961"},{"taxonomy":"product_tag","embeddable":true,"href":"https:\/\/apexresearchchemical.eu\/pl\/wp-json\/wp\/v2\/product_tag?post=24961"}],"curies":[{"name":"wp","href":"https:\/\/api.w.org\/{rel}","templated":true}]}}